{"id":3252,"date":"2021-06-26T00:25:37","date_gmt":"2021-06-25T22:25:37","guid":{"rendered":"http:\/\/www.rops-bialystok.pl\/adopcja\/?page_id=3252"},"modified":"2024-03-26T12:36:08","modified_gmt":"2024-03-26T11:36:08","slug":"kontakt-osrodek-adopcyjny-oddzial-bialystok","status":"publish","type":"page","link":"https:\/\/rops-bialystok.pl\/adopcja\/index.php\/kontakt-osrodek-adopcyjny-oddzial-bialystok\/","title":{"rendered":"Kontakt Bia\u0142ystok"},"content":{"rendered":"\n    \n    <section class=\"u-align-center u-clearfix u-grey-75 u-section-2\" id=\"carousel_e807\">\n      <h2 class=\"u-text u-text-palette-3-base u-text-1\">o\u015brodek bia\u0142ystok<\/h2>\n      <div class=\"u-border-3 u-border-palette-4-base u-line u-line-horizontal u-opacity u-opacity-95 u-line-1\"><\/div>\n      <p class=\"u-text u-text-2\">O\u015brodek pracuje w poniedzia\u0142ek, \u015broda, czwartek oraz pi\u0105tek w godzinach - 7:30 do 15:30<br>\n        <span style=\"font-weight: 700;\">Wtorek w godzinach od 11:00 do 19:00<\/span>\n        <br>\n      <\/p>\n      <div class=\"u-clearfix u-gutter-40 u-layout-wrap u-layout-wrap-1\">\n        <div class=\"u-gutter-0 u-layout\">\n          <div class=\"u-layout-row\">\n            <div class=\"u-container-style u-layout-cell u-left-cell u-radius-5 u-shape-round u-size-20 u-white u-layout-cell-1\">\n              <div class=\"u-container-layout u-valign-top u-container-layout-1\"><span class=\"u-icon u-icon-circle u-palette-3-base u-spacing-20 u-text-body-alt-color u-icon-1\"><svg class=\"u-svg-link\" preserveAspectRatio=\"xMidYMin slice\" viewBox=\"0 0 512 512\" style=\"\"><use xlink:href=\"#svg-9534\"><\/use><\/svg><svg xmlns=\"http:\/\/www.w3.org\/2000\/svg\" xmlns:xlink=\"http:\/\/www.w3.org\/1999\/xlink\" version=\"1.1\" id=\"svg-9534\" x=\"0px\" y=\"0px\" viewBox=\"0 0 512 512\" style=\"enable-background:new 0 0 512 512;\" xml:space=\"preserve\" class=\"u-svg-content\"><g><g><path d=\"M256,0C156.748,0,76,80.748,76,180c0,33.534,9.289,66.26,26.869,94.652l142.885,230.257    c2.737,4.411,7.559,7.091,12.745,7.091c0.04,0,0.079,0,0.119,0c5.231-0.041,10.063-2.804,12.75-7.292L410.611,272.22    C427.221,244.428,436,212.539,436,180C436,80.748,355.252,0,256,0z M384.866,256.818L258.272,468.186l-129.905-209.34    C113.734,235.214,105.8,207.95,105.8,180c0-82.71,67.49-150.2,150.2-150.2S406.1,97.29,406.1,180    C406.1,207.121,398.689,233.688,384.866,256.818z\"><\/path>\n<\/g>\n<\/g><g><g><path d=\"M256,90c-49.626,0-90,40.374-90,90c0,49.309,39.717,90,90,90c50.903,0,90-41.233,90-90C346,130.374,305.626,90,256,90z     M256,240.2c-33.257,0-60.2-27.033-60.2-60.2c0-33.084,27.116-60.2,60.2-60.2s60.1,27.116,60.1,60.2    C316.1,212.683,289.784,240.2,256,240.2z\"><\/path>\n<\/g>\n<\/g><g><\/g><g><\/g><g><\/g><g><\/g><g><\/g><g><\/g><g><\/g><g><\/g><g><\/g><g><\/g><g><\/g><g><\/g><g><\/g><g><\/g><g><\/g><\/svg><\/span>\n                <h5 class=\"u-align-center u-custom-font u-text u-text-black u-text-font u-text-3\">Adres:<\/h5>\n                <p class=\"u-align-center u-text u-text-black u-text-4\">ul. Kombatant\u00f3w 7, <br>15-110 Bia\u0142ystok\n                <\/p>\n              <\/div>\n            <\/div>\n            <div class=\"u-container-style u-layout-cell u-radius-5 u-shape-round u-size-20 u-white u-layout-cell-2\">\n              <div class=\"u-container-layout u-valign-top u-container-layout-2\"><span class=\"u-icon u-icon-circle u-palette-3-base u-spacing-20 u-text-body-alt-color u-icon-2\"><svg class=\"u-svg-link\" preserveAspectRatio=\"xMidYMin slice\" viewBox=\"0 0 479.058 479.058\" style=\"\"><use xlink:href=\"#svg-6af8\"><\/use><\/svg><svg xmlns=\"http:\/\/www.w3.org\/2000\/svg\" id=\"svg-6af8\" enable-background=\"new 0 0 479.058 479.058\" viewBox=\"0 0 479.058 479.058\" class=\"u-svg-content\"><path d=\"m434.146 59.882h-389.234c-24.766 0-44.912 20.146-44.912 44.912v269.47c0 24.766 20.146 44.912 44.912 44.912h389.234c24.766 0 44.912-20.146 44.912-44.912v-269.47c0-24.766-20.146-44.912-44.912-44.912zm0 29.941c2.034 0 3.969.422 5.738 1.159l-200.355 173.649-200.356-173.649c1.769-.736 3.704-1.159 5.738-1.159zm0 299.411h-389.234c-8.26 0-14.971-6.71-14.971-14.971v-251.648l199.778 173.141c2.822 2.441 6.316 3.655 9.81 3.655s6.988-1.213 9.81-3.655l199.778-173.141v251.649c-.001 8.26-6.711 14.97-14.971 14.97z\"><\/path><\/svg><\/span>\n                <h5 class=\"u-align-center u-custom-font u-text u-text-black u-text-font u-text-5\">Email:<\/h5>\n                <a href=\"https:\/\/my-app.com\/website-builder\" class=\"u-border-active-none u-border-hover-none u-btn u-btn-rectangle u-button-style u-none u-text-black u-text-hover-palette-2-base u-btn-1\">adopcja.bialystok@rops-bialystok.pl<\/a>\n              <\/div>\n            <\/div>\n            <div class=\"u-container-style u-layout-cell u-radius-5 u-right-cell u-shape-round u-size-20 u-white u-layout-cell-3\">\n              <div class=\"u-container-layout u-valign-top u-container-layout-3\"><span class=\"u-icon u-icon-circle u-palette-3-base u-spacing-20 u-text-body-alt-color u-icon-3\"><svg class=\"u-svg-link\" preserveAspectRatio=\"xMidYMin slice\" viewBox=\"0 0 384 384\" style=\"\"><use xlink:href=\"#svg-04b2\"><\/use><\/svg><svg xmlns=\"http:\/\/www.w3.org\/2000\/svg\" xmlns:xlink=\"http:\/\/www.w3.org\/1999\/xlink\" version=\"1.1\" id=\"svg-04b2\" x=\"0px\" y=\"0px\" viewBox=\"0 0 384 384\" style=\"enable-background:new 0 0 384 384;\" xml:space=\"preserve\" class=\"u-svg-content\"><g><g><path d=\"M353.188,252.052c-23.51,0-46.594-3.677-68.469-10.906c-10.906-3.719-23.323-0.833-30.438,6.417l-43.177,32.594    c-50.073-26.729-80.917-57.563-107.281-107.26l31.635-42.052c8.219-8.208,11.167-20.198,7.635-31.448    c-7.26-21.99-10.948-45.063-10.948-68.583C132.146,13.823,118.323,0,101.333,0H30.812C13.823,0,0,13.823,0,30.812    C0,225.563,158.438,384,353.188,384c16.99,0,30.813-13.823,30.813-30.813v-70.323C384,265.875,370.177,252.052,353.188,252.052z     M362.667,353.188c0,5.229-4.25,9.479-9.479,9.479c-182.99,0-331.854-148.865-331.854-331.854c0-5.229,4.25-9.479,9.479-9.479    h70.521c5.229,0,9.479,4.25,9.479,9.479c0,25.802,4.052,51.125,11.979,75.115c1.104,3.542,0.208,7.208-3.375,10.938L82.75,165.427    c-2.458,3.26-2.844,7.625-1,11.26c29.927,58.823,66.292,95.188,125.531,125.542c3.604,1.885,8.021,1.49,11.292-0.979    l49.677-37.635c2.51-2.51,6.271-3.406,9.667-2.25c24.156,7.979,49.479,12.021,75.271,12.021c5.229,0,9.479,4.25,9.479,9.479    V353.188z\"><\/path>\n<\/g>\n<\/g><g><\/g><g><\/g><g><\/g><g><\/g><g><\/g><g><\/g><g><\/g><g><\/g><g><\/g><g><\/g><g><\/g><g><\/g><g><\/g><g><\/g><g><\/g><\/svg><\/span>\n                <h5 class=\"u-align-center u-custom-font u-text u-text-black u-text-font u-text-6\">Zadzwo\u0144:<\/h5>\n                <p class=\"u-align-center u-text u-text-black u-text-7\">\n                  <span style=\"font-weight: 700;\">Tel. 85 744 29 84,&nbsp;&nbsp;<br>85 74<span style=\"font-weight: 700;\"><\/span>2 6<span style=\"font-weight: 700;\"><\/span>8 38,\n                  <\/span>&nbsp;&nbsp;<br>\n                  <span style=\"font-weight: 700;\">85 74\u200b4 71 71<\/span>\n                  <span style=\"font-weight: 700;\">\n                    <br>fax&nbsp; 85 744 71 37\n                  <\/span>\n                  <br>\n                <\/p>\n              <\/div>\n            <\/div>\n          <\/div>\n        <\/div>\n      <\/div>\n      <div class=\"u-expanded-width u-grey-light-2 u-map u-map-1\">\n        <div class=\"embed-responsive\">\n          <iframe class=\"embed-responsive-item\" src=\"https:\/\/www.google.com\/maps\/embed?pb=!1m18!1m12!1m3!1d2392.7730332049687!2d23.157344915831032!3d53.15016777993843!2m3!1f0!2f0!3f0!3m2!1i1024!2i768!4f13.1!3m3!1m2!1s0x471ffc020327fc67%3A0x6ea75a00aefd2b7d!2sRegionalny%20O%C5%9Brodek%20Polityki%20Spo%C5%82ecznej!5e0!3m2!1spl!2spl!4v1675427973580!5m2!1spl!2spl\" data-map=\"JTdCJTIycG9zaXRpb25UeXBlJTIyJTNBJTIybWFwLWVtYmVkJTIyJTJDJTIyYWRkcmVzcyUyMiUzQSUyMktvbWJhdGFudCVDMyVCM3clMjA3JTIwJTJDJTIwQmlhJUM1JTgyeXN0b2slMjIlMkMlMjJ6b29tJTIyJTNBMTUlMkMlMjJ0eXBlSWQlMjIlM0ElMjJyb2FkJTIyJTJDJTIybGFuZyUyMiUzQSUyMiUyMiUyQyUyMmVtYmVkJTIyJTNBJTIyaHR0cHMlM0ElMkYlMkZ3d3cuZ29vZ2xlLmNvbSUyRm1hcHMlMkZlbWJlZCUzRnBiJTNEITFtMTghMW0xMiExbTMhMWQyMzkyLjc3MzAzMzIwNDk2ODchMmQyMy4xNTczNDQ5MTU4MzEwMzIhM2Q1My4xNTAxNjc3Nzk5Mzg0MyEybTMhMWYwITJmMCEzZjAhM20yITFpMTAyNCEyaTc2OCE0ZjEzLjEhM20zITFtMiExczB4NDcxZmZjMDIwMzI3ZmM2NyUyNTNBMHg2ZWE3NWEwMGFlZmQyYjdkITJzUmVnaW9uYWxueSUyNTIwTyUyNUM1JTI1OUJyb2RlayUyNTIwUG9saXR5a2klMjUyMFNwbyUyNUM1JTI1ODJlY3puZWohNWUwITNtMiExc3BsITJzcGwhNHYxNjc1NDI3OTczNTgwITVtMiExc3BsITJzcGwlMjIlN0Q=\"><\/iframe>\n        <\/div>\n      <\/div>\n    <\/section>\n    \n    \n    \n  \n","protected":false},"excerpt":{"rendered":"<p>o\u015brodek bia\u0142ystok O\u015brodek pracuje w poniedzia\u0142ek, \u015broda, czwartek oraz pi\u0105tek w godzinach &#8211; 7:30 do 15:30 Wtorek w godzinach od 11:00 do 19:00 Adres: ul. Kombatant\u00f3w 7, 15-110 Bia\u0142ystok Email: adopcja.bialystok@rops-bialystok.pl Zadzwo\u0144: Tel. 85 744 29 84,&nbsp;&nbsp;85 742 68 38, &nbsp;&nbsp; 85 74\u200b4 71 71 fax&nbsp; 85 744 71 37<\/p>\n","protected":false},"author":1,"featured_media":0,"parent":0,"menu_order":0,"comment_status":"closed","ping_status":"closed","template":"","meta":{"footnotes":""},"class_list":["post-3252","page","type-page","status-publish","hentry"],"_links":{"self":[{"href":"https:\/\/rops-bialystok.pl\/adopcja\/index.php\/wp-json\/wp\/v2\/pages\/3252","targetHints":{"allow":["GET"]}}],"collection":[{"href":"https:\/\/rops-bialystok.pl\/adopcja\/index.php\/wp-json\/wp\/v2\/pages"}],"about":[{"href":"https:\/\/rops-bialystok.pl\/adopcja\/index.php\/wp-json\/wp\/v2\/types\/page"}],"author":[{"embeddable":true,"href":"https:\/\/rops-bialystok.pl\/adopcja\/index.php\/wp-json\/wp\/v2\/users\/1"}],"replies":[{"embeddable":true,"href":"https:\/\/rops-bialystok.pl\/adopcja\/index.php\/wp-json\/wp\/v2\/comments?post=3252"}],"version-history":[{"count":17,"href":"https:\/\/rops-bialystok.pl\/adopcja\/index.php\/wp-json\/wp\/v2\/pages\/3252\/revisions"}],"predecessor-version":[{"id":4040,"href":"https:\/\/rops-bialystok.pl\/adopcja\/index.php\/wp-json\/wp\/v2\/pages\/3252\/revisions\/4040"}],"wp:attachment":[{"href":"https:\/\/rops-bialystok.pl\/adopcja\/index.php\/wp-json\/wp\/v2\/media?parent=3252"}],"curies":[{"name":"wp","href":"https:\/\/api.w.org\/{rel}","templated":true}]}}