{"id":3632,"date":"2021-10-28T11:23:56","date_gmt":"2021-10-28T09:23:56","guid":{"rendered":"http:\/\/www.rops-bialystok.pl\/adopcja\/?page_id=3632"},"modified":"2024-03-22T08:47:45","modified_gmt":"2024-03-22T07:47:45","slug":"nasz-zespol-bialystok","status":"publish","type":"page","link":"https:\/\/rops-bialystok.pl\/adopcja\/index.php\/nasz-zespol-bialystok\/","title":{"rendered":"Nasz zesp\u00f3\u0142 &#8211; Bia\u0142ystok"},"content":{"rendered":"\n    \n    <section class=\"u-align-center u-clearfix u-section-2\" id=\"carousel_beb2\">\n      <div class=\"u-clearfix u-sheet u-sheet-1\">\n        <h1 class=\"u-text u-text-default u-text-1\"> Nasz zesp\u00f3\u0142 - Bia\u0142ystok<\/h1>\n        <h2 class=\"u-text u-text-default u-text-2\"> STANOWISKA DO REALIZACJI ZADA\u0143 Z ZAKRESU WSPIERANIA RODZINY:<\/h2>\n        <div class=\"u-border-20 u-border-palette-1-light-1 u-container-style u-group u-group-1\">\n          <div class=\"u-container-layout u-container-layout-1\"><\/div>\n        <\/div>\n        <div class=\"u-list u-list-1\">\n          <div class=\"u-repeater u-repeater-1\">\n            <div class=\"u-border-1 u-border-grey-10 u-container-style u-custom-color-15 u-custom-item u-list-item u-repeater-item u-shape-rectangle u-list-item-1\">\n              <div class=\"u-container-layout u-similar-container u-valign-top u-container-layout-2\">\n                <h4 class=\"u-text u-text-black u-text-3\">kierownik<br>\n                  <br>\n                <\/h4>\n                <p class=\"u-text u-text-custom-color-1 u-text-4\">Katarzyna Renczy\u0144ska<\/p>\n                <p class=\"u-text u-text-custom-color-5 u-text-5\">\n                  <a href=\"mailto:katarzyna.renczynska@rops-bialystok.pl\" class=\"u-active-none u-border-none u-btn u-button-link u-button-style u-hover-none u-none u-text-body-color u-btn-1\">katarzyna.renczynska@rops-bialystok.pl<\/a>\n                <\/p>\n              <\/div>\n            <\/div>\n            <div class=\"u-border-1 u-border-grey-10 u-container-style u-custom-item u-list-item u-repeater-item u-shape-rectangle u-white u-list-item-2\">\n              <div class=\"u-container-layout u-similar-container u-valign-top u-container-layout-3\">\n                <h4 class=\"u-text u-text-black u-text-6\"> Psycholog<br>\n                  <br>\n                <\/h4>\n                <p class=\"u-text u-text-custom-color-1 u-text-7\"> Lidia Nikonowicz<\/p>\n                <p class=\"u-text u-text-custom-color-5 u-text-8\">\n                  <a href=\"mailto:lidia.nikonowicz@rops-bialystok.pl\" class=\"u-active-none u-border-none u-btn u-button-link u-button-style u-hover-none u-none u-text-custom-color-5 u-btn-2\"> lidia.nikonowicz@rops-bialystok.pl <\/a>\n                <\/p>\n              <\/div>\n            <\/div>\n            <div class=\"u-border-1 u-border-grey-10 u-container-style u-custom-item u-list-item u-repeater-item u-shape-rectangle u-white u-list-item-3\">\n              <div class=\"u-container-layout u-similar-container u-valign-top u-container-layout-4\">\n                <h4 class=\"u-text u-text-black u-text-9\"> Pedagog<br>\n                  <br>\n                <\/h4>\n                <p class=\"u-text u-text-custom-color-1 u-text-10\"> Jolanta Chod\u017ako<\/p>\n                <p class=\"u-text u-text-custom-color-5 u-text-11\">\n                  <a href=\"mailto:jolanta.chodzko@rops-bialystok.pl\" class=\"u-active-none u-border-none u-btn u-button-link u-button-style u-hover-none u-none u-text-custom-color-5 u-btn-3\"> jolanta.chodzko@rops-bialystok.pl<\/a>\n                <\/p>\n              <\/div>\n            <\/div>\n            <div class=\"u-border-1 u-border-grey-10 u-container-style u-custom-item u-list-item u-repeater-item u-shape-rectangle u-list-item-4\">\n              <div class=\"u-container-layout u-similar-container u-valign-top u-container-layout-5\">\n                <h4 class=\"u-text u-text-black u-text-12\"> Pedagog<br>\n                  <br>\n                <\/h4>\n                <p class=\"u-text u-text-custom-color-1 u-text-13\"> Jacek Przesmycki<\/p>\n                <p class=\"u-text u-text-custom-color-5 u-text-14\">\n                  <a href=\"mailto:jacek.przesmycki@rops-bialystok.pl\" class=\"u-active-none u-border-none u-btn u-button-link u-button-style u-hover-none u-none u-text-custom-color-5 u-btn-4\">\n                    <span style=\"font-style: italic;\">jacek.przesmycki@rops-bialystok.pl<span style=\"font-style: italic;\"><\/span>\n                    <\/span>\n                  <\/a>\n                <\/p>\n              <\/div>\n            <\/div>\n            <div class=\"u-border-1 u-border-grey-10 u-container-style u-custom-item u-list-item u-repeater-item u-shape-rectangle u-list-item-5\">\n              <div class=\"u-container-layout u-similar-container u-valign-top u-container-layout-6\">\n                <h4 class=\"u-text u-text-black u-text-15\"> Psycholog<br>\n                  <br>\n                <\/h4>\n                <p class=\"u-text u-text-custom-color-1 u-text-16\"> Beata Obrycka<\/p>\n                <p class=\"u-text u-text-custom-color-5 u-text-17\">\n                  <a href=\"mailto:leszek.godlewski@rops-bialystok.pl\" class=\"u-active-none u-border-none u-btn u-button-link u-button-style u-hover-none u-none u-text-custom-color-5 u-btn-5\">beata.obrycka@rops-bialystok.pl<\/a>\n                <\/p>\n              <\/div>\n            <\/div>\n            <div class=\"u-border-1 u-border-grey-10 u-container-style u-custom-item u-list-item u-repeater-item u-shape-rectangle u-list-item-6\">\n              <div class=\"u-container-layout u-similar-container u-valign-top u-container-layout-7\">\n                <h4 class=\"u-text u-text-black u-text-18\">WOJEW\u00d3DZKI BANK DANYCH:<br>\n                  <br>\n                <\/h4>\n                <p class=\"u-text u-text-custom-color-1 u-text-19\">&nbsp;&nbsp;\u200bLeszek Godlewski<\/p>\n                <p class=\"u-text u-text-custom-color-5 u-text-20\">\n                  <a href=\"mailto:leszek.godlewski@rops-bialystok.pl\" class=\"u-active-none u-border-none u-btn u-button-link u-button-style u-hover-none u-none u-text-custom-color-5 u-btn-6\">&nbsp;&nbsp;\u200bleszek.godlewski@rops-bialystok.pl<br>\n                  <\/a>\n                <\/p>\n              <\/div>\n            <\/div>\n          <\/div>\n        <\/div>\n      <\/div>\n    <\/section>\n    \n    \n    \n  \n","protected":false},"excerpt":{"rendered":"<p>Nasz zesp\u00f3\u0142 &#8211; Bia\u0142ystok STANOWISKA DO REALIZACJI ZADA\u0143 Z ZAKRESU WSPIERANIA RODZINY: kierownik Katarzyna Renczy\u0144ska katarzyna.renczynska@rops-bialystok.pl Psycholog Lidia Nikonowicz lidia.nikonowicz@rops-bialystok.pl Pedagog Jolanta Chod\u017ako jolanta.chodzko@rops-bialystok.pl Pedagog Jacek Przesmycki jacek.przesmycki@rops-bialystok.pl Psycholog Beata Obrycka beata.obrycka@rops-bialystok.pl WOJEW\u00d3DZKI BANK DANYCH: &nbsp;&nbsp;\u200bLeszek Godlewski &nbsp;&nbsp;\u200bleszek.godlewski@rops-bialystok.pl<\/p>\n","protected":false},"author":1,"featured_media":0,"parent":0,"menu_order":0,"comment_status":"closed","ping_status":"closed","template":"","meta":{"footnotes":""},"class_list":["post-3632","page","type-page","status-publish","hentry"],"_links":{"self":[{"href":"https:\/\/rops-bialystok.pl\/adopcja\/index.php\/wp-json\/wp\/v2\/pages\/3632","targetHints":{"allow":["GET"]}}],"collection":[{"href":"https:\/\/rops-bialystok.pl\/adopcja\/index.php\/wp-json\/wp\/v2\/pages"}],"about":[{"href":"https:\/\/rops-bialystok.pl\/adopcja\/index.php\/wp-json\/wp\/v2\/types\/page"}],"author":[{"embeddable":true,"href":"https:\/\/rops-bialystok.pl\/adopcja\/index.php\/wp-json\/wp\/v2\/users\/1"}],"replies":[{"embeddable":true,"href":"https:\/\/rops-bialystok.pl\/adopcja\/index.php\/wp-json\/wp\/v2\/comments?post=3632"}],"version-history":[{"count":14,"href":"https:\/\/rops-bialystok.pl\/adopcja\/index.php\/wp-json\/wp\/v2\/pages\/3632\/revisions"}],"predecessor-version":[{"id":4039,"href":"https:\/\/rops-bialystok.pl\/adopcja\/index.php\/wp-json\/wp\/v2\/pages\/3632\/revisions\/4039"}],"wp:attachment":[{"href":"https:\/\/rops-bialystok.pl\/adopcja\/index.php\/wp-json\/wp\/v2\/media?parent=3632"}],"curies":[{"name":"wp","href":"https:\/\/api.w.org\/{rel}","templated":true}]}}