{"id":3639,"date":"2021-10-28T12:02:32","date_gmt":"2021-10-28T10:02:32","guid":{"rendered":"http:\/\/www.rops-bialystok.pl\/adopcja\/?page_id=3639"},"modified":"2024-04-10T15:37:56","modified_gmt":"2024-04-10T13:37:56","slug":"nasz-zespol-lomza","status":"publish","type":"page","link":"https:\/\/rops-bialystok.pl\/adopcja\/index.php\/nasz-zespol-lomza\/","title":{"rendered":"Nasz zesp\u00f3\u0142 &#8211; \u0141om\u017ca"},"content":{"rendered":"\n    \n    <section class=\"u-align-center u-clearfix u-grey-10 u-section-2\" id=\"carousel_dabd\">\n      <div class=\"u-clearfix u-sheet u-sheet-1\">\n        <h1 class=\"u-align-left u-text u-text-black u-text-1\">Nasz zesp\u00f3l - filia w \u0141om\u017cy<\/h1>\n        <h2 class=\"u-align-left u-text u-text-2\"><\/h2>\n        <div class=\"u-border-14 u-border-palette-4-light-2 u-container-style u-expanded-width u-group u-group-1\">\n          <div class=\"u-container-layout u-container-layout-1\"><\/div>\n        <\/div>\n        <div class=\"u-list u-list-1\">\n          <div class=\"u-repeater u-repeater-1\">\n            <div class=\"u-align-left u-container-style u-custom-item u-list-item u-palette-4-light-2 u-repeater-item u-list-item-1\">\n              <div class=\"u-container-layout u-similar-container u-container-layout-2\">\n                <h4 class=\"u-text u-text-3\"> zast\u0119pca KIEROWNIKa<\/h4>\n                <p class=\"u-text u-text-4\">Renata Tyrolska<\/p>\n                <p class=\"u-text u-text-5\">\n                  <a href=\"mailto:renata.tyrolska@rops-bialystok.pl\" class=\"u-active-none u-border-none u-btn u-button-link u-button-style u-hover-none u-none u-text-black u-btn-1\">renata.tyrolska@rops-bialystok.pl<\/a>\n                <\/p>\n              <\/div>\n            <\/div>\n            <div class=\"u-align-left u-container-style u-custom-item u-list-item u-repeater-item u-white u-list-item-2\">\n              <div class=\"u-container-layout u-similar-container u-container-layout-3\">\n                <h4 class=\"u-text u-text-6\"> Psycholog<\/h4>\n                <p class=\"u-text u-text-7\"> Anna Grabowska<\/p>\n                <p class=\"u-text u-text-8\">\n                  <a href=\"mailto:anna.grabowska@rops-bialystok.pl\" class=\"u-active-none u-border-none u-btn u-button-link u-button-style u-hover-none u-none u-text-black u-btn-2\">anna.grabowska@rops-bialystok.pl<\/a>\n                <\/p>\n              <\/div>\n            <\/div>\n            <div class=\"u-align-left u-container-style u-custom-item u-list-item u-repeater-item u-white u-list-item-3\">\n              <div class=\"u-container-layout u-similar-container u-container-layout-4\">\n                <h4 class=\"u-text u-text-9\"> Pedagog<\/h4>\n                <p class=\"u-text u-text-10\"> Edyta Kowalewska<\/p>\n                <p class=\"u-text u-text-11\">\n                  <a href=\"mailto:edyta.kowalewska@rops-bialystok.pl\" class=\"u-active-none u-border-none u-btn u-button-link u-button-style u-hover-none u-none u-text-grey-80 u-btn-3\"> edyta.kowalewska@rops-bialystok.pl<\/a>\n                <\/p>\n              <\/div>\n            <\/div>\n            <div class=\"u-align-left u-container-style u-custom-item u-list-item u-repeater-item u-white u-list-item-4\">\n              <div class=\"u-container-layout u-similar-container u-container-layout-5\">\n                <h4 class=\"u-text u-text-12\"> Pedagog<\/h4>\n                <p class=\"u-text u-text-13\"> Michalina Bajno<\/p>\n                <p class=\"u-text u-text-14\">\n                  <a href=\"mailto:michalina.bajno@rops-bialystok.pl\" class=\"u-active-none u-border-none u-btn u-button-link u-button-style u-hover-none u-none u-text-black u-btn-4\">michalina.bajno@rops-bialystok.pl<\/a>\n                <\/p>\n              <\/div>\n            <\/div>\n            <div class=\"u-align-left u-container-style u-custom-item u-list-item u-repeater-item u-white u-list-item-5\">\n              <div class=\"u-container-layout u-similar-container u-container-layout-6\">\n                <h4 class=\"u-text u-text-15\"> Psycholog<\/h4>\n                <p class=\"u-text u-text-16\">Anna Dudzi\u0144ska<\/p>\n                <p class=\"u-text u-text-17\">\n                  <a href=\"mailto:michalina.bajno@rops-bialystok.pl\" class=\"u-active-none u-border-none u-btn u-button-link u-button-style u-hover-none u-none u-text-black u-btn-5\">anna.dudzinska@rops-bialystok.pl<\/a>\n                <\/p>\n              <\/div>\n            <\/div>\n          <\/div>\n        <\/div>\n      <\/div>\n    <\/section>\n    \n    \n    \n  \n","protected":false},"excerpt":{"rendered":"<p>Nasz zesp\u00f3l &#8211; filia w \u0141om\u017cy zast\u0119pca KIEROWNIKa Renata Tyrolska renata.tyrolska@rops-bialystok.pl Psycholog Anna Grabowska anna.grabowska@rops-bialystok.pl Pedagog Edyta Kowalewska edyta.kowalewska@rops-bialystok.pl Pedagog Michalina Bajno michalina.bajno@rops-bialystok.pl Psycholog Anna Dudzi\u0144ska anna.dudzinska@rops-bialystok.pl<\/p>\n","protected":false},"author":1,"featured_media":0,"parent":0,"menu_order":0,"comment_status":"closed","ping_status":"closed","template":"","meta":{"footnotes":""},"class_list":["post-3639","page","type-page","status-publish","hentry"],"_links":{"self":[{"href":"https:\/\/rops-bialystok.pl\/adopcja\/index.php\/wp-json\/wp\/v2\/pages\/3639","targetHints":{"allow":["GET"]}}],"collection":[{"href":"https:\/\/rops-bialystok.pl\/adopcja\/index.php\/wp-json\/wp\/v2\/pages"}],"about":[{"href":"https:\/\/rops-bialystok.pl\/adopcja\/index.php\/wp-json\/wp\/v2\/types\/page"}],"author":[{"embeddable":true,"href":"https:\/\/rops-bialystok.pl\/adopcja\/index.php\/wp-json\/wp\/v2\/users\/1"}],"replies":[{"embeddable":true,"href":"https:\/\/rops-bialystok.pl\/adopcja\/index.php\/wp-json\/wp\/v2\/comments?post=3639"}],"version-history":[{"count":16,"href":"https:\/\/rops-bialystok.pl\/adopcja\/index.php\/wp-json\/wp\/v2\/pages\/3639\/revisions"}],"predecessor-version":[{"id":4051,"href":"https:\/\/rops-bialystok.pl\/adopcja\/index.php\/wp-json\/wp\/v2\/pages\/3639\/revisions\/4051"}],"wp:attachment":[{"href":"https:\/\/rops-bialystok.pl\/adopcja\/index.php\/wp-json\/wp\/v2\/media?parent=3639"}],"curies":[{"name":"wp","href":"https:\/\/api.w.org\/{rel}","templated":true}]}}