{"id":4081,"date":"2024-08-16T12:57:10","date_gmt":"2024-08-16T10:57:10","guid":{"rendered":"https:\/\/rops-bialystok.pl\/adopcja\/?page_id=4081"},"modified":"2024-08-19T12:18:46","modified_gmt":"2024-08-19T10:18:46","slug":"standardy-ochrony-dzieci","status":"publish","type":"page","link":"https:\/\/rops-bialystok.pl\/adopcja\/index.php\/standardy-ochrony-dzieci\/","title":{"rendered":"STANDARDY OCHRONY DZIECI"},"content":{"rendered":"<div>\n<h2 style=\"text-align: center;\"><strong>STANDARDY OCHRONY DZIECI<\/strong><\/h2>\n<h2 style=\"text-align: center;\"><strong>W O\u015aRODKU ADOPCYJNYM W BIA\u0141YMSTOKU <\/strong><\/h2>\n<h2 style=\"text-align: center;\"><strong>ORAZ\u00a0 FILII W \u0141OM\u017bY <\/strong><\/h2>\n<h2 style=\"text-align: center;\"><strong>REGIONALNEGO O\u015aRODKA POLITYKI SPO\u0141ECZNEJ W BIA\u0141YMSTOKU<\/strong><\/h2>\n<p>&nbsp;<\/p>\n<\/div>\n<ul>\n<li><strong><a href=\"https:\/\/rops-bialystok.pl\/adopcja\/index.php\/standardy-ochrony-dzieci\/standardy-ochrony-dzieci\/\">Standardy Ochrony Dzieci &#8211; Tekst ca\u0142kowity<\/a><\/strong><\/li>\n<li><a href=\"https:\/\/rops-bialystok.pl\/adopcja\/index.php\/standardy-ochrony-dzieci-wersja-dla-maloletnich\/\"><strong>Standardy Ochrony Dzieci &#8211; wersja dla ma\u0142oletnich<\/strong><\/a><\/li>\n<\/ul>\n","protected":false},"excerpt":{"rendered":"<p>STANDARDY OCHRONY DZIECI W O\u015aRODKU ADOPCYJNYM W BIA\u0141YMSTOKU ORAZ\u00a0 FILII W \u0141OM\u017bY REGIONALNEGO O\u015aRODKA POLITYKI SPO\u0141ECZNEJ W BIA\u0141YMSTOKU &nbsp; Standardy Ochrony Dzieci &#8211; Tekst ca\u0142kowity Standardy Ochrony Dzieci &#8211; wersja dla ma\u0142oletnich<\/p>\n","protected":false},"author":1,"featured_media":0,"parent":0,"menu_order":0,"comment_status":"closed","ping_status":"closed","template":"templates\/post.php","meta":{"footnotes":""},"class_list":["post-4081","page","type-page","status-publish","hentry"],"_links":{"self":[{"href":"https:\/\/rops-bialystok.pl\/adopcja\/index.php\/wp-json\/wp\/v2\/pages\/4081","targetHints":{"allow":["GET"]}}],"collection":[{"href":"https:\/\/rops-bialystok.pl\/adopcja\/index.php\/wp-json\/wp\/v2\/pages"}],"about":[{"href":"https:\/\/rops-bialystok.pl\/adopcja\/index.php\/wp-json\/wp\/v2\/types\/page"}],"author":[{"embeddable":true,"href":"https:\/\/rops-bialystok.pl\/adopcja\/index.php\/wp-json\/wp\/v2\/users\/1"}],"replies":[{"embeddable":true,"href":"https:\/\/rops-bialystok.pl\/adopcja\/index.php\/wp-json\/wp\/v2\/comments?post=4081"}],"version-history":[{"count":6,"href":"https:\/\/rops-bialystok.pl\/adopcja\/index.php\/wp-json\/wp\/v2\/pages\/4081\/revisions"}],"predecessor-version":[{"id":4121,"href":"https:\/\/rops-bialystok.pl\/adopcja\/index.php\/wp-json\/wp\/v2\/pages\/4081\/revisions\/4121"}],"wp:attachment":[{"href":"https:\/\/rops-bialystok.pl\/adopcja\/index.php\/wp-json\/wp\/v2\/media?parent=4081"}],"curies":[{"name":"wp","href":"https:\/\/api.w.org\/{rel}","templated":true}]}}