{"id":989,"date":"2012-02-13T13:42:54","date_gmt":"2012-02-13T12:42:54","guid":{"rendered":"http:\/\/www.rops-bialystok.pl\/andrzej\/?page_id=44"},"modified":"2025-02-28T14:56:00","modified_gmt":"2025-02-28T13:56:00","slug":"dokumentacja","status":"publish","type":"page","link":"https:\/\/rops-bialystok.pl\/adopcja\/index.php\/niezbednik-adopcyjny\/dokumentacja\/","title":{"rendered":"Wykaz dokument\u00f3w"},"content":{"rendered":"<p style=\"text-align: left;\"><strong>Kandydaci do przysposobienia (adopcji) dziecka powinni dostarczy\u0107 do O\u015brodka Adopcyjnego Regionalnego O\u015brodka Polityki Spo\u0142ecznej w Bia\u0142ymstoku nast\u0119puj\u0105ce dokumenty:<\/strong><\/p>\n<ul style=\"text-align: left;\">\n<li style=\"text-align: justify;\">wniosek o pomoc w przysposobieniu dziecka wraz okre\u015bleniem wieku i p\u0142ci dziecka oraz motywacji do przysposobienia (na adres O\u015brodka); nale\u017cy poda\u0107 r\u00f3wnie\u017c dane kontaktowe numer telefonu i adres poczty elektronicznej \u2013 podanie wnoszone przez ma\u0142\u017ce\u0144stwo powinno by\u0107 podpisane przez obojga ma\u0142\u017conk\u00f3w,<\/li>\n<li style=\"text-align: justify;\">\u017cyciorysy obojga ma\u0142\u017conk\u00f3w,<\/li>\n<li style=\"text-align: justify;\">zupe\u0142ny odpis aktu ma\u0142\u017ce\u0144stwa,<\/li>\n<li style=\"text-align: justify;\">za\u015bwiadczenie o wysoko\u015bci zarobk\u00f3w lub inny dokument \u00a0potwierdzaj\u0105cy uzyskiwany doch\u00f3d,<\/li>\n<li style=\"text-align: justify;\">za\u015bwiadczenia lekarskie o stanie zdrowia wystawione przez lekarza podstawowej opieki zdrowotnej,<\/li>\n<li style=\"text-align: justify;\">za\u015bwiadczenie o niekaralno\u015bci z Krajowego Rejestru Karnego<\/li>\n<\/ul>\n<p style=\"text-align: left;\"><strong>Wzory formularzy do pobrania:<\/strong><\/p>\n<ul style=\"text-align: justify;\">\n<li><a href=\"https:\/\/rops-bialystok.pl\/adopcja\/wp-content\/uploads\/2025\/02\/Wniosek-kandydata-do-przysposobienia-dziecka.docx\">Wniosek kandydata do przysposobienia dziecka<\/a><\/li>\n<li><a href=\"https:\/\/rops-bialystok.pl\/adopcja\/wp-content\/uploads\/2025\/02\/Procedura-adopcji-wewnatrzrodzinnej.docx\">Procedura adopcji wewn\u0105trzrodzinnej<\/a><\/li>\n<li><a href=\"https:\/\/rops-bialystok.pl\/adopcja\/wp-content\/uploads\/2025\/02\/OSWIADCZNIE-O-DOCHODACH.docx\">O\u015bwiadczenie o dochodach<\/a><\/li>\n<li><a href=\"https:\/\/rops-bialystok.pl\/adopcja\/wp-content\/uploads\/2025\/02\/OSWIADCZENIE-skladanie-falszywych-zeznan-nowe1.docx\">O\u015bwiadczenie-sk\u0142adanie fa\u0142szywych zezna\u0144-nowe1<\/a><\/li>\n<li><a href=\"https:\/\/rops-bialystok.pl\/adopcja\/wp-content\/uploads\/2025\/02\/OSWIADCZENIE-DOTYCZACE-WLADZY-RODZICIELSKIEJ.docx\">O\u015bwiadczenie dotycz\u0105ce w\u0142adzy rodzicielskiej<\/a><\/li>\n<li><a href=\"https:\/\/rops-bialystok.pl\/adopcja\/wp-content\/uploads\/2025\/02\/Ogolna-Klauzula-Informacyjna-Regionalnego-Osrodka-Polityki-Spolecznej-w-Bialymstoku-Dotyczaca-Przetwarzania-Danych-Osobowych.pdf\">Og\u00f3lna Klauzula Informacyjna Regionalnego O\u015brodka Polityki Spo\u0142ecznej w Bia\u0142ymstoku Dotycz\u0105ca Przetwarzania Danych Osobowych<\/a><\/li>\n<\/ul>\n","protected":false},"excerpt":{"rendered":"<p>Kandydaci do przysposobienia (adopcji) dziecka powinni dostarczy\u0107 do O\u015brodka Adopcyjnego Regionalnego O\u015brodka Polityki Spo\u0142ecznej w Bia\u0142ymstoku nast\u0119puj\u0105ce dokumenty: wniosek o pomoc w przysposobieniu dziecka wraz okre\u015bleniem wieku i p\u0142ci dziecka oraz motywacji do przysposobienia (na adres O\u015brodka); nale\u017cy poda\u0107 r\u00f3wnie\u017c dane kontaktowe numer telefonu i adres poczty elektronicznej \u2013 podanie wnoszone przez ma\u0142\u017ce\u0144stwo powinno by\u0107 &hellip; <a href=\"https:\/\/rops-bialystok.pl\/adopcja\/index.php\/niezbednik-adopcyjny\/dokumentacja\/\" class=\"more-link\">Continue reading<span class=\"screen-reader-text\"> &#8222;Wykaz dokument\u00f3w&#8221;<\/span><\/a><\/p>\n","protected":false},"author":2,"featured_media":0,"parent":988,"menu_order":2,"comment_status":"closed","ping_status":"closed","template":"","meta":{"footnotes":""},"class_list":["post-989","page","type-page","status-publish","hentry"],"_links":{"self":[{"href":"https:\/\/rops-bialystok.pl\/adopcja\/index.php\/wp-json\/wp\/v2\/pages\/989","targetHints":{"allow":["GET"]}}],"collection":[{"href":"https:\/\/rops-bialystok.pl\/adopcja\/index.php\/wp-json\/wp\/v2\/pages"}],"about":[{"href":"https:\/\/rops-bialystok.pl\/adopcja\/index.php\/wp-json\/wp\/v2\/types\/page"}],"author":[{"embeddable":true,"href":"https:\/\/rops-bialystok.pl\/adopcja\/index.php\/wp-json\/wp\/v2\/users\/2"}],"replies":[{"embeddable":true,"href":"https:\/\/rops-bialystok.pl\/adopcja\/index.php\/wp-json\/wp\/v2\/comments?post=989"}],"version-history":[{"count":9,"href":"https:\/\/rops-bialystok.pl\/adopcja\/index.php\/wp-json\/wp\/v2\/pages\/989\/revisions"}],"predecessor-version":[{"id":4266,"href":"https:\/\/rops-bialystok.pl\/adopcja\/index.php\/wp-json\/wp\/v2\/pages\/989\/revisions\/4266"}],"up":[{"embeddable":true,"href":"https:\/\/rops-bialystok.pl\/adopcja\/index.php\/wp-json\/wp\/v2\/pages\/988"}],"wp:attachment":[{"href":"https:\/\/rops-bialystok.pl\/adopcja\/index.php\/wp-json\/wp\/v2\/media?parent=989"}],"curies":[{"name":"wp","href":"https:\/\/api.w.org\/{rel}","templated":true}]}}