{"id":990,"date":"2012-02-13T13:43:48","date_gmt":"2012-02-13T12:43:48","guid":{"rendered":"http:\/\/www.rops-bialystok.pl\/andrzej\/?page_id=46"},"modified":"2012-02-13T13:43:48","modified_gmt":"2012-02-13T12:43:48","slug":"tryb-postepowania","status":"publish","type":"page","link":"https:\/\/rops-bialystok.pl\/adopcja\/index.php\/niezbednik-adopcyjny\/tryb-postepowania\/","title":{"rendered":"Tryb post\u0119powania"},"content":{"rendered":"<p style=\"text-align: justify;\">O\u015brodek Adopcyjny ROPS prowadz\u0105c procedur\u0119 adopcyjn\u0105 kieruje si\u0119 zasad\u0105 dobra dziecka i poszanowania jego praw. Wobec kandydat\u00f3w do przysposobienia dziecka prowadzony jest nast\u0119puj\u0105cy tryb post\u0119powania:<\/p>\n<ul>\n<li><strong>Rozmowa wst\u0119pna \u2013 <\/strong>rozmowa informacyjna z pracownikami w siedzibie O\u015brodka, zapoznanie z formalnymi wymaganiami wobec kandydat\u00f3w, zebranie wst\u0119pnych informacji o rodzinie i oczekiwaniach wobec dziecka, na kt\u00f3r\u0105 um\u00f3wisz si\u0119 telefonicznie lub wysy\u0142aj\u0105c e-maila;<\/li>\n<li><strong>Z\u0142o\u017cenie kompletu wymaganych dokument\u00f3w w o\u015brodku<\/strong> \u2013 kandydaci do przysposobienia dziecka sk\u0142adaj\u0105 dokumenty zgodnie z ustaleniami podczas rozmowy wst\u0119pnej;<\/li>\n<li><strong>Wywiad w miejscu zamieszkania rodziny &#8211; <\/strong>poznanie mieszkalno-bytowych warunk\u00f3w rodziny, stylu i trybu \u017cycia kandydat\u00f3w, prezentowanych postaw, poziomu funkcjonowania we wzajemnych relacjach w \u015brodowisku domowym;<\/li>\n<li><strong>Indywidualny proces kwalifikacyjny \u2013<\/strong> obejmuje wywiad adopcyjny, badania psychologiczne, rozmowy z psychologiem i pedagogiem maj\u0105ce na celu rozpoznanie mo\u017cliwo\u015bci i warunk\u00f3w jakie rodzina mo\u017ce zaoferowa\u0107 dziecku;<\/li>\n<li><strong>Szkolenie-<\/strong> program szkolenia przewiduje spotkania obejmuj\u0105ce w sumie 35 godzin dydaktycznych, szkolenie odbywa si\u0119 w siedzibie o\u015brodka adopcyjnego,ko\u0144czy si\u0119 wydaniem \u015bwiadectwa uko\u0144czenia szkolenia;<\/li>\n<li><strong>Kwalifikacja \u2013 <\/strong>po przej\u015bciu ca\u0142ego procesu kwalifikacyjnego i odbyciu szkolenia, Komisja Kwalifikacyjna O\u015brodka Adopcyjnego po zapoznaniu si\u0119 z opiniami dokonuje kwalifikacji kandydat\u00f3w do pe\u0142nienia funkcji rodziny adopcyjnej;<\/li>\n<li><strong>Propozycja kontaktu z dzieckiem <\/strong>\u2013 przyszli rodzice otrzymuj\u0105 od pracownik\u00f3w O\u015brodka informacje o sytuacji prawnej, zdrowotnej i rodzinnej dziecka;<\/li>\n<li><em><strong>Spotkanie z dzieckiem<\/strong><\/em><strong> <\/strong>&#8211; odbywa si\u0119 w miejscu pobytu dziecka w obecno\u015bci przedstawiciela O\u015brodka oraz opiekuna prawnego dziecka;<\/li>\n<li><strong>Procedura s\u0105dowa \u2013<\/strong> kandydaci, po zaakceptowaniu dziecka i podj\u0119ciu ostatecznej decyzji, sk\u0142adaj\u0105 za po\u015brednictwem O\u015brodka wniosek do s\u0105du o przysposobienie wraz z kompletem dokument\u00f3w.\u00a0 Procedura s\u0105dowa jest monitorowana przez pracownika O\u015brodka. W chwili przej\u0119cia bezpo\u015bredniej opieki nad dzieckiem, O\u015brodek Adopcyjny sprawuje nad rodzin\u0105 opiek\u0119 preadopcyjn\u0105, o przebiegu kt\u00f3rej informuje s\u0105d sporz\u0105dzaj\u0105c opini\u0119.<strong> <\/strong>Po okresie osobistej styczno\u015bci, s\u0105d wyznacza spraw\u0119 , na kt\u00f3rej orzeka adopcj\u0119. Po uprawomocnieniu si\u0119 postanowienia s\u0105du kandydaci staja si\u0119 rodzicami dziecka.<\/li>\n<\/ul>\n<p style=\"text-align: justify;\"><em><strong>Rodzinom adopcyjnym oferujemy wparcie postadopcyjne<\/strong><\/em><em> &#8211; <\/em>po zako\u0144czeniu procedury adopcyjnej rodzice maj\u0105 zawsze prawo zg\u0142osi\u0107 si\u0119 o pomoc i wsparcie do pracownik\u00f3w O\u015brodka.<strong><\/strong><\/p>\n","protected":false},"excerpt":{"rendered":"<p>O\u015brodek Adopcyjny ROPS prowadz\u0105c procedur\u0119 adopcyjn\u0105 kieruje si\u0119 zasad\u0105 dobra dziecka i poszanowania jego praw. Wobec kandydat\u00f3w do przysposobienia dziecka prowadzony jest nast\u0119puj\u0105cy tryb post\u0119powania: Rozmowa wst\u0119pna \u2013 rozmowa informacyjna z pracownikami w siedzibie O\u015brodka, zapoznanie z formalnymi wymaganiami wobec kandydat\u00f3w, zebranie wst\u0119pnych informacji o rodzinie i oczekiwaniach wobec dziecka, na kt\u00f3r\u0105 um\u00f3wisz si\u0119 telefonicznie &hellip; <a href=\"https:\/\/rops-bialystok.pl\/adopcja\/index.php\/niezbednik-adopcyjny\/tryb-postepowania\/\" class=\"more-link\">Continue reading<span class=\"screen-reader-text\"> &#8222;Tryb post\u0119powania&#8221;<\/span><\/a><\/p>\n","protected":false},"author":2,"featured_media":0,"parent":988,"menu_order":3,"comment_status":"closed","ping_status":"closed","template":"","meta":{"footnotes":""},"class_list":["post-990","page","type-page","status-publish","hentry"],"_links":{"self":[{"href":"https:\/\/rops-bialystok.pl\/adopcja\/index.php\/wp-json\/wp\/v2\/pages\/990","targetHints":{"allow":["GET"]}}],"collection":[{"href":"https:\/\/rops-bialystok.pl\/adopcja\/index.php\/wp-json\/wp\/v2\/pages"}],"about":[{"href":"https:\/\/rops-bialystok.pl\/adopcja\/index.php\/wp-json\/wp\/v2\/types\/page"}],"author":[{"embeddable":true,"href":"https:\/\/rops-bialystok.pl\/adopcja\/index.php\/wp-json\/wp\/v2\/users\/2"}],"replies":[{"embeddable":true,"href":"https:\/\/rops-bialystok.pl\/adopcja\/index.php\/wp-json\/wp\/v2\/comments?post=990"}],"version-history":[{"count":0,"href":"https:\/\/rops-bialystok.pl\/adopcja\/index.php\/wp-json\/wp\/v2\/pages\/990\/revisions"}],"up":[{"embeddable":true,"href":"https:\/\/rops-bialystok.pl\/adopcja\/index.php\/wp-json\/wp\/v2\/pages\/988"}],"wp:attachment":[{"href":"https:\/\/rops-bialystok.pl\/adopcja\/index.php\/wp-json\/wp\/v2\/media?parent=990"}],"curies":[{"name":"wp","href":"https:\/\/api.w.org\/{rel}","templated":true}]}}