{"id":991,"date":"2012-02-13T13:44:36","date_gmt":"2012-02-13T12:44:36","guid":{"rendered":"http:\/\/www.rops-bialystok.pl\/andrzej\/?page_id=48"},"modified":"2012-02-13T13:44:36","modified_gmt":"2012-02-13T12:44:36","slug":"warto-przeczytac","status":"publish","type":"page","link":"https:\/\/rops-bialystok.pl\/adopcja\/index.php\/niezbednik-adopcyjny\/warto-przeczytac\/","title":{"rendered":"Warto przeczyta\u0107"},"content":{"rendered":"<ul>\n<li><strong>Wie\u017ca z klock\u00f3w<\/strong>. Kotowska K.Media Rodzina, Pozna\u0144 2001,<\/li>\n<\/ul>\n<ul>\n<li><strong>Je\u017c.<\/strong> Kotowska K. Egmont Polska Sp. z o.o.,Warszawa 2002,<\/li>\n<\/ul>\n<ul>\n<li><strong>Dom malowany i Dom na nowo malowany <\/strong>(cz I i II). Grycman M. 2003, 2006, Edition 2000,<\/li>\n<\/ul>\n<ul>\n<li><strong>Wszystko o adopcji<\/strong>, Nemiroff Marc, Annunziata Jane, Gda\u0144skie Wydawnictwo Psychologiczne 2007,<\/li>\n<\/ul>\n<ul>\n<li><strong>Opowie\u015bci terapeutyczne o niep\u0142odno\u015bci<\/strong>. Czekaj\u0105c na bociana. Bogda Pawelec,\u00a0 JK, ul. Krokusowa \u0141\u00f3d\u017a 2007,<\/li>\n<\/ul>\n<ul>\n<li><strong>Je\u015bli bocian nie przyleci, czyli sk\u0105d si\u0119 bior\u0105 dzieci<\/strong>. Agnieszka Fr\u0105czek, Agencja Wydawnicza Jerzy Mostowski 2008,<\/li>\n<\/ul>\n<ul>\n<li><strong>Odnalezieni. Prawdziwe historie adoptowanych<\/strong>. Anna Kami\u0144ska, Wydawnictwo Literackie 2010,<\/li>\n<\/ul>\n<ul>\n<li><strong>Dziecko z chmur<\/strong>. Justyna Bigos, Beata Mozer, WNK 2010,<\/li>\n<\/ul>\n<ul>\n<li><strong>O ch\u0142opcu wychowywanym jak pies<\/strong>. Bruce Perry , Maia Szalavitz, Media Rodzina 2011,<\/li>\n<\/ul>\n<ul>\n<li><strong>Moje dziecko gdzie\u015b na mnie czeka<\/strong>. Opowie\u015bci o adopcjach.\u00a0 Katarzyna Kolska, Wydawnictwo Znak 2011,<\/li>\n<\/ul>\n<ul>\n<li><strong>Adopcja i przywi\u0105zanie. Praktyczny przewodnik dla rodzic\u00f3w<\/strong>, Deborah D. Gray, GWP Sopot, 2010.<\/li>\n<\/ul>\n","protected":false},"excerpt":{"rendered":"<p>Wie\u017ca z klock\u00f3w. Kotowska K.Media Rodzina, Pozna\u0144 2001, Je\u017c. Kotowska K. Egmont Polska Sp. z o.o.,Warszawa 2002, Dom malowany i Dom na nowo malowany (cz I i II). Grycman M. 2003, 2006, Edition 2000, Wszystko o adopcji, Nemiroff Marc, Annunziata Jane, Gda\u0144skie Wydawnictwo Psychologiczne 2007, Opowie\u015bci terapeutyczne o niep\u0142odno\u015bci. Czekaj\u0105c na bociana. Bogda Pawelec,\u00a0 JK, &hellip; <a href=\"https:\/\/rops-bialystok.pl\/adopcja\/index.php\/niezbednik-adopcyjny\/warto-przeczytac\/\" class=\"more-link\">Continue reading<span class=\"screen-reader-text\"> &#8222;Warto przeczyta\u0107&#8221;<\/span><\/a><\/p>\n","protected":false},"author":2,"featured_media":0,"parent":988,"menu_order":5,"comment_status":"closed","ping_status":"closed","template":"","meta":{"footnotes":""},"class_list":["post-991","page","type-page","status-publish","hentry"],"_links":{"self":[{"href":"https:\/\/rops-bialystok.pl\/adopcja\/index.php\/wp-json\/wp\/v2\/pages\/991","targetHints":{"allow":["GET"]}}],"collection":[{"href":"https:\/\/rops-bialystok.pl\/adopcja\/index.php\/wp-json\/wp\/v2\/pages"}],"about":[{"href":"https:\/\/rops-bialystok.pl\/adopcja\/index.php\/wp-json\/wp\/v2\/types\/page"}],"author":[{"embeddable":true,"href":"https:\/\/rops-bialystok.pl\/adopcja\/index.php\/wp-json\/wp\/v2\/users\/2"}],"replies":[{"embeddable":true,"href":"https:\/\/rops-bialystok.pl\/adopcja\/index.php\/wp-json\/wp\/v2\/comments?post=991"}],"version-history":[{"count":0,"href":"https:\/\/rops-bialystok.pl\/adopcja\/index.php\/wp-json\/wp\/v2\/pages\/991\/revisions"}],"up":[{"embeddable":true,"href":"https:\/\/rops-bialystok.pl\/adopcja\/index.php\/wp-json\/wp\/v2\/pages\/988"}],"wp:attachment":[{"href":"https:\/\/rops-bialystok.pl\/adopcja\/index.php\/wp-json\/wp\/v2\/media?parent=991"}],"curies":[{"name":"wp","href":"https:\/\/api.w.org\/{rel}","templated":true}]}}