{"id":992,"date":"2012-02-13T13:45:30","date_gmt":"2012-02-13T12:45:30","guid":{"rendered":"http:\/\/www.rops-bialystok.pl\/andrzej\/?page_id=50"},"modified":"2012-02-13T13:45:30","modified_gmt":"2012-02-13T12:45:30","slug":"jestes-w-ciazy-i-co-dalej","status":"publish","type":"page","link":"https:\/\/rops-bialystok.pl\/adopcja\/index.php\/niezbednik-adopcyjny\/jestes-w-ciazy-i-co-dalej\/","title":{"rendered":"Jeste\u015b w ci\u0105\u017cy&#8230; co dalej?"},"content":{"rendered":"<p style=\"text-align: justify;\"><strong>Je\u015bli jeste\u015b w ci\u0105\u017cy i nie wiesz czy b\u0119dziesz mog\u0142a wychowywa\u0107 swoje dziecko koniecznie zg\u0142o\u015b si\u0119 do nas.<\/strong><\/p>\n<p style=\"text-align: justify;\">Otrzymasz u nas wsparcie i pomoc psychologiczno \u2013 pedagogiczn\u0105 oraz prawn\u0105. B\u0119dziesz mog\u0142a w \u017cyczliwej atmosferze rozwa\u017cy\u0107 swoj\u0105 sytuacj\u0119 \u017cyciow\u0105 i zastanowi\u0107 si\u0119 nad r\u00f3\u017cnymi mo\u017cliwo\u015bciami wyj\u015bcia z trudnej sytuacji, w kt\u00f3rej si\u0119 znalaz\u0142a\u015b.<br \/>\n<strong>Pami\u0119taj, \u017ce nie jeste\u015b sama<\/strong> \u2013 jeste\u015bmy po to \u017ceby Ci\u0119 wys\u0142ucha\u0107 i pom\u00f3c. To bardzo wa\u017cne dla zdrowia i \u017cycia Twojego dziecka aby\u015b urodzi\u0142a je w szpitalu. Mo\u017cesz je tam zostawi\u0107 zapewniaj\u0105c bezpiecze\u0144stwo.<\/p>\n<p style=\"text-align: justify;\">Na podj\u0119cie ostatecznej decyzji masz 6 tygodni. Post\u0119puj\u0105c w ten spos\u00f3b dajesz swojemu dziecku szans\u0119 na nowe \u017cycie w rodzinie.<\/p>\n<p style=\"text-align: left;\"><span style=\"font-size: 18px;\">Zawsze mo\u017cesz zadzwoni\u0107 lub napisa\u0107 e_maila:<\/span><\/p>\n<p>&nbsp;<\/p>\n<p style=\"text-align: left;\"><span style=\"font-size: 18px;\">O\u015brodek Bia\u0142ystok: 85 742 68 38\u00a0<a href=\"mailto:adopcja.bialystok@rops-bialystok.pl\">adopcja.bialystok@rops-bialystok.pl<\/a><\/span><\/p>\n<p style=\"text-align: left;\"><span style=\"font-size: 18px;\">O\u015brodek \u0141om\u017ca: 86 216 43 94 <a href=\"mailto:adopcja.bialystok@rops-bialystok.pl\">adopcja.lomza@rops-bialystok.pl<\/a><\/span><\/p>\n<p>&nbsp;<\/p>\n","protected":false},"excerpt":{"rendered":"<p>Je\u015bli jeste\u015b w ci\u0105\u017cy i nie wiesz czy b\u0119dziesz mog\u0142a wychowywa\u0107 swoje dziecko koniecznie zg\u0142o\u015b si\u0119 do nas. Otrzymasz u nas wsparcie i pomoc psychologiczno \u2013 pedagogiczn\u0105 oraz prawn\u0105. B\u0119dziesz mog\u0142a w \u017cyczliwej atmosferze rozwa\u017cy\u0107 swoj\u0105 sytuacj\u0119 \u017cyciow\u0105 i zastanowi\u0107 si\u0119 nad r\u00f3\u017cnymi mo\u017cliwo\u015bciami wyj\u015bcia z trudnej sytuacji, w kt\u00f3rej si\u0119 znalaz\u0142a\u015b. Pami\u0119taj, \u017ce nie &hellip; <a href=\"https:\/\/rops-bialystok.pl\/adopcja\/index.php\/niezbednik-adopcyjny\/jestes-w-ciazy-i-co-dalej\/\" class=\"more-link\">Continue reading<span class=\"screen-reader-text\"> &#8222;Jeste\u015b w ci\u0105\u017cy&#8230; co dalej?&#8221;<\/span><\/a><\/p>\n","protected":false},"author":2,"featured_media":0,"parent":988,"menu_order":5,"comment_status":"closed","ping_status":"closed","template":"","meta":{"footnotes":""},"class_list":["post-992","page","type-page","status-publish","hentry"],"_links":{"self":[{"href":"https:\/\/rops-bialystok.pl\/adopcja\/index.php\/wp-json\/wp\/v2\/pages\/992","targetHints":{"allow":["GET"]}}],"collection":[{"href":"https:\/\/rops-bialystok.pl\/adopcja\/index.php\/wp-json\/wp\/v2\/pages"}],"about":[{"href":"https:\/\/rops-bialystok.pl\/adopcja\/index.php\/wp-json\/wp\/v2\/types\/page"}],"author":[{"embeddable":true,"href":"https:\/\/rops-bialystok.pl\/adopcja\/index.php\/wp-json\/wp\/v2\/users\/2"}],"replies":[{"embeddable":true,"href":"https:\/\/rops-bialystok.pl\/adopcja\/index.php\/wp-json\/wp\/v2\/comments?post=992"}],"version-history":[{"count":0,"href":"https:\/\/rops-bialystok.pl\/adopcja\/index.php\/wp-json\/wp\/v2\/pages\/992\/revisions"}],"up":[{"embeddable":true,"href":"https:\/\/rops-bialystok.pl\/adopcja\/index.php\/wp-json\/wp\/v2\/pages\/988"}],"wp:attachment":[{"href":"https:\/\/rops-bialystok.pl\/adopcja\/index.php\/wp-json\/wp\/v2\/media?parent=992"}],"curies":[{"name":"wp","href":"https:\/\/api.w.org\/{rel}","templated":true}]}}