{"id":225,"date":"2012-06-05T08:36:47","date_gmt":"2012-06-05T08:36:47","guid":{"rendered":"http:\/\/www.rops-bialystok.pl\/andrzej3\/?page_id=225"},"modified":"2012-06-05T08:58:31","modified_gmt":"2012-06-05T08:58:31","slug":"slownik-pojec","status":"publish","type":"page","link":"https:\/\/rops-bialystok.pl\/andrzej3\/?page_id=225","title":{"rendered":"S\u0142ownik poj\u0119\u0107"},"content":{"rendered":"<p><strong>B<\/strong><br \/>\n<a href=\"http:\/\/www.ekonomiaspoleczna.pl\/x\/602958\">Bank czasu<\/a><br \/>\n<a href=\"http:\/\/www.ekonomiaspoleczna.pl\/x\/602959\">Banki alternatywne<\/a><br \/>\n<a href=\"http:\/\/www.ekonomiaspoleczna.pl\/x\/602959\">Banki etyczne<\/a><br \/>\n<a href=\"http:\/\/www.ekonomiaspoleczna.pl\/x\/602961\">Bud\u017cet partycypacyjny<\/a><\/p>\n<p><strong>C<\/strong><br \/>\n<a href=\"http:\/\/www.ekonomiaspoleczna.pl\/x\/602876\">Centrum Integracji Spo\u0142ecznej (CIS)<\/a><\/p>\n<p><strong>E<\/strong><br \/>\n<a href=\"http:\/\/www.ekonomiaspoleczna.pl\/x\/602971\">Ekonomia alternatywna<\/a><br \/>\n<a href=\"http:\/\/www.ekonomiaspoleczna.pl\/x\/602962\">Ekonomia spo\u0142eczna<\/a><br \/>\n<a href=\"http:\/\/www.ekonomiaspoleczna.pl\/x\/602969\">Ekonomia uczestnicz\u0105ca<\/a><\/p>\n<p><strong>F<br \/>\n<\/strong><a href=\"http:\/\/www.ekonomiaspoleczna.pl\/x\/629819\" target=\"_blank\">Fundacja<\/a><br \/>\n<a href=\"http:\/\/www.ekonomiaspoleczna.pl\/x\/602879\">Fundusz Pracy<\/a><\/p>\n<p><strong>G<\/strong><br \/>\n<a href=\"http:\/\/www.ekonomiaspoleczna.pl\/x\/602972\">Gospodarka spo\u0142eczna<\/a><br \/>\n<a href=\"http:\/\/www.ekonomiaspoleczna.pl\/x\/602973\">Gospodarka partycypacyjna<\/a><br \/>\n<a href=\"http:\/\/www.ekonomiaspoleczna.pl\/x\/603514\">Grupy wykluczone<\/a><\/p>\n<p><strong>I<br \/>\n<\/strong>Integracja spo\u0142eczna<\/p>\n<p><strong>K<br \/>\n<\/strong><a href=\"http:\/\/www.ekonomiaspoleczna.pl\/x\/615859\" target=\"_blank\">Kapita\u0142<\/a><strong><br \/>\n<\/strong><a href=\"http:\/\/www.ekonomiaspoleczna.pl\/x\/615860\" target=\"_blank\">Kapita\u0142 ludzki<\/a><strong><br \/>\n<\/strong><a href=\"http:\/\/www.ekonomiaspoleczna.pl\/x\/615861\" target=\"_blank\">Kapita\u0142 spo\u0142eczny<\/a><strong><span style=\"text-decoration: underline;\"><br \/>\n<\/span><\/strong><a href=\"http:\/\/www.ekonomiaspoleczna.pl\/x\/602882\">Klub Integracji Spo\u0142ecznej (KIS)<\/a><\/p>\n<p><strong>N<\/strong><br \/>\n<a href=\"http:\/\/www.ekonomiaspoleczna.pl\/x\/602887\">Niepe\u0142nosprawno\u015b\u0107<\/a><\/p>\n<p><strong>O<\/strong><br \/>\n<a href=\"http:\/\/www.ekonomiaspoleczna.pl\/x\/603474\">Organizacja pozarz\u0105dowa<\/a><\/p>\n<p>P<a href=\"http:\/\/www.ekonomiaspoleczna.pl\/x\/602914\"><br \/>\nPa\u0144stwowy Fundusz Rehabilitacji Os\u00f3b Niepe\u0142nosprawnych (PFRON)<\/a><br \/>\n<a href=\"http:\/\/www.ekonomiaspoleczna.pl\/x\/602974\">Przedsi\u0119biorstwo spo\u0142eczne <\/a><\/p>\n<p><strong>R<br \/>\n<\/strong><a href=\"http:\/\/www.ekonomiaspoleczna.pl\/x\/603476\">Rehabilitacja os\u00f3b niepe\u0142nosprawnych<\/a><br \/>\nReintegracja<strong><\/strong><\/p>\n<p><strong>S<\/strong><br \/>\n<a href=\"http:\/\/www.ekonomiaspoleczna.pl\/x\/629824\" target=\"_blank\"> Sp\u00f3jno\u015b\u0107 spo\u0142eczna<\/a><br \/>\n<a href=\"http:\/\/www.ekonomiaspoleczna.pl\/x\/602869\">Sp\u00f3\u0142dzielnia<\/a><br \/>\n<a href=\"http:\/\/www.ekonomiaspoleczna.pl\/x\/602857\">Sp\u00f3\u0142dzielnia socjalna<\/a><br \/>\n<a href=\"http:\/\/www.ekonomiaspoleczna.pl\/x\/629825\" target=\"_blank\"> Sp\u00f3\u0142dzielnia konsument\u00f3w<\/a><br \/>\n<a href=\"http:\/\/www.ekonomiaspoleczna.pl\/x\/629827\" target=\"_blank\">Sp\u00f3\u0142dzielnia pracownicza<\/a><br \/>\n<a href=\"http:\/\/www.ekonomiaspoleczna.pl\/x\/629826\" target=\"_blank\"> Sp\u00f3\u0142dzielnia producent\u00f3w<\/a><\/p>\n<p><strong>T<\/strong><br \/>\n<a href=\"http:\/\/www.ekonomiaspoleczna.pl\/x\/602868\">Towarzystwo Ubezpiecze\u0144 Wzajemnych (TUW)<\/a><\/p>\n<p><strong>U<br \/>\n<\/strong><a href=\"http:\/\/www.ekonomiaspoleczna.pl\/x\/602977\">Us\u0142ugi u\u017cyteczno\u015bci publicznej o charakterze gospodarczym i pozagospodarczym<\/a><strong><br \/>\n<\/strong><\/p>\n<p><strong>W<\/strong><br \/>\n<a href=\"http:\/\/www.ekonomiaspoleczna.pl\/x\/602993\">Warsztat terapii zaj\u0119ciowej (WTZ)<\/a><\/p>\n<p><strong>Z<\/strong><br \/>\n<a href=\"http:\/\/www.ekonomiaspoleczna.pl\/x\/602933\">Zak\u0142ad Aktywno\u015bci Zawodowej (ZAZ)<\/a><br \/>\n<a href=\"http:\/\/www.ekonomiaspoleczna.pl\/x\/602987\">Zatrudnienie wspierane (socjalne)<br \/>\n<\/a><a href=\"http:\/\/Zr%C3%B3wnowa%C5%BCony%20rozw%C3%B3j\" target=\"_blank\">Zr\u00f3wnowa\u017cony rozw\u00f3j<\/a><\/p>\n","protected":false},"excerpt":{"rendered":"<p>B Bank czasu Banki alternatywne Banki etyczne Bud\u017cet partycypacyjny C Centrum Integracji Spo\u0142ecznej (CIS) E Ekonomia alternatywna Ekonomia spo\u0142eczna Ekonomia uczestnicz\u0105ca F Fundacja Fundusz Pracy G Gospodarka spo\u0142eczna Gospodarka partycypacyjna Grupy wykluczone I Integracja spo\u0142eczna K Kapita\u0142 Kapita\u0142 ludzki Kapita\u0142 spo\u0142eczny Klub Integracji Spo\u0142ecznej (KIS) N Niepe\u0142nosprawno\u015b\u0107 O Organizacja pozarz\u0105dowa P Pa\u0144stwowy Fundusz Rehabilitacji Os\u00f3b [&hellip;]<\/p>\n","protected":false},"author":12,"featured_media":0,"parent":0,"menu_order":3,"comment_status":"closed","ping_status":"closed","template":"","meta":{"footnotes":""},"class_list":["post-225","page","type-page","status-publish","hentry"],"_links":{"self":[{"href":"https:\/\/rops-bialystok.pl\/andrzej3\/index.php?rest_route=\/wp\/v2\/pages\/225","targetHints":{"allow":["GET"]}}],"collection":[{"href":"https:\/\/rops-bialystok.pl\/andrzej3\/index.php?rest_route=\/wp\/v2\/pages"}],"about":[{"href":"https:\/\/rops-bialystok.pl\/andrzej3\/index.php?rest_route=\/wp\/v2\/types\/page"}],"author":[{"embeddable":true,"href":"https:\/\/rops-bialystok.pl\/andrzej3\/index.php?rest_route=\/wp\/v2\/users\/12"}],"replies":[{"embeddable":true,"href":"https:\/\/rops-bialystok.pl\/andrzej3\/index.php?rest_route=%2Fwp%2Fv2%2Fcomments&post=225"}],"version-history":[{"count":5,"href":"https:\/\/rops-bialystok.pl\/andrzej3\/index.php?rest_route=\/wp\/v2\/pages\/225\/revisions"}],"predecessor-version":[{"id":227,"href":"https:\/\/rops-bialystok.pl\/andrzej3\/index.php?rest_route=\/wp\/v2\/pages\/225\/revisions\/227"}],"wp:attachment":[{"href":"https:\/\/rops-bialystok.pl\/andrzej3\/index.php?rest_route=%2Fwp%2Fv2%2Fmedia&parent=225"}],"curies":[{"name":"wp","href":"https:\/\/api.w.org\/{rel}","templated":true}]}}