{"id":388,"date":"2012-08-07T14:04:13","date_gmt":"2012-08-07T12:04:13","guid":{"rendered":"http:\/\/www.rops-bialystok.pl\/andrzej3\/?page_id=388"},"modified":"2023-04-07T10:16:08","modified_gmt":"2023-04-07T08:16:08","slug":"akty-prawne","status":"publish","type":"page","link":"https:\/\/rops-bialystok.pl\/andrzej3\/?page_id=388","title":{"rendered":"Akty prawne"},"content":{"rendered":"<h2><strong><span style=\"font-size: 12pt; color: #000000;\">Do pobrania:<\/span><\/strong><\/h2>\n<ul>\n<li><a href=\"http:\/\/www.rops-bialystok.pl\/andrzej3\/wp-content\/uploads\/2012\/08\/Rozporz\u0105dzenie-Ministra-Gospodarki-Pracy-i-Polityki-Spo\u0142ecznej-z-dnia-25-marca-2004-r.-w-sprawie-warsztat\u00f3w-terapii-zaj\u0119ciowej.pdf\" class=\"mtli_attachment mtli_pdf\">Rozporz\u0105dzenie Ministra Gospodarki, Pracy i Polityki Spo\u0142ecznej z dnia 25 marca 2004 r. w sprawie warsztat\u00f3w terapii zaj\u0119ciowej<\/a><\/li>\n<li><a href=\"http:\/\/www.rops-bialystok.pl\/andrzej3\/wp-content\/uploads\/2012\/08\/Rozporz\u0105dzenie-Ministra-Pracy-i-Polityki-Spo\u0142ecznej-z-dnia-17-lipca-2012-r.-w-sprawie-zak\u0142ad\u00f3w-aktywno\u015bci-zawodowej.pdf\" class=\"mtli_attachment mtli_pdf\">Rozporz\u0105dzenie Ministra Pracy i Polityki Spo\u0142ecznej z dnia 17 lipca 2012 r. w sprawie zak\u0142ad\u00f3w aktywno\u015bci zawodowej<\/a><\/li>\n<li><a href=\"http:\/\/www.rops-bialystok.pl\/andrzej3\/wp-content\/uploads\/2012\/08\/Ustawa-z-dnia-6-kwietnia-1984-r.-o-fundacjach.pdf\" class=\"mtli_attachment mtli_pdf\">Ustawa z dnia 6 kwietnia 1984 r. o fundacjach<\/a><\/li>\n<li><a href=\"http:\/\/www.rops-bialystok.pl\/andrzej3\/wp-content\/uploads\/2012\/08\/Ustawa-z-dnia-7-kwietnia-1989-r.-Prawo-o-stowarzyszeniach.pdf\" class=\"mtli_attachment mtli_pdf\">Ustawa z dnia 7 kwietnia 1989 r. Prawo o stowarzyszeniach<\/a><\/li>\n<li><a href=\"http:\/\/www.rops-bialystok.pl\/andrzej3\/wp-content\/uploads\/2012\/08\/Ustawa-z-dnia-12-marca-2004-r.-o-pomocy-spo\u0142ecznej.pdf\" class=\"mtli_attachment mtli_pdf\">Ustawa z dnia 12 marca 2004 r. o pomocy spo\u0142ecznej<\/a><\/li>\n<li><a href=\"http:\/\/www.rops-bialystok.pl\/andrzej3\/wp-content\/uploads\/2012\/08\/Ustawa-z-dnia-13-czerwca-2003-r.-o-zatrudnieniu-socjalnym.pdf\" class=\"mtli_attachment mtli_pdf\">Ustawa z dnia 13 czerwca 2003 r. o zatrudnieniu socjalnym<\/a><\/li>\n<li><a href=\"http:\/\/www.rops-bialystok.pl\/andrzej3\/wp-content\/uploads\/2012\/08\/Ustawa-z-dnia-16-wrze\u015bnia-1982-r.-Prawo-Sp\u00f3\u0142dzielcze.pdf\" class=\"mtli_attachment mtli_pdf\">Ustawa z dnia 16 wrze\u015bnia 1982 r. Prawo Sp\u00f3\u0142dzielcze<\/a><\/li>\n<li><a href=\"http:\/\/www.rops-bialystok.pl\/andrzej3\/wp-content\/uploads\/2012\/08\/Ustawa-z-dnia-20-kwietnia-2004-r.-o-promocji-zatrudnienia-i-instytucjach-rynku-pracy.pdf\" class=\"mtli_attachment mtli_pdf\">Ustawa z dnia 20 kwietnia 2004 r. o promocji zatrudnienia i instytucjach rynku pracy<\/a><\/li>\n<li><a href=\"http:\/\/www.rops-bialystok.pl\/andrzej3\/wp-content\/uploads\/2012\/08\/Ustawa-z-dnia-24-kwietnia-2003-r.-o-dzia\u0142alno\u015bci-pozytku-publicznego-i-o-wolontariacie.pdf\" class=\"mtli_attachment mtli_pdf\">Ustawa z dnia 24 kwietnia 2003 r. o dzia\u0142alno\u015bci po\u017cytku publicznego i o wolontariacie<\/a><\/li>\n<li><a href=\"http:\/\/www.rops-bialystok.pl\/andrzej3\/wp-content\/uploads\/2012\/08\/Ustawa-z-dnia-27-kwietnia-2006-r.-o-sp\u00f3\u0142dzielniach-socjalnych.pdf\" class=\"mtli_attachment mtli_pdf\">Ustawa z dnia 27 kwietnia 2006 r. o sp\u00f3\u0142dzielniach socjalnych<\/a><\/li>\n<li><a href=\"http:\/\/www.rops-bialystok.pl\/andrzej3\/wp-content\/uploads\/2012\/08\/Ustawa-z-dnia-27-sierpnia-1997-r.-o-rehabilitacji-zawodowej-i-spo\u0142ecznej-oraz-zatrudnieniu-os\u00f3b-niepe\u0142nosprawnych.pdf\" class=\"mtli_attachment mtli_pdf\">Ustawa z dnia 27 sierpnia 1997 r. o rehabilitacji zawodowej i spo\u0142ecznej oraz zatrudnieniu os\u00f3b niepe\u0142nosprawnych<\/a><\/li>\n<\/ul>\n","protected":false},"excerpt":{"rendered":"<p>Do pobrania: Rozporz\u0105dzenie Ministra Gospodarki, Pracy i Polityki Spo\u0142ecznej z dnia 25 marca 2004 r. w sprawie warsztat\u00f3w terapii zaj\u0119ciowej Rozporz\u0105dzenie Ministra Pracy i Polityki Spo\u0142ecznej z dnia 17 lipca 2012 r. w sprawie zak\u0142ad\u00f3w aktywno\u015bci zawodowej Ustawa z dnia 6 kwietnia 1984 r. o fundacjach Ustawa z dnia 7 kwietnia 1989 r. Prawo o [&hellip;]<\/p>\n","protected":false},"author":12,"featured_media":0,"parent":0,"menu_order":0,"comment_status":"open","ping_status":"closed","template":"","meta":{"footnotes":""},"class_list":["post-388","page","type-page","status-publish","hentry"],"_links":{"self":[{"href":"https:\/\/rops-bialystok.pl\/andrzej3\/index.php?rest_route=\/wp\/v2\/pages\/388","targetHints":{"allow":["GET"]}}],"collection":[{"href":"https:\/\/rops-bialystok.pl\/andrzej3\/index.php?rest_route=\/wp\/v2\/pages"}],"about":[{"href":"https:\/\/rops-bialystok.pl\/andrzej3\/index.php?rest_route=\/wp\/v2\/types\/page"}],"author":[{"embeddable":true,"href":"https:\/\/rops-bialystok.pl\/andrzej3\/index.php?rest_route=\/wp\/v2\/users\/12"}],"replies":[{"embeddable":true,"href":"https:\/\/rops-bialystok.pl\/andrzej3\/index.php?rest_route=%2Fwp%2Fv2%2Fcomments&post=388"}],"version-history":[{"count":5,"href":"https:\/\/rops-bialystok.pl\/andrzej3\/index.php?rest_route=\/wp\/v2\/pages\/388\/revisions"}],"predecessor-version":[{"id":9279,"href":"https:\/\/rops-bialystok.pl\/andrzej3\/index.php?rest_route=\/wp\/v2\/pages\/388\/revisions\/9279"}],"wp:attachment":[{"href":"https:\/\/rops-bialystok.pl\/andrzej3\/index.php?rest_route=%2Fwp%2Fv2%2Fmedia&parent=388"}],"curies":[{"name":"wp","href":"https:\/\/api.w.org\/{rel}","templated":true}]}}