{"id":392,"date":"2012-08-07T14:04:57","date_gmt":"2012-08-07T12:04:57","guid":{"rendered":"http:\/\/www.rops-bialystok.pl\/andrzej3\/?page_id=392"},"modified":"2023-04-07T10:18:14","modified_gmt":"2023-04-07T08:18:14","slug":"linki","status":"publish","type":"page","link":"https:\/\/rops-bialystok.pl\/andrzej3\/?page_id=392","title":{"rendered":"Linki"},"content":{"rendered":"<p>Pochodz\u0105 ze strony: <a href=\"http:\/\/www.ekonomiaspoleczna.pl\">http:\/\/www.ekonomiaspoleczna.pl<\/a><\/p>\n<p>Prezentujemy baz\u0119 instytucji i organizacji stanowi\u0105cych infrastruktur\u0119 ekonomii spo\u0142ecznej w Polsce i Unii Europejskiej<\/p>\n<p><strong>Polska<\/strong><\/p>\n<p><strong>Administracja publiczna<\/strong><\/p>\n<ul>\n<li><a href=\"http:\/\/www.mpips.gov.pl\/\">http:\/\/www.mpips.gov.pl\/<\/a> &#8211; Ministerstwo Pracy i Polityki Spo\u0142ecznej<\/li>\n<li><a href=\"http:\/\/www.pozytek.gov.pl\/\">http:\/\/www.pozytek.gov.pl\/<\/a> &#8211; Departament Po\u017cytku Publicznego MPiPS<\/li>\n<li><a href=\"http:\/\/www.es.pozytek.gov.pl\/\">http:\/\/www.es.pozytek.gov.pl\/<\/a> &#8211; projekt MPiPS \u201ePartnerstwo na rzecz instytucjonalizacji ekonomii spo\u0142ecznej\u201d<\/li>\n<li><a href=\"http:\/\/www.mrr.gov.pl\/\">http:\/\/www.mrr.gov.pl\/<\/a> &#8211; Ministerstwo Rozwoju Regionalnego<\/li>\n<li><a href=\"http:\/\/www.funduszeeuropejskie.gov.pl\/\">http:\/\/www.funduszeeuropejskie.gov.pl\/<\/a> &#8211; Portal Funduszy Europejskich<\/li>\n<\/ul>\n<p><strong>Organizacje i instytucje wspieraj\u0105ce rozw\u00f3j ekonomii spo\u0142ecznej<\/strong><\/p>\n<ul>\n<li><a href=\"http:\/\/www.spoldzielnie.org.pl\/\" target=\"_blank\" rel=\"noopener\">http:\/\/www.spoldzielnie.org.pl\/<\/a>&nbsp;&nbsp; &#8211; Agencja Rozwoju i Promocji Sp\u00f3\u0142dzielczo\u015bci i Portal Rozwoju Sp\u00f3\u0142dzielczo\u015bci<\/li>\n<li><a href=\"http:\/\/www.ozrss.pl\/\">http:\/\/www.ozrss.pl\/<\/a> &#8211; Og\u00f3lnopolski Zwi\u0105zek Rewizyjny Sp\u00f3\u0142dzielni Socjalnych<\/li>\n<li><a href=\"http:\/\/oss.krs.org.pl\/\">http:\/\/oss.krs.org.pl\/<\/a> &#8211; projekt Osiedlowe Sp\u00f3\u0142dzielnie Socjalne<\/li>\n<li><a href=\"http:\/\/krs.org.pl\/\">http:\/\/krs.org.pl\/<\/a> &#8211; Krajowa Rada Sp\u00f3\u0142dzielcza, Og\u00f3lnopolski Portal Sp\u00f3\u0142dzielczy<\/li>\n<li><a href=\"http:\/\/www.fdp.org.pl\/\">http:\/\/www.fdp.org.pl\/<\/a> &#8211; Fundacja dla Polski<\/li>\n<li><a href=\"http:\/\/www.fise.org.pl\/\">http:\/\/www.fise.org.pl\/<\/a> &#8211; Fundacja Inicjatyw Spo\u0142eczno-Ekonomicznych<\/li>\n<li><a href=\"http:\/\/www.zlsp.org.pl\/\">http:\/\/www.zlsp.org.pl\/<\/a> &#8211; Zwi\u0105zek Lustracyjny Sp\u00f3\u0142dzielni Pracy<\/li>\n<li><a href=\"http:\/\/frso.pl\/\">http:\/\/frso.pl\/<\/a> &#8211; Fundacja Rozwoju Spo\u0142ecze\u0144stwa Obywatelskiego<\/li>\n<li><a href=\"http:\/\/www.isp.org.pl\/\">http:\/\/www.isp.org.pl\/<\/a> &#8211; Instytut Spraw Publicznych<\/li>\n<li><a href=\"http:\/\/www.undp.org.pl\/\">http:\/\/www.undp.org.pl\/<\/a> &#8211; Program Narod\u00f3w Zjednoczonych ds. Rozwoju (UNDP)<\/li>\n<li><a href=\"http:\/\/www.barka.org.pl\/\">http:\/\/www.barka.org.pl\/<\/a> &#8211; Fundacja Pomocy Wzajemnej BARKA<\/li>\n<li><a href=\"http:\/\/www.swr.pl\/\">http:\/\/www.swr.pl\/<\/a> &#8211; Stowarzyszenie Wsp\u00f3\u0142pracy Regionalnej<\/li>\n<li><a href=\"http:\/\/www.ekon.org.pl\/\">http:\/\/www.ekon.org.pl\/<\/a> &#8211; Stowarzyszenie EKON<\/li>\n<li><a href=\"http:\/\/www.nida.ecms.pl\/\">http:\/\/www.nida.ecms.pl\/<\/a> &#8211; Nidzka Fundacja Rozwoju NIDA<\/li>\n<li><a href=\"http:\/\/www.cistor.pl\/\">http:\/\/www.cistor.pl\/<\/a> &#8211; CISTOR Stowarzyszenie Partnerstwo Spo\u0142eczne<\/li>\n<li><a href=\"http:\/\/www.rci.org.pl\/\">http:\/\/www.rci.org.pl\/<\/a> &#8211; Regionalne Centrum Informacji i Wspomagania Organizacji Pozarz\u0105dowych<\/li>\n<li><a href=\"http:\/\/www.wamacoop.olsztyn.pl\/\">http:\/\/www.wamacoop.olsztyn.pl\/<\/a> &#8211; Stowarzyszenie na Rzecz Rozwoju Sp\u00f3\u0142dzielczo\u015bci i Przedsi\u0119biorczo\u015bci Socjalnej<\/li>\n<li><a href=\"http:\/\/ares.rops.krakow.pl\/\">http:\/\/ares.rops.krakow.pl\/<\/a> &#8211; Akademia Rozwoju Ekonomii Spo\u0142ecznej &#8211; etap I. Regionalny O\u015brodek Polityki Spo\u0142ecznej w Krakowie<\/li>\n<li><a href=\"http:\/\/www.wortales.rops.krakow.pl\/\">http:\/\/www.wortales.rops.krakow.pl\/<\/a> &#8211; Ma\u0142opolski Wortal Ekonomii Spo\u0142ecznej<\/li>\n<\/ul>\n<p><strong>Uczelnie i o\u015brodki badawcze<\/strong><\/p>\n<ul>\n<li><a href=\"http:\/\/irss.pl\/\">http:\/\/irss.pl\/<\/a> &#8211; Instytut Rozwoju S\u0142u\u017cb Spo\u0142ecznych<\/li>\n<li><a href=\"http:\/\/www.ekonomiaspoleczna.msap.pl\/\">http:\/\/www.ekonomiaspoleczna.msap.pl<\/a> \u2013 Ma\u0142opolska Szko\u0142a Administracji Publicznej Uniwersytetu Ekonomicznego w Krakowie, studia podyplomowe<\/li>\n<li><a href=\"http:\/\/www.wsb.opole.pl\/studia-i-stopnia,ekonomia-spoleczna\">http:\/\/www.wsb.opole.pl\/studia-i-stopnia,ekonomia-spoleczna<\/a> \u2013 Wy\u017csza Szko\u0142a Bankowa we Wroc\u0142awiu, Wydzia\u0142 Ekonomiczny w Opolu, studia licencjackie<\/li>\n<li><a href=\"http:\/\/www.wsb.opole.pl\/studia-podyplomowe,menedzer-podmiotow-ekonomii\">http:\/\/www.wsb.opole.pl\/studia-podyplomowe,menedzer-podmiotow-ekonomii<\/a> &#8211; Wy\u017csza Szko\u0142a Bankowa we Wroc\u0142awiu, Wydzia\u0142 Ekonomiczny w Opolu, studia podyplomowe<\/li>\n<li><a href=\"http:\/\/www.is.wns.us.edu.pl\/studia-socjologiczne-ii-stopnia\/praca-socjalna-i-ekonomia-spoleczna\">http:\/\/www.is.wns.us.edu.pl\/studia-socjologiczne-ii-stopnia\/praca-socjalna-i-ekonomia-spoleczna<\/a> &#8211; Uniwersytet \u015al\u0105ski w Katowicach, studia magisterskie uzupe\u0142niaj\u0105ce, dzienne<\/li>\n<li><a href=\"http:\/\/kandydat.us.edu.pl\/podyplomowe-studia-pracy-socjalnej-i-ekonomii-spolecznej-studium-pracy-socjalnej-us\">http:\/\/kandydat.us.edu.pl\/podyplomowe-studia-pracy-socjalnej-i-ekonomii-spolecznej-studium-pracy-socjalnej-us<\/a> &#8211; Uniwersytet \u015al\u0105ski w Katowicach, studia podyplomowe<\/li>\n<li><a href=\"http:\/\/www.umcs.lublin.pl\/articles.php?aid=4180\">http:\/\/www.umcs.lublin.pl\/articles.php?aid=4180<\/a> \u2013 Uniwersytet Marii Curie-Sk\u0142odowskiej w Lublinie, studia podyplomowe<\/li>\n<li><a href=\"http:\/\/www.uni.wroc.pl\/studenci\/studia-podyplomowe-6\">http:\/\/www.uni.wroc.pl\/studenci\/studia-podyplomowe-6<\/a> &#8211; Uniwersytet Wroc\u0142awski, studia podyplomowe<\/li>\n<\/ul>\n<p><strong>Instytucje finansowe<\/strong><\/p>\n<ul>\n<li><a href=\"http:\/\/www.dnbnord.pl\/\">http:\/\/www.dnbnord.pl\/<\/a> &#8211; Bank DnB Nord<\/li>\n<li><a href=\"http:\/\/www.kzbs.pl\/\">http:\/\/www.kzbs.pl\/<\/a> &#8211; Krajowy zwi\u0105zek Bank\u00f3w Sp\u00f3\u0142dzielczych<\/li>\n<li><a href=\"http:\/\/www.skok.pl\/\">http:\/\/www.skok.pl\/<\/a> &#8211; Krajowa Sp\u00f3\u0142dzielcza Kasa Oszcz\u0119dno\u015bciowo-Kredytowa<\/li>\n<li><a href=\"http:\/\/www.tuw.pl\/\">http:\/\/www.tuw.pl\/<\/a> &#8211; Towarzystwo Ubezpiecze\u0144 Wzajemnych \u201eTUW\u201d<\/li>\n<li><a href=\"http:\/\/www.pacobank.pl\/\">http:\/\/www.pacobank.pl\/<\/a> &#8211; Bank Sp\u00f3\u0142dzielczy Towarzystwa Oszcz\u0119dno\u015bciowo &#8211; Po\u017cyczkowego Pa-Co-Bank w Pabianicach<\/li>\n<li><a href=\"http:\/\/www.tise.pl\/\">http:\/\/www.tise.pl\/<\/a> &#8211; Towarzystwo Inwestycji Spo\u0142eczno-Ekonomicznych<\/li>\n<li><a href=\"http:\/\/www.pafpio.pl\/\">http:\/\/www.pafpio.pl\/<\/a> &#8211; Polsko-Ameryka\u0144ski Fundusz Po\u017cyczkowy Inicjatyw Obywatelskich<\/li>\n<\/ul>\n<p><strong>Istniej\u0105ce bazy podmiot\u00f3w ES<\/strong><\/p>\n<ul>\n<li><a href=\"http:\/\/www.spoldzielniesocjalne.org\/\">http:\/\/www.spoldzielniesocjalne.org\/<\/a> &#8211; og\u00f3lnopolski bran\u017cowy katalog sp\u00f3\u0142dzielni socjalnych<\/li>\n<li><a href=\"http:\/\/www.dss.org.pl\/\">http:\/\/www.dss.org.pl\/<\/a> &#8211; bran\u017cowy katalog dolno\u015bl\u0105skich sp\u00f3\u0142dzielni socjalnych<\/li>\n<li><a href=\"http:\/\/krs.org.pl\/\">http:\/\/krs.org.pl\/<\/a> &#8211; Krajowa Rada Sp\u00f3\u0142dzielcza, Og\u00f3lnopolski Portal Sp\u00f3\u0142dzielczy, strona zawiera baz\u0119 zwi\u0105zk\u00f3w rewizyjnych oraz sp\u00f3\u0142dzielni<\/li>\n<li><a href=\"http:\/\/www.zlsp.org.pl\/\">http:\/\/www.zlsp.org.pl\/<\/a> &#8211; Zwi\u0105zek Lustracyjny Sp\u00f3\u0142dzielni Pracy, zawiera baz\u0119 sp\u00f3\u0142dzielni zrzeszonych w podziale na bran\u017ce i wojew\u00f3dztwa<\/li>\n<li><a href=\"http:\/\/bazy.ngo.pl\/search\/wyniki.asp?wyniki=1&amp;szukanie=bezrob\">http:\/\/bazy.ngo.pl\/search\/wyniki.asp?wyniki=1&amp;szukanie=bezrob<\/a> \u2013 baza organizacji pozarz\u0105dowych \u015bwiadcz\u0105cych us\u0142ugi rynku pracy stworzona w ramach programu PAFW \u201eBezrobocie-co robi\u0107?\u201d, zawiera m.in. WTZ, CIS, KIS, ZAZ, fundusze por\u0119czeniowe\/po\u017cyczkowe<\/li>\n<\/ul>\n","protected":false},"excerpt":{"rendered":"<p>Pochodz\u0105 ze strony: http:\/\/www.ekonomiaspoleczna.pl Prezentujemy baz\u0119 instytucji i organizacji stanowi\u0105cych infrastruktur\u0119 ekonomii spo\u0142ecznej w Polsce i Unii Europejskiej Polska Administracja publiczna http:\/\/www.mpips.gov.pl\/ &#8211; Ministerstwo Pracy i Polityki Spo\u0142ecznej http:\/\/www.pozytek.gov.pl\/ &#8211; Departament Po\u017cytku Publicznego MPiPS http:\/\/www.es.pozytek.gov.pl\/ &#8211; projekt MPiPS \u201ePartnerstwo na rzecz instytucjonalizacji ekonomii spo\u0142ecznej\u201d http:\/\/www.mrr.gov.pl\/ &#8211; Ministerstwo Rozwoju Regionalnego http:\/\/www.funduszeeuropejskie.gov.pl\/ &#8211; Portal Funduszy Europejskich Organizacje [&hellip;]<\/p>\n","protected":false},"author":12,"featured_media":0,"parent":0,"menu_order":0,"comment_status":"open","ping_status":"closed","template":"","meta":{"footnotes":""},"class_list":["post-392","page","type-page","status-publish","hentry"],"_links":{"self":[{"href":"https:\/\/rops-bialystok.pl\/andrzej3\/index.php?rest_route=\/wp\/v2\/pages\/392","targetHints":{"allow":["GET"]}}],"collection":[{"href":"https:\/\/rops-bialystok.pl\/andrzej3\/index.php?rest_route=\/wp\/v2\/pages"}],"about":[{"href":"https:\/\/rops-bialystok.pl\/andrzej3\/index.php?rest_route=\/wp\/v2\/types\/page"}],"author":[{"embeddable":true,"href":"https:\/\/rops-bialystok.pl\/andrzej3\/index.php?rest_route=\/wp\/v2\/users\/12"}],"replies":[{"embeddable":true,"href":"https:\/\/rops-bialystok.pl\/andrzej3\/index.php?rest_route=%2Fwp%2Fv2%2Fcomments&post=392"}],"version-history":[{"count":6,"href":"https:\/\/rops-bialystok.pl\/andrzej3\/index.php?rest_route=\/wp\/v2\/pages\/392\/revisions"}],"predecessor-version":[{"id":9281,"href":"https:\/\/rops-bialystok.pl\/andrzej3\/index.php?rest_route=\/wp\/v2\/pages\/392\/revisions\/9281"}],"wp:attachment":[{"href":"https:\/\/rops-bialystok.pl\/andrzej3\/index.php?rest_route=%2Fwp%2Fv2%2Fmedia&parent=392"}],"curies":[{"name":"wp","href":"https:\/\/api.w.org\/{rel}","templated":true}]}}