{"id":4480,"date":"2016-04-25T15:12:14","date_gmt":"2016-04-25T13:12:14","guid":{"rendered":"http:\/\/www.rops-bialystok.pl\/andrzej3\/?page_id=4480"},"modified":"2023-04-06T10:56:56","modified_gmt":"2023-04-06T08:56:56","slug":"o-projekcie","status":"publish","type":"page","link":"https:\/\/rops-bialystok.pl\/andrzej3\/?page_id=4480","title":{"rendered":"O projekcie"},"content":{"rendered":"<p style=\"text-align: left;\">Regionalny O\u015brodek Polityki Spo\u0142ecznej w Bia\u0142ymstoku z dniem 1 kwietnia 2016 roku rozpocz\u0105\u0142 realizacje projektu pozakonkursowego pn. <strong>\u201eKoordynacja i monitorowanie rozwoju ekonomii spo\u0142ecznej w regionie\u201d<\/strong> wsp\u00f3\u0142finansowanego ze \u015brodk\u00f3w Europejskiego Funduszu Spo\u0142ecznego w ramach Regionalnego Programu Operacyjnego Wojew\u00f3dztwa Podlaskiego na lata 2014 \u2013 2020, O\u015b Priorytetowa VII Poprawa Sp\u00f3jno\u015bci Spo\u0142ecznej, Dzia\u0142anie 7.3 Wzmocnienie roli ekonomii spo\u0142ecznej w rozwoju spo\u0142eczno-gospodarczym wojew\u00f3dztwa podlaskiego.<\/p>\n<p style=\"text-align: left;\"><strong>G\u0142\u00f3wnym celem projektu ROPS jest rozw\u00f3j sektora ekonomii spo\u0142ecznej w wojew\u00f3dztwie podlaskim. <\/strong>Cel ten b\u0119dzie realizowany poprzez kompleksowe dzia\u0142ania warunkuj\u0105ce rozw\u00f3j przedsi\u0119biorczo\u015bci spo\u0142ecznej w regionie. W szczeg\u00f3lno\u015bci s\u0105 to dzia\u0142ania inicjuj\u0105ce tworzenie miejsc pracy w podmiotach ekonomii spo\u0142ecznej, jak r\u00f3wnie\u017c buduj\u0105ce dogodne warunki rozwoju obszaru ekonomii spo\u0142ecznej, w tym tworzenia i funkcjonowania przedsi\u0119biorstw spo\u0142ecznych.<\/p>\n<p style=\"text-align: left;\"><strong>W ramach projektu pozakonkursowego ROPS dotycz\u0105cego koordynowania i monitorowania rozwoju ekonomii spo\u0142ecznej w regionie planowane s\u0105 do realizacji nast\u0119puj\u0105ce zadania:<\/strong><\/p>\n<ol style=\"text-align: left;\">\n<li>Tworzenie regionalnych sieci wsp\u00f3\u0142pracy sektora ekonomii spo\u0142ecznej \u2013 sieciowanie PES i OWES.<\/li>\n<li>Wspieranie samorz\u0105d\u00f3w lokalnych, podmiot\u00f3w ekonomii spo\u0142ecznej i innych instytucji w tym nauki, biznesu itp. w obszarze ekonomii spo\u0142ecznej.<\/li>\n<li>Upowszechnienie wiedzy i dobrych praktyk obszaru ekonomii spo\u0142ecznej- zwi\u0119kszenie widoczno\u015bci ekonomii spo\u0142ecznej w regionie.<\/li>\n<li>Koordynacja regionalnego wieloletniego programu rozwoju ekonomii spo\u0142ecznej.<\/li>\n<\/ol>\n<p style=\"text-align: left;\"><strong>Kluczowe rezultaty realizacji projektu to:<\/strong><\/p>\n<ul style=\"text-align: left;\">\n<li>pobudzenie rozwoju sektora ekonomii spo\u0142ecznej w woj. podlaskim, w szczeg\u00f3lno\u015bci poprzez powstanie nowych miejsc pracy w przedsi\u0119biorstwach spo\u0142ecznych,<\/li>\n<li>wzrost znaczenia ekonomii spo\u0142ecznej w regionie, jako wa\u017cnego czynnika aktywizacji os\u00f3b w trudnej sytuacji&nbsp; \u017cyciowej,<\/li>\n<li>stworzenie regionalnych sieci wsp\u00f3\u0142pracy OWES i PES dzia\u0142aj\u0105cych na terenie wojew\u00f3dztwa podlaskiego, celem podniesienia ich kondycji, rozwoju i&nbsp; wzmocnienia&nbsp; PES&nbsp; jako partnera&nbsp; sektora samorz\u0105dowego&nbsp; w realizacji us\u0142ug spo\u0142ecznych,<\/li>\n<li>wzmocnienie potencja\u0142u podmiot\u00f3w ekonomii spo\u0142ecznej poprzez wzrost kompetencji, wymian\u0119 do\u015bwiadcze\u0144 i dobrych praktyk w zakresie funkcjonowania podmiot\u00f3w&nbsp; ekonomii spo\u0142ecznej, w tym podmiot\u00f3w&nbsp; o charakterze&nbsp; reintegracyjnym,<\/li>\n<li>wdra\u017canie rekomendacji wynikaj\u0105cych z bie\u017c\u0105cego monitorowania sytuacji sektora ekonomii spo\u0142ecznej w wojew\u00f3dztwie,<\/li>\n<li>wprowadzenie do dokument\u00f3w strategicznych na poziomie gminy\/ powiatu zapis\u00f3w dotycz\u0105cych ekonomii spo\u0142ecznej.<\/li>\n<\/ul>\n<p style=\"text-align: left;\"><strong>Beneficjenci Ostateczni Projektu<\/strong>:<\/p>\n<ul style=\"text-align: left;\">\n<li>przedsi\u0119biorstwa spo\u0142eczne,<\/li>\n<li>jednostki sektora finans\u00f3w publicznych, w tym jednostek samorz\u0105du terytorialnego,<\/li>\n<li>podmioty ekonomii spo\u0142ecznej i ich kadry zarz\u0105dzaj\u0105ce, pracownicy oraz cz\u0142onkowie,<\/li>\n<li>instytucje rynku pracy oraz pomocy i integracji spo\u0142ecznej,<\/li>\n<li>organizacje pozarz\u0105dowe, ko\u015bcio\u0142y i zwi\u0105zki wyznaniowe,<\/li>\n<li>O\u015brodki Wsparcia Ekonomii Spo\u0142ecznej (OWES),<\/li>\n<li>przedstawiciele sfery nauki i biznesu,<\/li>\n<li>media lokalne i regionalne.<\/li>\n<\/ul>\n<p style=\"text-align: left;\">W ramach projektu realizowane b\u0119d\u0105 Podlaskie Targi Ekonomii Spo\u0142ecznej, kt\u00f3rych g\u0142\u00f3wnym celem jest promocja dzia\u0142alno\u015bci podmiot\u00f3w ekonomii spo\u0142ecznej z terenu wojew\u00f3dztwa podlaskiego w\u015br\u00f3d mieszka\u0144c\u00f3w regionu. Jednym z za\u0142o\u017ce\u0144 Projektu jest inicjowanie wsp\u00f3\u0142pracy jednostek samorz\u0105du terytorialnego (JST) z podmiotami ekonomii spo\u0142ecznej (PES)&nbsp; poprzez spotkania i wizyty studyjne, wymian\u0119 informacji, dobre praktyki oraz doradztwo. Kluczow\u0105 kwesti\u0105 jest kooperacja Regionalnego O\u015brodek Polityki Spo\u0142ecznej w Bia\u0142ymstoku z O\u015brodkami Wsparcia Ekonomii Spo\u0142ecznej oraz tworzenie regionalnych sieci wsp\u00f3\u0142pracy OWES i PES.<\/p>\n<p style=\"text-align: left;\">Kolejnym elementem realizowanego Projektu jest gromadzenie i aktualizowanie danych dotycz\u0105cych obszaru ekonomii spo\u0142ecznej, prowadzenie bada\u0144 w przedmiotowym obszarze oraz przygotowywanie raport\u00f3w z monitoringu \u201eWieloletniego Programu Rozwoju Ekonomii Spo\u0142ecznej w Wojew\u00f3dztwie Podlaskim na lata 2013-2020.\u201d W ramach Projektu odbywa\u0107 si\u0119 r\u00f3wnie\u017c b\u0119d\u0105 spotkania Regionalnego Komitetu Rozwoju Ekonomii Spo\u0142ecznej \u2013 kom\u00f3rki doradczej oraz opiniuj\u0105cej.<\/p>\n<p style=\"text-align: left;\">Wszystkie zainteresowane podmioty zapraszamy do udzia\u0142u w projekcie. Szczeg\u00f3\u0142owe informacje dotycz\u0105ce poszczeg\u00f3lnych dzia\u0142a\u0144 zaplanowanych w projekcie b\u0119d\u0105 dost\u0119pne na stronie internetowej&nbsp;<a href=\"http:\/\/www.podlaskaekonomiaspoleczna.pl\">www.podlaskaekonomiaspoleczna.pl<\/a> oraz w siedzibie realizatora projektu. Wszelkie pytania prosimy kierowa\u0107 drog\u0105 e-mailowa: <a href=\"mailto:projektes@rops-bialystok.pl\">projektes@rops-bialystok.pl<\/a> i telefonicznie do Zespo\u0142u projektowego tel. 85&nbsp;744- 72- 72 wew. 300.<\/p>\n","protected":false},"excerpt":{"rendered":"<p>Regionalny O\u015brodek Polityki Spo\u0142ecznej w Bia\u0142ymstoku z dniem 1 kwietnia 2016 roku rozpocz\u0105\u0142 realizacje projektu pozakonkursowego pn. \u201eKoordynacja i monitorowanie rozwoju ekonomii spo\u0142ecznej w regionie\u201d wsp\u00f3\u0142finansowanego ze \u015brodk\u00f3w Europejskiego Funduszu Spo\u0142ecznego w ramach Regionalnego Programu Operacyjnego Wojew\u00f3dztwa Podlaskiego na lata 2014 \u2013 2020, O\u015b Priorytetowa VII Poprawa Sp\u00f3jno\u015bci Spo\u0142ecznej, Dzia\u0142anie 7.3 Wzmocnienie roli ekonomii spo\u0142ecznej [&hellip;]<\/p>\n","protected":false},"author":12,"featured_media":0,"parent":0,"menu_order":0,"comment_status":"closed","ping_status":"closed","template":"","meta":{"footnotes":""},"class_list":["post-4480","page","type-page","status-publish","hentry"],"_links":{"self":[{"href":"https:\/\/rops-bialystok.pl\/andrzej3\/index.php?rest_route=\/wp\/v2\/pages\/4480","targetHints":{"allow":["GET"]}}],"collection":[{"href":"https:\/\/rops-bialystok.pl\/andrzej3\/index.php?rest_route=\/wp\/v2\/pages"}],"about":[{"href":"https:\/\/rops-bialystok.pl\/andrzej3\/index.php?rest_route=\/wp\/v2\/types\/page"}],"author":[{"embeddable":true,"href":"https:\/\/rops-bialystok.pl\/andrzej3\/index.php?rest_route=\/wp\/v2\/users\/12"}],"replies":[{"embeddable":true,"href":"https:\/\/rops-bialystok.pl\/andrzej3\/index.php?rest_route=%2Fwp%2Fv2%2Fcomments&post=4480"}],"version-history":[{"count":3,"href":"https:\/\/rops-bialystok.pl\/andrzej3\/index.php?rest_route=\/wp\/v2\/pages\/4480\/revisions"}],"predecessor-version":[{"id":9254,"href":"https:\/\/rops-bialystok.pl\/andrzej3\/index.php?rest_route=\/wp\/v2\/pages\/4480\/revisions\/9254"}],"wp:attachment":[{"href":"https:\/\/rops-bialystok.pl\/andrzej3\/index.php?rest_route=%2Fwp%2Fv2%2Fmedia&parent=4480"}],"curies":[{"name":"wp","href":"https:\/\/api.w.org\/{rel}","templated":true}]}}