{"id":5078,"date":"2017-02-03T13:24:35","date_gmt":"2017-02-03T12:24:35","guid":{"rendered":"http:\/\/www.rops-bialystok.pl\/andrzej3\/?page_id=5078"},"modified":"2019-12-17T14:19:41","modified_gmt":"2019-12-17T13:19:41","slug":"aktualnosci-2012-roku","status":"publish","type":"page","link":"https:\/\/rops-bialystok.pl\/andrzej3\/?page_id=5078","title":{"rendered":"Aktualno\u015bci 2012 roku"},"content":{"rendered":"<div class='pfpItem entry-content'><h4 class='entry-title'><a href='https:\/\/rops-bialystok.pl\/andrzej3\/?p=1607'>\"PODSTAWY TWORZENIA I FUNKCJONOWANIA PODMIOT\u00d3W EKONOMII SPO\u0141ECZNEJ\"<\/a><\/h4><div class='entry-meta'>7 grudnia 2012<\/div><br>Komu jest potrzebna ekonomia spo\u0142eczna? Poj\u0119cie ekonomii spo\u0142ecznej jest bardzo szerokie i dotyka wielu sfer \u017cycia spo\u0142ecznego. Jednak, chc\u0105c znale\u017a\u0107 wsp\u00f3lny mianownik, mo\u017cna powiedzie\u0107, \u017ce kluczow\u0105 zasad\u0105 w tej idei jest prymat dzia\u0142ania na rzecz ludzi (cz\u0142onk\u00f3w, podopiecznych) nad maksymalizacj\u0105 zysku. Oznacza to, \u017ce dla jednostek ekonomii spo\u0142ecznej istotne znaczenie \u2013 obok celu gospodarczego \u2013 [&hellip;]<a href='https:\/\/rops-bialystok.pl\/andrzej3\/?p=1607' class='pfpReadMore'> Czytaj ca\u0142o\u015b\u0107<\/a><div class='clear'><\/div><br><hr><\/div><div class='pfpItem entry-content'><h4 class='entry-title'><a href='https:\/\/rops-bialystok.pl\/andrzej3\/?p=691'>Sprawozdanie z przeprowadzonych konsultacji spo\u0142ecznych<\/a><\/h4><div class='entry-meta'>16 listopada 2012<\/div><br>Regionalny O\u015brodek Polityki Spo\u0142ecznej w Bia\u0142ymstoku przedstawia sprawozdanie z przeprowadzonych w terminie od 15 pa\u017adziernika 2012 r. do 28 pa\u017adziernika 2012 r. konsultacji spo\u0142ecznych Wieloletniego Programu Rozwoju Ekonomii Spo\u0142ecznej w Wojew\u00f3dztwie Podlaskim na lata 2013-2020. Plik do pobrania: Sprawozdanie z przeprowadzonych konsultacji spo\u0142ecznych<a href='https:\/\/rops-bialystok.pl\/andrzej3\/?p=691' class='pfpReadMore'> Czytaj ca\u0142o\u015b\u0107<\/a><div class='clear'><\/div><br><hr><\/div><div class='pfpItem entry-content'><h4 class='entry-title'><a href='https:\/\/rops-bialystok.pl\/andrzej3\/?p=681'>[ZAPROSZENIE] Wizyta studyjna: \u201eEkonomia spo\u0142eczna szans\u0105 rozwoju spo\u0142eczno\u015bci lokalnych\u201d 27-30 listopada 2012 r.<\/a><\/h4><div class='entry-meta'>13 listopada 2012<\/div><br>Szanowni Pa\u0144stwo, Regionalny O\u015brodek Polityki Spo\u0142ecznej w Bia\u0142ymstoku realizuj\u0105cy projekt systemowy \u201eB\u0105d\u017a Aktywny, B\u0105d\u017a Najlepszy \u2013 szkolenia oraz specjalistyczne doradztwo dla kadr instytucji pomocy spo\u0142ecznej\u201d wsp\u00f3\u0142finansowany ze \u015brodk\u00f3w Europejskiego Funduszu Spo\u0142ecznego w ramach Programu Operacyjnego Kapita\u0142 Ludzki 2007-2013, Priorytet VII Promocja integracji spo\u0142ecznej, Dzia\u0142anie 7.1 Rozw\u00f3j i upowszechnienie aktywnej integracji, Podzia\u0142anie 7.1.3 Podnoszenie kwalifikacji kadr [&hellip;]<a href='https:\/\/rops-bialystok.pl\/andrzej3\/?p=681' class='pfpReadMore'> Czytaj ca\u0142o\u015b\u0107<\/a><div class='clear'><\/div><br><hr><\/div><div class='pfpItem entry-content'><h4 class='entry-title'><a href='https:\/\/rops-bialystok.pl\/andrzej3\/?p=542'>Konsultacje spo\u0142eczne projektu Wieloletniego Programu Rozwoju Ekonomii Spo\u0142ecznej w Wojew\u00f3dztwie Podlaskim na lata 2013-2020<\/a><\/h4><div class='entry-meta'>19 pa\u017adziernika 2012<\/div><br>Wieloletni Program Rozwoju Ekonomii Spo\u0142ecznej w Wojew\u00f3dztwie Podlaskim na lata 2013-2020 ma by\u0107 jednym z program\u00f3w rozwojowych wojew\u00f3dztwa podlaskiego, kt\u00f3ry pos\u0142u\u017cy koordynacji regionalnej polityki na rzecz ekonomii spo\u0142ecznej. Przedstawiany projekt Programu zosta\u0142 przygotowany zgodnie z Wytycznymi Ministra Pracy i Polityki Spo\u0142ecznej z dnia 17 maja 2011 r. przez Zesp\u00f3\u0142 ds. Opracowania Wieloletniego Planu Rozwoju Ekonomii [&hellip;]<a href='https:\/\/rops-bialystok.pl\/andrzej3\/?p=542' class='pfpReadMore'> Czytaj ca\u0142o\u015b\u0107<\/a><div class='clear'><\/div><br><hr><\/div><div class='pfpItem entry-content'><h4 class='entry-title'><a href='https:\/\/rops-bialystok.pl\/andrzej3\/?p=467'>\u201eKLUCZOWE ZNACZENIE \u015aRODOWISKA LOKALNEGO DLA SUKCESU PODMIOT\u00d3W EKONOMII SPO\u0141ECZNEJ\u201d<\/a><\/h4><div class='entry-meta'>25 wrze\u015bnia 2012<\/div><br>Ekonomia spo\u0142eczna \u2013 moda czy panaceum na problemy spo\u0142eczne? W ostatnich latach tematyka ekonomii spo\u0142ecznej uleg\u0142a znacznej popularyzacji zar\u00f3wno w wymiarze krajowym, jak i europejskim. Sta\u0142a si\u0119 ona kluczowym elementem polityki rozwi\u0105zywania problem\u00f3w spo\u0142ecznych w Europie. Ekonomia spo\u0142eczna oparta na zasadach solidarno\u015bci, partycypacji i samorz\u0105dno\u015bci odgrywa znacz\u0105c\u0105 rol\u0119 w przeciwdzia\u0142aniu wykluczeniu spo\u0142ecznemu i \u0142agodzeniu negatywnych [&hellip;]<a href='https:\/\/rops-bialystok.pl\/andrzej3\/?p=467' class='pfpReadMore'> Czytaj ca\u0142o\u015b\u0107<\/a><div class='clear'><\/div><br><hr><\/div>\n\n\n<p><\/p>\n","protected":false},"excerpt":{"rendered":"","protected":false},"author":12,"featured_media":0,"parent":0,"menu_order":0,"comment_status":"closed","ping_status":"closed","template":"","meta":{"footnotes":""},"class_list":["post-5078","page","type-page","status-publish","hentry"],"_links":{"self":[{"href":"https:\/\/rops-bialystok.pl\/andrzej3\/index.php?rest_route=\/wp\/v2\/pages\/5078","targetHints":{"allow":["GET"]}}],"collection":[{"href":"https:\/\/rops-bialystok.pl\/andrzej3\/index.php?rest_route=\/wp\/v2\/pages"}],"about":[{"href":"https:\/\/rops-bialystok.pl\/andrzej3\/index.php?rest_route=\/wp\/v2\/types\/page"}],"author":[{"embeddable":true,"href":"https:\/\/rops-bialystok.pl\/andrzej3\/index.php?rest_route=\/wp\/v2\/users\/12"}],"replies":[{"embeddable":true,"href":"https:\/\/rops-bialystok.pl\/andrzej3\/index.php?rest_route=%2Fwp%2Fv2%2Fcomments&post=5078"}],"version-history":[{"count":5,"href":"https:\/\/rops-bialystok.pl\/andrzej3\/index.php?rest_route=\/wp\/v2\/pages\/5078\/revisions"}],"predecessor-version":[{"id":7146,"href":"https:\/\/rops-bialystok.pl\/andrzej3\/index.php?rest_route=\/wp\/v2\/pages\/5078\/revisions\/7146"}],"wp:attachment":[{"href":"https:\/\/rops-bialystok.pl\/andrzej3\/index.php?rest_route=%2Fwp%2Fv2%2Fmedia&parent=5078"}],"curies":[{"name":"wp","href":"https:\/\/api.w.org\/{rel}","templated":true}]}}