{"id":5320,"date":"2017-05-10T13:40:31","date_gmt":"2017-05-10T11:40:31","guid":{"rendered":"http:\/\/www.rops-bialystok.pl\/andrzej3\/?page_id=5320"},"modified":"2017-05-12T10:34:03","modified_gmt":"2017-05-12T08:34:03","slug":"badania-i-analizy","status":"publish","type":"page","link":"https:\/\/rops-bialystok.pl\/andrzej3\/?page_id=5320","title":{"rendered":"Badania i analizy"},"content":{"rendered":"<div class='pfpItem entry-content'><h4 class='entry-title'><a href='https:\/\/rops-bialystok.pl\/andrzej3\/?p=8349'>Raport z badania \u201eKondycja sektora ekonomii spo\u0142ecznej w wojew\u00f3dztwie podlaskim w kontek\u015bcie kryzysu wywo\u0142anego epidemi\u0105 wirusa SARS-CoV-2\u201d.<\/a><\/h4><div class='entry-meta'>28 pa\u017adziernika 2021<\/div><br>Na zlecenie Regionalnego O\u015brodka Polityki Spo\u0142ecznej w&nbsp;Bia\u0142ymstoku, konsorcjum firm AD REM El\u017cbieta Stosio &#8211; Sielach i&nbsp;Piotr Fuchs Smart Research, przeprowadzi\u0142o badanie: \u201eKondycja sektora ekonomii spo\u0142ecznej w&nbsp;wojew\u00f3dztwie podlaskim w&nbsp;kontek\u015bcie kryzysu wywo\u0142anego epidemi\u0105 wirusa SARS-CoV-2\u201d. Zosta\u0142o ono zrealizowane w&nbsp;terminie od 20 lipca do 14 wrze\u015bnia 2021 r. Badanie wykonano w&nbsp;ramach realizacji projektu pozakonkursowego \u201eKoordynacja i&nbsp;monitorowanie rozwoju ekonomii [&hellip;]<a href='https:\/\/rops-bialystok.pl\/andrzej3\/?p=8349' class='pfpReadMore'> Czytaj ca\u0142o\u015b\u0107<\/a><div class='clear'><\/div><br><hr><\/div><div class='pfpItem entry-content'><h4 class='entry-title'><a href='https:\/\/rops-bialystok.pl\/andrzej3\/?p=7589'>Poradnik dla przedsi\u0119biorstw spo\u0142ecznych oraz podmiot\u00f3w ekonomii spo\u0142ecznej na temat radzenia sobie w sytuacjach kryzysowych - Ekspertyza w wymiarze spo\u0142ecznym, instytucjonalnym i gospodarczym.<\/a><\/h4><div class='entry-meta'>8 pa\u017adziernika 2020<\/div><br>W zwi\u0105zku z pandemi\u0105 spowodowan\u0105 koronawirusem COVID-19, widz\u0105c potrzeb\u0119 wsparcia przedsi\u0119biorstw spo\u0142ecznych i podmiot\u00f3w ekonomii spo\u0142ecznej dzia\u0142aj\u0105cych na terenie wojew\u00f3dztwa podlaskiego Regionalny O\u015brodek Polityki Spo\u0142ecznej w Bia\u0142ymstoku w&nbsp;ramach projektu pn. \u201eKoordynacja i monitorowanie rozwoju ekonomii spo\u0142ecznej w&nbsp;regionie\u201d wsp\u00f3\u0142finansowanego ze \u015brodk\u00f3w Unii Europejskiej w ramach Europejskiego Funduszu Spo\u0142ecznego, Regionalnego Programu Operacyjnego Wojew\u00f3dztwa Podlaskiego na lata 2014 [&hellip;]<a href='https:\/\/rops-bialystok.pl\/andrzej3\/?p=7589' class='pfpReadMore'> Czytaj ca\u0142o\u015b\u0107<\/a><div class='clear'><\/div><br><hr><\/div><div class='pfpItem entry-content'><h4 class='entry-title'><a href='https:\/\/rops-bialystok.pl\/andrzej3\/?p=7239'>Raport badawczy pn. Analiza mo\u017cliwo\u015bci realizacji przez przedsi\u0119biorstwa spo\u0142eczne zam\u00f3wie\u0144 publicznych gmin i powiat\u00f3w wojew\u00f3dztwa podlaskiego<\/a><\/h4><div class='entry-meta'>15 stycznia 2020<\/div><br>Oddajemy do Pa\u0144stwa dyspozycji wyniki badania pt. \u201eAnaliza mo\u017cliwo\u015bci realizacji przez przedsi\u0119biorstwa spo\u0142eczne zam\u00f3wie\u0144 publicznych gmin i powiat\u00f3w wojew\u00f3dztwa podlaskiego\u201d. Badanie zosta\u0142o przeprowadzone na zlecenie Regionalnego O\u015brodka Polityki Spo\u0142ecznej w Bia\u0142ymstoku przez Konsorcjum firm AD REM Pracownia badawcza El\u017cbieta Stosio-Sielach i Piotr Fuchs w okresie wrzesie\u0144 \u2013 listopad 2019 r. Zosta\u0142o ono wykonane w ramach [&hellip;]<a href='https:\/\/rops-bialystok.pl\/andrzej3\/?p=7239' class='pfpReadMore'> Czytaj ca\u0142o\u015b\u0107<\/a><div class='clear'><\/div><br><hr><\/div><div class='pfpItem entry-content'><h4 class='entry-title'><a href='https:\/\/rops-bialystok.pl\/andrzej3\/?p=7096'>Ekspertyza w zakresie ekonomii spo\u0142ecznej w obszarze spo\u0142ecznym, gospodarczym i instytucjonalnym.<\/a><\/h4><div class='entry-meta'>7 listopada 2019<\/div><br>Przekazujemy Pa\u0144stwu Ekspertyz\u0119 w zakresie ekonomii spo\u0142ecznej w obszarze spo\u0142ecznym, gospodarczym i instytucjonalnym. Zosta\u0142a ona zrealizowana w ramach projektu pn. \u201eKoordynacja i monitorowanie rozwoju ekonomii spo\u0142ecznej w regionie\u201d wsp\u00f3\u0142finansowanego ze \u015brodk\u00f3w Unii Europejskiej w ramach Europejskiego Funduszu Spo\u0142ecznego, Regionalnego Programu Operacyjnego Wojew\u00f3dztwa Podlaskiego na lata 2014 \u2013 2020, O\u015b Priorytetowa VII Poprawa Sp\u00f3jno\u015bci Spo\u0142ecznej, Dzia\u0142anie [&hellip;]<a href='https:\/\/rops-bialystok.pl\/andrzej3\/?p=7096' class='pfpReadMore'> Czytaj ca\u0142o\u015b\u0107<\/a><div class='clear'><\/div><br><hr><\/div><div class='pfpItem entry-content'><h4 class='entry-title'><a href='https:\/\/rops-bialystok.pl\/andrzej3\/?p=6754'>Monitoring Wieloletniego Programu Rozwoju Ekonomii Spo\u0142ecznej w Wojew\u00f3dztwie Podlaskim na lata 2013-2020 za rok 2018<\/a><\/h4><div class='entry-meta'>22 maja 2019<\/div><br>W dniu 17 maja 2019 r. Zarz\u0105d Wojew\u00f3dztwa Podlaskiego przyj\u0105\u0142 informacj\u0119 dotycz\u0105c\u0105 Monitoringu Wieloletniego Programu Rozwoju Ekonomii Spo\u0142ecznej w&nbsp;wojew\u00f3dztwie podlaskim na lata 2013 \u2013 2020 za rok 2018. Dokument ten zosta\u0142 opracowany w ramach realizowanego przez Regionalny O\u015brodek Polityki Spo\u0142ecznej w&nbsp;Bia\u0142ymstoku projektu pn. \u201eKoordynacja i monitorowanie rozwoju ekonomii spo\u0142ecznej w&nbsp;regionie\u201d wsp\u00f3\u0142finansowanego ze \u015brodk\u00f3w Unii Europejskiej [&hellip;]<a href='https:\/\/rops-bialystok.pl\/andrzej3\/?p=6754' class='pfpReadMore'> Czytaj ca\u0142o\u015b\u0107<\/a><div class='clear'><\/div><br><hr><\/div><div class='pfpItem entry-content'><h4 class='entry-title'><a href='https:\/\/rops-bialystok.pl\/andrzej3\/?p=6299'>Ekspertyza - Identyfikacja barier oraz mo\u017cliwo\u015bci rozwoju ekonomii spo\u0142ecznej w powiecie sejne\u0144skim<\/a><\/h4><div class='entry-meta'>5 pa\u017adziernika 2018<\/div><br>Przekazujemy Pa\u0144stwu ekspertyz\u0119 \u201eIdentyfikacja barier oraz mo\u017cliwo\u015bci rozwoju ekonomii spo\u0142ecznej w powiecie sejne\u0144skim\u201d. Zosta\u0142a ona zrealizowana w ramach projektu pn. \u201eKoordynacja i monitorowanie rozwoju ekonomii spo\u0142ecznej w regionie\u201d wsp\u00f3\u0142finansowanego ze \u015brodk\u00f3w Unii Europejskiej w ramach Europejskiego Funduszu Spo\u0142ecznego, Regionalnego Programu Operacyjnego Wojew\u00f3dztwa Podlaskiego na lata 2014 \u2013 2020, O\u015b Priorytetowa VII Poprawa Sp\u00f3jno\u015bci Spo\u0142ecznej, Dzia\u0142anie [&hellip;]<a href='https:\/\/rops-bialystok.pl\/andrzej3\/?p=6299' class='pfpReadMore'> Czytaj ca\u0142o\u015b\u0107<\/a><div class='clear'><\/div><br><hr><\/div><div class='pfpItem entry-content'><h4 class='entry-title'><a href='https:\/\/rops-bialystok.pl\/andrzej3\/?p=6297'>Raport badawczy \u201eKluczowe sfery rozwoju dla ekonomii spo\u0142ecznej w wojew\u00f3dztwie podlaskim\u201d<\/a><\/h4><div class='entry-meta'>5 pa\u017adziernika 2018<\/div><br>Przekazujemy Pa\u0144stwu nowoopracowany raport badawczy pn. \u201eKluczowe sfery rozwoju dla ekonomii spo\u0142ecznej w wojew\u00f3dztwie podlaskim\u201d. Badanie zosta\u0142o zrealizowane w ramach projektu pn. \u201eKoordynacja i monitorowanie rozwoju ekonomii spo\u0142ecznej w regionie\u201d wsp\u00f3\u0142finansowanego ze \u015brodk\u00f3w Unii Europejskiej w ramach Europejskiego Funduszu Spo\u0142ecznego, Regionalnego Programu Operacyjnego Wojew\u00f3dztwa Podlaskiego na lata 2014 \u2013 2020, O\u015b Priorytetowa VII Poprawa Sp\u00f3jno\u015bci [&hellip;]<a href='https:\/\/rops-bialystok.pl\/andrzej3\/?p=6297' class='pfpReadMore'> Czytaj ca\u0142o\u015b\u0107<\/a><div class='clear'><\/div><br><hr><\/div><div class='pfpItem entry-content'><h4 class='entry-title'><a href='https:\/\/rops-bialystok.pl\/andrzej3\/?p=6071'>Monitoring Wieloletniego Programu Rozwoju Ekonomii Spo\u0142ecznej w wojew\u00f3dztwie podlaskim na lata 2013 \u2013 2020 za rok 2017<\/a><\/h4><div class='entry-meta'>13 czerwca 2018<\/div><br>W dniu 13 czerwca 2018 r. Zarz\u0105d Wojew\u00f3dztwa Podlaskiego przyj\u0105\u0142 informacj\u0119 dotycz\u0105c\u0105 Monitoringu Wieloletniego Programu Rozwoju Ekonomii Spo\u0142ecznej w wojew\u00f3dztwie podlaskim na lata 2013 \u2013 2020 za rok 2017. Dokument ten zosta\u0142 opracowany w ramach realizowanego przez Regionalny O\u015brodek Polityki Spo\u0142ecznej w Bia\u0142ymstoku projektu pn. \u201eKoordynacja i monitorowanie rozwoju ekonomii spo\u0142ecznej w regionie\u201d wsp\u00f3\u0142finansowanego ze [&hellip;]<a href='https:\/\/rops-bialystok.pl\/andrzej3\/?p=6071' class='pfpReadMore'> Czytaj ca\u0142o\u015b\u0107<\/a><div class='clear'><\/div><br><hr><\/div><div class='pfpItem entry-content'><h4 class='entry-title'><a href='https:\/\/rops-bialystok.pl\/andrzej3\/?p=5919'>Raport badawczy \"Ocena trwa\u0142o\u015bci funkcjonowania podmiot\u00f3w ekonomii spo\u0142ecznej z terenu wojew\u00f3dztwa podlaskiego\"<\/a><\/h4><div class='entry-meta'>20 lutego 2018<\/div><br>Przekazujemy Pa\u0144stwu raport badawczy pn. &#8222;Ocena trwa\u0142o\u015bci funkcjonowania podmiot\u00f3w ekonomii spo\u0142ecznej z terenu wojew\u00f3dztwa podlaskiego&#8221;. Badanie zosta\u0142o zrealizowane w ramach projektu pn. \u201eKoordynacja i monitorowanie rozwoju ekonomii spo\u0142ecznej w regionie\u201d wsp\u00f3\u0142finansowanego ze \u015brodk\u00f3w Unii Europejskiej w ramach Europejskiego Funduszu Spo\u0142ecznego, Regionalnego Programu Operacyjnego Wojew\u00f3dztwa Podlaskiego na lata 2014 \u2013 2020, O\u015b Priorytetowa VII Poprawa Sp\u00f3jno\u015bci [&hellip;]<a href='https:\/\/rops-bialystok.pl\/andrzej3\/?p=5919' class='pfpReadMore'> Czytaj ca\u0142o\u015b\u0107<\/a><div class='clear'><\/div><br><hr><\/div><div class='pfpItem entry-content'><h4 class='entry-title'><a href='https:\/\/rops-bialystok.pl\/andrzej3\/?p=5916'>Ekspertyza spo\u0142eczna<\/a><\/h4><div class='entry-meta'>20 lutego 2018<\/div><br>Zach\u0119camy Pa\u0144stwa do zapoznania si\u0119 z ekspertyz\u0105 nt. Finansowanie rozwoju przedsi\u0119biorczo\u015bci spo\u0142ecznej. Mo\u017cliwo\u015bci finansowania podmiot\u00f3w ekonomii spo\u0142ecznej w wojew\u00f3dztwie podlaskim. Ekspertyza zosta\u0142a zrealizowana w ramach&nbsp; projektu pn. \u201eKoordynacja i monitorowanie rozwoju ekonomii spo\u0142ecznej w regionie\u201d wsp\u00f3\u0142finansowanego ze \u015brodk\u00f3w Unii Europejskiej w ramach Europejskiego Funduszu Spo\u0142ecznego, Regionalnego Programu Operacyjnego Wojew\u00f3dztwa Podlaskiego na lata 2014 \u2013 2020, [&hellip;]<a href='https:\/\/rops-bialystok.pl\/andrzej3\/?p=5916' class='pfpReadMore'> Czytaj ca\u0142o\u015b\u0107<\/a><div class='clear'><\/div><br><hr><\/div><div class='pfpItem entry-content'><h4 class='entry-title'><a href='https:\/\/rops-bialystok.pl\/andrzej3\/?p=5913'>Ekspertyza instytucjonalna<\/a><\/h4><div class='entry-meta'>20 lutego 2018<\/div><br>Zach\u0119camy Pa\u0144stwa do zapoznania si\u0119 z ekspertyz\u0105 nt.&nbsp; Podmioty Ekonomii Spo\u0142ecznej w otoczeniu instytucjonalnym. Ekspertyza zosta\u0142a zrealizowana w ramach&nbsp; projektu pn. \u201eKoordynacja i monitorowanie rozwoju ekonomii spo\u0142ecznej w regionie\u201d wsp\u00f3\u0142finansowanego ze \u015brodk\u00f3w Unii Europejskiej w ramach Europejskiego Funduszu Spo\u0142ecznego, Regionalnego Programu Operacyjnego Wojew\u00f3dztwa Podlaskiego na lata 2014 \u2013 2020, O\u015b Priorytetowa VII Poprawa Sp\u00f3jno\u015bci Spo\u0142ecznej, [&hellip;]<a href='https:\/\/rops-bialystok.pl\/andrzej3\/?p=5913' class='pfpReadMore'> Czytaj ca\u0142o\u015b\u0107<\/a><div class='clear'><\/div><br><hr><\/div><div class='pfpItem entry-content'><h4 class='entry-title'><a href='https:\/\/rops-bialystok.pl\/andrzej3\/?p=5910'>Ekspertyza gospodarcza<\/a><\/h4><div class='entry-meta'>20 lutego 2018<\/div><br>Zach\u0119camy Pa\u0144stwa do zapoznania si\u0119 z ekspertyz\u0105 nt. Finansowanie rozwoju przedsi\u0119biorczo\u015bci spo\u0142ecznej. Mo\u017cliwo\u015bci finansowania podmiot\u00f3w ekonomii spo\u0142ecznej w wojew\u00f3dztwie podlaskim. Ekspertyza zosta\u0142a zrealizowana w ramach&nbsp; projektu pn. \u201eKoordynacja i monitorowanie rozwoju ekonomii spo\u0142ecznej w regionie\u201d wsp\u00f3\u0142finansowanego ze \u015brodk\u00f3w Unii Europejskiej w ramach Europejskiego Funduszu Spo\u0142ecznego, Regionalnego Programu Operacyjnego Wojew\u00f3dztwa Podlaskiego na lata 2014 \u2013 2020, [&hellip;]<a href='https:\/\/rops-bialystok.pl\/andrzej3\/?p=5910' class='pfpReadMore'> Czytaj ca\u0142o\u015b\u0107<\/a><div class='clear'><\/div><br><hr><\/div><div class='pfpItem entry-content'><h4 class='entry-title'><a href='https:\/\/rops-bialystok.pl\/andrzej3\/?p=5067'>Raport badawczy \u201eKondycja sektora ekonomii spo\u0142ecznej w wojew\u00f3dztwie podlaskim\u201d<\/a><\/h4><div class='entry-meta'>3 stycznia 2017<\/div><br>Przekazujemy Pa\u0144stwu raport badawczy pn. \u201eKondycja sektora ekonomii spo\u0142ecznej w wojew\u00f3dztwie podlaskim\u201d. Badanie zosta\u0142o przeprowadzone w ramach realizowanego przez Regionalny O\u015brodek Polityki Spo\u0142ecznej w Bia\u0142ymstoku projektu pn. \u201eKoordynacja i\u00a0monitorowanie rozwoju ekonomii spo\u0142ecznej w regionie\u201d wsp\u00f3\u0142finansowanego ze \u015brodk\u00f3w Unii Europejskiej w ramach Europejskiego Funduszu Spo\u0142ecznego, Regionalnego Programu Operacyjnego Wojew\u00f3dztwa Podlaskiego na lata 2014 \u2013 2020, O\u015b [&hellip;]<a href='https:\/\/rops-bialystok.pl\/andrzej3\/?p=5067' class='pfpReadMore'> Czytaj ca\u0142o\u015b\u0107<\/a><div class='clear'><\/div><br><hr><\/div><div class='pfpItem entry-content'><h4 class='entry-title'><a href='https:\/\/rops-bialystok.pl\/andrzej3\/?p=5065'>Raport badawczy \u201eWsp\u00f3\u0142praca jednostek samorz\u0105du terytorialnego z podmiotami ekonomii spo\u0142ecznej na terenie wojew\u00f3dztwa podlaskiego\u201d<\/a><\/h4><div class='entry-meta'>3 stycznia 2017<\/div><br>Przekazujemy Pa\u0144stwu raport badawczy pn. \u201eWsp\u00f3\u0142praca jednostek samorz\u0105du terytorialnego z podmiotami ekonomii spo\u0142ecznej na terenie wojew\u00f3dztwa podlaskiego\u201d. Badanie zosta\u0142o przeprowadzone w ramach realizowanego przez Regionalny O\u015brodek Polityki Spo\u0142ecznej w Bia\u0142ymstoku projektu pn. \u201eKoordynacja i monitorowanie rozwoju ekonomii spo\u0142ecznej w regionie\u201d wsp\u00f3\u0142finansowanego ze \u015brodk\u00f3w Unii Europejskiej w ramach Europejskiego Funduszu Spo\u0142ecznego, Regionalnego Programu Operacyjnego Wojew\u00f3dztwa Podlaskiego [&hellip;]<a href='https:\/\/rops-bialystok.pl\/andrzej3\/?p=5065' class='pfpReadMore'> Czytaj ca\u0142o\u015b\u0107<\/a><div class='clear'><\/div><br><hr><\/div>\n","protected":false},"excerpt":{"rendered":"","protected":false},"author":12,"featured_media":0,"parent":0,"menu_order":0,"comment_status":"closed","ping_status":"closed","template":"","meta":{"footnotes":""},"class_list":["post-5320","page","type-page","status-publish","hentry"],"_links":{"self":[{"href":"https:\/\/rops-bialystok.pl\/andrzej3\/index.php?rest_route=\/wp\/v2\/pages\/5320","targetHints":{"allow":["GET"]}}],"collection":[{"href":"https:\/\/rops-bialystok.pl\/andrzej3\/index.php?rest_route=\/wp\/v2\/pages"}],"about":[{"href":"https:\/\/rops-bialystok.pl\/andrzej3\/index.php?rest_route=\/wp\/v2\/types\/page"}],"author":[{"embeddable":true,"href":"https:\/\/rops-bialystok.pl\/andrzej3\/index.php?rest_route=\/wp\/v2\/users\/12"}],"replies":[{"embeddable":true,"href":"https:\/\/rops-bialystok.pl\/andrzej3\/index.php?rest_route=%2Fwp%2Fv2%2Fcomments&post=5320"}],"version-history":[{"count":2,"href":"https:\/\/rops-bialystok.pl\/andrzej3\/index.php?rest_route=\/wp\/v2\/pages\/5320\/revisions"}],"predecessor-version":[{"id":5343,"href":"https:\/\/rops-bialystok.pl\/andrzej3\/index.php?rest_route=\/wp\/v2\/pages\/5320\/revisions\/5343"}],"wp:attachment":[{"href":"https:\/\/rops-bialystok.pl\/andrzej3\/index.php?rest_route=%2Fwp%2Fv2%2Fmedia&parent=5320"}],"curies":[{"name":"wp","href":"https:\/\/api.w.org\/{rel}","templated":true}]}}