{"id":5323,"date":"2017-05-10T13:41:55","date_gmt":"2017-05-10T11:41:55","guid":{"rendered":"http:\/\/www.rops-bialystok.pl\/andrzej3\/?page_id=5323"},"modified":"2017-05-12T10:31:32","modified_gmt":"2017-05-12T08:31:32","slug":"regionalny-komitet-rozwoju-ekonomii-spolecznej-w-woj-podlaskim","status":"publish","type":"page","link":"https:\/\/rops-bialystok.pl\/andrzej3\/?page_id=5323","title":{"rendered":"Regionalny Komitet Rozwoju Ekonomii Spo\u0142ecznej w woj. Podlaskim"},"content":{"rendered":"<div class='pfpItem entry-content'><h4 class='entry-title'><a href='https:\/\/rops-bialystok.pl\/andrzej3\/?p=9205'>Spotkanie Regionalnego Komitetu Ekonomii Spo\u0142ecznej w Wojew\u00f3dztwie Podlaskim - 24.11.2022 r.<\/a><\/h4><div class='entry-meta'>15 grudnia 2022<\/div><br><img decoding=\"async\" width=&quot;160&quot; height=&quot;120&quot; style=\"width:160px; height:120px; border-width: 10px; border-color:#f1f1f1;border: 10px solid #f1f1f1\" alt=\"Spotkanie Regionalnego Komitetu Ekonomii Spo\u0142ecznej w hotelu 3 Trio. Pomieszczenie z \u0142\u0105czonymi sto\u0142ami przy kt\u00f3rych siedz\u0105 uczestnicy spotkania. Na \u015brodku stoi kobieta kt\u00f3ra czyta z kartki. Za ni\u0105 na ekranie projekcyjnym jest wy\u015bwietlona prezentacja.\" title=\"\" src=\"https:\/\/rops-bialystok.pl\/andrzej3\/wp-content\/uploads\/2022\/12\/IMG_20221124_091932-320x240.jpg\" rel=\"https:\/\/rops-bialystok.pl\/andrzej3\/wp-content\/uploads\/2022\/12\/IMG_20221124_091932.jpg\" \/>W dniu 24 listopada 2022 r. w Bia\u0142ymstoku, w Hotelu 3 Trio, odby\u0142o si\u0119 spotkanie Regionalnego Komitetu Rozwoju Ekonomii Spo\u0142ecznej (RKRES) organizowane w ramach projektu \u201eKoordynacja i monitorowanie rozwoju ekonomii spo\u0142ecznej w regionie w 2022 r.\u201d zorganizowane przez Regionalny O\u015brodek Polityki Spo\u0142ecznej w Bia\u0142ymstoku. Spotkanie rozpocz\u0119\u0142a Pani El\u017cbieta Rajewska-Nikonowicz &#8211; Dyrektor Regionalnego O\u015brodka Polityki Spo\u0142ecznej [&hellip;]<a href='https:\/\/rops-bialystok.pl\/andrzej3\/?p=9205' class='pfpReadMore'> Czytaj ca\u0142o\u015b\u0107<\/a><div class='clear'><\/div><br><hr><\/div><div class='pfpItem entry-content'><h4 class='entry-title'><a href='https:\/\/rops-bialystok.pl\/andrzej3\/?p=9169'>Spotkanie Regionalnego Komitetu Ekonomii Spo\u0142ecznej w Wojewodztwie Podlaskim oraz seminarium pn. \u201eRegionalne platformy spo\u0142eczne dla rozwoju us\u0142ug spo\u0142ecznych i deinstytucjonalizacji\u201d - 4.11.2022 r.<\/a><\/h4><div class='entry-meta'>8 listopada 2022<\/div><br><img decoding=\"async\" width=&quot;160&quot; height=&quot;120&quot; style=\"width:160px; height:120px; border-width: 10px; border-color:#f1f1f1;border: 10px solid #f1f1f1\" alt=\"Banery promuj\u0105ce podmioty ekonomii spo\u0142ecznej na terenie wojew\u00f3dztwa podlaskiego\" title=\"\" src=\"https:\/\/rops-bialystok.pl\/andrzej3\/wp-content\/uploads\/2022\/11\/IMG_20221104_092115-320x240.jpg\" rel=\"https:\/\/rops-bialystok.pl\/andrzej3\/wp-content\/uploads\/2022\/11\/IMG_20221104_092115.jpg\" \/>W dniu 4 listopada 2022 r. w Bia\u0142ymstoku, w Hotelu 3 Trio, odby\u0142o si\u0119 spotkanie Regionalnego Komitetu Rozwoju Ekonomii Spo\u0142ecznej (RKRES) organizowane w ramach projektu \u201eKoordynacja i monitorowanie rozwoju ekonomii spo\u0142ecznej w regionie w 2022 r.\u201d po\u0142\u0105czone z seminarium pn. \u201eRegionalne platformy spo\u0142eczne dla rozwoju us\u0142ug spo\u0142ecznych i deinstytucjonalizacji\u201d. Wsp\u00f3\u0142organizatorami spotkania byli: Stowarzyszenie WRZOS \u2013 [&hellip;]<a href='https:\/\/rops-bialystok.pl\/andrzej3\/?p=9169' class='pfpReadMore'> Czytaj ca\u0142o\u015b\u0107<\/a><div class='clear'><\/div><br><hr><\/div><div class='pfpItem entry-content'><h4 class='entry-title'><a href='https:\/\/rops-bialystok.pl\/andrzej3\/?p=8352'>Spotkanie Regionalnego Komitetu Rozwoju Ekonomii Spo\u0142ecznej w wojew\u00f3dztwie podlaskim, kt\u00f3re odby\u0142o si\u0119 w dniu 20.10.2021 r.<\/a><\/h4><div class='entry-meta'>28 pa\u017adziernika 2021<\/div><br><img decoding=\"async\" width=&quot;160&quot; height=&quot;120&quot; style=\"width:160px; height:120px; border-width: 10px; border-color:#f1f1f1;border: 10px solid #f1f1f1\" alt=\"Kilka os\u00f3b siedzi przy d\u0142ugim stole na kt\u00f3rym le\u017c\u0105 dokumenty. Wszyscy patrz\u0105 w jednym kierunku.\" title=\"\" src=\"https:\/\/rops-bialystok.pl\/andrzej3\/wp-content\/uploads\/2021\/10\/img_20211020_115112-2-320x240.jpg\" rel=\"https:\/\/rops-bialystok.pl\/andrzej3\/wp-content\/uploads\/2021\/10\/img_20211020_115112-2.jpg\" \/>W dniu 20 pa\u017adziernika 2021 r. w Bia\u0142ymstoku, w Hotelu Silver, odby\u0142o si\u0119 spotkanie Regionalnego Komitetu Rozwoju Ekonomii Spo\u0142ecznej (RKRES). Spotkanie rozpocz\u0119\u0142a Pani Bo\u017cena Tomaszewska \u2013 Zast\u0119pca Dyrektora Regionalnego O\u015brodka Polityki Spo\u0142ecznej w Bia\u0142ymstoku, kt\u00f3ra przywita\u0142a przyby\u0142ych cz\u0142onk\u00f3w Komitetu i zaproszonych go\u015bci oraz poinformowa\u0142a o celu spotkania. Spotkanie zorganizowano w&nbsp;ramach projektu \u201eKoordynacja i&nbsp;monitorowanie rozwoju ekonomii [&hellip;]<a href='https:\/\/rops-bialystok.pl\/andrzej3\/?p=8352' class='pfpReadMore'> Czytaj ca\u0142o\u015b\u0107<\/a><div class='clear'><\/div><br><hr><\/div><div class='pfpItem entry-content'><h4 class='entry-title'><a href='https:\/\/rops-bialystok.pl\/andrzej3\/?p=7679'>Rozstrzygni\u0119cie konkursu \u201eZnaki Jako\u015bci Ekonomii Spo\u0142ecznej i Solidarnej 2020\u201d.<\/a><\/h4><div class='entry-meta'>2 grudnia 2020<\/div><br>Og\u0142oszenie wynik\u00f3w konkursu \u201eZnaki Jako\u015bci Ekonomii Spo\u0142ecznej i Solidarnej 2020\u201d przez Pani\u0105 Minister Marlen\u0119 Mal\u0105g oraz Pana Ministra Stanis\u0142awa Szweda&nbsp; rozpocznie si\u0119 dnia 2 grudnia o godzinie 10.00. W roku bie\u017c\u0105cym konkurs cieszy\u0142 si\u0119 ogromnym zainteresowaniem ze strony podmiot\u00f3w, kt\u00f3re w swym codziennym funkcjonowaniu \u0142\u0105cz\u0105 dzia\u0142alno\u015b\u0107 ekonomiczn\u0105 ze spo\u0142ecznym zaanga\u017cowaniem. \u015awiadczy o tym chocia\u017cby liczba [&hellip;]<a href='https:\/\/rops-bialystok.pl\/andrzej3\/?p=7679' class='pfpReadMore'> Czytaj ca\u0142o\u015b\u0107<\/a><div class='clear'><\/div><br><hr><\/div><div class='pfpItem entry-content'><h4 class='entry-title'><a href='https:\/\/rops-bialystok.pl\/andrzej3\/?p=7675'>Spotkanie Regionalnego Komitetu Rozwoju Ekonomii Spo\u0142ecznej w Wojew\u00f3dztwie Podlaskim (RKRES)<\/a><\/h4><div class='entry-meta'>20 listopada 2020<\/div><br>W dniu 4 listopada 2020 r. Regionalny O\u015brodek Polityki Spo\u0142ecznej w Bia\u0142ymstoku zorganizowa\u0142 otwarte spotkanie Regionalnego Komitetu Rozwoju Ekonomii Spo\u0142ecznej w&nbsp;Wojew\u00f3dztwie Podlaskim (RKRES). Odby\u0142o si\u0119 ono w formie online. Spotkanie zorganizowano w&nbsp;ramach projektu \u201eKoordynacja i&nbsp;monitorowanie rozwoju ekonomii spo\u0142ecznej w&nbsp;regionie\u201d, wsp\u00f3\u0142finansowanego przez Uni\u0119 Europejsk\u0105 ze \u015brodk\u00f3w Europejskiego Funduszu Spo\u0142ecznego w ramach Regionalnego Programu Operacyjnego Wojew\u00f3dztwa Podlaskiego [&hellip;]<a href='https:\/\/rops-bialystok.pl\/andrzej3\/?p=7675' class='pfpReadMore'> Czytaj ca\u0142o\u015b\u0107<\/a><div class='clear'><\/div><br><hr><\/div><div class='pfpItem entry-content'><h4 class='entry-title'><a href='https:\/\/rops-bialystok.pl\/andrzej3\/?p=7297'>Spotkanie Regionalnego Komitetu Rozwoju Ekonomii Spo\u0142ecznej w Wojew\u00f3dztwie Podlaskim oraz Podlaskiej Rady Dzia\u0142alno\u015bci Po\u017cytku Publicznego<\/a><\/h4><div class='entry-meta'>26 lutego 2020<\/div><br><img decoding=\"async\" width=&quot;160&quot; height=&quot;120&quot; style=\"width:160px; height:120px; border-width: 10px; border-color:#f1f1f1;border: 10px solid #f1f1f1\" alt=\"Dwie kobiety stoj\u0105 obok siebie na pomara\u0144czowej sali ze sto\u0142ami i krzes\u0142ami. Jedna z nich przemawia.\" title=\"\" src=\"https:\/\/rops-bialystok.pl\/andrzej3\/wp-content\/uploads\/2020\/02\/IMG_1469-320x240.jpg\" rel=\"https:\/\/rops-bialystok.pl\/andrzej3\/wp-content\/uploads\/2020\/02\/IMG_1469.jpg\" \/>W dniach 18-19 lutego 2020 r. w Supra\u015blu odby\u0142o si\u0119 dwudniowe spotkanie Regionalnego Komitetu Rozwoju Ekonomii Spo\u0142ecznej w Wojew\u00f3dztwie Podlaskim oraz Podlaskiej Rady Dzia\u0142alno\u015bci Po\u017cytku Publicznego. Spotkanie organizowane by\u0142o w ramach projekt\u00f3w Sp\u00f3jna integracja regionalna ekonomii spo\u0142ecznej (SIRES) oraz Koordynacja i&nbsp;monitorowanie rozwoju ekonomii spo\u0142ecznej w regionie (ROPS). Spotkanie rozpocz\u0119\u0142y Pani Bo\u017cena Tomaszewska \u2013 Wicedyrektor ROPS [&hellip;]<a href='https:\/\/rops-bialystok.pl\/andrzej3\/?p=7297' class='pfpReadMore'> Czytaj ca\u0142o\u015b\u0107<\/a><div class='clear'><\/div><br><hr><\/div><div class='pfpItem entry-content'><h4 class='entry-title'><a href='https:\/\/rops-bialystok.pl\/andrzej3\/?p=7149'>Spotkania RKRES \u2013 6 grudnia 2019 r.<\/a><\/h4><div class='entry-meta'>7 stycznia 2020<\/div><br><img decoding=\"async\" width=&quot;160&quot; height=&quot;120&quot; style=\"width:160px; height:120px; border-width: 10px; border-color:#f1f1f1;border: 10px solid #f1f1f1\" alt=\"Grupa os\u00f3b siedzi przy \u0142\u0105czonych sto\u0142ach i patrzy w jednym kierunku. Na \u015brodku sali stoi stolik z projektorem.\" title=\"\" src=\"https:\/\/rops-bialystok.pl\/andrzej3\/wp-content\/uploads\/2020\/01\/20191206_095921-320x240.jpg\" rel=\"https:\/\/rops-bialystok.pl\/andrzej3\/wp-content\/uploads\/2020\/01\/20191206_095921.jpg\" \/>W dniu 6 grudnia odby\u0142o si\u0119 ostatnie w tym roku spotkanie Regionalnego Komitetu Rozwoju Ekonomii Spo\u0142ecznej. Spotkanie rozpocz\u0119\u0142a Pani Bo\u017cena Tomaszewska \u2013 Zast\u0119pca Dyrektora Regionalnego O\u015brodka Polityki Spo\u0142ecznej w Bia\u0142ymstoku, kt\u00f3ra przywita\u0142a przyby\u0142ych cz\u0142onk\u00f3w Komitetu oraz zaproszonych go\u015bci i przedstawi\u0142a harmonogram spotkania. &nbsp;W dalszej kolejno\u015bci Pani Malgorzata Janczuk \u2013 pracownik Biura Projektu ROPS om\u00f3wi\u0142a dzia\u0142ania [&hellip;]<a href='https:\/\/rops-bialystok.pl\/andrzej3\/?p=7149' class='pfpReadMore'> Czytaj ca\u0142o\u015b\u0107<\/a><div class='clear'><\/div><br><hr><\/div><div class='pfpItem entry-content'><h4 class='entry-title'><a href='https:\/\/rops-bialystok.pl\/andrzej3\/?p=7034'>SPOTKANIE REGIONALNEGO KOMITETU ROZWOJU EKONOMII SPO\u0141ECZNEJ W WOJEW\u00d3DZTWIE PODLASKIM \u2013 27 WRZE\u015aNIA  2019 R.<\/a><\/h4><div class='entry-meta'>15 pa\u017adziernika 2019<\/div><br><img decoding=\"async\" width=&quot;160&quot; height=&quot;120&quot; style=\"width:160px; height:120px; border-width: 10px; border-color:#f1f1f1;border: 10px solid #f1f1f1\" alt=\"Kobieta z dokumentem w r\u0119kach stoi przed biurkiem w centralnej cz\u0119\u015bci sali. Obok stoi st\u00f3\u0142 przy kt\u00f3rym siedz\u0105 dwie osoby.\" title=\"\" src=\"https:\/\/rops-bialystok.pl\/andrzej3\/wp-content\/uploads\/2020\/01\/IMG_0831-320x240.jpg\" rel=\"https:\/\/rops-bialystok.pl\/andrzej3\/wp-content\/uploads\/2020\/01\/IMG_0831.jpg\" \/>W dniu 27 wrze\u015bnia 2019 r. odby\u0142o si\u0119 spotkanie Regionalnego Komitetu Rozwoju Ekonomii Spo\u0142ecznej w Wojew\u00f3dztwie Podlaskim (RKRES) zorganizowane przez Regionalny O\u015brodek Polityki Spo\u0142ecznej. Odby\u0142o si\u0119 ono w ramach projektu \u201eKoordynacja i monitorowanie rozwoju ekonomii spo\u0142ecznej w regionie\u201d, wsp\u00f3\u0142finansowanego przez Uni\u0119 Europejsk\u0105 ze \u015brodk\u00f3w Europejskiego Funduszu Spo\u0142ecznego w ramach Regionalnego Programu Operacyjnego Wojew\u00f3dztwa Podlaskiego na [&hellip;]<a href='https:\/\/rops-bialystok.pl\/andrzej3\/?p=7034' class='pfpReadMore'> Czytaj ca\u0142o\u015b\u0107<\/a><div class='clear'><\/div><br><hr><\/div><div class='pfpItem entry-content'><h4 class='entry-title'><a href='https:\/\/rops-bialystok.pl\/andrzej3\/?p=6941'>Robocze spotkanie RKRES<\/a><\/h4><div class='entry-meta'>4 wrze\u015bnia 2019<\/div><br><img decoding=\"async\" width=&quot;160&quot; height=&quot;120&quot; style=\"width:160px; height:120px; border-width: 10px; border-color:#f1f1f1;border: 10px solid #f1f1f1\" alt=\"Trzy kobiety siedz\u0105 przy stole z dokumentami. Wzrok maj\u0105 skierowany w jedn\u0105 stron\u0119. Za ich plecami stoi p\u00f3\u0142ka z ksi\u0105\u017ckami.\" title=\"\" src=\"https:\/\/rops-bialystok.pl\/andrzej3\/wp-content\/uploads\/2019\/09\/IMG_0531-320x240.jpg\" rel=\"https:\/\/rops-bialystok.pl\/andrzej3\/wp-content\/uploads\/2019\/09\/IMG_0531.jpg\" \/>W dniu 26 sierpnia 2019 r. w siedzibie Regionalnego O\u015brodka Polityki Spo\u0142ecznej w Bia\u0142ymstoku odby\u0142o si\u0119 robocze spotkanie grupy cz\u0142onk\u00f3w Regionalnego Komitetu Rozwoju Ekonomii Spo\u0142ecznej. Spotkanie rozpocz\u0119\u0142a Pani El\u017cbieta Rajewska &#8211; Nikonowicz &#8211; Dyrektor ROPS, kt\u00f3ra przywita\u0142a przyby\u0142ych go\u015bci oraz poinformowa\u0142a o celu i harmonogramie spotkania. W dalszej cz\u0119\u015bci spotkanie moderowa\u0142a Pani Marta Lewandowska \u2013 [&hellip;]<a href='https:\/\/rops-bialystok.pl\/andrzej3\/?p=6941' class='pfpReadMore'> Czytaj ca\u0142o\u015b\u0107<\/a><div class='clear'><\/div><br><hr><\/div><div class='pfpItem entry-content'><h4 class='entry-title'><a href='https:\/\/rops-bialystok.pl\/andrzej3\/?p=6927'>Aktualizacja sk\u0142adu Regionalnego Komitetu Rozwoju Ekonomii Spo\u0142ecznej w Wojew\u00f3dztwie Podlaskim<\/a><\/h4><div class='entry-meta'>4 wrze\u015bnia 2019<\/div><br>Regionalny O\u015brodek Polityki Spo\u0142ecznej w Bia\u0142ymstoku informuje, i\u017c uchwa\u0142\u0105 nr 49\/738\/2019 Zarz\u0105du Wojew\u00f3dztwa Podlaskiego z dnia 17 czerwca 2019 roku zaktualizowano sk\u0142ad Regionalnego Komitetu Rozwoju Ekonomii Spo\u0142ecznej. Wym\u00f3g funkcjonowania tego gremium wynika bezpo\u015brednio z zapis\u00f3w Krajowego Programu Rozwoju Ekonomii Spo\u0142ecznej. W sk\u0142ad Komitetu wchodz\u0105 przedstawiciele instytucji zwi\u0105zanych z rozwojem ekonomii spo\u0142ecznej w wojew\u00f3dztwie podlaskim tj. [&hellip;]<a href='https:\/\/rops-bialystok.pl\/andrzej3\/?p=6927' class='pfpReadMore'> Czytaj ca\u0142o\u015b\u0107<\/a><div class='clear'><\/div><br><hr><\/div><div class='pfpItem entry-content'><h4 class='entry-title'><a href='https:\/\/rops-bialystok.pl\/andrzej3\/?p=6431'>SPOTKANIE REGIONALNEGO KOMITETU ROZWOJU EKONOMII SPO\u0141ECZNEJ W WOJEW\u00d3DZTWIE PODLASKIM - 20 LISTOPADA 2018 R.<\/a><\/h4><div class='entry-meta'>27 listopada 2018<\/div><br><img decoding=\"async\" width=&quot;160&quot; height=&quot;120&quot; style=\"width:160px; height:120px; border-width: 10px; border-color:#f1f1f1;border: 10px solid #f1f1f1\" alt=\"Grupa os\u00f3b siedzi przy stole podczas spotkania i patrzy w jednym kierunku.\" title=\"\" src=\"https:\/\/rops-bialystok.pl\/andrzej3\/wp-content\/uploads\/2018\/11\/IMG_20181120_095722-320x240.jpg\" rel=\"https:\/\/rops-bialystok.pl\/andrzej3\/wp-content\/uploads\/2018\/11\/IMG_20181120_095722.jpg\" \/>W dniu 20 listopada 2018 r. odby\u0142o si\u0119 kolejne, ju\u017c sz\u00f3ste spotkanie Regionalnego Komitetu Rozwoju Ekonomii Spo\u0142ecznej w Wojew\u00f3dztwie Podlaskim (RKRES) zorganizowane przez Regionalny O\u015brodek Polityki Spo\u0142ecznej. Odby\u0142o si\u0119 ono w ramach projektu \u201eKoordynacja i&nbsp;monitorowanie rozwoju ekonomii spo\u0142ecznej w regionie\u201d, wsp\u00f3\u0142finansowanego przez Uni\u0119 Europejsk\u0105 ze \u015brodk\u00f3w Europejskiego Funduszu Spo\u0142ecznego w ramach Regionalnego Programu Operacyjnego Wojew\u00f3dztwa [&hellip;]<a href='https:\/\/rops-bialystok.pl\/andrzej3\/?p=6431' class='pfpReadMore'> Czytaj ca\u0142o\u015b\u0107<\/a><div class='clear'><\/div><br><hr><\/div><div class='pfpItem entry-content'><h4 class='entry-title'><a href='https:\/\/rops-bialystok.pl\/andrzej3\/?p=6254'>Spotkanie regionalnego komitetu rozwoju ekonomii spo\u0142ecznej w wojew\u00f3dztwie podlaskim - 11 wrze\u015bnia 2018 r.<\/a><\/h4><div class='entry-meta'>27 wrze\u015bnia 2018<\/div><br><img decoding=\"async\" width=&quot;160&quot; height=&quot;120&quot; style=\"width:160px; height:120px; border-width: 10px; border-color:#f1f1f1;border: 10px solid #f1f1f1\" alt=\"Grupa os\u00f3b siedzi przy stole z dokumentami.\" title=\"\" src=\"https:\/\/rops-bialystok.pl\/andrzej3\/wp-content\/uploads\/2018\/09\/20180911_101735-320x240.jpg\" rel=\"https:\/\/rops-bialystok.pl\/andrzej3\/wp-content\/uploads\/2018\/09\/20180911_101735.jpg\" \/>W dniu 11 wrze\u015bnia 2018 r. odby\u0142o si\u0119 spotkanie Regionalnego Komitetu Rozwoju Ekonomii Spo\u0142ecznej w Wojew\u00f3dztwie Podlaskim (RKRES) zorganizowane przez Regionalny O\u015brodek Polityki Spo\u0142ecznej w ramach projektu \u201eKoordynacja i monitorowanie rozwoju ekonomii spo\u0142ecznej w regionie\u201d, wsp\u00f3\u0142finansowanego przez Uni\u0119 Europejsk\u0105 ze \u015brodk\u00f3w Europejskiego Funduszu Spo\u0142ecznego w ramach Regionalnego Programu Operacyjnego Wojew\u00f3dztwa Podlaskiego na lata 2014-2020, O\u015b [&hellip;]<a href='https:\/\/rops-bialystok.pl\/andrzej3\/?p=6254' class='pfpReadMore'> Czytaj ca\u0142o\u015b\u0107<\/a><div class='clear'><\/div><br><hr><\/div><div class='pfpItem entry-content'><h4 class='entry-title'><a href='https:\/\/rops-bialystok.pl\/andrzej3\/?p=5584'>Spotkanie Regionalnego Komitetu Rozwoju Ekonomii Spo\u0142ecznej w Wojew\u00f3dztwie Podlaskim (RKRES) \u2013 17.10.2017 r.<\/a><\/h4><div class='entry-meta'>21 pa\u017adziernika 2017<\/div><br><img decoding=\"async\" width=&quot;160&quot; height=&quot;120&quot; style=\"width:160px; height:120px; border-width: 10px; border-color:#f1f1f1;border: 10px solid #f1f1f1\" alt=\"Cztery osoby siedz\u0105 blisko siebie przy jednym stole na kt\u00f3rym znajduj\u0105 si\u0119 teczki z dokumentami. Wszyscy przegl\u0105daj\u0105 dokumenty.\" title=\"\" src=\"https:\/\/rops-bialystok.pl\/andrzej3\/wp-content\/uploads\/2017\/10\/DSC_1372-320x240.jpg\" rel=\"https:\/\/rops-bialystok.pl\/andrzej3\/wp-content\/uploads\/2017\/10\/DSC_1372.jpg\" \/>W dniu 17 pa\u017adziernika 2017 r. odby\u0142o si\u0119 spotkanie Regionalnego Komitetu Rozwoju Ekonomii Spo\u0142ecznej w Wojew\u00f3dztwie Podlaskim (RKRES) zorganizowane przez Regionalny O\u015brodek Polityki Spo\u0142ecznej w ramach projektu \u201eKoordynacja i\u00a0monitorowanie rozwoju ekonomii spo\u0142ecznej w regionie\u201d, wsp\u00f3\u0142finansowanego przez Uni\u0119 Europejsk\u0105 ze \u015brodk\u00f3w Europejskiego Funduszu Spo\u0142ecznego w ramach Regionalnego Programu Operacyjnego Wojew\u00f3dztwa Podlaskiego na lata 2014-2020, O\u015b Priorytetowa [&hellip;]<a href='https:\/\/rops-bialystok.pl\/andrzej3\/?p=5584' class='pfpReadMore'> Czytaj ca\u0142o\u015b\u0107<\/a><div class='clear'><\/div><br><hr><\/div><div class='pfpItem entry-content'><h4 class='entry-title'><a href='https:\/\/rops-bialystok.pl\/andrzej3\/?p=5520'>Aktualizacja cz\u0142onk\u00f3w Regionalnego Komitetu Rozwoju Ekonomii Spo\u0142ecznej w Wojew\u00f3dztwie Podlaskim<\/a><\/h4><div class='entry-meta'>7 wrze\u015bnia 2017<\/div><br>W dniu 29 sierpnia 2017 r. Uchwa\u0142\u0105 Nr 235\/3198\/2017 Zarz\u0105d Wojew\u00f3dztwa Podlaskiego przyj\u0105\u0142 uchwa\u0142\u0119 zmieniaj\u0105c\u0105 uchwa\u0142\u0119 Nr 138\/1695\/2016 z dnia 24 maja 2016 roku w sprawie aktualizacji cz\u0142onk\u00f3w Regionalnego Komitetu Rozwoju Ekonomii Spo\u0142ecznej w Wojew\u00f3dztwie Podlaskim. W sk\u0142ad Komitetu wchodz\u0105 przedstawiciele instytucji zwi\u0105zanych z problematyk\u0105 rozwoju ekonomii spo\u0142ecznej w regionie. W zwi\u0105zku ze zmianami jakie [&hellip;]<a href='https:\/\/rops-bialystok.pl\/andrzej3\/?p=5520' class='pfpReadMore'> Czytaj ca\u0142o\u015b\u0107<\/a><div class='clear'><\/div><br><hr><\/div><div class='pfpItem entry-content'><h4 class='entry-title'><a href='https:\/\/rops-bialystok.pl\/andrzej3\/?p=5300'>Spotkanie Regionalnego Komitetu Rozwoju Ekonomii Spo\u0142ecznej w wojew\u00f3dztwie podlaskim (RKRES) \u2013 24.04.2017 r.<\/a><\/h4><div class='entry-meta'>28 kwietnia 2017<\/div><br><img decoding=\"async\" width=&quot;160&quot; height=&quot;120&quot; style=\"width:160px; height:120px; border-width: 10px; border-color:#f1f1f1;border: 10px solid #f1f1f1\" alt=\"\" title=\"\" src=\"https:\/\/rops-bialystok.pl\/andrzej3\/wp-content\/uploads\/2017\/04\/IMG_6340-320x240.jpg\" rel=\"https:\/\/rops-bialystok.pl\/andrzej3\/wp-content\/uploads\/2017\/04\/IMG_6340.jpg\" \/>W dniu 24 kwietnia 2017 r. odby\u0142o si\u0119 spotkanie Regionalnego Komitetu Rozwoju Ekonomii Spo\u0142ecznej w Wojew\u00f3dztwie Podlaskim (RKRES) zorganizowane przez Regionalny O\u015brodek Polityki Spo\u0142ecznej w ramach projektu \u201eKoordynacja i\u00a0monitorowanie rozwoju ekonomii spo\u0142ecznej w regionie\u201d, wsp\u00f3\u0142finansowanego przez Uni\u0119 Europejsk\u0105 ze \u015brodk\u00f3w Europejskiego Funduszu Spo\u0142ecznego w ramach Regionalnego Programu Operacyjnego Wojew\u00f3dztwa Podlaskiego na lata 2014-2020, O\u015b Priorytetowa [&hellip;]<a href='https:\/\/rops-bialystok.pl\/andrzej3\/?p=5300' class='pfpReadMore'> Czytaj ca\u0142o\u015b\u0107<\/a><div class='clear'><\/div><br><hr><\/div><div class='pfpItem entry-content'><h4 class='entry-title'><a href='https:\/\/rops-bialystok.pl\/andrzej3\/?p=4851'>Spotkanie Regionalnego Komitetu Rozwoju Ekonomii Spo\u0142ecznej w Wojew\u00f3dztwie Podlaskim<\/a><\/h4><div class='entry-meta'>20 grudnia 2016<\/div><br><img decoding=\"async\" width=&quot;160&quot; height=&quot;120&quot; style=\"width:160px; height:120px; border-width: 10px; border-color:#f1f1f1;border: 10px solid #f1f1f1\" alt=\"\" title=\"\" src=\"https:\/\/rops-bialystok.pl\/andrzej3\/wp-content\/uploads\/2016\/12\/IMG_5746-320x240.jpg\" rel=\"https:\/\/rops-bialystok.pl\/andrzej3\/wp-content\/uploads\/2016\/12\/IMG_5746.jpg\" \/>W dnia 15 grudnia 2016 r. odby\u0142o si\u0119 spotkanie Regionalnego Komitetu Rozwoju Ekonomii Spo\u0142ecznej w Wojew\u00f3dztwie Podlaskim (RKRES) zorganizowane przez Regionalny O\u015brodek Polityki Spo\u0142ecznej w ramach projektu \u201eKoordynacja i monitorowanie rozwoju ekonomii spo\u0142ecznej w regionie\u201d, wsp\u00f3\u0142finansowanego przez Uni\u0119 Europejsk\u0105 ze \u015brodk\u00f3w Europejskiego Funduszu Spo\u0142ecznego w ramach Regionalnego Programu Operacyjnego Wojew\u00f3dztwa Podlaskiego na lata 2014-2020, O\u015b [&hellip;]<a href='https:\/\/rops-bialystok.pl\/andrzej3\/?p=4851' class='pfpReadMore'> Czytaj ca\u0142o\u015b\u0107<\/a><div class='clear'><\/div><br><hr><\/div><div class='pfpItem entry-content'><h4 class='entry-title'><a href='https:\/\/rops-bialystok.pl\/andrzej3\/?p=4663'>Pierwsze spotkanie Regionalnego Komitetu Rozwoju Ekonomii Spo\u0142ecznej w Wojew\u00f3dztwie Podlaskim (RKRES)<\/a><\/h4><div class='entry-meta'>30 wrze\u015bnia 2016<\/div><br><img decoding=\"async\" width=&quot;160&quot; height=&quot;120&quot; style=\"width:160px; height:120px; border-width: 10px; border-color:#f1f1f1;border: 10px solid #f1f1f1\" alt=\"\" title=\"\" src=\"https:\/\/rops-bialystok.pl\/andrzej3\/wp-content\/uploads\/2016\/09\/2016-09-29_12.19.40-320x240.jpg\" rel=\"https:\/\/rops-bialystok.pl\/andrzej3\/wp-content\/uploads\/2016\/09\/2016-09-29_12.19.40.jpg\" \/>W dnia 27 wrze\u015bnia 2016 r. odby\u0142o si\u0119 pierwsze spotkanie Regionalnego Komitetu Rozwoju Ekonomii Spo\u0142ecznej w Wojew\u00f3dztwie Podlaskim (RKRES) zorganizowane przez Regionalny O\u015brodek Polityki Spo\u0142ecznej w ramach projektu \u201eKoordynacja i\u00a0monitorowanie rozwoju ekonomii spo\u0142ecznej w regionie\u201d, wsp\u00f3\u0142finansowanego przez Uni\u0119 Europejsk\u0105 ze \u015brodk\u00f3w Europejskiego Funduszu Spo\u0142ecznego w ramach Regionalnego Programu Operacyjnego Wojew\u00f3dztwa Podlaskiego na lata 2014-2020, O\u015b [&hellip;]<a href='https:\/\/rops-bialystok.pl\/andrzej3\/?p=4663' class='pfpReadMore'> Czytaj ca\u0142o\u015b\u0107<\/a><div class='clear'><\/div><br><hr><\/div><div class='pfpItem entry-content'><h4 class='entry-title'><a href='https:\/\/rops-bialystok.pl\/andrzej3\/?p=4500'>Powo\u0142anie Regionalnego Komitetu Rozwoju Ekonomii Spo\u0142ecznej w Wojew\u00f3dztwie Podlaskim<\/a><\/h4><div class='entry-meta'>2 czerwca 2016<\/div><br>Regionalny O\u015brodek Polityki Spo\u0142ecznej w Bia\u0142ymstoku informuje, i\u017c Uchwa\u0142\u0105 nr 138\/1695\/2016 Zarz\u0105du Wojew\u00f3dztwa Podlaskiego z dnia 24 maja 2016 roku zosta\u0142 powo\u0142any Regionalny Komitet Rozwoju Ekonomii Spo\u0142ecznej w Wojew\u00f3dztwie Podlaskim. Do zada\u0144 Regionalnego Komitetu Rozwoju Ekonomii Spo\u0142ecznej w Wojew\u00f3dztwie Podlaskim nale\u017ce\u0107 b\u0119dzie: opiniowanie corocznych raport\u00f3w z realizacji Regionalnego\/Wieloletniego Programu Rozwoju Ekonomii Spo\u0142ecznej, inicjowanie i wspieranie [&hellip;]<a href='https:\/\/rops-bialystok.pl\/andrzej3\/?p=4500' class='pfpReadMore'> Czytaj ca\u0142o\u015b\u0107<\/a><div class='clear'><\/div><br><hr><\/div>\n","protected":false},"excerpt":{"rendered":"","protected":false},"author":12,"featured_media":0,"parent":0,"menu_order":0,"comment_status":"closed","ping_status":"closed","template":"","meta":{"footnotes":""},"class_list":["post-5323","page","type-page","status-publish","hentry"],"_links":{"self":[{"href":"https:\/\/rops-bialystok.pl\/andrzej3\/index.php?rest_route=\/wp\/v2\/pages\/5323","targetHints":{"allow":["GET"]}}],"collection":[{"href":"https:\/\/rops-bialystok.pl\/andrzej3\/index.php?rest_route=\/wp\/v2\/pages"}],"about":[{"href":"https:\/\/rops-bialystok.pl\/andrzej3\/index.php?rest_route=\/wp\/v2\/types\/page"}],"author":[{"embeddable":true,"href":"https:\/\/rops-bialystok.pl\/andrzej3\/index.php?rest_route=\/wp\/v2\/users\/12"}],"replies":[{"embeddable":true,"href":"https:\/\/rops-bialystok.pl\/andrzej3\/index.php?rest_route=%2Fwp%2Fv2%2Fcomments&post=5323"}],"version-history":[{"count":2,"href":"https:\/\/rops-bialystok.pl\/andrzej3\/index.php?rest_route=\/wp\/v2\/pages\/5323\/revisions"}],"predecessor-version":[{"id":5341,"href":"https:\/\/rops-bialystok.pl\/andrzej3\/index.php?rest_route=\/wp\/v2\/pages\/5323\/revisions\/5341"}],"wp:attachment":[{"href":"https:\/\/rops-bialystok.pl\/andrzej3\/index.php?rest_route=%2Fwp%2Fv2%2Fmedia&parent=5323"}],"curies":[{"name":"wp","href":"https:\/\/api.w.org\/{rel}","templated":true}]}}