{"id":5326,"date":"2017-05-10T13:42:28","date_gmt":"2017-05-10T11:42:28","guid":{"rendered":"http:\/\/www.rops-bialystok.pl\/andrzej3\/?page_id=5326"},"modified":"2017-05-12T10:32:26","modified_gmt":"2017-05-12T08:32:26","slug":"monitoring-wpres","status":"publish","type":"page","link":"https:\/\/rops-bialystok.pl\/andrzej3\/?page_id=5326","title":{"rendered":"Monitoring WPRES"},"content":{"rendered":"<div class='pfpItem entry-content'><h4 class='entry-title'><a href='https:\/\/rops-bialystok.pl\/andrzej3\/?p=9482'>Monitoring Wieloletniego Programu Rozwoju Ekonomii Spo\u0142ecznej w wojew\u00f3dztwie podlaskim do roku 2027. Ekonomia Solidarno\u015bci Spo\u0142ecznej za rok 2022.<\/a><\/h4><div class='entry-meta'>21 wrze\u015bnia 2023<\/div><br>W dniu 7 wrze\u015bnia 2023 r. Zarz\u0105d Wojew\u00f3dztwa Podlaskiego przyj\u0105\u0142 informacj\u0119 dotycz\u0105c\u0105 Monitoringu Wieloletniego Programu Rozwoju Ekonomii Spo\u0142ecznej w wojew\u00f3dztwie podlaskim do roku 2027. Ekonomia Solidarno\u015bci Spo\u0142ecznej za rok 2022. Dokument ten zosta\u0142 opracowany w ramach realizowanego przez Regionalny O\u015brodek Polityki Spo\u0142ecznej w Bia\u0142ymstoku projektu pn. \u201eKoordynacja i monitorowanie rozwoju ekonomii spo\u0142ecznej w regionie\u201d wsp\u00f3\u0142finansowanego [&hellip;]<a href='https:\/\/rops-bialystok.pl\/andrzej3\/?p=9482' class='pfpReadMore'> Czytaj ca\u0142o\u015b\u0107<\/a><div class='clear'><\/div><br><hr><\/div><div class='pfpItem entry-content'><h4 class='entry-title'><a href='https:\/\/rops-bialystok.pl\/andrzej3\/?p=9143'>Informacja na temat Monitoringu WPRES za rok 2021<\/a><\/h4><div class='entry-meta'>9 sierpnia 2022<\/div><br>W dniu 22 czerwca 2022 r. Zarz\u0105d Wojew\u00f3dztwa Podlaskiego przyj\u0105\u0142 informacj\u0119 dotycz\u0105c\u0105 Monitoringu Wieloletniego Programu Rozwoju Ekonomii Spo\u0142ecznej w wojew\u00f3dztwie podlaskim na lata 2013 \u2013 2020 za rok 2020. Dokument ten zosta\u0142 opracowany w ramach realizowanego przez Regionalny O\u015brodek Polityki Spo\u0142ecznej w Bia\u0142ymstoku projektu pn. \u201eKoordynacja i monitorowanie rozwoju ekonomii spo\u0142ecznej w regionie\u201d wsp\u00f3\u0142finansowanego ze [&hellip;]<a href='https:\/\/rops-bialystok.pl\/andrzej3\/?p=9143' class='pfpReadMore'> Czytaj ca\u0142o\u015b\u0107<\/a><div class='clear'><\/div><br><hr><\/div><div class='pfpItem entry-content'><h4 class='entry-title'><a href='https:\/\/rops-bialystok.pl\/andrzej3\/?p=7961'>Monitoring Wieloletniego Programu Rozwoju Ekonomii Spo\u0142ecznej w wojew\u00f3dztwie podlaskim na lata 2013 \u2013 2020 za rok 2020<\/a><\/h4><div class='entry-meta'>13 lipca 2021<\/div><br>W dniu 25 czerwca 2021 r. Zarz\u0105d Wojew\u00f3dztwa Podlaskiego przyj\u0105\u0142 informacj\u0119 dotycz\u0105c\u0105 Monitoringu Wieloletniego Programu Rozwoju Ekonomii Spo\u0142ecznej w wojew\u00f3dztwie podlaskim na lata 2013 \u2013 2020 za rok 2020. Dokument ten zosta\u0142 opracowany w ramach realizowanego przez Regionalny O\u015brodek Polityki Spo\u0142ecznej w Bia\u0142ymstoku projektu pn. \u201eKoordynacja i monitorowanie rozwoju ekonomii spo\u0142ecznej w regionie\u201d wsp\u00f3\u0142finansowanego ze [&hellip;]<a href='https:\/\/rops-bialystok.pl\/andrzej3\/?p=7961' class='pfpReadMore'> Czytaj ca\u0142o\u015b\u0107<\/a><div class='clear'><\/div><br><hr><\/div><div class='pfpItem entry-content'><h4 class='entry-title'><a href='https:\/\/rops-bialystok.pl\/andrzej3\/?p=7415'>Monitoring Wieloletniego Programu Rozwoju Ekonomii Spo\u0142ecznej  w wojew\u00f3dztwie podlaskim na lata 2013 \u2013 2020 za rok 2019<\/a><\/h4><div class='entry-meta'>14 lipca 2020<\/div><br>W dniu 25 czerwca 2020 r. Zarz\u0105d Wojew\u00f3dztwa Podlaskiego przyj\u0105\u0142 informacj\u0119 dotycz\u0105c\u0105 Monitoringu Wieloletniego Programu Rozwoju Ekonomii Spo\u0142ecznej w&nbsp;wojew\u00f3dztwie podlaskim na lata 2013 \u2013 2020 za rok 2019. Dokument ten zosta\u0142 opracowany w ramach realizowanego przez Regionalny O\u015brodek Polityki Spo\u0142ecznej w&nbsp;Bia\u0142ymstoku projektu pn. \u201eKoordynacja i monitorowanie rozwoju ekonomii spo\u0142ecznej w&nbsp;regionie\u201d wsp\u00f3\u0142finansowanego ze \u015brodk\u00f3w Unii Europejskiej [&hellip;]<a href='https:\/\/rops-bialystok.pl\/andrzej3\/?p=7415' class='pfpReadMore'> Czytaj ca\u0142o\u015b\u0107<\/a><div class='clear'><\/div><br><hr><\/div><div class='pfpItem entry-content'><h4 class='entry-title'><a href='https:\/\/rops-bialystok.pl\/andrzej3\/?p=6754'>Monitoring Wieloletniego Programu Rozwoju Ekonomii Spo\u0142ecznej w Wojew\u00f3dztwie Podlaskim na lata 2013-2020 za rok 2018<\/a><\/h4><div class='entry-meta'>22 maja 2019<\/div><br>W dniu 17 maja 2019 r. Zarz\u0105d Wojew\u00f3dztwa Podlaskiego przyj\u0105\u0142 informacj\u0119 dotycz\u0105c\u0105 Monitoringu Wieloletniego Programu Rozwoju Ekonomii Spo\u0142ecznej w&nbsp;wojew\u00f3dztwie podlaskim na lata 2013 \u2013 2020 za rok 2018. Dokument ten zosta\u0142 opracowany w ramach realizowanego przez Regionalny O\u015brodek Polityki Spo\u0142ecznej w&nbsp;Bia\u0142ymstoku projektu pn. \u201eKoordynacja i monitorowanie rozwoju ekonomii spo\u0142ecznej w&nbsp;regionie\u201d wsp\u00f3\u0142finansowanego ze \u015brodk\u00f3w Unii Europejskiej [&hellip;]<a href='https:\/\/rops-bialystok.pl\/andrzej3\/?p=6754' class='pfpReadMore'> Czytaj ca\u0142o\u015b\u0107<\/a><div class='clear'><\/div><br><hr><\/div><div class='pfpItem entry-content'><h4 class='entry-title'><a href='https:\/\/rops-bialystok.pl\/andrzej3\/?p=6071'>Monitoring Wieloletniego Programu Rozwoju Ekonomii Spo\u0142ecznej w wojew\u00f3dztwie podlaskim na lata 2013 \u2013 2020 za rok 2017<\/a><\/h4><div class='entry-meta'>13 czerwca 2018<\/div><br>W dniu 13 czerwca 2018 r. Zarz\u0105d Wojew\u00f3dztwa Podlaskiego przyj\u0105\u0142 informacj\u0119 dotycz\u0105c\u0105 Monitoringu Wieloletniego Programu Rozwoju Ekonomii Spo\u0142ecznej w wojew\u00f3dztwie podlaskim na lata 2013 \u2013 2020 za rok 2017. Dokument ten zosta\u0142 opracowany w ramach realizowanego przez Regionalny O\u015brodek Polityki Spo\u0142ecznej w Bia\u0142ymstoku projektu pn. \u201eKoordynacja i monitorowanie rozwoju ekonomii spo\u0142ecznej w regionie\u201d wsp\u00f3\u0142finansowanego ze [&hellip;]<a href='https:\/\/rops-bialystok.pl\/andrzej3\/?p=6071' class='pfpReadMore'> Czytaj ca\u0142o\u015b\u0107<\/a><div class='clear'><\/div><br><hr><\/div><div class='pfpItem entry-content'><h4 class='entry-title'><a href='https:\/\/rops-bialystok.pl\/andrzej3\/?p=5465'>Monitoring Wieloletniego Programu Rozwoju Ekonomii Spo\u0142ecznej w wojew\u00f3dztwie podlaskim na lata 2013 \u2013 2020 za rok 2016<\/a><\/h4><div class='entry-meta'>14 lipca 2017<\/div><br>W dniu 22 czerwca 2017 r. Zarz\u0105d Wojew\u00f3dztwa Podlaskiego przyj\u0105\u0142 informacj\u0119 dotycz\u0105c\u0105 Monitoringu Wieloletniego Programu Rozwoju Ekonomii Spo\u0142ecznej w\u00a0wojew\u00f3dztwie podlaskim na lata 2013 \u2013 2020 za rok 2016. Dokument ten zosta\u0142 opracowany w ramach realizowanego przez Regionalny O\u015brodek Polityki Spo\u0142ecznej w Bia\u0142ymstoku projektu pn. \u201eKoordynacja i monitorowanie rozwoju ekonomii spo\u0142ecznej w regionie\u201d wsp\u00f3\u0142finansowanego ze \u015brodk\u00f3w [&hellip;]<a href='https:\/\/rops-bialystok.pl\/andrzej3\/?p=5465' class='pfpReadMore'> Czytaj ca\u0142o\u015b\u0107<\/a><div class='clear'><\/div><br><hr><\/div><div class='pfpItem entry-content'><h4 class='entry-title'><a href='https:\/\/rops-bialystok.pl\/andrzej3\/?p=4569'>Monitoring Wieloletniego Programu Rozwoju Ekonomii Spo\u0142ecznej w wojew\u00f3dztwie podlaskim na lata 2013 \u2013 2020 za rok 2015<\/a><\/h4><div class='entry-meta'>18 sierpnia 2016<\/div><br>Przekazujemy Pa\u0144stwu Monitoring Wieloletniego Programu Rozwoju Ekonomii Spo\u0142ecznej w\u00a0wojew\u00f3dztwie podlaskim na lata 2013 \u2013 2020 za rok 2015 opracowany przez Regionalny O\u015brodek Polityki Spo\u0142ecznej w Bia\u0142ymstoku w ramach projektu \u201eKoordynacja i\u00a0monitorowanie rozwoju ekonomii spo\u0142ecznej w regionie\u201d, wsp\u00f3\u0142finansowanego ze \u015brodk\u00f3w Unii Europejskiej w ramach Europejskiego Funduszu Spo\u0142ecznego, O\u015b Priorytetowa VII Poprawa Sp\u00f3jno\u015bci Spo\u0142ecznej, Dzia\u0142anie 7.3 Wzmocnienie [&hellip;]<a href='https:\/\/rops-bialystok.pl\/andrzej3\/?p=4569' class='pfpReadMore'> Czytaj ca\u0142o\u015b\u0107<\/a><div class='clear'><\/div><br><hr><\/div><div class='pfpItem entry-content'><h4 class='entry-title'><a href='https:\/\/rops-bialystok.pl\/andrzej3\/?p=4436'>Monitoring \u201eWieloletniego Programu Rozwoju Ekonomii Spo\u0142ecznej w wojew\u00f3dztwie podlaskim na lata 2013-2020\u201d za rok 2014<\/a><\/h4><div class='entry-meta'>3 wrze\u015bnia 2015<\/div><br>Przekazujemy Pa\u0144stwu raport: Monitoring \u201eWieloletniego Programu Rozwoju Ekonomii Spo\u0142ecznej w wojew\u00f3dztwie podlaskim na lata 2013-2020\u201d za rok 2014. Podstawowym celem monitoringu jest analiza dzia\u0142a\u0144 wdra\u017canych w analizowanym okresie (rok 2014) w wojew\u00f3dztwie podlaskim na rzecz ekonomii spo\u0142ecznej. Osoby zainteresowane tematem zapraszamy do zapoznania si\u0119 z do\u0142\u0105czonym raportem. Monitoring \u201eWieloletniego Programu Rozwoju Ekonomii Spo\u0142ecznej w wojew\u00f3dztwie [&hellip;]<a href='https:\/\/rops-bialystok.pl\/andrzej3\/?p=4436' class='pfpReadMore'> Czytaj ca\u0142o\u015b\u0107<\/a><div class='clear'><\/div><br><hr><\/div>\n","protected":false},"excerpt":{"rendered":"","protected":false},"author":12,"featured_media":0,"parent":0,"menu_order":0,"comment_status":"closed","ping_status":"closed","template":"","meta":{"footnotes":""},"class_list":["post-5326","page","type-page","status-publish","hentry"],"_links":{"self":[{"href":"https:\/\/rops-bialystok.pl\/andrzej3\/index.php?rest_route=\/wp\/v2\/pages\/5326","targetHints":{"allow":["GET"]}}],"collection":[{"href":"https:\/\/rops-bialystok.pl\/andrzej3\/index.php?rest_route=\/wp\/v2\/pages"}],"about":[{"href":"https:\/\/rops-bialystok.pl\/andrzej3\/index.php?rest_route=\/wp\/v2\/types\/page"}],"author":[{"embeddable":true,"href":"https:\/\/rops-bialystok.pl\/andrzej3\/index.php?rest_route=\/wp\/v2\/users\/12"}],"replies":[{"embeddable":true,"href":"https:\/\/rops-bialystok.pl\/andrzej3\/index.php?rest_route=%2Fwp%2Fv2%2Fcomments&post=5326"}],"version-history":[{"count":2,"href":"https:\/\/rops-bialystok.pl\/andrzej3\/index.php?rest_route=\/wp\/v2\/pages\/5326\/revisions"}],"predecessor-version":[{"id":5342,"href":"https:\/\/rops-bialystok.pl\/andrzej3\/index.php?rest_route=\/wp\/v2\/pages\/5326\/revisions\/5342"}],"wp:attachment":[{"href":"https:\/\/rops-bialystok.pl\/andrzej3\/index.php?rest_route=%2Fwp%2Fv2%2Fmedia&parent=5326"}],"curies":[{"name":"wp","href":"https:\/\/api.w.org\/{rel}","templated":true}]}}