{"id":5642,"date":"2017-11-24T09:46:18","date_gmt":"2017-11-24T08:46:18","guid":{"rendered":"http:\/\/www.rops-bialystok.pl\/andrzej3\/?page_id=5642"},"modified":"2023-11-20T11:40:40","modified_gmt":"2023-11-20T10:40:40","slug":"przedsiebiorstwa-spoleczne-w-wojewodztwie-podlaskim","status":"publish","type":"page","link":"https:\/\/rops-bialystok.pl\/andrzej3\/?page_id=5642","title":{"rendered":"Przedsi\u0119biorstwa Spo\u0142eczne w wojew\u00f3dztwie podlaskim"},"content":{"rendered":"<p>&#8222;Wykaz przedsi\u0119biorstw spo\u0142ecznych zgodny z art. 19 ust. 1 ustawy o ekonomii spo\u0142ecznej (Dz. U. 2022 poz. 1812) dost\u0119pny jest w Rejestrze Jednostek Pomocy Spo\u0142ecznej: <a href=\"https:\/\/rjps.mrips.gov.pl\/RJPS\/RU\/start.do?id_menu=59\">https:\/\/rjps.mrips.gov.pl\/RJPS\/RU\/start.do?id_menu=59<\/a>&#8222;<\/p>\r\n<h2><strong><span style=\"font-size: 12pt; color: #000000;\">Wykaz Przedsi\u0119biorstw Spo\u0142ecznych w wojew\u00f3dztwie podlaskim &#8211; spis aktualny na miesi\u0105c listopad 2022 r.<\/span><\/strong><\/h2>\r\n<p>Lista prowadzona przez Ministerstwa Rodziny, Pracy i Polityki Spo\u0142ecznej obejmuje podmioty wpisuj\u0105ce si\u0119 w definicje PS w Wytycznych obowi\u0105zuj\u0105cych od dnia 9 stycznia 2018 roku.<\/p>\r\n<p><strong>UWAGA!<\/strong> Baza zawiera dane podmiot\u00f3w dzia\u0142aj\u0105cych w oparciu o wytyczne CT9 (status nadany przed O\u015brodek Wsparcia Ekonomii Spo\u0142ecznej).<\/p>\r\n<p>Baza podmiot\u00f3w ze statusem nadanym przez OWES b\u0119dzie aktywna do ko\u0144ca okresu realizacji projekt\u00f3w, czyli do ko\u0144ca 2023 r.<\/p>\r\n<p><\/p>\r\n<ul>\r\n<li><strong><a href=\"https:\/\/public.tableau.com\/app\/profile\/podlaska.ekonomia.spo.eczna\/viz\/ListaPrzedsibiorstwSpoecznychwwojewdztwiepodlaskim\/Listopad2022\">Aktualna lista Przedsi\u0119biorstw Spo\u0142ecznych w wojew\u00f3dztwie podlaskim<\/a><\/strong><\/li>\r\n<li><strong><a href=\"http:\/\/www.bazaps.ekonomiaspoleczna.gov.pl\/\">Og\u00f3lnopolska wyszukiwarka Przedsi\u0119biorstw Spo\u0142ecznych<\/a><\/strong><\/li>\r\n<li><a href=\"https:\/\/www.rops-bialystok.pl\/andrzej3\/wp-content\/uploads\/2023\/11\/Lista-PS-listopad-2022.xlsx\" class=\"mtli_attachment mtli_xlsx\"><strong>Do pobrania Lista Przedsi\u0119biorstw Spo\u0142ecznych w wojew\u00f3dztwie podlaskim w postaci pliku programu Excel<\/strong><\/a><\/li>\r\n<\/ul>\r\n<p>&nbsp;<\/p>\r\n<p><a href=\"https:\/\/www.rops-bialystok.pl\/andrzej3\/wp-content\/uploads\/2023\/11\/PS-2022.png\"><img loading=\"lazy\" decoding=\"async\" class=\"wp-image-9498 size-large alignleft\" src=\"https:\/\/www.rops-bialystok.pl\/andrzej3\/wp-content\/uploads\/2023\/11\/PS-2022-1024x724.png\" alt=\"Mapa subregion\u00f3w wojew\u00f3dztwa podlaskiego z zaznaczonymi przedsi\u0119biorstwami spo\u0142ecznymi 2022 r.\" width=\"1024\" height=\"724\" srcset=\"https:\/\/rops-bialystok.pl\/andrzej3\/wp-content\/uploads\/2023\/11\/PS-2022-1024x724.png 1024w, https:\/\/rops-bialystok.pl\/andrzej3\/wp-content\/uploads\/2023\/11\/PS-2022-300x212.png 300w, https:\/\/rops-bialystok.pl\/andrzej3\/wp-content\/uploads\/2023\/11\/PS-2022-768x543.png 768w, https:\/\/rops-bialystok.pl\/andrzej3\/wp-content\/uploads\/2023\/11\/PS-2022-1536x1086.png 1536w, https:\/\/rops-bialystok.pl\/andrzej3\/wp-content\/uploads\/2023\/11\/PS-2022-2048x1448.png 2048w\" sizes=\"auto, (max-width: 1024px) 100vw, 1024px\" \/><\/a><\/p>\r\n<p><strong>Subregion Suwalski (28 PS):<\/strong><\/p>\r\n<ul>\r\n<li>11 sp\u00f3\u0142dzielni socjalnych,<\/li>\r\n<li>12 sp\u00f3\u0142ek non-profit,<\/li>\r\n<li>5 stowarzyszenia.<\/li>\r\n<\/ul>\r\n<p><strong>Subregion Bia\u0142ostocki (42 PS):<\/strong><\/p>\r\n<ul>\r\n<li>17 fundacji,<\/li>\r\n<li>10 sp\u00f3\u0142dzielni socjalnych,<\/li>\r\n<li>10 sp\u00f3\u0142ek non-profit,<\/li>\r\n<li>5 stowarzysze\u0144.<\/li>\r\n<\/ul>\r\n<p><strong>Subregion Bielski (16 PS):<\/strong><\/p>\r\n<ul>\r\n<li>10 fundacji,<\/li>\r\n<li>2 sp\u00f3\u0142dzielnie socjalne,<\/li>\r\n<li>4 stowarzysze\u0144.<\/li>\r\n<\/ul>\r\n<p><strong>Subregion \u0141om\u017cy\u0144ski 34 PS):<\/strong><\/p>\r\n<ul>\r\n<li>24 fundacji,<\/li>\r\n<li>8 sp\u00f3\u0142dzielni socjalnych,<\/li>\r\n<li>1 sp\u00f3\u0142ka non-profit,<\/li>\r\n<li>1 stowarzyszenie.<\/li>\r\n<\/ul>","protected":false},"excerpt":{"rendered":"<p>&#8222;Wykaz przedsi\u0119biorstw spo\u0142ecznych zgodny z art. 19 ust. 1 ustawy o ekonomii spo\u0142ecznej (Dz. U. 2022 poz. 1812) dost\u0119pny jest w Rejestrze Jednostek Pomocy Spo\u0142ecznej: https:\/\/rjps.mrips.gov.pl\/RJPS\/RU\/start.do?id_menu=59&#8222; Wykaz Przedsi\u0119biorstw Spo\u0142ecznych w wojew\u00f3dztwie podlaskim &#8211; spis aktualny na miesi\u0105c listopad 2022 r. Lista prowadzona przez Ministerstwa Rodziny, Pracy i Polityki Spo\u0142ecznej obejmuje podmioty wpisuj\u0105ce si\u0119 w definicje [&hellip;]<\/p>\n","protected":false},"author":12,"featured_media":0,"parent":0,"menu_order":0,"comment_status":"closed","ping_status":"closed","template":"","meta":{"footnotes":""},"class_list":["post-5642","page","type-page","status-publish","hentry"],"_links":{"self":[{"href":"https:\/\/rops-bialystok.pl\/andrzej3\/index.php?rest_route=\/wp\/v2\/pages\/5642","targetHints":{"allow":["GET"]}}],"collection":[{"href":"https:\/\/rops-bialystok.pl\/andrzej3\/index.php?rest_route=\/wp\/v2\/pages"}],"about":[{"href":"https:\/\/rops-bialystok.pl\/andrzej3\/index.php?rest_route=\/wp\/v2\/types\/page"}],"author":[{"embeddable":true,"href":"https:\/\/rops-bialystok.pl\/andrzej3\/index.php?rest_route=\/wp\/v2\/users\/12"}],"replies":[{"embeddable":true,"href":"https:\/\/rops-bialystok.pl\/andrzej3\/index.php?rest_route=%2Fwp%2Fv2%2Fcomments&post=5642"}],"version-history":[{"count":109,"href":"https:\/\/rops-bialystok.pl\/andrzej3\/index.php?rest_route=\/wp\/v2\/pages\/5642\/revisions"}],"predecessor-version":[{"id":9519,"href":"https:\/\/rops-bialystok.pl\/andrzej3\/index.php?rest_route=\/wp\/v2\/pages\/5642\/revisions\/9519"}],"wp:attachment":[{"href":"https:\/\/rops-bialystok.pl\/andrzej3\/index.php?rest_route=%2Fwp%2Fv2%2Fmedia&parent=5642"}],"curies":[{"name":"wp","href":"https:\/\/api.w.org\/{rel}","templated":true}]}}