{"id":5898,"date":"2018-02-09T09:57:31","date_gmt":"2018-02-09T08:57:31","guid":{"rendered":"http:\/\/www.rops-bialystok.pl\/andrzej3\/?page_id=5898"},"modified":"2019-01-02T11:32:57","modified_gmt":"2019-01-02T10:32:57","slug":"podlaska-siec-wspolpracy","status":"publish","type":"page","link":"https:\/\/rops-bialystok.pl\/andrzej3\/?page_id=5898","title":{"rendered":"Podlaska Sie\u0107 Wsp\u00f3\u0142pracy"},"content":{"rendered":"<p style=\"text-align: justify;\" data-wahfont=\"13\">W dniu 29 maja 2018 roku odby\u0142o si\u0119 spotkanie dla Podmiot\u00f3w Ekonomii Spo\u0142ecznej tj. Centr\u00f3w Integracji Spo\u0142ecznej i Klub\u00f3w Integracji Spo\u0142ecznej z wojew\u00f3dztwa podlaskiego zorganizowane przez Regionalny O\u015brodek Polityki Spo\u0142ecznej&nbsp;w Bia\u0142ymstoku realizuj\u0105cy projekt pozakonkursowy \u201eKoordynacja i monitorowanie rozwoju ekonomii spo\u0142ecznej w regionie\u201d, wsp\u00f3\u0142finansowany przez Uni\u0119 Europejsk\u0105 ze \u015brodk\u00f3w Europejskiego Funduszu Spo\u0142ecznego w ramach Regionalnego Programu Operacyjnego Wojew\u00f3dztwa Podlaskiego na lata 2014-2020, O\u015b Priorytetowa VII Poprawa Sp\u00f3jno\u015bci Spo\u0142ecznej, Dzia\u0142anie 7.3 Wzmocnienie roli ekonomii spo\u0142ecznej w rozwoju spo\u0142eczno-gospodarczym wojew\u00f3dztwa podlaskiego.<\/p>\n<p style=\"text-align: justify;\" data-wahfont=\"13\">Podczas spotkania zosta\u0142a podj\u0119ta inicjatywa o formalnym zawi\u0105zaniu <strong>Podlaskiej Sieci Wsp\u00f3\u0142pracy CIS i KIS,<\/strong> w zwi\u0105zku z czym w dniu 10 lipca 2018 roku podpisano porozumienie. Zobowi\u0105zanie wsp\u00f3\u0142pracy zadeklarowa\u0142y nast\u0119puj\u0105ce instytucje: <strong>Regionalny O\u015brodek Polityki Spo\u0142ecznej w Bia\u0142ymstoku<\/strong>, <strong>Centrum Integracji Spo\u0142ecznej<\/strong> <strong>przy Stowarzyszeniu Dla Rozwoju w Suwa\u0142kach, Centrum Integracji Spo\u0142ecznej w Grajewie, Centrum Integracji Spo\u0142ecznej \u201e\u017belazna\u201d w Bia\u0142ymstoku, Stowarzyszenie Inicjatyw Spo\u0142eczno-Gospodarczych Centrum Integracji Spo\u0142ecznej w Augustowie, Klub Integracji Spo\u0142ecznej \u201eSukces w dzia\u0142aniu\u201d w \u0141apach<\/strong>. Celem g\u0142\u00f3wnym funkcjonowania sieci jest zapewnienie dodatkowych form wsparcia wynikaj\u0105cych z potrzeb wskazanych przez podlaskie podmioty CIS i KIS. Sie\u0107 ma charakter otwarty, a uczestnictwo w niej jest oparte na zasadach dobrowolno\u015bci i woli wsp\u00f3\u0142pracy.<\/p>\n<p data-wahfont=\"13\">Przyst\u0105pienie do <strong>Podlaskiej Sieci Wsp\u00f3\u0142pracy CIS i KIS <\/strong>w charakterze nowego cz\u0142onka Sieci nast\u0119puje poprzez:<\/p>\n<ol>\n<li>Wype\u0142nienie i podpisanie Formularza zg\u0142oszeniowego przyst\u0105pienia do Sieci oraz przes\u0142anie wype\u0142nionego i podpisanego Formularza zg\u0142oszeniowego do Regionalnego O\u015brodka Polityki Spo\u0142ecznej w Bia\u0142ymstoku w celu jego weryfikacji;<\/li>\n<li>Akceptacj\u0119 tre\u015bci niniejszego Porozumienia oraz obowi\u0105zuj\u0105cych zasad funkcjonowania <strong>Podlaskiej Sieci Wsp\u00f3\u0142pracy CIS i KIS <\/strong>zawartych w innych dokumentach formalnych wypracowanych w trakcie jej dzia\u0142ania m.in. w Regulaminach;<\/li>\n<li>Pozytywn\u0105 weryfikacj\u0119 przez Organizatora kandydatury danego podmiotu na podstawie Formularza zg\u0142oszeniowego.<\/li>\n<\/ol>\n<p data-wahfont=\"13\">W za\u0142\u0105czeniu przekazujemy porozumienie oraz formularz zg\u0142oszeniowy. Osob\u0105 do kontaktu w przedmiotowej sprawie jest Pani Bo\u017cena Sury, tel. 85&nbsp;744 72 75.<\/p>\n<p data-wahfont=\"13\">Zapraszamy do przyst\u0105pienia do&nbsp;<strong>Podlaskiej Sieci Wsp\u00f3\u0142pracy CIS i KIS.<\/strong><\/p>\n<p data-wahfont=\"13\">&nbsp;Za\u0142\u0105czniki do pobrania:<\/p>\n<p data-wahfont=\"13\"><a class=\"mtli_attachment mtli_pdf mtli_attachment mtli_pdf\" href=\"http:\/\/www.rops-bialystok.pl\/andrzej3\/wp-content\/uploads\/2018\/09\/Porozumienie-o-wsp\u00f3\u0142pracy_Podlaska-Sie\u0107-Wsp\u00f3\u0142pracy-CIS-i-KIS.pdf\" data-wahfont=\"13\">Porozumienie<\/a><\/p>\n<p data-wahfont=\"13\"><a class=\"mtli_attachment mtli_pdf mtli_attachment mtli_pdf\" href=\"http:\/\/www.rops-bialystok.pl\/andrzej3\/wp-content\/uploads\/2018\/09\/FORMULARZ-ZG\u0141OSZENIOWY-PRZYST\u0104PIENIA-DO-SIECI-CIS-i-KIS.pdf\" data-wahfont=\"13\">Formularz zg\u0142oszeniowy<\/a><\/p>\n<p data-wahfont=\"13\">&nbsp;<\/p>\n","protected":false},"excerpt":{"rendered":"<p>W dniu 29 maja 2018 roku odby\u0142o si\u0119 spotkanie dla Podmiot\u00f3w Ekonomii Spo\u0142ecznej tj. Centr\u00f3w Integracji Spo\u0142ecznej i Klub\u00f3w Integracji Spo\u0142ecznej z wojew\u00f3dztwa podlaskiego zorganizowane przez Regionalny O\u015brodek Polityki Spo\u0142ecznej&nbsp;w Bia\u0142ymstoku realizuj\u0105cy projekt pozakonkursowy \u201eKoordynacja i monitorowanie rozwoju ekonomii spo\u0142ecznej w regionie\u201d, wsp\u00f3\u0142finansowany przez Uni\u0119 Europejsk\u0105 ze \u015brodk\u00f3w Europejskiego Funduszu Spo\u0142ecznego w ramach Regionalnego Programu [&hellip;]<\/p>\n","protected":false},"author":12,"featured_media":0,"parent":0,"menu_order":0,"comment_status":"closed","ping_status":"closed","template":"","meta":{"footnotes":""},"class_list":["post-5898","page","type-page","status-publish","hentry"],"_links":{"self":[{"href":"https:\/\/rops-bialystok.pl\/andrzej3\/index.php?rest_route=\/wp\/v2\/pages\/5898","targetHints":{"allow":["GET"]}}],"collection":[{"href":"https:\/\/rops-bialystok.pl\/andrzej3\/index.php?rest_route=\/wp\/v2\/pages"}],"about":[{"href":"https:\/\/rops-bialystok.pl\/andrzej3\/index.php?rest_route=\/wp\/v2\/types\/page"}],"author":[{"embeddable":true,"href":"https:\/\/rops-bialystok.pl\/andrzej3\/index.php?rest_route=\/wp\/v2\/users\/12"}],"replies":[{"embeddable":true,"href":"https:\/\/rops-bialystok.pl\/andrzej3\/index.php?rest_route=%2Fwp%2Fv2%2Fcomments&post=5898"}],"version-history":[{"count":7,"href":"https:\/\/rops-bialystok.pl\/andrzej3\/index.php?rest_route=\/wp\/v2\/pages\/5898\/revisions"}],"predecessor-version":[{"id":6548,"href":"https:\/\/rops-bialystok.pl\/andrzej3\/index.php?rest_route=\/wp\/v2\/pages\/5898\/revisions\/6548"}],"wp:attachment":[{"href":"https:\/\/rops-bialystok.pl\/andrzej3\/index.php?rest_route=%2Fwp%2Fv2%2Fmedia&parent=5898"}],"curies":[{"name":"wp","href":"https:\/\/api.w.org\/{rel}","templated":true}]}}