{"id":5934,"date":"2018-03-12T11:11:29","date_gmt":"2018-03-12T10:11:29","guid":{"rendered":"http:\/\/www.rops-bialystok.pl\/andrzej3\/?page_id=5934"},"modified":"2023-04-06T13:27:48","modified_gmt":"2023-04-06T11:27:48","slug":"specjalistyczne-doradztwo","status":"publish","type":"page","link":"https:\/\/rops-bialystok.pl\/andrzej3\/?page_id=5934","title":{"rendered":"Specjalistyczne doradztwo"},"content":{"rendered":"<h2 style=\"text-align: left;\"><span style=\"font-size: 12pt; color: #000000;\"><strong>Informacja z zakresu \u015bwiadczenia specjalistycznej us\u0142ugi doradczej z zakresu zam\u00f3wie\u0144 publicznych&nbsp; <\/strong><\/span><\/h2>\n<p style=\"text-align: left;\">Regionalny O\u015brodek Polityki Spo\u0142ecznej w Bia\u0142ymstoku informuje, i\u017c prowadzi bezp\u0142atn\u0105 us\u0142ug\u0119 doradztwa w obszarze zam\u00f3wie\u0144 publicznych, w ramach realizacji projektu pozakonkursowego \u201eKoordynacja i monitorowanie rozwoju ekonomii spo\u0142ecznej w regionie\u201d wsp\u00f3\u0142finansowanego ze \u015brodk\u00f3w Unii Europejskiej w ramach Europejskiego Funduszu Spo\u0142ecznego, Regionalnego Programu Operacyjnego Wojew\u00f3dztwa Podlaskiego na lata 2014-2020, O\u015b Priorytetowa VII Poprawa Sp\u00f3jno\u015bci Spo\u0142ecznej, Dzia\u0142anie 7.3 Wzmocnienie roli ekonomii spo\u0142ecznej w rozwoju spo\u0142eczno-gospodarczym wojew\u00f3dztwa podlaskiego.<\/p>\n<p style=\"text-align: left;\">Zakres us\u0142ugi obejmuje przeprowadzenie specjalistycznej us\u0142ugi doradczej z zakresu zam\u00f3wie\u0144 publicznych, tj. stosowania klauzul spo\u0142ecznych i spo\u0142ecznie odpowiedzialnych zam\u00f3wie\u0144 publicznych dla jednostek samorz\u0105du terytorialnego i podmiot\u00f3w ekonomii spo\u0142ecznej z terenu wojew\u00f3dztwa podlaskiego, m.in:<\/p>\n<ul style=\"text-align: left;\">\n<li>podstawy prawne zam\u00f3wie\u0144 publicznych, kto i kiedy stosuje ustaw\u0119 Prawo zam\u00f3wie\u0144 publicznych (Pzp), podstawowe zasady Pzp,<\/li>\n<li>podstawowe informacje nt. spo\u0142ecznie odpowiedzialnych zam\u00f3wie\u0144 publicznych i klauzul spo\u0142ecznych,<\/li>\n<li>podstawy prawne klauzul spo\u0142ecznych i rodzaje klauzul spo\u0142ecznych,<\/li>\n<li>charakterystyka grup, kt\u00f3re mog\u0105 by\u0107 uwzgl\u0119dnianie w klauzulach spo\u0142ecznych,<\/li>\n<li>klauzule spo\u0142eczne w praktyce: co nale\u017cy zrobi\u0107, aby zastosowa\u0107 klauzule spo\u0142eczne w&nbsp;zam\u00f3wieniu,<\/li>\n<li>jakie korzy\u015bci mo\u017cna odnie\u015b\u0107 ze stosowania spo\u0142ecznie odpowiedzialnych zam\u00f3wie\u0144 publicznych i klauzul spo\u0142ecznych: jak oceni\u0107 efekty stosowania klauzul,<\/li>\n<li>problemy, kt\u00f3re mog\u0105 si\u0119 pojawi\u0107 przy stosowaniu klauzul spo\u0142ecznych oraz sposoby radzenia sobie z nimi,<\/li>\n<li>praktyczne zastosowanie klauzul spo\u0142ecznych oraz wprowadzanie zapis\u00f3w dot. klauzul spo\u0142ecznych do dokumentacji przetargowej.<\/li>\n<\/ul>\n<p style=\"text-align: left;\">Us\u0142uga doradcza&nbsp; \u015bwiadczona jest mobilne przez doradc\u0119 w siedzibie Beneficjenta Ostatecznego, a&nbsp;tak\u017ce w siedzibie ROPS poprzez kontakt osobisty z doradc\u0105, a tak\u017ce udzielanie odpowiedzi i opinie udzielane mailowo czy telefonicznie&nbsp; na pytania czy w\u0105tpliwo\u015bci zg\u0142aszane przez Beneficjent\u00f3w Ostatecznych.<\/p>\n<p style=\"text-align: left;\">Doradztwo z zakresu zam\u00f3wie\u0144 publicznych b\u0119dzie prowadzi\u0142 Pan Andrzej Wi\u015bniewski.<\/p>\n<p style=\"text-align: left;\">Zg\u0142oszenie prosimy kierowa\u0107 na nr 85 744 72 75&nbsp; lub e-mail: <a href=\"mailto:projektes@rops-bialystok.pl\">projektes@rops-bialystok.pl<\/a><\/p>\n<p style=\"text-align: left;\">W zg\u0142oszeniu prosimy o wskazanie dogodnego dla Pa\u0144stwa terminu realizacji us\u0142ugi.<\/p>\n<p style=\"text-align: left;\">&nbsp;<\/p>\n<h2 style=\"text-align: left;\"><span style=\"font-size: 12pt; color: #000000;\"><strong>Informacja z zakresu \u015bwiadczenia specjalistycznej us\u0142ugi doradczej z zakresu opracowania i aktualizacji dokument\u00f3w strategicznych&nbsp; <\/strong><\/span><\/h2>\n<p style=\"text-align: left;\">Regionalny O\u015brodek Polityki Spo\u0142ecznej w Bia\u0142ymstoku informuje, i\u017c prowadzi bezp\u0142atn\u0105 us\u0142ug\u0119 doradztwa z zakresu opracowania i aktualizacji dokument\u00f3w strategicznych, w ramach realizacji projektu pozakonkursowego \u201eKoordynacja i monitorowanie rozwoju ekonomii spo\u0142ecznej w regionie\u201d wsp\u00f3\u0142finansowanego ze \u015brodk\u00f3w Unii Europejskiej w ramach Europejskiego Funduszu Spo\u0142ecznego, Regionalnego Programu Operacyjnego Wojew\u00f3dztwa Podlaskiego na lata 2014-2020, O\u015b Priorytetowa VII Poprawa Sp\u00f3jno\u015bci Spo\u0142ecznej, Dzia\u0142anie 7.3 Wzmocnienie roli ekonomii spo\u0142ecznej w rozwoju spo\u0142eczno-gospodarczym wojew\u00f3dztwa podlaskiego.<\/p>\n<p style=\"text-align: left;\">Zakres us\u0142ugi obejmuje zagadnienia zwi\u0105zane z przeprowadzeniem specjalistycznej us\u0142ugi doradczej w zakresie opracowania i aktualizacji dokument\u00f3w strategicznych dla jednostek samorz\u0105du terytorialnego, tj. wprowadzanie do dokument\u00f3w strategicznych jednostek samorz\u0105du terytorialnego wojew\u00f3dztwa podlaskiego zapis\u00f3w dot. ekonomii spo\u0142ecznej i\/lub tworzenia lokalnych plan\u00f3w rozwoju ekonomii spo\u0142ecznej, m.in:<\/p>\n<ul style=\"text-align: left;\">\n<li>analiza stanu obecnego w zakresie przedmiotu zam\u00f3wienia,<\/li>\n<li>diagnozy obszaru ekonomii spo\u0142ecznej na terenie gminy\/powiatu wojew\u00f3dztwa podlaskiego,<\/li>\n<li>aktualizacja i pomoc w opracowaniu dokumentu strategicznego, w kt\u00f3rym uwzgl\u0119dniono zapisy ekonomii spo\u0142ecznej i\/lub aktualizacja i pomoc w opracowaniu lokalnego planu rozwoju ekonomii spo\u0142ecznej gminy\/powiatu wojew\u00f3dztwa podlaskiego,<\/li>\n<li>analiza i weryfikacja dokument\u00f3w strategicznych dot. udzielanego wsparcia.<\/li>\n<\/ul>\n<p style=\"text-align: left;\">Us\u0142uga doradcza&nbsp; \u015bwiadczona jest mobilne przez doradc\u0119 w siedzibie Beneficjenta Ostatecznego, a&nbsp;tak\u017ce w siedzibie ROPS poprzez kontakt osobisty z doradc\u0105, a tak\u017ce udzielanie odpowiedzi i opinie udzielane mailowo czy telefonicznie&nbsp; na pytania czy w\u0105tpliwo\u015bci zg\u0142aszane przez Beneficjent\u00f3w Ostatecznych.<\/p>\n<p style=\"text-align: left;\">Doradztwo z zakresu opracowania i aktualizacji dokument\u00f3w strategicznych b\u0119dzie prowadzi\u0107 Pani Anna Tomulewicz.<\/p>\n<p style=\"text-align: left;\">Zg\u0142oszenie prosimy kierowa\u0107 na nr 85 744 72 75&nbsp; lub e-mail: <a href=\"mailto:projektes@rops-bialystok.pl\">projektes@rops-bialystok.pl<\/a><\/p>\n<p style=\"text-align: left;\">W zg\u0142oszeniu prosimy o wskazanie dogodnego dla Pa\u0144stwa terminu realizacji us\u0142ugi.<\/p>\n<p style=\"text-align: left;\">&nbsp;<\/p>\n<p><strong>Dane Kontaktowe:<\/strong><\/p>\n<p style=\"text-align: left;\">Projekt &#8222;Koordynacja i monitorowanie rozwoju ekonomii spo\u0142ecznej w regionie&#8221;<\/p>\n<p style=\"text-align: left;\">Regionalny O\u015brodek Polityki Spo\u0142ecznej w Bia\u0142ymstoku<\/p>\n<p style=\"text-align: left;\">ul.Kombatant\u00f3w 7<\/p>\n<p style=\"text-align: left;\">15-110 Bia\u0142ystok<\/p>\n<p style=\"text-align: left;\">fax. 85 744 71 37<\/p>\n<p style=\"text-align: left;\">tel. 85 744 72 75<\/p>\n<p style=\"text-align: left;\"><strong>Serdecznie zapraszamy i zach\u0119camy do korzystania z us\u0142ugi doradczej!<\/strong><\/p>\n","protected":false},"excerpt":{"rendered":"<p>Informacja z zakresu \u015bwiadczenia specjalistycznej us\u0142ugi doradczej z zakresu zam\u00f3wie\u0144 publicznych&nbsp; Regionalny O\u015brodek Polityki Spo\u0142ecznej w Bia\u0142ymstoku informuje, i\u017c prowadzi bezp\u0142atn\u0105 us\u0142ug\u0119 doradztwa w obszarze zam\u00f3wie\u0144 publicznych, w ramach realizacji projektu pozakonkursowego \u201eKoordynacja i monitorowanie rozwoju ekonomii spo\u0142ecznej w regionie\u201d wsp\u00f3\u0142finansowanego ze \u015brodk\u00f3w Unii Europejskiej w ramach Europejskiego Funduszu Spo\u0142ecznego, Regionalnego Programu Operacyjnego Wojew\u00f3dztwa Podlaskiego [&hellip;]<\/p>\n","protected":false},"author":12,"featured_media":0,"parent":0,"menu_order":0,"comment_status":"closed","ping_status":"closed","template":"","meta":{"footnotes":""},"class_list":["post-5934","page","type-page","status-publish","hentry"],"_links":{"self":[{"href":"https:\/\/rops-bialystok.pl\/andrzej3\/index.php?rest_route=\/wp\/v2\/pages\/5934","targetHints":{"allow":["GET"]}}],"collection":[{"href":"https:\/\/rops-bialystok.pl\/andrzej3\/index.php?rest_route=\/wp\/v2\/pages"}],"about":[{"href":"https:\/\/rops-bialystok.pl\/andrzej3\/index.php?rest_route=\/wp\/v2\/types\/page"}],"author":[{"embeddable":true,"href":"https:\/\/rops-bialystok.pl\/andrzej3\/index.php?rest_route=\/wp\/v2\/users\/12"}],"replies":[{"embeddable":true,"href":"https:\/\/rops-bialystok.pl\/andrzej3\/index.php?rest_route=%2Fwp%2Fv2%2Fcomments&post=5934"}],"version-history":[{"count":3,"href":"https:\/\/rops-bialystok.pl\/andrzej3\/index.php?rest_route=\/wp\/v2\/pages\/5934\/revisions"}],"predecessor-version":[{"id":9259,"href":"https:\/\/rops-bialystok.pl\/andrzej3\/index.php?rest_route=\/wp\/v2\/pages\/5934\/revisions\/9259"}],"wp:attachment":[{"href":"https:\/\/rops-bialystok.pl\/andrzej3\/index.php?rest_route=%2Fwp%2Fv2%2Fmedia&parent=5934"}],"curies":[{"name":"wp","href":"https:\/\/api.w.org\/{rel}","templated":true}]}}