{"id":6712,"date":"2019-04-24T14:55:59","date_gmt":"2019-04-24T12:55:59","guid":{"rendered":"http:\/\/www.rops-bialystok.pl\/andrzej3\/?page_id=6712"},"modified":"2023-04-05T15:08:42","modified_gmt":"2023-04-05T13:08:42","slug":"standardy-dostepnosci","status":"publish","type":"page","link":"https:\/\/rops-bialystok.pl\/andrzej3\/?page_id=6712","title":{"rendered":"Standardy Dost\u0119pno\u015bci"},"content":{"rendered":"<p style=\"text-align: left;\"><strong>Informacje o dost\u0119pno\u015bci<\/strong><\/p>\n<p style=\"text-align: left;\"><strong>Do Projektu \u201eKoordynacja&nbsp; i monitorowanie rozwoju ekonomii spo\u0142ecznej w regionie\u201d, <\/strong>realizowanego przez Regionalny O\u015brodek Polityki Spo\u0142ecznej w Bia\u0142ymstoku, wsp\u00f3\u0142finansowanego przez Uni\u0119 Europejsk\u0105 ze \u015brodk\u00f3w Europejskiego Funduszu Spo\u0142ecznego w ramach Regionalnego Programu Operacyjnego Wojew\u00f3dztwa Podlaskiego na lata 2014-2020, O\u015b Priorytetowa VII Poprawa Sp\u00f3jno\u015bci Spo\u0142ecznej, Dzia\u0142anie 7.3 Wzmocnienie roli ekonomii spo\u0142ecznej w rozwoju spo\u0142eczno-gospodarczym wojew\u00f3dztwa podlaskiego.<\/p>\n<p style=\"text-align: left;\"><strong>&nbsp;<\/strong><\/p>\n<p><strong>Standardy dost\u0119pno\u015bci:<\/strong><\/p>\n<p style=\"text-align: left;\"><strong>&nbsp;<\/strong><\/p>\n<p style=\"text-align: left;\">Materia\u0142y informacyjne o projekcie (plakaty, ulotki, broszury) i dokumenty rekrutacyjne (karty zg\u0142oszeniowe) s\u0105 przygotowane w spos\u00f3b dost\u0119pny i s\u0105 udost\u0119pnione w wersji elektronicznej na stronie <a href=\"http:\/\/www.rops-bialystok.pl\/rops\/\">www.rops-bialystok.pl<\/a><\/p>\n<p style=\"text-align: left;\">&nbsp;<\/p>\n<p style=\"text-align: left;\">W dzia\u0142aniach informacyjno-promocyjnych nie wykorzystuje si\u0119 przekazu dyskryminuj\u0105cego, o\u015bmieszaj\u0105cego b\u0105d\u017a utrwalaj\u0105cego stereotypy ze wzgl\u0119du na niepe\u0142nosprawno\u015b\u0107, p\u0142e\u0107, ras\u0119 lub pochodzenie etniczne, religi\u0119, \u015bwiatopogl\u0105d, wiek lub orientacje seksualn\u0105.<\/p>\n<p style=\"text-align: left;\">&nbsp;<\/p>\n<p style=\"text-align: left;\">Je\u017celi wydarzenie organizowane jest z wykorzystaniem post\u0119powania na podstawie ustawy z dnia 29 stycznia 2004 roku &#8211; Prawo zam\u00f3wie\u0144 publicznych (Dz. U. z 2017 r. poz. 1579, z p\u00f3\u017an. zm.) zamawiaj\u0105cy ju\u017c na etapie dokumentacji zam\u00f3wienia uwzgl\u0119dnia kwestie dost\u0119pno\u015bci \u2013 w zale\u017cno\u015bci od tego co jest tre\u015bci\u0105 tego zam\u00f3wienia (na przyk\u0142ad klauzule spo\u0142eczne \u2013 w\u0142\u0105czenie osoby z niepe\u0142nosprawno\u015bci\u0105 do wykonania zam\u00f3wienia).<\/p>\n<p style=\"text-align: left;\">&nbsp;<\/p>\n<p style=\"text-align: left;\">Komunikacja na linii beneficjent \u2013 uczestnik\/-czka projektu jest zapewniona przez trzy sposoby komunikacji: z wykorzystaniem telefonu, e-maila, faxu. W przypadku osoby z takim rodzajem niepe\u0142nosprawno\u015bci, kt\u00f3ry uniemo\u017cliwia b\u0105d\u017a utrudnia samodzielne odczytanie formularza, pracownik podmiotu do kt\u00f3rego zg\u0142osi\u0142a si\u0119 dana osoba, odczytuje formularz, materia\u0142y rekrutacyjne czy inne niezb\u0119dne dokumenty.<\/p>\n<p style=\"text-align: left;\">&nbsp;<\/p>\n<p style=\"text-align: left;\">Formularze wykorzystywane w procesie rekrutacji \u2013 karty zg\u0142oszeniowe zawieraj\u0105 pytania o specjalne potrzeby uczestnika\/-czki projektu:<\/p>\n<ul style=\"text-align: left;\">\n<li>korzystanie z sal\/pokoju dostosowanego do potrzeb os\u00f3b z dysfunkcjami ruchu;<\/li>\n<li>specjalne wy\u017cywienie<\/li>\n<\/ul>\n<p style=\"text-align: left;\">&nbsp;<\/p>\n<p style=\"text-align: left;\">Miejsce realizacji projektu \u2013 szkole\u0144, warsztat\u00f3w, seminari\u00f3w \u2013 Hotel 3 TRIO w Bia\u0142ymstoku, ul. Hurtowa 3 jest dost\u0119pny dla os\u00f3b z r\u00f3\u017cnymi rodzajami niepe\u0142nosprawno\u015bci (wej\u015bcie na poziomie terenu wok\u00f3\u0142 budynku, winda, sale i pokoje dostosowane do potrzeb os\u00f3b z dysfunkcjami ruchu. Na kondygnacjach dost\u0119pnych dla os\u00f3b z niepe\u0142nosprawno\u015bci\u0105 s\u0105 przystosowane toalety. Na korytarzach nie ma wystaj\u0105cych gablot, reklam, element\u00f3w dekoracji, kt\u00f3re mog\u0142yby by\u0107 przeszkod\u0105 dla os\u00f3b niepe\u0142nosprawnych. Dost\u0119pna jest recepcja. Wej\u015bcie g\u0142\u00f3wne do budynku jest wej\u015bciem dostosowanym technicznie do potrzeb os\u00f3b z dysfunkcjami ruchu i zgodne z przepisami przeciwpo\u017carowymi s\u0105 drzwi automatyczne rozsuwane o szeroko\u015bci minimum 90 cm przy jednym skrzydle. Zapewnione jest stanowisko postojowe dla os\u00f3b z niepe\u0142nosprawno\u015bciami .<\/p>\n<p style=\"text-align: left;\">&nbsp;<\/p>\n<p style=\"text-align: left;\">Materia\u0142y z wydarzenia s\u0105 mo\u017cliwe do pozyskania dla jego uczestnik\u00f3w\/-czek w postaci dost\u0119pnego pliku. U\u017cyty j\u0119zyk jest zrozumia\u0142y dla przeci\u0119tnego obywatela (zawiera jak najmniej specjalistycznego s\u0142ownictwa, unika skomplikowanej sk\u0142adni, zachowuje naturalny szyk zdania).<\/p>\n<p style=\"text-align: left;\">&nbsp;<\/p>\n<p style=\"text-align: left;\">Serwis urz\u0119du zosta\u0142 stworzony zgodnie ze standardami W3C oraz WCAG2.0 w oparciu o mechanizmy u\u0142atwiaj\u0105ce osobom niepe\u0142nosprawnym dost\u0119p do publikowanych tre\u015bci. Serwis jest zgodny ze standardami W3C:<\/p>\n<ul style=\"text-align: left;\">\n<li style=\"text-align: justify;\">HTML5<\/li>\n<li style=\"text-align: justify;\">WCAG 2.0 (Podw\u00f3jne A)<\/li>\n<\/ul>\n<p style=\"text-align: left;\">Serwis jest w pe\u0142ni rozpoznawalny przez programy czytaj\u0105ce dla os\u00f3b niewidomych Window-Eyes, JAWS czy NVDA.<\/p>\n<p style=\"text-align: left;\">Obs\u0142uga serwisu mo\u017cliwa jest zar\u00f3wno przy pomocy klawiatury jak i myszki.<\/p>\n<p style=\"text-align: left;\">Serwis jest wyposa\u017cony w mechanizmy u\u0142atwiaj\u0105ce przegl\u0105danie tre\u015bci przez osoby niedowidz\u0105ce. Zmiana wielko\u015bci czcionki, zmiana kontrastu.<\/p>\n<p style=\"text-align: left;\">Ca\u0142o\u015b\u0107 serwisu oparta jest na stylach CSS.<\/p>\n<p style=\"text-align: left;\">Serwis nie jest wyposa\u017cony w skr\u00f3ty klawiaturowe, kt\u00f3re mog\u0142y by wchodzi\u0107 w konflikt z technologiami asystuj\u0105cymi (np. programy czytaj\u0105ce), systemem lub aplikacjami u\u017cytkownik\u00f3w.<\/p>\n","protected":false},"excerpt":{"rendered":"<p>Informacje o dost\u0119pno\u015bci Do Projektu \u201eKoordynacja&nbsp; i monitorowanie rozwoju ekonomii spo\u0142ecznej w regionie\u201d, realizowanego przez Regionalny O\u015brodek Polityki Spo\u0142ecznej w Bia\u0142ymstoku, wsp\u00f3\u0142finansowanego przez Uni\u0119 Europejsk\u0105 ze \u015brodk\u00f3w Europejskiego Funduszu Spo\u0142ecznego w ramach Regionalnego Programu Operacyjnego Wojew\u00f3dztwa Podlaskiego na lata 2014-2020, O\u015b Priorytetowa VII Poprawa Sp\u00f3jno\u015bci Spo\u0142ecznej, Dzia\u0142anie 7.3 Wzmocnienie roli ekonomii spo\u0142ecznej w rozwoju spo\u0142eczno-gospodarczym [&hellip;]<\/p>\n","protected":false},"author":12,"featured_media":0,"parent":0,"menu_order":0,"comment_status":"closed","ping_status":"closed","template":"","meta":{"footnotes":""},"class_list":["post-6712","page","type-page","status-publish","hentry"],"_links":{"self":[{"href":"https:\/\/rops-bialystok.pl\/andrzej3\/index.php?rest_route=\/wp\/v2\/pages\/6712","targetHints":{"allow":["GET"]}}],"collection":[{"href":"https:\/\/rops-bialystok.pl\/andrzej3\/index.php?rest_route=\/wp\/v2\/pages"}],"about":[{"href":"https:\/\/rops-bialystok.pl\/andrzej3\/index.php?rest_route=\/wp\/v2\/types\/page"}],"author":[{"embeddable":true,"href":"https:\/\/rops-bialystok.pl\/andrzej3\/index.php?rest_route=\/wp\/v2\/users\/12"}],"replies":[{"embeddable":true,"href":"https:\/\/rops-bialystok.pl\/andrzej3\/index.php?rest_route=%2Fwp%2Fv2%2Fcomments&post=6712"}],"version-history":[{"count":5,"href":"https:\/\/rops-bialystok.pl\/andrzej3\/index.php?rest_route=\/wp\/v2\/pages\/6712\/revisions"}],"predecessor-version":[{"id":9244,"href":"https:\/\/rops-bialystok.pl\/andrzej3\/index.php?rest_route=\/wp\/v2\/pages\/6712\/revisions\/9244"}],"wp:attachment":[{"href":"https:\/\/rops-bialystok.pl\/andrzej3\/index.php?rest_route=%2Fwp%2Fv2%2Fmedia&parent=6712"}],"curies":[{"name":"wp","href":"https:\/\/api.w.org\/{rel}","templated":true}]}}