{"id":7,"date":"2012-05-09T11:43:14","date_gmt":"2012-05-09T11:43:14","guid":{"rendered":"http:\/\/www.rops-bialystok.pl\/andrzej3\/?page_id=7"},"modified":"2023-11-28T08:59:41","modified_gmt":"2023-11-28T07:59:41","slug":"dane-teleadresowe","status":"publish","type":"page","link":"https:\/\/rops-bialystok.pl\/andrzej3\/?page_id=7","title":{"rendered":"Kontakt"},"content":{"rendered":"<p style=\"text-align: left;\" align=\"center\"><span style=\"font-size: 12pt;\"><strong>Regionalny O\u015brodek Polityki Spo\u0142ecznej w Bia\u0142ymstoku<\/strong><\/span><\/p>\n<p style=\"text-align: left;\" align=\"center\"><span style=\"font-size: 12pt;\">Dane kontaktowe:<\/span><\/p>\n<ul>\n<li style=\"text-align: left;\"><span style=\"font-size: 12pt;\">ul. gen. George\u2019a Smitha Pattona 8<\/span><\/li>\n<li style=\"text-align: left;\"><span style=\"font-size: 12pt;\">15-688 Bia\u0142ystok<\/span><\/li>\n<li style=\"text-align: left;\"><span style=\"font-size: 12pt;\">tel. <strong>85 744 72 72<\/strong><\/span><\/li>\n<li style=\"text-align: left;\"><span style=\"font-size: 12pt;\">fax. <strong>85 744 71 37<\/strong><\/span><\/li>\n<li style=\"text-align: left;\"><span style=\"font-size: 12pt;\">Godziny pracy urz\u0119du: 7:30 \u2013 15:30<\/span><\/li>\n<li style=\"text-align: left;\"><span style=\"font-size: 12pt;\">E-mail: <strong><a href=\"mailto:rops@rops-bialystok.pl\">rops@rops-bialystok.pl<\/a><\/strong><\/span><\/li>\n<\/ul>\n","protected":false},"excerpt":{"rendered":"<p>Regionalny O\u015brodek Polityki Spo\u0142ecznej w Bia\u0142ymstoku Dane kontaktowe: ul. gen. George\u2019a Smitha Pattona 8 15-688 Bia\u0142ystok tel. 85 744 72 72 fax. 85 744 71 37 Godziny pracy urz\u0119du: 7:30 \u2013 15:30 E-mail: rops@rops-bialystok.pl<\/p>\n","protected":false},"author":12,"featured_media":0,"parent":0,"menu_order":0,"comment_status":"closed","ping_status":"closed","template":"","meta":{"footnotes":""},"class_list":["post-7","page","type-page","status-publish","hentry"],"_links":{"self":[{"href":"https:\/\/rops-bialystok.pl\/andrzej3\/index.php?rest_route=\/wp\/v2\/pages\/7","targetHints":{"allow":["GET"]}}],"collection":[{"href":"https:\/\/rops-bialystok.pl\/andrzej3\/index.php?rest_route=\/wp\/v2\/pages"}],"about":[{"href":"https:\/\/rops-bialystok.pl\/andrzej3\/index.php?rest_route=\/wp\/v2\/types\/page"}],"author":[{"embeddable":true,"href":"https:\/\/rops-bialystok.pl\/andrzej3\/index.php?rest_route=\/wp\/v2\/users\/12"}],"replies":[{"embeddable":true,"href":"https:\/\/rops-bialystok.pl\/andrzej3\/index.php?rest_route=%2Fwp%2Fv2%2Fcomments&post=7"}],"version-history":[{"count":25,"href":"https:\/\/rops-bialystok.pl\/andrzej3\/index.php?rest_route=\/wp\/v2\/pages\/7\/revisions"}],"predecessor-version":[{"id":9522,"href":"https:\/\/rops-bialystok.pl\/andrzej3\/index.php?rest_route=\/wp\/v2\/pages\/7\/revisions\/9522"}],"wp:attachment":[{"href":"https:\/\/rops-bialystok.pl\/andrzej3\/index.php?rest_route=%2Fwp%2Fv2%2Fmedia&parent=7"}],"curies":[{"name":"wp","href":"https:\/\/api.w.org\/{rel}","templated":true}]}}