{"id":705,"date":"2012-11-17T23:28:17","date_gmt":"2012-11-17T22:28:17","guid":{"rendered":"http:\/\/www.rops-bialystok.pl\/andrzej3\/?page_id=705"},"modified":"2013-10-21T12:41:58","modified_gmt":"2013-10-21T10:41:58","slug":"baza-podmiotow","status":"publish","type":"page","link":"https:\/\/rops-bialystok.pl\/andrzej3\/?page_id=705","title":{"rendered":"Baza podmiot\u00f3w"},"content":{"rendered":"<p style=\"text-align: center;\">\u00a0<strong>Baza danych podmiot\u00f3w ekonomii spo\u0142ecznej w wojew\u00f3dztwie podlaskim<\/strong><\/p>\n<p style=\"text-align: center;\">[pdb_list class=&#8221;full-list centered&#8221; search=&#8221;true&#8221; sort=&#8221;true&#8221; ]<\/p>\n","protected":false},"excerpt":{"rendered":"<p>\u00a0Baza danych podmiot\u00f3w ekonomii spo\u0142ecznej w wojew\u00f3dztwie podlaskim [pdb_list class=&#8221;full-list centered&#8221; search=&#8221;true&#8221; sort=&#8221;true&#8221; ]<\/p>\n","protected":false},"author":12,"featured_media":0,"parent":0,"menu_order":0,"comment_status":"closed","ping_status":"closed","template":"","meta":{"footnotes":""},"class_list":["post-705","page","type-page","status-publish","hentry"],"_links":{"self":[{"href":"https:\/\/rops-bialystok.pl\/andrzej3\/index.php?rest_route=\/wp\/v2\/pages\/705","targetHints":{"allow":["GET"]}}],"collection":[{"href":"https:\/\/rops-bialystok.pl\/andrzej3\/index.php?rest_route=\/wp\/v2\/pages"}],"about":[{"href":"https:\/\/rops-bialystok.pl\/andrzej3\/index.php?rest_route=\/wp\/v2\/types\/page"}],"author":[{"embeddable":true,"href":"https:\/\/rops-bialystok.pl\/andrzej3\/index.php?rest_route=\/wp\/v2\/users\/12"}],"replies":[{"embeddable":true,"href":"https:\/\/rops-bialystok.pl\/andrzej3\/index.php?rest_route=%2Fwp%2Fv2%2Fcomments&post=705"}],"version-history":[{"count":21,"href":"https:\/\/rops-bialystok.pl\/andrzej3\/index.php?rest_route=\/wp\/v2\/pages\/705\/revisions"}],"predecessor-version":[{"id":3646,"href":"https:\/\/rops-bialystok.pl\/andrzej3\/index.php?rest_route=\/wp\/v2\/pages\/705\/revisions\/3646"}],"wp:attachment":[{"href":"https:\/\/rops-bialystok.pl\/andrzej3\/index.php?rest_route=%2Fwp%2Fv2%2Fmedia&parent=705"}],"curies":[{"name":"wp","href":"https:\/\/api.w.org\/{rel}","templated":true}]}}