{"id":731,"date":"2012-11-18T14:33:55","date_gmt":"2012-11-18T13:33:55","guid":{"rendered":"http:\/\/www.rops-bialystok.pl\/andrzej3\/?page_id=731"},"modified":"2023-07-18T13:42:49","modified_gmt":"2023-07-18T11:42:49","slug":"strona-glowna","status":"publish","type":"page","link":"https:\/\/rops-bialystok.pl\/andrzej3\/","title":{"rendered":"Strona g\u0142\u00f3wna"},"content":{"rendered":"<div class='pfpItem entry-content'><h4 class='entry-title'><a href='https:\/\/rops-bialystok.pl\/andrzej3\/?p=9525'>\u201ePremia spo\u0142eczna\u201d - nowe mo\u017cliwo\u015bci w zlecaniu us\u0142ug podmiotom ekonomii spo\u0142ecznej<\/a><\/h4><div class='entry-meta'>15 grudnia 2023<\/div><br>Wsp\u00f3\u0142czesne spo\u0142eczno\u015bci lokalne stoj\u0105 przed wieloma wyzwaniami: pocz\u0105wszy od zapewnienia wysokiej jako\u015bci opieki zdrowotnej, przez wsparcie os\u00f3b starszych i z niepe\u0142nosprawno\u015bciami, a\u017c po przeciwdzia\u0142anie wykluczeniu spo\u0142ecznemu. W odpowiedzi na te potrzeby Ministerstwo Rodziny i Polityki Spo\u0142ecznej zaplanowa\u0142o projekt &#8222;Premia spo\u0142eczna&#8221;, kt\u00f3rego celem jest wykorzystanie potencja\u0142u sektora ekonomii spo\u0142ecznej do realizacji us\u0142ug spo\u0142ecznych, a jednocze\u015bnie generowania [&hellip;]<a href='https:\/\/rops-bialystok.pl\/andrzej3\/?p=9525' class='pfpReadMore'> Czytaj ca\u0142o\u015b\u0107<\/a><div class='clear'><\/div><br><hr><\/div><div class='pfpItem entry-content'><h4 class='entry-title'><a href='https:\/\/rops-bialystok.pl\/andrzej3\/?p=9512'>Wsparcie finansowe dla Podmiot\u00f3w Ekonomii Spo\u0142ecznej<\/a><\/h4><div class='entry-meta'>15 listopada 2023<\/div><br>Polska Fundacja Przedsi\u0119biorczo\u015bci wraz z Bankiem Gospodarstwa Krajowego przygotowa\u0142a ofert\u0119 wsparcia finansowego w postaci po\u017cyczki p\u0142ynno\u015bciowej oraz po\u017cyczki misyjnej. Po\u017cyczka P\u0142ynno\u015bciowa dla Podmiot\u00f3w Ekonomii Spo\u0142ecznej: Maksymalna warto\u015b\u0107 po\u017cyczki: nie wi\u0119cej ni\u017c 50.000,00 z\u0142 (do wysoko\u015bci 40% warto\u015bci rocznego obrotu za ostatni zamkni\u0119ty rok obrachunkowy z dzia\u0142alno\u015bci gospodarczej lub odp\u0142atnej dzia\u0142alno\u015bci statutowej). Oprocentowanie sta\u0142e \u2013 0,5 [&hellip;]<a href='https:\/\/rops-bialystok.pl\/andrzej3\/?p=9512' class='pfpReadMore'> Czytaj ca\u0142o\u015b\u0107<\/a><div class='clear'><\/div><br><hr><\/div><div class='pfpItem entry-content'><h4 class='entry-title'><a href='https:\/\/rops-bialystok.pl\/andrzej3\/?p=9490'>Spotkanie Regionalnego Komitetu Rozwoju Ekonomii Spo\u0142ecznej w Wojew\u00f3dztwie Podlaskim (RKRES) \u2013 22 wrze\u015bnia 2023 r.<\/a><\/h4><div class='entry-meta'>8 listopada 2023<\/div><br>W dniu 22 wrze\u015bnia 2023 r. w Bia\u0142ymstoku, w Restauracji MOZART, odby\u0142o si\u0119 drugie spotkanie Regionalnego Komitetu Rozwoju Ekonomii Spo\u0142ecznej w Wojew\u00f3dztwie Podlaskim (RKRES) organizowane w ramach projektu \u201eKoordynacja i monitorowanie rozwoju ekonomii spo\u0142ecznej w regionie\u201d przez Regionalny O\u015brodek Polityki Spo\u0142ecznej w Bia\u0142ymstoku. Udzia\u0142 w nim wzi\u0119\u0142o 18 Cz\u0142onk\u00f3w. Spotkanie rozpocz\u0119\u0142a Pani El\u017cbieta Rajewska-Nikonowicz \u2013 [&hellip;]<a href='https:\/\/rops-bialystok.pl\/andrzej3\/?p=9490' class='pfpReadMore'> Czytaj ca\u0142o\u015b\u0107<\/a><div class='clear'><\/div><br><hr><\/div><div class='pfpItem entry-content'><h4 class='entry-title'><a href='https:\/\/rops-bialystok.pl\/andrzej3\/?p=9482'>Monitoring Wieloletniego Programu Rozwoju Ekonomii Spo\u0142ecznej w wojew\u00f3dztwie podlaskim do roku 2027. Ekonomia Solidarno\u015bci Spo\u0142ecznej za rok 2022.<\/a><\/h4><div class='entry-meta'>21 wrze\u015bnia 2023<\/div><br>W dniu 7 wrze\u015bnia 2023 r. Zarz\u0105d Wojew\u00f3dztwa Podlaskiego przyj\u0105\u0142 informacj\u0119 dotycz\u0105c\u0105 Monitoringu Wieloletniego Programu Rozwoju Ekonomii Spo\u0142ecznej w wojew\u00f3dztwie podlaskim do roku 2027. Ekonomia Solidarno\u015bci Spo\u0142ecznej za rok 2022. Dokument ten zosta\u0142 opracowany w ramach realizowanego przez Regionalny O\u015brodek Polityki Spo\u0142ecznej w Bia\u0142ymstoku projektu pn. \u201eKoordynacja i monitorowanie rozwoju ekonomii spo\u0142ecznej w regionie\u201d wsp\u00f3\u0142finansowanego [&hellip;]<a href='https:\/\/rops-bialystok.pl\/andrzej3\/?p=9482' class='pfpReadMore'> Czytaj ca\u0142o\u015b\u0107<\/a><div class='clear'><\/div><br><hr><\/div><div class='pfpItem entry-content'><h4 class='entry-title'><a href='https:\/\/rops-bialystok.pl\/andrzej3\/?p=9469'>Spotkanie Regionalnego Komitetu Rozwoju Ekonomii Spo\u0142ecznej w Wojew\u00f3dztwie Podlaskim (RKRES) \u2013 2 sierpnia 2023 r.<\/a><\/h4><div class='entry-meta'>4 sierpnia 2023<\/div><br><img decoding=\"async\" src=\"https:\/\/rops-bialystok.pl\/andrzej3\/wp-content\/uploads\/2023\/08\/579A0268-150x150.jpg\" \/>W dniu 2 sierpnia 2023 r. w Bia\u0142ymstoku, w Restauracji MOZART, odby\u0142o si\u0119 spotkanie Regionalnego Komitetu Rozwoju Ekonomii Spo\u0142ecznej w Wojew\u00f3dztwie Podlaskim (RKRES) organizowane w ramach projektu \u201eKoordynacja i monitorowanie rozwoju ekonomii spo\u0142ecznej w regionie\u201d przez Regionalny O\u015brodek Polityki Spo\u0142ecznej w Bia\u0142ymstoku. Udzia\u0142 w nim wzi\u0119\u0142o 17 Cz\u0142onk\u00f3w. Spotkanie rozpocz\u0119\u0142a Pani El\u017cbieta Rajewska-Nikonowicz &#8211; Dyrektor [&hellip;]<a href='https:\/\/rops-bialystok.pl\/andrzej3\/?p=9469' class='pfpReadMore'> Czytaj ca\u0142o\u015b\u0107<\/a><div class='clear'><\/div><br><hr><\/div><div class='pfpItem entry-content'><h4 class='entry-title'><a href='https:\/\/rops-bialystok.pl\/andrzej3\/?p=9391'>Relacja z wizyty studyjnej w subregionie suwalskim w dniach 13-14.07.2023 r.<\/a><\/h4><div class='entry-meta'>18 lipca 2023<\/div><br><img decoding=\"async\" width=&quot;160&quot; height=&quot;120&quot; style=\"width:160px; height:120px; border-width: 10px; border-color:#f1f1f1;border: 10px solid #f1f1f1\" alt=\"Wizyta studyjna w subregionie suwalskim. Grupa os\u00f3b chodzi po pokoju i ogl\u0105da m.in. obrazy kt\u00f3re wisz\u0105 na \u015bcianach. Na \u015brodku pomieszczenia stoi du\u017cy st\u00f3\u0142.\" title=\"\" src=\"https:\/\/rops-bialystok.pl\/andrzej3\/wp-content\/uploads\/2023\/07\/IMG_20230713_112347-160x120.jpg\" rel=\"https:\/\/rops-bialystok.pl\/andrzej3\/wp-content\/uploads\/2023\/07\/IMG_20230713_112347-scaled.jpg\" \/>W dniach 13-14.07.2023 r. odby\u0142a si\u0119 wizyta studyjna dla Podlaskich Sieci Wsp\u00f3\u0142pracy na terenie woj. podlaskiego w granicach subregionu suwalskiego, zorganizowana przez Regionalny O\u015brodek Polityki Spo\u0142ecznej w Bia\u0142ymstoku w ramach projektu \u201eKoordynacja i monitorowanie rozwoju ekonomii spo\u0142ecznej w regionie\u201d, wsp\u00f3\u0142finansowanego przez Uni\u0119 Europejsk\u0105 ze \u015brodk\u00f3w Europejskiego Funduszu Spo\u0142ecznego w ramach Regionalnego Programu Operacyjnego Wojew\u00f3dztwa Podlaskiego [&hellip;]<a href='https:\/\/rops-bialystok.pl\/andrzej3\/?p=9391' class='pfpReadMore'> Czytaj ca\u0142o\u015b\u0107<\/a><div class='clear'><\/div><br><hr><\/div><div class='pfpItem entry-content'><h4 class='entry-title'><a href='https:\/\/rops-bialystok.pl\/andrzej3\/?p=9383'>Spotkanie pn. \u201eOWES w nowej perspektywie finansowej 2021-2027\u201d  \u2013 11 lipca 2023 r.<\/a><\/h4><div class='entry-meta'>30 czerwca 2023<\/div><br>Regionalny O\u015brodek Polityki Spo\u0142ecznej w Bia\u0142ymstoku informuje, i\u017c w Urz\u0119dzie Marsza\u0142kowskim\u00a0 Wojew\u00f3dztwa Podlaskiego (ul. Poleska 89, 15-874 Bia\u0142ystok) odb\u0119dzie si\u0119 \u00a0spotkanie pn. \u201eOWES w nowej perspektywie finansowej 2021-2027\u201d, na kt\u00f3re serdecznie zapraszamy. Celem spotkania jest przybli\u017cenie uczestnikom nowych zasad realizacji us\u0142ug wsparcia i rozwoju ekonomii spo\u0142ecznej \u2013 projekt\u00f3w OWES w nowej perspektywie, a tak\u017ce roli [&hellip;]<a href='https:\/\/rops-bialystok.pl\/andrzej3\/?p=9383' class='pfpReadMore'> Czytaj ca\u0142o\u015b\u0107<\/a><div class='clear'><\/div><br><hr><\/div><div class='pfpItem entry-content'><h4 class='entry-title'><a href='https:\/\/rops-bialystok.pl\/andrzej3\/?p=9379'>Zaproszenie na dwudniow\u0105 wizyt\u0119 studyjn\u0105 dla Podlaskich Sieci Wsp\u00f3\u0142pracy<\/a><\/h4><div class='entry-meta'>26 czerwca 2023<\/div><br>Regionalny O\u015brodek Polityki Spo\u0142ecznej w Bia\u0142ymstoku realizuj\u0105cy projekt \u201eKoordynacja i monitorowanie rozwoju ekonomii spo\u0142ecznej w regionie\u201d, wsp\u00f3\u0142finansowany ze \u015brodk\u00f3w Europejskiego Funduszu Spo\u0142ecznego w ramach Regionalnego Programu Operacyjnego Wojew\u00f3dztwa Podlaskiego na lata 2014-2020, O\u015b Priorytetowa VII Poprawa Sp\u00f3jno\u015bci Spo\u0142ecznej, Dzia\u0142anie 7.3 Wzmocnienie roli ekonomii spo\u0142ecznej w rozwoju spo\u0142eczno-gospodarczym wojew\u00f3dztwa podlaskiego, serdecznie zaprasza przedstawicieli Podlaskich Sieci Wsp\u00f3\u0142pracy, [&hellip;]<a href='https:\/\/rops-bialystok.pl\/andrzej3\/?p=9379' class='pfpReadMore'> Czytaj ca\u0142o\u015b\u0107<\/a><div class='clear'><\/div><br><hr><\/div><div class='pfpItem entry-content'><h4 class='entry-title'><a href='https:\/\/rops-bialystok.pl\/andrzej3\/?p=9364'>Bezp\u0142atna konferencja \"Opieka D\u0142ugoterminowa w Praktyce\" w Bia\u0142ymstoku<\/a><\/h4><div class='entry-meta'>12 czerwca 2023<\/div><br><img decoding=\"async\" src=\"https:\/\/rops-bialystok.pl\/andrzej3\/wp-content\/uploads\/2023\/06\/Program-Opieka-Dlugoterminowa_Bialystok-1-150x150.png\" \/>Regionalny O\u015brodek Polityki Spo\u0142ecznej w Bia\u0142ymstoku informuje, i\u017c dnia 13 czerwca 2023 r. w hotelu 3 Trio w Bia\u0142ymstoku, przy ul. Hurtowej 3, odb\u0119dzie si\u0119 praktyczna konferencja &#8222;Opieka D\u0142ugoterminowa w Praktyce&#8221; pod Honorowym Patronatem Ministra Zdrowia. Przejd\u017a do strony konferencji i zarejestruj si\u0119 ju\u017c dzi\u015b: https:\/\/opiekawpraktyce.pl\/rejestracja\/bialystok2023 To wyj\u0105tkowe spotkanie tworzone przez Konsultanta Krajowego w dziedzinie [&hellip;]<a href='https:\/\/rops-bialystok.pl\/andrzej3\/?p=9364' class='pfpReadMore'> Czytaj ca\u0142o\u015b\u0107<\/a><div class='clear'><\/div><br><hr><\/div><div class='pfpItem entry-content'><h4 class='entry-title'><a href='https:\/\/rops-bialystok.pl\/andrzej3\/?p=9338'>Relacja z XII Podlaskich Targ\u00f3w Ekonomii Spo\u0142ecznej<\/a><\/h4><div class='entry-meta'>31 maja 2023<\/div><br><img decoding=\"async\" width=&quot;160&quot; height=&quot;120&quot; style=\"width:160px; height:120px; border-width: 10px; border-color:#f1f1f1;border: 10px solid #f1f1f1\" alt=\"Relacja z 12 Podlaskich Targ\u00f3w Ekonomii Spo\u0142ecznej na terenie Muzeum Wsi. Du\u017ca scena rozstawiona na zielonym terenie. Obok stoi drewniany dom. Po obu stronach sceny stoj\u0105 banery organizator\u00f3w i patron\u00f3w medialnych. Na scenie stoj\u0105 dwie kobiety i m\u0119\u017cczyzna.\" title=\"\" src=\"https:\/\/rops-bialystok.pl\/andrzej3\/wp-content\/uploads\/2023\/05\/IMG_20230528_112113-320x240.jpg\" rel=\"https:\/\/rops-bialystok.pl\/andrzej3\/wp-content\/uploads\/2023\/05\/IMG_20230528_112113-scaled.jpg\" \/>W dniu 28 maja 2023 r na terenie Muzeum Wsi, podczas wydarzenia \u201eZielone \u015awi\u0105tki w Skansenie\u201d, odby\u0142y si\u0119 XII Podlaskie Targi Ekonomii Spo\u0142ecznej organizowane przez Regionalny O\u015brodek Polityki Spo\u0142ecznej przy wsp\u00f3\u0142pracy z Podlaskim Muzeum Kultury Ludowej. Targi odby\u0142y si\u0119 w ramach projektu \u201eKoordynacja i monitorowania rozwoju ekonomii spo\u0142ecznej w regionie\u201d, wsp\u00f3\u0142finansowanego ze \u015brodk\u00f3w Europejskiego Funduszu [&hellip;]<a href='https:\/\/rops-bialystok.pl\/andrzej3\/?p=9338' class='pfpReadMore'> Czytaj ca\u0142o\u015b\u0107<\/a><div class='clear'><\/div><br><hr><\/div><div class='pfpItem entry-content'><h4 class='entry-title'><a href='https:\/\/rops-bialystok.pl\/andrzej3\/?p=9330'>Zaproszenie na XII Podlaskie Targi Ekonomii Spo\u0142ecznej \u2013 28 maja 2023 roku<\/a><\/h4><div class='entry-meta'>19 maja 2023<\/div><br><img loading=\"lazy\" decoding=\"async\" class=\"aligncenter wp-image-21218\" src=\"http:\/\/www.rops-bialystok.pl\/rops\/wp-content\/uploads\/2023\/05\/plakat-726x1024.jpg\" alt=\"Plakat promuj\u0105cy 12 targi Podlaskiej Ekonomii Spo\u0142ecznej\" width=\"653\" height=\"921\" \/>Regionalny O\u015brodek Polityki Spo\u0142ecznej w Bia\u0142ymstoku zaprasza na XII Podlaskie Targi Ekonomii Spo\u0142ecznej, wsp\u00f3\u0142organizowane z Podlaskim Muzeum Kultury Ludowej, kt\u00f3re odb\u0119d\u0105 si\u0119 w\u00a0dniu 28 maja 2023 r. w godz. 11:00-17:00 na terenie Muzeum Wsi (Le\u015bna 7, 16-010 Wasilk\u00f3w), podczas wydarzenia \u201eZielone \u015awi\u0105tki w Skansenie\u201d. Celem Targ\u00f3w jest promocja dzia\u0142alno\u015bci podmiot\u00f3w ekonomii spo\u0142ecznej oraz integracja z\u00a0mieszka\u0144cami [&hellip;]<a href='https:\/\/rops-bialystok.pl\/andrzej3\/?p=9330' class='pfpReadMore'> Czytaj ca\u0142o\u015b\u0107<\/a><div class='clear'><\/div><br><hr><\/div><div class='pfpItem entry-content'><h4 class='entry-title'><a href='https:\/\/rops-bialystok.pl\/andrzej3\/?p=9304'>Zaproszenie na Webinar o Preferencyjnych Po\u017cyczkach dla Podmiot\u00f3w Ekonomii Spo\u0142ecznej z terenu ca\u0142ej Polski na start i na rozw\u00f3j dzia\u0142alno\u015bci - w dniu 18.04.2023 roku, godz. 11:00<\/a><\/h4><div class='entry-meta'>14 kwietnia 2023<\/div><br><img decoding=\"async\" src=\"https:\/\/rops-bialystok.pl\/andrzej3\/wp-content\/uploads\/2023\/04\/WEBINAR-18.04.2023-150x150.jpg\" \/>Fundacja Rozwoju Przedsi\u0119biorczo\u015bci w Suwa\u0142kach jako Po\u015brednik Finansowy Projektu ,,Wdro\u017cenie instrumentu po\u017cyczkowego w ramach Krajowego Funduszu Przedsi\u0119biorczo\u015bci Spo\u0142ecznej\u2019\u2019 w zwi\u0105zku z posiadan\u0105 preferencyjn\u0105 ofert\u0105 po\u017cyczkow\u0105 serdecznie zaprasza Podmioty Ekonomii Spo\u0142eczne oraz Instytucje nimi zarz\u0105dzaj\u0105ce na Webinar o Mo\u017cliwo\u015bci rozwoju poprzez wsparcie finansowe w ramach Po\u017cyczek Preferencyjnych na Start lub na Rozw\u00f3j skierowanych do Podmiot\u00f3w Ekonomii [&hellip;]<a href='https:\/\/rops-bialystok.pl\/andrzej3\/?p=9304' class='pfpReadMore'> Czytaj ca\u0142o\u015b\u0107<\/a><div class='clear'><\/div><br><hr><\/div><div class='pfpItem entry-content'><h4 class='entry-title'><a href='https:\/\/rops-bialystok.pl\/andrzej3\/?p=9226'>Konkurs o przyznanie certyfikatu Znak Ekonomii Spo\u0142ecznej i Solidarnej 2023<\/a><\/h4><div class='entry-meta'>13 marca 2023<\/div><br>Uprzejmie informujemy, \u017ce dn. 2 marca 2023 r. zosta\u0142a og\u0142oszona VI edycja Konkursu Znak Jako\u015bci Ekonomii Spo\u0142ecznej i Solidarnej 2023. Termin na sk\u0142adanie wniosk\u00f3w up\u0142ywa 31 marca br. Konkurs ma na celu wyr\u00f3\u017cnienia podmiot\u00f3w, kt\u00f3re potrafi\u0105 po\u0142\u0105czy\u0107 dzia\u0142alno\u015b\u0107 ekonomiczn\u0105 ze spo\u0142ecznym zaanga\u017cowaniem oraz samorz\u0105d\u00f3w, kt\u00f3re aktywnie wspieraj\u0105 tworzenie i rozw\u00f3j podmiot\u00f3w ekonomii spo\u0142ecznej. Przyznawane certyfikaty [&hellip;]<a href='https:\/\/rops-bialystok.pl\/andrzej3\/?p=9226' class='pfpReadMore'> Czytaj ca\u0142o\u015b\u0107<\/a><div class='clear'><\/div><br><hr><\/div>\n\n<div class=\"wpi_text\">\n<div class=\"wpi_text\">\n<div class=\"wpi_text\">\n<div class=\"wpi_text\">\n<div style=\"text-align: center;\"><a href='https:\/\/www.rops-bialystok.pl\/andrzej3\/?page_id=9411' onclick='' class='wpi_designer_button   wpi_shadow wpi_shadow_1px wpi_text_shadow_no wpi_texture_no wpi_border_all wpi_padding_10px wpi_5px wpi_designer_button_5076 wpi_icon wpi_icon_no wpi_icon_left  ' target='' rel=''><i class=''><\/i><span class='wpi_text'>Archiwum wiadomo\u015bci z roku 2022<\/span><\/a><\/div>\n<div style=\"text-align: center;\"><a href='http:\/\/www.rops-bialystok.pl\/andrzej3\/?page_id=8854' onclick='' class='wpi_designer_button   wpi_shadow wpi_shadow_1px wpi_text_shadow_no wpi_texture_no wpi_border_all wpi_padding_10px wpi_5px wpi_designer_button_5076 wpi_icon wpi_icon_no wpi_icon_left  ' target='' rel=''><i class=''><\/i><span class='wpi_text'>Archiwum wiadomo\u015bci z roku 2021<\/span><\/a><\/div>\n<div style=\"text-align: center;\"><a href='http:\/\/www.rops-bialystok.pl\/andrzej3\/?page_id=8167' onclick='' class='wpi_designer_button   wpi_shadow wpi_shadow_1px wpi_text_shadow_no wpi_texture_no wpi_border_all wpi_padding_10px wpi_5px wpi_designer_button_5076 wpi_icon wpi_icon_no wpi_icon_left  ' target='' rel=''><i class=''><\/i><span class='wpi_text'>Archiwum aktualno\u015bci z roku 2020<\/span><\/a><\/div>\n<div style=\"text-align: center;\"><a href=' http:\/\/www.rops-bialystok.pl\/andrzej3\/?page_id=7484' onclick='' class='wpi_designer_button   wpi_shadow wpi_shadow_1px wpi_text_shadow_no wpi_texture_no wpi_border_all wpi_padding_10px wpi_5px wpi_designer_button_5076 wpi_icon wpi_icon_no wpi_icon_left  ' target='' rel=''><i class=''><\/i><span class='wpi_text'>Archiwum wiadomo\u015bci  z roku 2019<\/span><\/a><\/div>\n<div style=\"text-align: center;\"><a href='http:\/\/www.rops-bialystok.pl\/andrzej3\/?page_id=6579 ' onclick='' class='wpi_designer_button   wpi_shadow wpi_shadow_1px wpi_text_shadow_no wpi_texture_no wpi_border_all wpi_padding_10px wpi_5px wpi_designer_button_5076 wpi_icon wpi_icon_no wpi_icon_left  ' target='' rel=''><i class=''><\/i><span class='wpi_text'>Archiwum wiadomo\u015bci  z roku 2018<\/span><\/a><\/div>\n<div style=\"text-align: center;\"><a href='http:\/\/www.rops-bialystok.pl\/andrzej3\/?page_id=5894' onclick='' class='wpi_designer_button   wpi_shadow wpi_shadow_1px wpi_text_shadow_no wpi_texture_no wpi_border_all wpi_padding_10px wpi_5px wpi_designer_button_5076 wpi_icon wpi_icon_no wpi_icon_left  ' target='' rel=''><i class=''><\/i><span class='wpi_text'>Archiwum wiadomo\u015bci  z roku 2017<\/span><\/a><\/div>\n<div class=\"wpi_text\" style=\"text-align: center;\"><a href='http:\/\/www.rops-bialystok.pl\/andrzej3\/?page_id=5119' onclick='' class='wpi_designer_button   wpi_shadow wpi_shadow_1px wpi_text_shadow_no wpi_texture_no wpi_border_all wpi_padding_10px wpi_5px wpi_designer_button_5076 wpi_icon wpi_icon_no wpi_icon_left  ' target='' rel=''><i class=''><\/i><span class='wpi_text'>Archiwum wiadomo\u015bci z roku 2016<\/span><\/a><\/div>\n<\/div>\n<div class=\"wpi_text\" style=\"text-align: center;\"><a href='http:\/\/www.rops-bialystok.pl\/andrzej3\/?page_id=5115' onclick='' class='wpi_designer_button   wpi_shadow wpi_shadow_1px wpi_text_shadow_no wpi_texture_no wpi_border_all wpi_padding_10px wpi_5px wpi_designer_button_5076 wpi_icon wpi_icon_no wpi_icon_left  ' target='' rel=''><i class=''><\/i><span class='wpi_text'>Archiwum wiadomo\u015bci z roku 2015<\/span><\/a><\/div>\n<\/div>\n<div class=\"wpi_text\" style=\"text-align: center;\"><a href='http:\/\/www.rops-bialystok.pl\/andrzej3\/?page_id=5111' onclick='' class='wpi_designer_button   wpi_shadow wpi_shadow_1px wpi_text_shadow_no wpi_texture_no wpi_border_all wpi_padding_10px wpi_5px wpi_designer_button_5076 wpi_icon wpi_icon_no wpi_icon_left  ' target='' rel=''><i class=''><\/i><span class='wpi_text'>Archiwum wiadomo\u015bci z roku 2014<\/span><\/a><\/div>\n<\/div>\n<div class=\"wpi_text\" style=\"text-align: center;\"><a href='http:\/\/www.rops-bialystok.pl\/andrzej3\/?page_id=5086&#038;preview=true' onclick='' class='wpi_designer_button   wpi_shadow wpi_shadow_1px wpi_text_shadow_no wpi_texture_no wpi_border_all wpi_padding_10px wpi_5px wpi_designer_button_5076 wpi_icon wpi_icon_no wpi_icon_left  ' target='' rel=''><i class=''><\/i><span class='wpi_text'>Archiwum wiadomo\u015bci z roku 2013<\/span><\/a><\/div>\n<\/div>\n<div class=\"wpi_text\" style=\"text-align: center;\"><a href='http:\/\/www.rops-bialystok.pl\/andrzej3\/?page_id=5078' onclick='' class='wpi_designer_button   wpi_shadow wpi_shadow_1px wpi_text_shadow_no wpi_texture_no wpi_border_all wpi_padding_10px wpi_5px wpi_designer_button_5076 wpi_icon wpi_icon_no wpi_icon_left  ' target='' rel=''><i class=''><\/i><span class='wpi_text'>Archiwum wiadomo\u015bci z roku 2012<\/span><\/a><\/div>\n<div class=\"wpi_text\">\n<div class=\"wpi_text\">\n<div class=\"wpi_text\">\n<div class=\"wpi_text\"><\/div>\n<\/div>\n<\/div>\n<\/div>\n","protected":false},"excerpt":{"rendered":"","protected":false},"author":12,"featured_media":0,"parent":0,"menu_order":0,"comment_status":"closed","ping_status":"closed","template":"","meta":{"footnotes":""},"class_list":["post-731","page","type-page","status-publish","hentry"],"_links":{"self":[{"href":"https:\/\/rops-bialystok.pl\/andrzej3\/index.php?rest_route=\/wp\/v2\/pages\/731","targetHints":{"allow":["GET"]}}],"collection":[{"href":"https:\/\/rops-bialystok.pl\/andrzej3\/index.php?rest_route=\/wp\/v2\/pages"}],"about":[{"href":"https:\/\/rops-bialystok.pl\/andrzej3\/index.php?rest_route=\/wp\/v2\/types\/page"}],"author":[{"embeddable":true,"href":"https:\/\/rops-bialystok.pl\/andrzej3\/index.php?rest_route=\/wp\/v2\/users\/12"}],"replies":[{"embeddable":true,"href":"https:\/\/rops-bialystok.pl\/andrzej3\/index.php?rest_route=%2Fwp%2Fv2%2Fcomments&post=731"}],"version-history":[{"count":53,"href":"https:\/\/rops-bialystok.pl\/andrzej3\/index.php?rest_route=\/wp\/v2\/pages\/731\/revisions"}],"predecessor-version":[{"id":9419,"href":"https:\/\/rops-bialystok.pl\/andrzej3\/index.php?rest_route=\/wp\/v2\/pages\/731\/revisions\/9419"}],"wp:attachment":[{"href":"https:\/\/rops-bialystok.pl\/andrzej3\/index.php?rest_route=%2Fwp%2Fv2%2Fmedia&parent=731"}],"curies":[{"name":"wp","href":"https:\/\/api.w.org\/{rel}","templated":true}]}}