{"id":7484,"date":"2020-08-13T14:30:00","date_gmt":"2020-08-13T12:30:00","guid":{"rendered":"http:\/\/www.rops-bialystok.pl\/andrzej3\/?page_id=7484"},"modified":"2020-08-13T14:55:10","modified_gmt":"2020-08-13T12:55:10","slug":"aktualnosci-2019","status":"publish","type":"page","link":"https:\/\/rops-bialystok.pl\/andrzej3\/?page_id=7484","title":{"rendered":"Aktualno\u015bci 2019 roku"},"content":{"rendered":"<div class='pfpItem entry-content'><h4 class='entry-title'><a href='https:\/\/rops-bialystok.pl\/andrzej3\/?p=7137'>Spotkania robocze OWES i ROPS \u2013 27 oraz 28 listopada 2019 r.<\/a><\/h4>\n<p>27 oraz 28 listopada 2019 r. odby\u0142y si\u0119 spotkania robocze OWES i ROPS zorganizowane przez Regionalny O\u015brodek Polityki Spo\u0142ecznej w ramach projektu \u201eKoordynacja i monitorowanie rozwoju ekonomii spo\u0142ecznej w regionie\u201d, wsp\u00f3\u0142finansowanego przez Uni\u0119 Europejsk\u0105 ze \u015brodk\u00f3w Europejskiego Funduszu Spo\u0142ecznego w...<a href='https:\/\/rops-bialystok.pl\/andrzej3\/?p=7137' class='pfpReadMore'> Czytaj ca\u0142o\u015b\u0107<\/a><div class='clear'><\/div><br><hr><\/div><div class='pfpItem entry-content'><h4 class='entry-title'><a href='https:\/\/rops-bialystok.pl\/andrzej3\/?p=7135'>Spotkanie robocze przedstawicieli Podlaskiej Sieci Wsp\u00f3\u0142pracy WTZ\/ZAZ   \u2013 22 listopada 2019 r.<\/a><\/h4>\n<p>W dniu 22 listopada 2019 r. w Hotelu 3-Trio w Bia\u0142ymstoku odby\u0142o si\u0119 spotkanie robocze przedstawicieli Podlaskiej Sieci Wsp\u00f3\u0142pracy WTZ\/ZAZ zorganizowane przez Regionalny O\u015brodek Polityki Spo\u0142ecznej w ramach projektu \u201eKoordynacja i&nbsp;monitorowanie rozwoju ekonomii spo\u0142ecznej w regionie\u201d, wsp\u00f3\u0142finansowanego przez Uni\u0119 Europejsk\u0105...<a href='https:\/\/rops-bialystok.pl\/andrzej3\/?p=7135' class='pfpReadMore'> Czytaj ca\u0142o\u015b\u0107<\/a><div class='clear'><\/div><br><hr><\/div><div class='pfpItem entry-content'><h4 class='entry-title'><a href='https:\/\/rops-bialystok.pl\/andrzej3\/?p=7132'>Spotkanie robocze przedstawicieli Podlaskiej Sieci Wsp\u00f3\u0142pracy CIS\/ KIS oraz PES Pracuj\u0105cych z Osobami Bezdomnymi   \u2013 21 listopada 2019 r.<\/a><\/h4>\n<p>W dniu 21\nlistopada 2019 r. w Hotelu 3-Trio w Bia\u0142ymstoku odby\u0142o si\u0119 spotkanie\nrobocze przedstawicieli Podlaskiej Sieci Wsp\u00f3\u0142pracy CIS\/KIS oraz PES Pracuj\u0105cych z Osobami Bezdomnymizorganizowane przez Regionalny\nO\u015brodek Polityki Spo\u0142ecznej w ramach projektu \u201eKoordynacja i&nbsp;monitorowanie\nrozwoju ekonomii spo\u0142ecznej w regionie\u201d,\nwsp\u00f3\u0142finansowanego przez Uni\u0119 Europejsk\u0105...<a href='https:\/\/rops-bialystok.pl\/andrzej3\/?p=7132' class='pfpReadMore'> Czytaj ca\u0142o\u015b\u0107<\/a><div class='clear'><\/div><br><hr><\/div><div class='pfpItem entry-content'><h4 class='entry-title'><a href='https:\/\/rops-bialystok.pl\/andrzej3\/?p=7117'>Zaproszenie na trzydniow\u0105 wizyt\u0119 studyjn\u0105 pn. \u201eRozw\u00f3j ekonomii spo\u0142ecznej na przyk\u0142adzie woj. warmi\u0144sko \u2013 mazurskiego\u201d w dniach 25 - 27 listopada 2019 r.<\/a><\/h4>\n<p>Regionalny O\u015brodek Polityki Spo\u0142ecznej w Bia\u0142ymstoku realizuj\u0105cy projekt \u201eKoordynacja i monitorowanie rozwoju ekonomii spo\u0142ecznej w regionie\u201d serdecznie zaprasza przedstawicieli jednostek samorz\u0105du terytorialnego, instytucji rynku pracy, pomocy i integracji spo\u0142ecznej, przedsi\u0119biorstw spo\u0142ecznych, podmiot\u00f3w ekonomii spo\u0142ecznej, organizacji pozarz\u0105dowych, ko\u015bcio\u0142\u00f3w i zwi\u0105zk\u00f3w wyznaniowych,...<a href='https:\/\/rops-bialystok.pl\/andrzej3\/?p=7117' class='pfpReadMore'> Czytaj ca\u0142o\u015b\u0107<\/a><div class='clear'><\/div><br><hr><\/div><div class='pfpItem entry-content'><h4 class='entry-title'><a href='https:\/\/rops-bialystok.pl\/andrzej3\/?p=7110'>Zaproszenie na spotkanie robocze przedstawicieli Podlaskiej Sieci Wsp\u00f3\u0142pracy WTZ i ZAZ \u2013 22 listopada 2019r.<\/a><\/h4>\n<p>Regionalny O\u015brodek Polityki Spo\u0142ecznej w Bia\u0142ymstoku\nrealizuj\u0105cy projekt \u201eKoordynacja <br>\ni monitorowanie rozwoju ekonomii spo\u0142ecznej w regionie\u201d serdecznie zaprasza\nprzedstawicieli Podlaskiej\nSieci Wsp\u00f3\u0142pracy WTZ i ZAZ do udzia\u0142u w jednodniowym spotkaniu roboczym, kt\u00f3re odb\u0119dzie si\u0119 w dniu 22\nlistopada 2019 r. <\/p>\n\n\n\n<p>Szczeg\u00f3\u0142owe informacje przesy\u0142amy w...<a href='https:\/\/rops-bialystok.pl\/andrzej3\/?p=7110' class='pfpReadMore'> Czytaj ca\u0142o\u015b\u0107<\/a><div class='clear'><\/div><br><hr><\/div><div class='pfpItem entry-content'><h4 class='entry-title'><a href='https:\/\/rops-bialystok.pl\/andrzej3\/?p=7100'>Zaproszenie na spotkanie robocze przedstawicieli Podlaskiej Sieci Wsp\u00f3\u0142pracy CIS\/KIS i Podlaskiej Sieci Wsp\u00f3\u0142pracy PES Pracuj\u0105cych z Osobami Bezdomnymi \u2013 21 listopada 2019r.<\/a><\/h4>\n<p>Regionalny O\u015brodek Polityki Spo\u0142ecznej w Bia\u0142ymstoku realizuj\u0105cy projekt \u201eKoordynacja i monitorowanie rozwoju ekonomii spo\u0142ecznej w regionie\u201d serdecznie zaprasza przedstawicieli Podlaskiej Sieci Wsp\u00f3\u0142pracy CIS\/KIS i Podlaskiej Sieci Wsp\u00f3\u0142pracy PES Pracuj\u0105cych z Osobami Bezdomnymi do udzia\u0142u w jednodniowym spotkaniu roboczym, kt\u00f3re odb\u0119dzie...<a href='https:\/\/rops-bialystok.pl\/andrzej3\/?p=7100' class='pfpReadMore'> Czytaj ca\u0142o\u015b\u0107<\/a><div class='clear'><\/div><br><hr><\/div><div class='pfpItem entry-content'><h4 class='entry-title'><a href='https:\/\/rops-bialystok.pl\/andrzej3\/?p=7096'>Ekspertyza w zakresie ekonomii spo\u0142ecznej w obszarze spo\u0142ecznym, gospodarczym i instytucjonalnym.<\/a><\/h4>\n<p>Przekazujemy Pa\u0144stwu Ekspertyz\u0119 w zakresie ekonomii spo\u0142ecznej w\n      obszarze spo\u0142ecznym, gospodarczym i instytucjonalnym. Zosta\u0142a ona\n      zrealizowana w ramach projektu pn. \u201eKoordynacja i monitorowanie\n      rozwoju ekonomii...<a href='https:\/\/rops-bialystok.pl\/andrzej3\/?p=7096' class='pfpReadMore'> Czytaj ca\u0142o\u015b\u0107<\/a><div class='clear'><\/div><br><hr><\/div><div class='pfpItem entry-content'><h4 class='entry-title'><a href='https:\/\/rops-bialystok.pl\/andrzej3\/?p=7078'>Zaproszenie do udzia\u0142u w spotkaniach konsultacyjnych dla potencjalnych grantobiorc\u00f3w projektu \"Szansa-nowe mo\u017cliwo\u015bci dla doros\u0142ych\".<\/a><\/h4>\n<p>Fundacja Rozwoju Systemu Edukacji i Instytut Bada\u0144 Edukacyjnych serdecznie&nbsp;zapraszaj\u0105 na cykl spotka\u0144 konsultacyjnych dla potencjalnych grantobiorc\u00f3w projektu <em><strong>Szansa-nowe mo\u017cliwo\u015bci dla doros\u0142ych. <\/strong><\/em>Projekt realizowany jest w ramach Osi Priorytetowej IV. Innowacje spo\u0142eczne i wsp\u00f3\u0142praca ponadnarodowa, Dzia\u0142ania 4.1 Innowacje spo\u0142eczne Programu Operacyjnego...<a href='https:\/\/rops-bialystok.pl\/andrzej3\/?p=7078' class='pfpReadMore'> Czytaj ca\u0142o\u015b\u0107<\/a><div class='clear'><\/div><br><hr><\/div><div class='pfpItem entry-content'><h4 class='entry-title'><a href='https:\/\/rops-bialystok.pl\/andrzej3\/?p=7076'>Informacja o og\u0142oszeniu konkursu w ramach Dzia\u0142ania 2.9 PO WER<\/a><\/h4>\n<p>\nRegionalny O\u015brodek Polityki\n              Spo\u0142ecznej w Bia\u0142ymstoku informuje, i\u017c Departament\n              Wdra\u017cania Europejskiego Funduszu Spo\u0142ecznego w...<a href='https:\/\/rops-bialystok.pl\/andrzej3\/?p=7076' class='pfpReadMore'> Czytaj ca\u0142o\u015b\u0107<\/a><div class='clear'><\/div><br><hr><\/div><div class='pfpItem entry-content'><h4 class='entry-title'><a href='https:\/\/rops-bialystok.pl\/andrzej3\/?p=7073'>Wskaz\u00f3wki pomocnicze w stosowaniu aspekt\u00f3w spo\u0142ecznych w zam\u00f3wieniach udzielanych w ramach projekt\u00f3w finansowych z funduszy strukturalnych i Funduszu Sp\u00f3jno\u015bci.<\/a><\/h4>\n<p>Og\u00f3lnopolski Zwi\u0105zek Rewizyjny Sp\u00f3\u0142dzielni Socjalnych przygotowa\u0142 <em>Wskaz\u00f3wki\n pomocne w stosowaniu aspekt\u00f3w spo\u0142ecznych w zam\u00f3wieniach udzielanych w \nramach projekt\u00f3w finansowanych z funduszy strukturalnych i Funduszu \nSp\u00f3jno\u015bci<\/em>. Materia\u0142 jest&nbsp;przeznaczony przede wszystkim dla \npodmiot\u00f3w, do kt\u00f3rych adresowane s\u0105 Wytyczne w zakresie \nkwalifikowalno\u015bci wydatk\u00f3w...<a href='https:\/\/rops-bialystok.pl\/andrzej3\/?p=7073' class='pfpReadMore'> Czytaj ca\u0142o\u015b\u0107<\/a><div class='clear'><\/div><br><hr><\/div><span class='pfpNav'><a href=\"https:\/\/rops-bialystok.pl\/andrzej3\/index.php?rest_route=%2Fwp%2Fv2%2Fpages%2F7484&#038;paged=2\" >Starsze wpisy &raquo; <\/a><\/span>\n","protected":false},"excerpt":{"rendered":"","protected":false},"author":12,"featured_media":0,"parent":0,"menu_order":0,"comment_status":"closed","ping_status":"closed","template":"","meta":{"footnotes":""},"class_list":["post-7484","page","type-page","status-publish","hentry"],"_links":{"self":[{"href":"https:\/\/rops-bialystok.pl\/andrzej3\/index.php?rest_route=\/wp\/v2\/pages\/7484","targetHints":{"allow":["GET"]}}],"collection":[{"href":"https:\/\/rops-bialystok.pl\/andrzej3\/index.php?rest_route=\/wp\/v2\/pages"}],"about":[{"href":"https:\/\/rops-bialystok.pl\/andrzej3\/index.php?rest_route=\/wp\/v2\/types\/page"}],"author":[{"embeddable":true,"href":"https:\/\/rops-bialystok.pl\/andrzej3\/index.php?rest_route=\/wp\/v2\/users\/12"}],"replies":[{"embeddable":true,"href":"https:\/\/rops-bialystok.pl\/andrzej3\/index.php?rest_route=%2Fwp%2Fv2%2Fcomments&post=7484"}],"version-history":[{"count":3,"href":"https:\/\/rops-bialystok.pl\/andrzej3\/index.php?rest_route=\/wp\/v2\/pages\/7484\/revisions"}],"predecessor-version":[{"id":7496,"href":"https:\/\/rops-bialystok.pl\/andrzej3\/index.php?rest_route=\/wp\/v2\/pages\/7484\/revisions\/7496"}],"wp:attachment":[{"href":"https:\/\/rops-bialystok.pl\/andrzej3\/index.php?rest_route=%2Fwp%2Fv2%2Fmedia&parent=7484"}],"curies":[{"name":"wp","href":"https:\/\/api.w.org\/{rel}","templated":true}]}}