{"id":7540,"date":"2020-09-03T14:14:03","date_gmt":"2020-09-03T12:14:03","guid":{"rendered":"http:\/\/www.rops-bialystok.pl\/andrzej3\/?page_id=7540"},"modified":"2020-09-03T14:14:03","modified_gmt":"2020-09-03T12:14:03","slug":"koronawirus-informacje-i-zalecenia","status":"publish","type":"page","link":"https:\/\/rops-bialystok.pl\/andrzej3\/?page_id=7540","title":{"rendered":"Koronawirus Informacje i zalecenia"},"content":{"rendered":"<div class='pfpItem entry-content'><h4 class='entry-title'><a href='https:\/\/rops-bialystok.pl\/andrzej3\/?p=7598'>Przedsi\u0119biorstwa Ekonomii Spo\u0142ecznej kt\u00f3re rozszerzy\u0142y sw\u00f3j zakres dzia\u0142alno\u015bci o us\u0142ugi maj\u0105ce na celu walk\u0119 z COVID-19.<\/a><\/h4><div class='entry-meta'>2 grudnia 2020<\/div><br>W zwi\u0105zku z pandemi\u0105 spowodowan\u0105 koronawirusem COVID-19 podmioty ekonomii spo\u0142ecznej znalaz\u0142y si\u0119 w bardzo trudnej sytuacji ekonomicznej. W wojew\u00f3dztwie podlaskim znajduj\u0105 si\u0119 74 przedsi\u0119biorstwa spo\u0142eczne o r\u00f3\u017cnym profilu dzia\u0142alno\u015bci m. in. us\u0142ugi gastronomiczne, opieku\u0144cze, transportowe, szkoleniowe itd. Regionalny O\u015brodek Polityki Spo\u0142ecznej w Bia\u0142ymstoku przeprowadzi\u0142 diagnoz\u0119 w\u015br\u00f3d PES, z kt\u00f3rej wynika, i\u017c cz\u0119\u015b\u0107 przedsi\u0119biorstw rozszerzy\u0142a sw\u00f3j [&hellip;]<a href='https:\/\/rops-bialystok.pl\/andrzej3\/?p=7598' class='pfpReadMore'> Czytaj ca\u0142o\u015b\u0107<\/a><div class='clear'><\/div><br><hr><\/div><div class='pfpItem entry-content'><h4 class='entry-title'><a href='https:\/\/rops-bialystok.pl\/andrzej3\/?p=7649'><a href=\"http:\/\/www.rops-bialystok.pl\/andrzej3\/wp-content\/uploads\/2020\/11\/ngo-wobec-pandemii-badania-klojawor.pdf\" class=\"mtli_attachment mtli_pdf\">Organizacje pozarz\u0105dowe wobec pandemii RAPORT Z BADA\u0143<\/a><\/a><\/h4><div class='entry-meta'>12 listopada 2020<\/div><br><img decoding=\"async\" src=\"https:\/\/rops-bialystok.pl\/andrzej3\/wp-content\/uploads\/2020\/11\/opzrzb-150x150.png\" \/>&nbsp; Organizacje pozarz\u0105dowe wobec pandemii RAPORT Z BADA\u0143<a href='https:\/\/rops-bialystok.pl\/andrzej3\/?p=7649' class='pfpReadMore'> Czytaj ca\u0142o\u015b\u0107<\/a><div class='clear'><\/div><br><hr><\/div><div class='pfpItem entry-content'><h4 class='entry-title'><a href='https:\/\/rops-bialystok.pl\/andrzej3\/?p=7523'>Zalecenia dla uczestnik\u00f3w szkole\u0144, warsztat\u00f3w, spotka\u0144 oraz innych dzia\u0142a\u0144 organizowanych przez Regionalny O\u015brodek Polityki Spo\u0142ecznej w Bia\u0142ymstoku,  w ramach projektu pozakonkursowego \u201eKoordynacja i monitorowanie rozwoju ekonomii spo\u0142ecznej w regionie\u201d, wsp\u00f3\u0142finansowanego przez Uni\u0119 Europejsk\u0105 ze \u015brodk\u00f3w Europejskiego Funduszu Spo\u0142ecznego w ramach Regionalnego Programu Operacyjnego Wojew\u00f3dztwa Podlaskiego na lata 2014-2020, O\u015b Priorytetowa VII Poprawa Sp\u00f3jno\u015bci Spo\u0142ecznej, Dzia\u0142anie 7.3 Wzmocnienie roli ekonomii spo\u0142ecznej w rozwoju  spo\u0142eczno-gospodarczym wojew\u00f3dztwa podlaskiego, w trakcie epidemii Koronawirusa SARS-CoV-2<\/a><\/h4><div class='entry-meta'>2 wrze\u015bnia 2020<\/div><br><img decoding=\"async\" src=\"https:\/\/rops-bialystok.pl\/andrzej3\/wp-content\/uploads\/2020\/09\/Zalacznik-nr-3-150x150.png\" \/>Uczestnik szkolenia\/warsztat\u00f3w\/spotkania lub innego dzia\u0142ania powinien za zgod\u0105 udost\u0119pni\u0107 organizatorowi niezb\u0119dne dane osobowe i kontaktowe, na wypadek stwierdzenia u kt\u00f3rego\u015b\u0301&nbsp; z uczestnik\u00f3w lub pracownik\u00f3w szkolenia\/warsztat\u00f3w\/spotkania zaka\u017cenia koronawirusem. (za\u0142\u0105cznik nr 1) Uczestnik w przypadku zaobserwowania u siebie niepokoj\u0105cych objaw\u00f3w w dniu szkolenia\/warsztat\u00f3w\/spotkania, innego dzia\u0142ania lub dniu poprzedzaj\u0105cym, powinien na nie nie przychodzi\u0107, pozosta\u0107 w domu, post\u0119powa\u0107 [&hellip;]<a href='https:\/\/rops-bialystok.pl\/andrzej3\/?p=7523' class='pfpReadMore'> Czytaj ca\u0142o\u015b\u0107<\/a><div class='clear'><\/div><br><hr><\/div><div class='pfpItem entry-content'><h4 class='entry-title'><a href='https:\/\/rops-bialystok.pl\/andrzej3\/?p=7520'>Zasady udzia\u0142u w dzia\u0142aniach organizowanych przez Regionalny O\u015brodek Polityki Spo\u0142ecznej w Bia\u0142ymstoku w ramach projektu pozakonkursowego \u201eKoordynacja i monitorowanie rozwoju ekonomii spo\u0142ecznej w regionie\u201d, wsp\u00f3\u0142finansowanego przez Uni\u0119 Europejsk\u0105 ze \u015brodk\u00f3w Europejskiego Funduszu Spo\u0142ecznego w ramach Regionalnego Programu Operacyjnego Wojew\u00f3dztwa Podlaskiego na lata 2014-2020, O\u015b Priorytetowa VII Poprawa Sp\u00f3jno\u015bci Spo\u0142ecznej, Dzia\u0142anie 7.3 Wzmocnienie roli ekonomii spo\u0142ecznej w rozwoju  spo\u0142eczno-gospodarczym wojew\u00f3dztwa podlaskiego.<\/a><\/h4><div class='entry-meta'>1 wrze\u015bnia 2020<\/div><br>Poni\u017cszy zbi\u00f3r zasad zosta\u0142 opracowany w celu zapewnienia jak najwy\u017cszych standard\u00f3w bezpiecze\u0144stwa w zwi\u0105zku z organizowaniem dzia\u0142a\u0144 przez Regionalny O\u015brodek Polityki Spo\u0142ecznej w Bia\u0142ymstoku w ramach projektu pozakonkursowego \u201eKoordynacja i monitorowanie rozwoju ekonomii spo\u0142ecznej w regionie\u201d, wsp\u00f3\u0142finansowanego przez Uni\u0119 Europejsk\u0105 ze \u015brodk\u00f3w Europejskiego Funduszu Spo\u0142ecznego w ramach Regionalnego Programu Operacyjnego Wojew\u00f3dztwa Podlaskiego na lata 2014-2020, [&hellip;]<a href='https:\/\/rops-bialystok.pl\/andrzej3\/?p=7520' class='pfpReadMore'> Czytaj ca\u0142o\u015b\u0107<\/a><div class='clear'><\/div><br><hr><\/div>\n","protected":false},"excerpt":{"rendered":"","protected":false},"author":12,"featured_media":0,"parent":0,"menu_order":0,"comment_status":"closed","ping_status":"closed","template":"","meta":{"footnotes":""},"class_list":["post-7540","page","type-page","status-publish","hentry"],"_links":{"self":[{"href":"https:\/\/rops-bialystok.pl\/andrzej3\/index.php?rest_route=\/wp\/v2\/pages\/7540","targetHints":{"allow":["GET"]}}],"collection":[{"href":"https:\/\/rops-bialystok.pl\/andrzej3\/index.php?rest_route=\/wp\/v2\/pages"}],"about":[{"href":"https:\/\/rops-bialystok.pl\/andrzej3\/index.php?rest_route=\/wp\/v2\/types\/page"}],"author":[{"embeddable":true,"href":"https:\/\/rops-bialystok.pl\/andrzej3\/index.php?rest_route=\/wp\/v2\/users\/12"}],"replies":[{"embeddable":true,"href":"https:\/\/rops-bialystok.pl\/andrzej3\/index.php?rest_route=%2Fwp%2Fv2%2Fcomments&post=7540"}],"version-history":[{"count":1,"href":"https:\/\/rops-bialystok.pl\/andrzej3\/index.php?rest_route=\/wp\/v2\/pages\/7540\/revisions"}],"predecessor-version":[{"id":7541,"href":"https:\/\/rops-bialystok.pl\/andrzej3\/index.php?rest_route=\/wp\/v2\/pages\/7540\/revisions\/7541"}],"wp:attachment":[{"href":"https:\/\/rops-bialystok.pl\/andrzej3\/index.php?rest_route=%2Fwp%2Fv2%2Fmedia&parent=7540"}],"curies":[{"name":"wp","href":"https:\/\/api.w.org\/{rel}","templated":true}]}}