{"id":7636,"date":"2020-03-31T12:55:40","date_gmt":"2020-03-31T10:55:40","guid":{"rendered":"http:\/\/www.rops-bialystok.pl\/andrzej3\/?page_id=7636"},"modified":"2026-04-02T11:29:42","modified_gmt":"2026-04-02T09:29:42","slug":"deklaracja-dostepnosci","status":"publish","type":"page","link":"https:\/\/rops-bialystok.pl\/andrzej3\/?page_id=7636","title":{"rendered":"Deklaracja dost\u0119pno\u015bci"},"content":{"rendered":"<p data-wahfont=\"12\"><span style=\"font-size: 14pt;\"><strong>Deklaracja dost\u0119pno\u015bci serwisu \u00a0Regionalnego O\u015brodka Polityki Spo\u0142ecznej w Bia\u0142ymstoku<\/strong><\/span><\/p>\n<p data-wahfont=\"12\">Regionalny O\u015brodek Polityki Spo\u0142ecznej w Bia\u0142ymstoku zobowi\u0105zuje si\u0119 zapewni\u0107 dost\u0119pno\u015b\u0107 swojej strony internetowej zgodnie z ustaw\u0105 z dnia 4 kwietnia 2019 r. o dost\u0119pno\u015bci cyfrowej stron internetowych i aplikacji mobilnych podmiot\u00f3w publicznych. O\u015bwiadczenie w sprawie dost\u0119pno\u015bci ma zastosowanie do <a href=\"https:\/\/www.rops-bialystok.pl\/andrzej3\/\" data-wahfont=\"12\"><span style=\"text-decoration: underline;\">serwisu internetowego Regionalnego O\u015brodka Polityki Spo\u0142ecznej w Bia\u0142ymstoku dotycz\u0105cego Koordynowania i Monitoringu Ekonomii Spo\u0142ecznej w wojew\u00f3dztwie podlaskim<\/span><\/a><\/p>\n<p data-wahfont=\"12\">Data publikacji strony internetowej: 2012-10-31<\/p>\n<p data-wahfont=\"12\">Data ostatniej du\u017cej aktualizacji: 2015-05-21<\/p>\n<p data-wahfont=\"12\"><span style=\"font-size: 14pt;\"><strong>Status pod wzgl\u0119dem zgodno\u015bci z ustaw\u0105<\/strong><\/span><\/p>\n<p data-wahfont=\"12\">Strona internetowa jest cz\u0119\u015bciowo zgodna z ustaw\u0105 z dnia 4 kwietnia 2019 r. o dost\u0119pno\u015bci cyfrowej stron internetowych i aplikacji mobilnych podmiot\u00f3w publicznych z powodu:<\/p>\n<ul>\n<li>cz\u0119\u015b\u0107 z opublikowanych zdj\u0119\u0107 nie posiada opisu alternatywnego, maj\u0105 one charakter promocyjny i nie s\u0105 wykorzystywane do realizacji bie\u017c\u0105cych zada\u0144;<\/li>\n<li>cz\u0119\u015b\u0107 z opublikowanych dokument\u00f3w tekstowych nie jest dost\u0119pna cyfrowo, zosta\u0142y przygotowane w oparciu o zasady przyj\u0119te w kom\u00f3rkach organizacyjnych, kt\u00f3re formalizowa\u0142y ich form\u0119 oraz tre\u015b\u0107;<\/li>\n<\/ul>\n<p data-wahfont=\"12\">Wykluczeniu z obowi\u0105zku zapewnienia dost\u0119pno\u015bci podlegaj\u0105:<\/p>\n<ul>\n<li>multimedia nadawane na \u017cywo<\/li>\n<li>multimedia opublikowane przed\u00a0dniem 23\u00a0wrze\u015bnia 2020\u00a0r.<\/li>\n<li>tre\u015bci, kt\u00f3re nie\u00a0zosta\u0142y wytworzone\u00a0 przez\u00a0Regionalny O\u015brodek Polityki Spo\u0142ecznej w Bia\u0142ymstoku<\/li>\n<li>mapy<\/li>\n<\/ul>\n<p><strong><span style=\"font-size: 14pt;\">Tre\u015bci nieobj\u0119te przepisami<\/span><\/strong><\/p>\n<p>Dokumenty archiwalne opublikowane na stronie przed 23 wrze\u015bnia 2018 r. mog\u0105 by\u0107 nie dost\u0119pne. Nie mamy prawnego obowi\u0105zku dostosowywania tych dokument\u00f3w. Je\u017celi potrzebujesz dost\u0119pu do nich, skontaktuj si\u0119 z nami i wska\u017c dok\u0142adnie, kt\u00f3re z nich potrzebujesz i jak powinni\u015bmy je dostosowa\u0107.<\/p>\n<p data-wahfont=\"12\"><span style=\"font-size: 14pt;\"><strong>Przygotowanie deklaracji w sprawie dost\u0119pno\u015bci<\/strong><\/span><\/p>\n<p data-wahfont=\"12\">O\u015bwiadczenie zaktualizowano dnia 2026-03-31.<\/p>\n<p data-wahfont=\"12\">Deklaracj\u0119 sporz\u0105dzono na podstawie samooceny przeprowadzonej przez podmiot publiczny.<\/p>\n<p data-wahfont=\"12\">Pobierz: <a href=\"https:\/\/rops-bialystok.pl\/andrzej3\/wp-content\/uploads\/2026\/04\/rops-bialystokpl-andrzej3-podlaska-ekonomia-spoeczna-report.html.pdf\" class=\"mtli_attachment mtli_pdf\">Raport z wynikami przegl\u0105du dost\u0119pno\u015bci.<\/a><\/p>\n<p data-wahfont=\"12\">Na stronie internetowej mo\u017cna korzysta\u0107 ze standardowych skr\u00f3t\u00f3w klawiaturowych:<\/p>\n<ul>\n<li>powi\u0119kszenie strony \u2013\u00a0<strong>Ctrl<\/strong>\u00a0<strong>+<\/strong><\/li>\n<li>pomniejszenie strony \u2013\u00a0<strong>Ctrl<\/strong>\u00a0\u00a0<strong>\u2013<\/strong><\/li>\n<li>nast\u0119pny element strony \u2013 <strong>Tab;<br \/>\n<\/strong><\/li>\n<li>poprzedni element strony \u2013 <strong>Shift+Tab<\/strong><\/li>\n<li>wyszukaj na stronie \u2013 <strong>F3<\/strong><\/li>\n<li>od\u015bwie\u017c stron\u0119 \u2013 <strong>F5<\/strong><\/li>\n<\/ul>\n<p data-wahfont=\"12\"><span style=\"font-size: 14pt;\" data-wahfont=\"18\"><strong>Informacje zwrotne i dane kontaktowe<\/strong><\/span><\/p>\n<p data-wahfont=\"12\">W przypadku problem\u00f3w z dost\u0119pno\u015bci\u0105 strony internetowej prosimy o kontakt. Osob\u0105 kontaktow\u0105 jest <span id=\"a11y-osoba\" data-wahfont=\"12\">Leszek Godlewski<\/span>, adres poczty elektronicznej <span id=\"a11y-email\" data-wahfont=\"12\"><a href=\"mailto:leszek.godlewski@rops-bialystok.pl\" data-wahfont=\"12\">leszek.godlewski@rops-bialystok.pl<\/a><\/span>. Kontaktowa\u0107 mo\u017cna si\u0119 tak\u017ce dzwoni\u0105c na numer telefonu <span id=\"a11y-telefon\" data-wahfont=\"12\">85 744 29 84<\/span>. T\u0105 sam\u0105 drog\u0105 mo\u017cna sk\u0142ada\u0107 wnioski o udost\u0119pnienie informacji niedost\u0119pnej oraz sk\u0142ada\u0107 skargi na brak zapewnienia dost\u0119pno\u015bci.<\/p>\n<p data-wahfont=\"12\"><span id=\"a11y-procedura\" data-wahfont=\"12\">Ka\u017cdy ma prawo do wyst\u0105pienia z \u017c\u0105daniem zapewnienia dost\u0119pno\u015bci cyfrowej strony internetowej, aplikacji mobilnej lub jakiego\u015b ich elementu. Mo\u017cna tak\u017ce za\u017c\u0105da\u0107 udost\u0119pnienia informacji w formach alternatywnych, na przyk\u0142ad odczytanie niedost\u0119pnego cyfrowo dokumentu, opisania zawarto\u015bci filmu bez audiodeskrypcji itp. \u017b\u0105danie powinno zawiera\u0107 dane osoby zg\u0142aszaj\u0105cej \u017c\u0105danie, wskazanie, o kt\u00f3r\u0105 stron\u0119 internetow\u0105 lub aplikacj\u0119 mobiln\u0105 chodzi oraz spos\u00f3b kontaktu. Je\u017celi osoba \u017c\u0105daj\u0105ca zg\u0142asza potrzeb\u0119 otrzymania informacji w formie alternatywnej, powinna tak\u017ce okre\u015bli\u0107 form\u0119 tej informacji. Podmiot publiczny powinien zrealizowa\u0107 \u017c\u0105danie niezw\u0142ocznie i nie p\u00f3\u017aniej, ni\u017c w ci\u0105gu 7 dni. Je\u017celi dotrzymanie tego terminu nie jest mo\u017cliwe, podmiot publiczny niezw\u0142ocznie informuje o tym, kiedy realizacja \u017c\u0105dania b\u0119dzie mo\u017cliwa, przy czym termin ten nie mo\u017ce by\u0107 d\u0142u\u017cszy ni\u017c 2 miesi\u0105ce. Je\u017celi zapewnienie dost\u0119pno\u015bci nie jest mo\u017cliwe, podmiot publiczny mo\u017ce zaproponowa\u0107 alternatywny spos\u00f3b dost\u0119pu do informacji. W przypadku, gdy podmiot odm\u00f3wi realizacji \u017c\u0105dania zapewnienia dost\u0119pno\u015bci lub alternatywnego dost\u0119pu do informacji, mo\u017cna z\u0142o\u017cy\u0107 skarg\u0119 na takie dzia\u0142anie. Po wyczerpaniu wskazanej wy\u017cej procedury mo\u017cna tak\u017ce z\u0142o\u017cy\u0107 wniosek do <a href=\"https:\/\/www.rpo.gov.pl\/\" data-wahfont=\"12\">Rzecznika Praw Obywatelskich<\/a>.<\/span><\/p>\n<p data-wahfont=\"12\"><span style=\"font-size: 14pt;\" data-wahfont=\"18\"><strong>Skargi i odwo\u0142ania<\/strong><\/span><\/p>\n<p data-wahfont=\"12\">Nazwa organu odwo\u0142awczego: Dyrektor Regionalnego O\u015brodka Polityki Spo\u0142ecznej w Bia\u0142ymstoku<\/p>\n<p data-wahfont=\"12\">Adres organu odwo\u0142awczego: ul. Genera\u0142a George\u2019a Smitha Pattona 8, 15-688 Bia\u0142ystok<\/p>\n<p data-wahfont=\"12\">Adres e-mail organu odwo\u0142awczego: <a href=\"mailto:rops@rops-bialystok.pl\" data-wahfont=\"12\">rops@rops-bialystok.pl<\/a><\/p>\n<p data-wahfont=\"12\">e-Do\u0119czenia:\u00a0<strong>AE:PL-25995-12520-GEHUF-24<\/strong><\/p>\n<p data-wahfont=\"12\">Telefon organu odwo\u0142awczego: 85 744 72 72<\/p>\n<div class=\"col-xs-12 main-col main-column col-100\">\n<div id=\"fluid-box\" class=\"row droppable ui-sortable\">\n<div class=\"component component-accepted\" data-id=\"da9cf21f-3f28-11e4-b1ef-000c2908767d\" data-is-editable=\"0\" data-name=\"Cms_Module\">\n<article id=\"deklaracja\">\n<h3 data-wahfont=\"18\">G\u0142\u00f3wna siedziba jednostki Regionalny O\u015brodek Polityki Spo\u0142ecznej w Bia\u0142ymstoku przy ulicy\u00a0Genera\u0142a George\u2019a Smitha Pattona 8<\/h3>\n<ul>\n<li>do budynku prowadz\u0105 dwa wej\u015bcia oba od ul. Pattona z przodu i ty\u0142u budynku charakteryzuj\u0105ce si\u0119 przeszklenieme i wn\u0119k\u0105 na ca\u0142ej wysoko\u015bci budynku,<\/li>\n<li>przed budynkiem jest oznaczone 1 miejsce parkingowe dla os\u00f3b niepe\u0142nosprawnych,<\/li>\n<li>na parterze widnieje tabliczka informacyjna wyznaczaj\u0105ca punkt obs\u0142ugi niepe\u0142nosprawnych,<\/li>\n<li>tabliczka informacyjna zawiera uruchomiony numer telefonu do obs\u0142ugi os\u00f3b niepe\u0142nosprawnych tj.: 798-707-579,<\/li>\n<li>kancelaria znajduje si\u0119 na drugim pi\u0119trze w pokoju 204,<\/li>\n<li>na parterze jest toaleta dostosowana do udogodnie\u0144 dla os\u00f3b z ograniczeniem ruchowym,<\/li>\n<li>w budynku nie ma windy<\/li>\n<li>urz\u0105d jest wyposa\u017cony w p\u0119tl\u0119 indukcyjn\u0105,<\/li>\n<li>w budynku nie ma oznacze\u0144 w alfabecie Braille\u2019a ani oznacze\u0144 kontrastowych lub w druku powi\u0119kszonym dla os\u00f3b niewidomych i s\u0142abowidz\u0105cych,<\/li>\n<li>w kancelarii i w ka\u017cdym innym miejscu mo\u017cna skorzysta\u0107 z t\u0142umacza polskiego j\u0119zyka migowego. Us\u0142uga jest dost\u0119pna w godzinach pracy urz\u0119du po wcze\u015bniejszym ustaleniu zaistnienia takiej potrzeby,<\/li>\n<li>w urz\u0119dzie ustalono procedury dotycz\u0105ce obs\u0142ugi os\u00f3b niepe\u0142nosprawnych, kt\u00f3re wprowadzono Zarz\u0105dzeniem nr 46\/18 Dyrektora Regionalnego O\u015brodka Polityki Spo\u0142ecznej w Bia\u0142ymstoku z dnia 3 pa\u017adziernika 2018 r. i umieszczono stosown\u0105 informacj\u0119 na stronie internetowej\u00a0<a href=\"https:\/\/bip.rops.wrotapodlasia.pl\/obsuga_osb_niepenosprawnych\/#\" data-wahfont=\"16\">(pod linkiem).<\/a><\/li>\n<\/ul>\n<h3 data-wahfont=\"18\">O\u015brodek Adopcyjny w Bia\u0142ymstoku przy ulicy Kombatant\u00f3w 7<\/h3>\n<ul>\n<li>do budynku prowadzi jedno wej\u015bcie od ulicy Kombatant\u00f3w,<\/li>\n<li>kancelaria znaajduje si\u0119 na pierwszym pi\u0119trze w pokoju 18,<\/li>\n<li>budynek\u00a0 jest wyposa\u017cony w wind\u0119 umiejscowion\u0105 na szczycie budyku,<\/li>\n<li>na pierwszym pi\u0119trze mo\u017cna bez problemu porusza\u0107 si\u0119 bez problemu na w\u00f3zku inwalidzkim,<\/li>\n<li>przed budynkiem jest oznaczone 1 miejsce parkingowe dla os\u00f3b niepe\u0142nosprawnych,<\/li>\n<li>w budynku jest tylko jedno wej\u015bcie g\u0142\u00f3wne umo\u017cliwiaj\u0105ce podjazd w\u00f3zk\u00f3w,<\/li>\n<li>w urz\u0119dzie nie ma toalety dostosowanej do os\u00f3b niepe\u0142nosprawnych<\/li>\n<li>w budynku nie ma oznacze\u0144 w alfabecie Braille\u2019a ani oznacze\u0144 kontrastowych lub w druku powi\u0119kszonym dla os\u00f3b niewidomych i s\u0142abowidz\u0105cych,<\/li>\n<\/ul>\n<h3 data-wahfont=\"18\">Podlaskie Centrum Konsultacyjno Diagnostyczne w Bia\u0142ymstoku przy ulicy Kombatant\u00f3w 7<\/h3>\n<ul>\n<li>do budynku prowadzi jedno wej\u015bcie od ulicy Kombatant\u00f3w,<\/li>\n<li>kancelaria znaajduje si\u0119 na pierwszym pi\u0119trze w pokoju 12,<\/li>\n<li>centrum jest wyposarzone w p\u0119tl\u0119 indukcyjn\u0105 dla os\u00f3b niedos\u0142ysz\u0105cych,<\/li>\n<li>budynek\u00a0 jest wyposa\u017cony w wind\u0119 umiejscowion\u0105 na szczycie budyku,<\/li>\n<li>na pierwszym pi\u0119trze mo\u017cna bez problemu porusza\u0107 si\u0119 bez problemu na w\u00f3zku inwalidzkim,<\/li>\n<li>przed budynkiem jest oznaczone 1 miejsce parkingowe dla os\u00f3b niepe\u0142nosprawnych,<\/li>\n<li>w budynku jest tylko jedno wej\u015bcie g\u0142\u00f3wne umo\u017cliwiaj\u0105ce podjazd w\u00f3zk\u00f3w,<\/li>\n<li>brakuje toaletu dostosowanej do potrzeb os\u00f3b ograniczonych ruchowo,<\/li>\n<\/ul>\n<h3 data-wahfont=\"18\">O\u015brodek Adopcyjnego filia w \u0141om\u017cy ulicy gen. W\u0142adys\u0142awa Sikorskiego 269 A<\/h3>\n<ul>\n<li>do budynku prowadzi dwa: jedno wej\u015bcie od ulicy Sikorskiego bez barier architektonicznych,<\/li>\n<li>o\u015brodek znajduje si\u0119 na dw\u00f3ch pi\u0119trach jednak\u017ce wszystkie sprawy mo\u017cna za\u0142atwi\u0107 na parterze,<\/li>\n<li>na parterze mo\u017cna bez problemu porusza\u0107 si\u0119 na w\u00f3zku inwalidzkim,<\/li>\n<li>w o\u015brodku mo\u017cna\u00a0 skorzysta\u0107 z t\u0142umacza polskiego j\u0119zyka migowego,<\/li>\n<li>z ty\u0142u budynku jest miejsce parkingowe dla os\u00f3b niepe\u0142nosprawnych,<\/li>\n<li>na parterze jest toaleta dostosowana do udogodnie\u0144 dla os\u00f3b z ograniczeniem ruchowym,<\/li>\n<li>w budynku nie ma windy<\/li>\n<\/ul>\n<p data-wahfont=\"16\"><strong><span data-wahfont=\"18\">Aplikacje mobilne<\/span><\/strong><\/p>\n<p data-wahfont=\"16\">Regionalny O\u015brodek Polityki Spo\u0142ecznej w Bia\u0142ymstoku nie posiada w aktywie informatycznym \u017cadnych aplikacji mobilnych.<\/p>\n<p data-wahfont=\"16\"><span data-wahfont=\"18\"><strong>Udogodnienia<\/strong><\/span><\/p>\n<ol>\n<li>Serwis jest w pe\u0142ni rozpoznawalny przez programy czytaj\u0105ce dla os\u00f3b niewidomych.<\/li>\n<li>Obs\u0142uga serwisu mo\u017cliwa jest zar\u00f3wno przy pomocy klawiatury jak i myszki.<\/li>\n<li>Ca\u0142o\u015b\u0107 serwisu oparta jest na stylach CSS.<\/li>\n<li>Na wszystkich stronach znajduje si\u0119 wyszukiwarka.<\/li>\n<li>Serwis jest wykonany z u\u017cyciem technologii RWD (Responsive Web Design), kt\u00f3ra umo\u017cliwia korzystanie z serwisu na urz\u0105dzeniach mobilnych, takich jak smartfony, tablety i netbooki.<\/li>\n<li>Nieczytelne przez czytniki ekranu dokumenty PDF u\u017cytkownicy mog\u0105 rozpozna\u0107 narz\u0119dziem OCR, jedno z takich darmowych narz\u0119dzi znajduje si\u0119 na stronie\u00a0<a id=\"a11y-url\" href=\"http:\/\/www.onlineocr.net\/\" data-wahfont=\"16\">OnlineOCR.<\/a><\/li>\n<li>Linki w serwisie otwieraj\u0105 si\u0119 w tym samym oknie, mog\u0105 si\u0119 zdarzy\u0107 sytuacje, w kt\u00f3rych b\u0119d\u0105 si\u0119 one otwiera\u0142y w nowym oknie nie informuj\u0105c o tym u\u017cytkownika.<\/li>\n<li>Pewne udost\u0119pniane w serwisie us\u0142ugi, pomimo stara\u0144 mog\u0105 by\u0107 rozpoznawane jako b\u0142\u0119dy utrudniaj\u0105ce dost\u0119pno\u015b\u0107 cyfrow\u0105.<\/li>\n<li>Mog\u0105 zdarzy\u0107 si\u0119 sytuacje, \u017ce pomimo stara\u0144 redaktor\u00f3w serwisu, pewne dokumenty opublikowane na stronie s\u0105 niedost\u0119pne z uwagi na fakt, \u017ce\u00a0opublikowane zosta\u0142y w oparciu o zasady przyj\u0119te w innej instytucji lub opublikowane zosta\u0142y przed wej\u015bciem w \u017cycie ustawy o dost\u0119pno\u015bci cyfrowej.<\/li>\n<li>mog\u0105 si\u0119 zdarzy\u0107 sytuacje, \u017ce pomimo stara\u0144 redaktor\u00f3w serwisu, cel linku nie jest odpowiednio okre\u015blony, za\u0142\u0105czniki nie posiadaj\u0105 informacji na temat wielko\u015bci i formatu pliku, niekt\u00f3re pliki z rozszerzeniem .pdf stanowi\u0105 cyfrowe odwzorowanie orygina\u0142y dokumentu i nie zawieraj\u0105 tekst\u00f3w alternatywnych oraz wersji tekstowej.<\/li>\n<\/ol>\n<p data-wahfont=\"16\"><span data-wahfont=\"18\"><strong>Koordynatorzy dost\u0119pno\u015bci<\/strong><\/span><\/p>\n<p data-wahfont=\"16\">Koordynator do spraw dost\u0119pno\u015bci w Regionalnym O\u015brodku Polityki Spo\u0142ecznej w Bia\u0142ymstoku:<\/p>\n<ul>\n<li>Leszek Godlewski,<\/li>\n<li>telefon kontaktowy 85-744-29-84,<\/li>\n<li>E-mail: leszek.godlewski@rops-bialystok.pl<\/li>\n<\/ul>\n<p data-wahfont=\"16\"><span data-wahfont=\"18\"><strong>Inne informacje i o\u015bwiadczenia<\/strong><\/span><\/p>\n<p data-wahfont=\"16\">Wszelkie niezgodno\u015bci wymienione w\u00a0 deklaracji wynikaj\u0105 z faktu, \u017ce wskazane elementy strony zosta\u0142y udost\u0119pnione przed wej\u015bciem w \u017cycie ustawy o dost\u0119pno\u015bci cyfrowej. Regionalny O\u015brodek Polityki Spo\u0142ecznej w Bia\u0142ymstoku dok\u0142ada jednak wszelkich stara\u0144 aby by\u0142y one, o ile jest to mo\u017cliwe, poprawiane i dost\u0119pne cyfrowo dla jak najszerszego grona odbiorc\u00f3w serwisu.<\/p>\n<\/article>\n<\/div>\n<\/div>\n<\/div>\n","protected":false},"excerpt":{"rendered":"<p>Deklaracja dost\u0119pno\u015bci serwisu \u00a0Regionalnego O\u015brodka Polityki Spo\u0142ecznej w Bia\u0142ymstoku Regionalny O\u015brodek Polityki Spo\u0142ecznej w Bia\u0142ymstoku zobowi\u0105zuje si\u0119 zapewni\u0107 dost\u0119pno\u015b\u0107 swojej strony internetowej zgodnie z ustaw\u0105 z dnia 4 kwietnia 2019 r. o dost\u0119pno\u015bci cyfrowej stron internetowych i aplikacji mobilnych podmiot\u00f3w publicznych. O\u015bwiadczenie w sprawie dost\u0119pno\u015bci ma zastosowanie do serwisu internetowego Regionalnego O\u015brodka Polityki Spo\u0142ecznej w [&hellip;]<\/p>\n","protected":false},"author":12,"featured_media":0,"parent":0,"menu_order":0,"comment_status":"closed","ping_status":"closed","template":"","meta":{"footnotes":""},"class_list":["post-7636","page","type-page","status-publish","hentry"],"_links":{"self":[{"href":"https:\/\/rops-bialystok.pl\/andrzej3\/index.php?rest_route=\/wp\/v2\/pages\/7636","targetHints":{"allow":["GET"]}}],"collection":[{"href":"https:\/\/rops-bialystok.pl\/andrzej3\/index.php?rest_route=\/wp\/v2\/pages"}],"about":[{"href":"https:\/\/rops-bialystok.pl\/andrzej3\/index.php?rest_route=\/wp\/v2\/types\/page"}],"author":[{"embeddable":true,"href":"https:\/\/rops-bialystok.pl\/andrzej3\/index.php?rest_route=\/wp\/v2\/users\/12"}],"replies":[{"embeddable":true,"href":"https:\/\/rops-bialystok.pl\/andrzej3\/index.php?rest_route=%2Fwp%2Fv2%2Fcomments&post=7636"}],"version-history":[{"count":13,"href":"https:\/\/rops-bialystok.pl\/andrzej3\/index.php?rest_route=\/wp\/v2\/pages\/7636\/revisions"}],"predecessor-version":[{"id":9548,"href":"https:\/\/rops-bialystok.pl\/andrzej3\/index.php?rest_route=\/wp\/v2\/pages\/7636\/revisions\/9548"}],"wp:attachment":[{"href":"https:\/\/rops-bialystok.pl\/andrzej3\/index.php?rest_route=%2Fwp%2Fv2%2Fmedia&parent=7636"}],"curies":[{"name":"wp","href":"https:\/\/api.w.org\/{rel}","templated":true}]}}