{"id":7829,"date":"2021-06-08T12:55:54","date_gmt":"2021-06-08T10:55:54","guid":{"rendered":"http:\/\/www.rops-bialystok.pl\/andrzej3\/?page_id=7829"},"modified":"2021-06-18T08:21:04","modified_gmt":"2021-06-18T06:21:04","slug":"spoty-promujace-podlaska-ekonomie-spoleczna","status":"publish","type":"page","link":"https:\/\/rops-bialystok.pl\/andrzej3\/?page_id=7829","title":{"rendered":"Spoty Promuj\u0105ce Podlask\u0105 Ekonomi\u0119 Spo\u0142eczn\u0105"},"content":{"rendered":"<div class='pfpItem entry-content'><h4 class='entry-title'><a href='https:\/\/rops-bialystok.pl\/andrzej3\/?p=7928'>Spoty Radiowe promuj\u0105ce Podlask\u0105 Ekonomi\u0119 Spo\u0142eczn\u0105<\/a><\/h4>Pierwszy spot reklamowy:\n\nhttp:\/\/www.rops-bialystok.pl\/andrzej3\/wp-content\/uploads\/2021\/06\/ROPS-1.wav\nCo b\u0119dzie je\u015bli po\u0142\u0105czymy biznes z interesem spo\u0142ecznym?\nPowstanie ekonomia spo\u0142eczna \u2013 skoncentrowana na potrzebach ludzi , kt\u00f3rzy cz\u0119sto z przyczyn od nich nie zale\u017cnych nie mog\u0105 w pe\u0142ni uczestniczy\u0107 w \u017cyciu spo\u0142ecznym czy zawodowym.\nEkonomia spo\u0142eczna \u2013 bo liczy...<a href='https:\/\/rops-bialystok.pl\/andrzej3\/?p=7928' class='pfpReadMore'> Obejrzyj w ca\u0142o\u015bci<\/a><div class='clear'><\/div><br><hr><\/div><div class='pfpItem entry-content'><h4 class='entry-title'><a href='https:\/\/rops-bialystok.pl\/andrzej3\/?p=7853'><a href=\"https:\/\/www.youtube.com\/watch?v=lVX1t1oCGIA&ab_channel=ProjektPodlaskaEkonomiaSpo%C5%82eczna\">Spot reklamowy Koordynacja i monitorowanie rozwoju ekonomii spo\u0142ecznej w regionie<\/a><\/a><\/h4>\n...<a href='https:\/\/rops-bialystok.pl\/andrzej3\/?p=7853' class='pfpReadMore'> Obejrzyj w ca\u0142o\u015bci<\/a><div class='clear'><\/div><br><hr><\/div><div class='pfpItem entry-content'><h4 class='entry-title'><a href='https:\/\/rops-bialystok.pl\/andrzej3\/?p=7850'><a href=\"https:\/\/www.youtube.com\/watch?v=ip6i6QDrvuw\"> Spot Promuj\u0105cy Zak\u0142ady Aktywno\u015bci Zawodowej <\/a><\/a><\/h4>\n...<a href='https:\/\/rops-bialystok.pl\/andrzej3\/?p=7850' class='pfpReadMore'> Obejrzyj w ca\u0142o\u015bci<\/a><div class='clear'><\/div><br><hr><\/div><div class='pfpItem entry-content'><h4 class='entry-title'><a href='https:\/\/rops-bialystok.pl\/andrzej3\/?p=7843'><a href=\"https:\/\/youtu.be\/x1tzBrbUrAA\">Spot promuj\u0105cy Centra Integracji Spo\u0142ecznej <\/a><\/a><\/h4>\n...<a href='https:\/\/rops-bialystok.pl\/andrzej3\/?p=7843' class='pfpReadMore'> Obejrzyj w ca\u0142o\u015bci<\/a><div class='clear'><\/div><br><hr><\/div><div class='pfpItem entry-content'><h4 class='entry-title'><a href='https:\/\/rops-bialystok.pl\/andrzej3\/?p=7835'><a href=\"https:\/\/youtu.be\/krAPEDCTmSc\">Spot promuj\u0105cy Sp\u00f3\u0142dzielnie Socjalne i Przedsi\u0119biorstwa Spo\u0142eczne<\/a><\/a><\/h4>\n...<a href='https:\/\/rops-bialystok.pl\/andrzej3\/?p=7835' class='pfpReadMore'> Obejrzyj w ca\u0142o\u015bci<\/a><div class='clear'><\/div><br><hr><\/div><div class='pfpItem entry-content'><h4 class='entry-title'><a href='https:\/\/rops-bialystok.pl\/andrzej3\/?p=7870'><a href=\"https:\/\/www.youtube.com\/watch?v=Y_lHqvM4L3E\">Turniej debat dla m\u0142odzie\u017cy szk\u00f3\u0142 ponadpodstawowych z wojew\u00f3dztwa podlaskiego pn. \u201eBiznes ludzi dla ludzi\u201d \u2013 Mistrzostwa Debat o Ekonomii Spo\u0142ecznej. \u2013 Podlaska Ekonomia Spo\u0142eczna (rops-bialystok.pl)<\/a><\/a><\/h4>\n...<a href='https:\/\/rops-bialystok.pl\/andrzej3\/?p=7870' class='pfpReadMore'> Obejrzyj w ca\u0142o\u015bci<\/a><div class='clear'><\/div><br><hr><\/div>\n","protected":false},"excerpt":{"rendered":"","protected":false},"author":12,"featured_media":0,"parent":0,"menu_order":0,"comment_status":"closed","ping_status":"closed","template":"","meta":{"footnotes":""},"class_list":["post-7829","page","type-page","status-publish","hentry"],"_links":{"self":[{"href":"https:\/\/rops-bialystok.pl\/andrzej3\/index.php?rest_route=\/wp\/v2\/pages\/7829","targetHints":{"allow":["GET"]}}],"collection":[{"href":"https:\/\/rops-bialystok.pl\/andrzej3\/index.php?rest_route=\/wp\/v2\/pages"}],"about":[{"href":"https:\/\/rops-bialystok.pl\/andrzej3\/index.php?rest_route=\/wp\/v2\/types\/page"}],"author":[{"embeddable":true,"href":"https:\/\/rops-bialystok.pl\/andrzej3\/index.php?rest_route=\/wp\/v2\/users\/12"}],"replies":[{"embeddable":true,"href":"https:\/\/rops-bialystok.pl\/andrzej3\/index.php?rest_route=%2Fwp%2Fv2%2Fcomments&post=7829"}],"version-history":[{"count":5,"href":"https:\/\/rops-bialystok.pl\/andrzej3\/index.php?rest_route=\/wp\/v2\/pages\/7829\/revisions"}],"predecessor-version":[{"id":7873,"href":"https:\/\/rops-bialystok.pl\/andrzej3\/index.php?rest_route=\/wp\/v2\/pages\/7829\/revisions\/7873"}],"wp:attachment":[{"href":"https:\/\/rops-bialystok.pl\/andrzej3\/index.php?rest_route=%2Fwp%2Fv2%2Fmedia&parent=7829"}],"curies":[{"name":"wp","href":"https:\/\/api.w.org\/{rel}","templated":true}]}}