{"id":8197,"date":"2021-09-16T11:52:45","date_gmt":"2021-09-16T09:52:45","guid":{"rendered":"http:\/\/www.rops-bialystok.pl\/andrzej3\/?page_id=8197"},"modified":"2023-04-06T09:39:31","modified_gmt":"2023-04-06T07:39:31","slug":"mapa-strony","status":"publish","type":"page","link":"https:\/\/rops-bialystok.pl\/andrzej3\/?page_id=8197","title":{"rendered":"Mapa strony"},"content":{"rendered":"<ul>\n<li><span style=\"font-size: 12pt;\"><a href=\"http:\/\/www.rops-bialystok.pl\/andrzej3\/\">Strona G\u0142\u00f3wna Podlaskiej Ekonomii Spo\u0142ecznej<\/a><\/span>\n<ul>\n<li><span style=\"font-size: 12pt;\"><a href=\"http:\/\/www.rops-bialystok.pl\/andrzej3\/?page_id=7\">Kontakt<\/a><\/span><\/li>\n<li><span style=\"font-size: 12pt;\"><a href=\"http:\/\/www.rops-bialystok.pl\/andrzej3\/?page_id=6712\">Standardy Dost\u0119pno\u015bci<\/a><\/span><\/li>\n<li><span style=\"font-size: 12pt;\"><a href=\"http:\/\/www.rops-bialystok.pl\/andrzej3\/?page_id=390\">ABC Ekonomii Spo\u0142ecznej<\/a><\/span><\/li>\n<li><span style=\"font-size: 12pt;\"><a href=\"http:\/\/www.rops-bialystok.pl\/andrzej3\/?page_id=4480\">O projekcie<\/a><\/span><\/li>\n<li><span style=\"font-size: 12pt;\"><a href=\"http:\/\/www.rops-bialystok.pl\/andrzej3\/\">Aktualno\u015bci<\/a><\/span><\/li>\n<li><span style=\"font-size: 12pt;\"><a href=\"http:\/\/www.rops-bialystok.pl\/andrzej3\/?page_id=5934\">Specjalistyczne doradztwo<\/a><\/span><\/li>\n<li><span style=\"font-size: 12pt;\"><a href=\"http:\/\/www.rops-bialystok.pl\/andrzej3\/?p=5856\">Zakup Prospo\u0142eczny<\/a><\/span><\/li>\n<li><span style=\"font-size: 12pt;\"><a href=\"http:\/\/www.rops-bialystok.pl\/andrzej3\/?page_id=5642\">Przedsi\u0119biorstwa Spo\u0142eczne w wojew\u00f3dztwie podlaskim<\/a><\/span>\n<ul>\n<li><span style=\"font-size: 12pt;\"><a href=\"https:\/\/public.tableau.com\/views\/ListaPrzedsibiorstwSpoecznychwwojewdztwiepodlaskim\/Lipiec2021?:language=en-US&amp;publish=yes&amp;:display_count=n&amp;:origin=viz_share_link\">Aktualna lista Przedsi\u0119biorstw Spo\u0142ecznych w wojew\u00f3dztwie podlaskim.<\/a><\/span><\/li>\n<li><span style=\"font-size: 12pt;\"><a href=\"http:\/\/www.bazaps.ekonomiaspoleczna.gov.pl\/\">Og\u00f3lnopolska wyszukiwarka Przedsi\u0119biorstw Spo\u0142ecznych<\/a><\/span><\/li>\n<li><span style=\"font-size: 12pt;\"><a href=\"http:\/\/www.rops-bialystok.pl\/andrzej3\/wp-content\/uploads\/2021\/08\/Lista-PS-lipiec-2021.xlsx\" class=\"mtli_attachment mtli_xlsx\">Do pobrania lista Przedsi\u0119biorstw Spo\u0142ecznych w postaci pliku programu Excel<\/a><\/span><\/li>\n<\/ul>\n<\/li>\n<li><span style=\"font-size: 12pt;\"><a href=\"http:\/\/www.rops-bialystok.pl\/andrzej3\/?p=5189\">Podlaskie O\u015brodki Wsparcia Ekonomii Spo\u0142ecznej<\/a><\/span><\/li>\n<li><span style=\"font-size: 12pt;\"><a href=\"http:\/\/www.rops-bialystok.pl\/andrzej3\/?page_id=5320\">Badania, analizy, ekspertyzy<\/a><\/span><\/li>\n<li><span style=\"font-size: 12pt;\"><a href=\"#Zasoby instytucjonalne podmiot\u00f3w ekonomii spo\u0142ecznej w woj. podlaskim\">Zasoby instytucjonalne podmiot\u00f3w ekonomii spo\u0142ecznej w woj. podlaskim<\/a><\/span>\n<ul>\n<li><span style=\"font-size: 12pt;\"><a href=\"http:\/\/www.rops-bialystok.pl\/andrzej3\/?p=5498\">Centra Integracji Spo\u0142ecznej<\/a><\/span><\/li>\n<li><span style=\"font-size: 12pt;\"><a href=\"http:\/\/www.rops-bialystok.pl\/andrzej3\/?p=5503\">Kluby Integracji Spo\u0142ecznej<\/a><\/span><\/li>\n<li><span style=\"font-size: 12pt;\"><a href=\"http:\/\/www.rops-bialystok.pl\/andrzej3\/?p=5506\">Sp\u00f3\u0142dzielnie Socjalne<\/a><\/span><\/li>\n<li><span style=\"font-size: 12pt;\"><a href=\"http:\/\/www.rops-bialystok.pl\/andrzej3\/?p=5509\">Warsztaty Terapii Zaj\u0119ciowej<\/a><\/span><\/li>\n<li><span style=\"font-size: 12pt;\"><a href=\"http:\/\/www.rops-bialystok.pl\/andrzej3\/?p=5512\">Zak\u0142ady Aktywno\u015bci Zawodowej<\/a><\/span><\/li>\n<li><span style=\"font-size: 12pt;\"><a href=\"http:\/\/www.rops-bialystok.pl\/andrzej3\/?p=7746\">Sp\u00f3\u0142dzielnie uczniowskie w woj. podlaskim<\/a><\/span><\/li>\n<li><span style=\"font-size: 12pt;\"><a href=\"http:\/\/www.rops-bialystok.pl\/andrzej3\/?p=7920\">Ko\u0142a Gospody\u0144 Wiejskich<\/a><\/span><\/li>\n<\/ul>\n<\/li>\n<li><span style=\"font-size: 12pt;\"><a href=\"http:\/\/www.rops-bialystok.pl\/andrzej3\/?page_id=5323\">Regionalny Komitet Rozwoju Ekonomii Spo\u0142ecznej w woj. Podlaskim<\/a><\/span><\/li>\n<li><span style=\"font-size: 12pt;\"><a href=\"http:\/\/www.rops-bialystok.pl\/andrzej3\/?page_id=741\">Wieloletni Program Rozwoju Ekonomii Spo\u0142ecznej w Wojew\u00f3dztwie Podlaskim na lata 2013-2020<\/a><\/span><\/li>\n<li><span style=\"font-size: 12pt;\"><a href=\"http:\/\/www.rops-bialystok.pl\/andrzej3\/?page_id=5326\">Monitoring WPRES<\/a><\/span><\/li>\n<li><span style=\"font-size: 12pt;\"><a href=\"http:\/\/www.rops-bialystok.pl\/andrzej3\/?page_id=5898\">Podlaska Sie\u0107 Wsp\u00f3\u0142pracy<\/a><\/span>\n<ul>\n<li><span style=\"font-size: 12pt;\"><a href=\"http:\/\/www.rops-bialystok.pl\/andrzej3\/?p=5070\">Warsztaty Terapii Zaj\u0119ciowej i Zak\u0142ad\u00f3w Aktywno\u015bci Zawodowej<\/a><\/span><\/li>\n<li><span style=\"font-size: 12pt;\"><a href=\"http:\/\/www.rops-bialystok.pl\/andrzej3\/?p=5450\">Podmioty Ekonomii Spo\u0142ecznej Pracuj\u0105cych z Osobami Bezdomnymi<\/a><\/span><\/li>\n<li><span style=\"font-size: 12pt;\"><a href=\"http:\/\/www.rops-bialystok.pl\/andrzej3\/?p=6230\">Podlaska sie\u0107 wsp\u00f3\u0142pracy CIS i KIS<\/a><\/span><\/li>\n<li><span style=\"font-size: 12pt;\"><a href=\"http:\/\/www.rops-bialystok.pl\/andrzej3\/?p=7385\">Podlaska Sie\u0107 Wsp\u00f3\u0142pracy Regionalnego O\u015brodka Polityki Spo\u0142ecznej i O\u015brodk\u00f3w &#8230;<\/a><\/span><\/li>\n<\/ul>\n<\/li>\n<li><span style=\"font-size: 12pt;\"><a href=\"http:\/\/www.rops-bialystok.pl\/andrzej3\/?page_id=748\">Dobre praktyki<\/a><\/span><\/li>\n<li><span style=\"font-size: 12pt;\"><a href=\"http:\/\/www.rops-bialystok.pl\/andrzej3\/?page_id=754\">Tam byli\u015bmy<\/a><\/span><\/li>\n<li><span style=\"font-size: 12pt;\"><a href=\"http:\/\/www.rops-bialystok.pl\/andrzej3\/?page_id=7251\">Regulaminy<\/a><\/span>\n<ul>\n<li><span style=\"font-size: 12pt;\"><a href=\"http:\/\/www.rops-bialystok.pl\/andrzej3\/wp-content\/uploads\/2020\/02\/Regulamin-rekrutacji-i-udzia%C5%82u-w-projekcie.pdf\" class=\"mtli_attachment mtli_pdf\">Regulamin rekrutacji i udzia\u0142u w projekcie<\/a><\/span><\/li>\n<li><span style=\"font-size: 12pt;\"><a href=\"http:\/\/www.rops-bialystok.pl\/andrzej3\/wp-content\/uploads\/2020\/02\/Regulamin-wizyt-studyjnych-w-ramach-projektu.pdf\" class=\"mtli_attachment mtli_pdf\">Regulamin wizyt studyjnych w ramach projektu<\/a><\/span><\/li>\n<li><span style=\"font-size: 12pt;\"><a href=\"http:\/\/www.rops-bialystok.pl\/andrzej3\/wp-content\/uploads\/2020\/02\/Regulamin-udzielania-doradztwa-w-ramach-projektu.pdf\" class=\"mtli_attachment mtli_pdf\">Regulamin udzielania doradztwa w ramach projektu<\/a><\/span><\/li>\n<li><span style=\"font-size: 12pt;\"><a href=\"http:\/\/www.rops-bialystok.pl\/andrzej3\/wp-content\/uploads\/2020\/02\/Regulamin-zwrotu-koszt%C3%B3w-dojazdu-dla-doradc%C3%B3w-projektu.pdf\" class=\"mtli_attachment mtli_pdf\">Regulamin zwrotu koszt\u00f3w dojazdu dla doradc\u00f3w projektu<\/a><\/span><\/li>\n<\/ul>\n<\/li>\n<li><span style=\"font-size: 12pt;\"><a href=\"http:\/\/www.rops-bialystok.pl\/andrzej3\/?page_id=388\">Akty prawne<\/a><\/span><\/li>\n<li><span style=\"font-size: 12pt;\"><a href=\"http:\/\/www.rops-bialystok.pl\/andrzej3\/?page_id=392\">Linki<\/a><\/span><\/li>\n<li><span style=\"font-size: 12pt;\"><a href=\"http:\/\/www.rops-bialystok.pl\/andrzej3\/?page_id=7636\">Deklaracja dost\u0119pno\u015bci<\/a><\/span><\/li>\n<li><span style=\"font-size: 12pt;\"><a href=\"#WID\u017bETY\">WID\u017bETY<\/a><\/span>\n<ul>\n<li><span style=\"font-size: 12pt;\"><a href=\"http:\/\/bip.rops.wrotapodlasia.pl\/klauzula_informacyjna_ochrony_danych_osobowych\/\">Klauzula informacyjna dotycz\u0105ca ochrony danych osobowych<\/a><\/span><\/li>\n<li><span style=\"font-size: 12pt;\"><a href=\"http:\/\/www.rops-bialystok.pl\/andrzej3\/?p=8583\">Pomoc dla obywateli Ukrainy \/ \u041f\u043e\u043c\u043e\u0449\u044c \u0434\u043b\u044f \u0433\u0440\u0430\u0436\u0434\u0430\u043d \u0423\u043a\u0440\u0430\u0438\u043d\u044b<\/a><\/span><\/li>\n<li><span style=\"font-size: 12pt;\"><a href=\"http:\/\/www.rops-bialystok.pl\/andrzej3\/?p=7761\">Bezp\u0142atne szkolenia dla mieszka\u0144c\u00f3w wojew\u00f3dztwa podlaskiego<\/a><\/span><\/li>\n<li><span style=\"font-size: 12pt;\"><a href=\"http:\/\/www.rops-bialystok.pl\/rops\/\">Regionalny O\u015brodek Polityki Spo\u0142ecznej w Bia\u0142ymstoku<\/a><\/span><\/li>\n<li><span style=\"font-size: 12pt;\"><a href=\"http:\/\/www.zakupprospoleczny.pl\/\">Zakup pro spo\u0142eczny<\/a><\/span><\/li>\n<li><span style=\"font-size: 12pt;\"><a href=\"http:\/\/www.rops-bialystok.pl\/andrzej3\/?page_id=7829\">Spoty promuj\u0105ce Podlask\u0105 Ekonomi\u0119 Spo\u0142eczn\u0105<\/a><\/span><\/li>\n<li><span style=\"font-size: 12pt;\"><a href=\"http:\/\/www.rops-bialystok.pl\/andrzej3\/wp-content\/uploads\/2017\/04\/Spot-ES-ROPS.avi\">Spot reklamowy Podlaskiej Ekonomii Spo\u0142ecznej<\/a><\/span><\/li>\n<li><span style=\"font-size: 12pt;\"><a href=\"http:\/\/www.rops-bialystok.pl\/andrzej3\/?p=5189\">Subregiony Ekonomii Spo\u0142ecznej<\/a><\/span><\/li>\n<\/ul>\n<\/li>\n<li><span style=\"font-size: 12pt;\"><a href=\"#ARCHIWUM\">ARCHIWUM<\/a><\/span>\n<ul>\n<li><span style=\"font-size: 12pt;\"><a href=\"http:\/\/www.rops-bialystok.pl\/andrzej3\/\">Aktualno\u015bci<\/a><\/span>\n<ul>\n<li><span style=\"font-size: 12pt;\"><a href=\"http:\/\/www.rops-bialystok.pl\/andrzej3\/?page_id=8854\">Archiwum aktualno\u015bci z roku 2021<\/a><\/span><\/li>\n<li><span style=\"font-size: 12pt;\"><a href=\"http:\/\/www.rops-bialystok.pl\/andrzej3\/?page_id=8167\">Archiwum aktualno\u015bci z roku 2020<\/a><\/span><\/li>\n<li><span style=\"font-size: 12pt;\"><a href=\"http:\/\/www.rops-bialystok.pl\/andrzej3\/?page_id=7484\">Archiwum aktualno\u015bci z roku 2019<\/a><\/span><\/li>\n<li><span style=\"font-size: 12pt;\"><a href=\"http:\/\/www.rops-bialystok.pl\/andrzej3\/?page_id=6579\">Archiwum aktualno\u015bci z roku 2018<\/a><\/span><\/li>\n<li><span style=\"font-size: 12pt;\"><a href=\"http:\/\/www.rops-bialystok.pl\/andrzej3\/?page_id=5894\">Archiwum aktualno\u015bci z roku 2017<\/a><\/span><\/li>\n<li><span style=\"font-size: 12pt;\"><a href=\"http:\/\/www.rops-bialystok.pl\/andrzej3\/?page_id=5119\">Archiwum aktualno\u015bci z roku 2016<\/a><\/span><\/li>\n<li><span style=\"font-size: 12pt;\"><a href=\"http:\/\/www.rops-bialystok.pl\/andrzej3\/?page_id=5115\">Archiwum aktualno\u015bci z roku 2015<\/a><\/span><\/li>\n<li><span style=\"font-size: 12pt;\"><a href=\"http:\/\/www.rops-bialystok.pl\/andrzej3\/?page_id=5111\">Archiwum aktualno\u015bci z roku 2014<\/a><\/span><\/li>\n<li><span style=\"font-size: 12pt;\"><a href=\"http:\/\/www.rops-bialystok.pl\/andrzej3\/?page_id=5086&amp;preview=true\">Archiwum aktualno\u015bci z roku 2013<\/a><\/span><\/li>\n<li><span style=\"font-size: 12pt;\"><a href=\"http:\/\/www.rops-bialystok.pl\/andrzej3\/?page_id=5078\">Archiwum aktualno\u015bci z roku 2012<\/a><\/span><\/li>\n<\/ul>\n<\/li>\n<li><span style=\"font-size: 12pt;\"><a href=\"http:\/\/www.rops-bialystok.pl\/andrzej3\/?page_id=7251\">Regulaminy<\/a><\/span>\n<ul>\n<li><span style=\"font-size: 12pt;\"><a href=\"http:\/\/www.rops-bialystok.pl\/andrzej3\/?p=4538(opens%20in%20a%20new%20tab\">Archiwalne regulaminy<\/a><\/span><\/li>\n<\/ul>\n<\/li>\n<\/ul>\n<\/li>\n<\/ul>\n<\/li>\n<\/ul>\n","protected":false},"excerpt":{"rendered":"<p>Strona G\u0142\u00f3wna Podlaskiej Ekonomii Spo\u0142ecznej Kontakt Standardy Dost\u0119pno\u015bci ABC Ekonomii Spo\u0142ecznej O projekcie Aktualno\u015bci Specjalistyczne doradztwo Zakup Prospo\u0142eczny Przedsi\u0119biorstwa Spo\u0142eczne w wojew\u00f3dztwie podlaskim Aktualna lista Przedsi\u0119biorstw Spo\u0142ecznych w wojew\u00f3dztwie podlaskim. Og\u00f3lnopolska wyszukiwarka Przedsi\u0119biorstw Spo\u0142ecznych Do pobrania lista Przedsi\u0119biorstw Spo\u0142ecznych w postaci pliku programu Excel Podlaskie O\u015brodki Wsparcia Ekonomii Spo\u0142ecznej Badania, analizy, ekspertyzy Zasoby instytucjonalne podmiot\u00f3w [&hellip;]<\/p>\n","protected":false},"author":13,"featured_media":0,"parent":0,"menu_order":0,"comment_status":"closed","ping_status":"closed","template":"","meta":{"footnotes":""},"class_list":["post-8197","page","type-page","status-publish","hentry"],"_links":{"self":[{"href":"https:\/\/rops-bialystok.pl\/andrzej3\/index.php?rest_route=\/wp\/v2\/pages\/8197","targetHints":{"allow":["GET"]}}],"collection":[{"href":"https:\/\/rops-bialystok.pl\/andrzej3\/index.php?rest_route=\/wp\/v2\/pages"}],"about":[{"href":"https:\/\/rops-bialystok.pl\/andrzej3\/index.php?rest_route=\/wp\/v2\/types\/page"}],"author":[{"embeddable":true,"href":"https:\/\/rops-bialystok.pl\/andrzej3\/index.php?rest_route=\/wp\/v2\/users\/13"}],"replies":[{"embeddable":true,"href":"https:\/\/rops-bialystok.pl\/andrzej3\/index.php?rest_route=%2Fwp%2Fv2%2Fcomments&post=8197"}],"version-history":[{"count":7,"href":"https:\/\/rops-bialystok.pl\/andrzej3\/index.php?rest_route=\/wp\/v2\/pages\/8197\/revisions"}],"predecessor-version":[{"id":9249,"href":"https:\/\/rops-bialystok.pl\/andrzej3\/index.php?rest_route=\/wp\/v2\/pages\/8197\/revisions\/9249"}],"wp:attachment":[{"href":"https:\/\/rops-bialystok.pl\/andrzej3\/index.php?rest_route=%2Fwp%2Fv2%2Fmedia&parent=8197"}],"curies":[{"name":"wp","href":"https:\/\/api.w.org\/{rel}","templated":true}]}}