{"id":9150,"date":"2022-10-25T11:14:24","date_gmt":"2022-10-25T09:14:24","guid":{"rendered":"http:\/\/www.rops-bialystok.pl\/andrzej3\/?page_id=9150"},"modified":"2023-04-07T11:39:59","modified_gmt":"2023-04-07T09:39:59","slug":"spot-promujacy-podlaska-ekonomie-spoleczna","status":"publish","type":"page","link":"https:\/\/rops-bialystok.pl\/andrzej3\/?page_id=9150","title":{"rendered":"Spot promuj\u0105cy Podlask\u0105 Ekonomie Spo\u0142eczn\u0105"},"content":{"rendered":"<p>Czy wiesz, \u017ce w twoim regionie dzia\u0142aj\u0105 Podmioty Ekonomii Spo\u0142ecznej?<\/p>\n<p>To przedsi\u0119biorstwa, kt\u00f3re produkuj\u0105, oferuj\u0105 us\u0142ugi, s\u0105 konkurencyjne cenowo, ale zysk przeznaczaj\u0105 na cele spo\u0142eczne. Zatrudniaj\u0105 osoby najbardziej oddalone od rynku pracy, w tym osoby niepe\u0142nosprawne lub d\u0142ugotrwale bezrobotne.<\/p>\n<p>Dlaczego warto o tym wiedzie\u0107?<\/p>\n<p>Bo pomagasz i wspierasz, otrzymujesz wysok\u0105 jako\u015b\u0107 i konkurencyjne ceny.<\/p>\n<p>Nie czekaj. Kupuj produkty i us\u0142ugi od przedsi\u0119biorstw spo\u0142ecznych. Znajd\u017a je i korzystaj z ich us\u0142ug. Odwied\u017a stron\u0119: <a href=\"http:\/\/www.podlaskaekonomiaspoleczna.pl\/\">podlaskaekonomiaspoleczna.pl<\/a> i dowiedz si\u0119 jak znale\u017a\u0107 przedsi\u0119biorstwa spo\u0142eczne w twoim regionie.<\/p>\n<p>Zadzwo\u0144 lub napisz: tel.: 85 744 72 75, e-mail: <a href=\"mailto:projektes@rops-bialystok.pl\">projektes@rops-bialystok.pl<\/a><\/p>\n<p>Spot reklamowy realizowany w ramach projektu pozakonkursowego \u201eKoordynacja i monitorowanie rozwoju ekonomii spo\u0142ecznej w regionie\u201d wsp\u00f3\u0142finansowanego ze \u015brodk\u00f3w Europejskiego Funduszu Spo\u0142ecznego w ramach Regionalnego Programu Operacyjnego Wojew\u00f3dztwa Podlaskiego na lata 2014-2020.<\/p>\n","protected":false},"excerpt":{"rendered":"<p>Czy wiesz, \u017ce w twoim regionie dzia\u0142aj\u0105 Podmioty Ekonomii Spo\u0142ecznej? To przedsi\u0119biorstwa, kt\u00f3re produkuj\u0105, oferuj\u0105 us\u0142ugi, s\u0105 konkurencyjne cenowo, ale zysk przeznaczaj\u0105 na cele spo\u0142eczne. Zatrudniaj\u0105 osoby najbardziej oddalone od rynku pracy, w tym osoby niepe\u0142nosprawne lub d\u0142ugotrwale bezrobotne. Dlaczego warto o tym wiedzie\u0107? Bo pomagasz i wspierasz, otrzymujesz wysok\u0105 jako\u015b\u0107 i konkurencyjne ceny. Nie [&hellip;]<\/p>\n","protected":false},"author":12,"featured_media":0,"parent":0,"menu_order":0,"comment_status":"closed","ping_status":"closed","template":"","meta":{"footnotes":""},"class_list":["post-9150","page","type-page","status-publish","hentry"],"_links":{"self":[{"href":"https:\/\/rops-bialystok.pl\/andrzej3\/index.php?rest_route=\/wp\/v2\/pages\/9150","targetHints":{"allow":["GET"]}}],"collection":[{"href":"https:\/\/rops-bialystok.pl\/andrzej3\/index.php?rest_route=\/wp\/v2\/pages"}],"about":[{"href":"https:\/\/rops-bialystok.pl\/andrzej3\/index.php?rest_route=\/wp\/v2\/types\/page"}],"author":[{"embeddable":true,"href":"https:\/\/rops-bialystok.pl\/andrzej3\/index.php?rest_route=\/wp\/v2\/users\/12"}],"replies":[{"embeddable":true,"href":"https:\/\/rops-bialystok.pl\/andrzej3\/index.php?rest_route=%2Fwp%2Fv2%2Fcomments&post=9150"}],"version-history":[{"count":9,"href":"https:\/\/rops-bialystok.pl\/andrzej3\/index.php?rest_route=\/wp\/v2\/pages\/9150\/revisions"}],"predecessor-version":[{"id":9285,"href":"https:\/\/rops-bialystok.pl\/andrzej3\/index.php?rest_route=\/wp\/v2\/pages\/9150\/revisions\/9285"}],"wp:attachment":[{"href":"https:\/\/rops-bialystok.pl\/andrzej3\/index.php?rest_route=%2Fwp%2Fv2%2Fmedia&parent=9150"}],"curies":[{"name":"wp","href":"https:\/\/api.w.org\/{rel}","templated":true}]}}