{"id":21969,"date":"2024-02-29T14:18:00","date_gmt":"2024-02-29T13:18:00","guid":{"rendered":"https:\/\/rops-bialystok.pl\/rops\/?page_id=21969"},"modified":"2026-03-30T15:24:49","modified_gmt":"2026-03-30T13:24:49","slug":"harmonogram-wsparcia","status":"publish","type":"page","link":"https:\/\/rops-bialystok.pl\/fers\/harmonogram-wsparcia\/","title":{"rendered":"Harmonogram wsparcia"},"content":{"rendered":"<p><strong>Szczeg\u00f3\u0142owy Harmonogram Udzielania Wsparcia \/ Dzia\u0142a\u0144 w Projekcie<\/strong><\/p>\n<p><strong>Nazwa Beneficjenta:<\/strong> Wojew\u00f3dztwo Podlaskie\/Regionalny O\u015brodek Polityki Spo\u0142ecznej w Bia\u0142ymstoku<\/p>\n<p><strong>Numer projektu:<\/strong> FERS.04.13-IP.06-0016\/23<\/p>\n<p><strong>Tytu\u0142 projektu:<\/strong> \u201eKoordynacja dzia\u0142a\u0144 w zakresie polityki spo\u0142ecznej w wojew\u00f3dztwie podlaskim\u201d<\/p>\n<p>&nbsp;<\/p>\n<p><strong>Harmonogramy:<\/strong><\/p>\n<ol>\n<li><a href=\"https:\/\/rops-bialystok.pl\/fers\/harmonogram-wsparcia-2024\/\">Harmonogram wsparcia &#8211; 2024<\/a><\/li>\n<li><a href=\"\/fers\/harmonogram-wsparcia-styczen-2025\/\">Harmonogram wsparcia &#8211; stycze\u0144 2025<\/a><\/li>\n<li><a href=\"\/fers\/harmonogram-wsparcia-luty-2025\/\">Harmonogram wsparcia &#8211; luty 2025<\/a><\/li>\n<li><a href=\"\/fers\/harmonogram-wsparcia-marzec-2025\/\">Harmonogram wsparcia &#8211; marzec 2025<\/a><\/li>\n<li><a href=\"https:\/\/rops-bialystok.pl\/fers\/harmonogram-wsparcia-kwiecien-2025\/\">Harmonogram wsparcia &#8211; kwiecie\u0144 2025<\/a><\/li>\n<li><a href=\"https:\/\/rops-bialystok.pl\/fers\/harmonogram-wsparcia-maj-2025\/\">Harmonogram wsparcia &#8211; maj 2025<\/a><\/li>\n<li><a href=\"https:\/\/rops-bialystok.pl\/fers\/harmonogram-wsparcia-czerwiec-2025\/\">Harmonogram wsparcia &#8211; czerwiec 2025<\/a><\/li>\n<li><a href=\"https:\/\/rops-bialystok.pl\/fers\/harmonogram-wsparcia-lipiec-2025\/\">Harmonogram wsparcia &#8211; lipiec 2025<\/a><\/li>\n<li><a href=\"https:\/\/rops-bialystok.pl\/fers\/harmonogram-wsparcia-sierpien-2025\/\">Harmonogram wsparcia &#8211; sierpie\u0144 2025<\/a><\/li>\n<li><a href=\"https:\/\/rops-bialystok.pl\/fers\/harmonogram-wsparcia-wrzesien-2025\/\">Harmonogram wsparcia &#8211; wrzesie\u0144 2025<\/a><\/li>\n<li><a href=\"https:\/\/rops-bialystok.pl\/fers\/harmonogram-wsparcia-pazdziernik-2025\/\">Harmonogram wsparcia &#8211; pa\u017adziernik 2025<\/a><\/li>\n<li><a href=\"https:\/\/rops-bialystok.pl\/fers\/harmonogram-wsparcia-listopad-2025\/\">Harmonogram wsparcia &#8211; listopad 2025<\/a><\/li>\n<li><a href=\"https:\/\/rops-bialystok.pl\/fers\/harmonogram-wsparcia-grudzien-2025\/\">Harmonogram wsparcia &#8211; grudzie\u0144 2025<\/a><\/li>\n<li><a href=\"https:\/\/rops-bialystok.pl\/fers\/harmonogram-wsparcia-styczen-2026\/\">Harmonogram wsparcia &#8211; stycze\u0144 2026<\/a><\/li>\n<li><a href=\"\/fers\/harmonogram-wsparcia-luty-2026\/\">Harmonogram wsparcia &#8211; luty 2026<\/a><\/li>\n<li><a href=\"\/fers\/harmonogram-wsparcia-marzec-2026\/\">Harmonogram wsparcia &#8211; marzec 2026<\/a><\/li>\n<li><a href=\"https:\/\/rops-bialystok.pl\/fers\/harmonogram-wsparcia-kwiecien-2026\/\">Harmonogram wsparcia &#8211; kwiecie\u0144 2026<\/a><\/li>\n<\/ol>\n","protected":false},"excerpt":{"rendered":"<p>Szczeg\u00f3\u0142owy Harmonogram Udzielania Wsparcia \/ Dzia\u0142a\u0144 w Projekcie Nazwa Beneficjenta: Wojew\u00f3dztwo Podlaskie\/Regionalny O\u015brodek Polityki Spo\u0142ecznej w Bia\u0142ymstoku Numer projektu: FERS.04.13-IP.06-0016\/23 Tytu\u0142 projektu: \u201eKoordynacja dzia\u0142a\u0144 w zakresie polityki spo\u0142ecznej w wojew\u00f3dztwie podlaskim\u201d &nbsp; Harmonogramy: Harmonogram wsparcia &#8211; 2024 Harmonogram wsparcia &#8211; stycze\u0144 2025 Harmonogram wsparcia &#8211; luty 2025 Harmonogram wsparcia &#8211; marzec 2025 Harmonogram wsparcia &#8211; &hellip; <a href=\"https:\/\/rops-bialystok.pl\/fers\/harmonogram-wsparcia\/\" class=\"more-link\">Continue reading<span class=\"screen-reader-text\"> &#8222;Harmonogram wsparcia&#8221;<\/span><\/a><\/p>\n","protected":false},"author":4,"featured_media":0,"parent":0,"menu_order":0,"comment_status":"closed","ping_status":"closed","template":"","meta":{"footnotes":""},"class_list":["post-21969","page","type-page","status-publish","hentry"],"_links":{"self":[{"href":"https:\/\/rops-bialystok.pl\/fers\/wp-json\/wp\/v2\/pages\/21969","targetHints":{"allow":["GET"]}}],"collection":[{"href":"https:\/\/rops-bialystok.pl\/fers\/wp-json\/wp\/v2\/pages"}],"about":[{"href":"https:\/\/rops-bialystok.pl\/fers\/wp-json\/wp\/v2\/types\/page"}],"author":[{"embeddable":true,"href":"https:\/\/rops-bialystok.pl\/fers\/wp-json\/wp\/v2\/users\/4"}],"replies":[{"embeddable":true,"href":"https:\/\/rops-bialystok.pl\/fers\/wp-json\/wp\/v2\/comments?post=21969"}],"version-history":[{"count":59,"href":"https:\/\/rops-bialystok.pl\/fers\/wp-json\/wp\/v2\/pages\/21969\/revisions"}],"predecessor-version":[{"id":26903,"href":"https:\/\/rops-bialystok.pl\/fers\/wp-json\/wp\/v2\/pages\/21969\/revisions\/26903"}],"wp:attachment":[{"href":"https:\/\/rops-bialystok.pl\/fers\/wp-json\/wp\/v2\/media?parent=21969"}],"curies":[{"name":"wp","href":"https:\/\/api.w.org\/{rel}","templated":true}]}}