{"id":22136,"date":"2024-03-28T10:03:15","date_gmt":"2024-03-28T09:03:15","guid":{"rendered":"https:\/\/rops-bialystok.pl\/rops\/?page_id=22136"},"modified":"2024-08-06T14:38:52","modified_gmt":"2024-08-06T12:38:52","slug":"szkolenia","status":"publish","type":"page","link":"https:\/\/rops-bialystok.pl\/fers\/szkolenia\/","title":{"rendered":"Szkolenia"},"content":{"rendered":"<style>.wp-show-posts-columns#wpsp-23925 {margin-left: -2em; }.wp-show-posts-columns#wpsp-23925 .wp-show-posts-inner {margin: 0 0 2em 2em; }<\/style><section id=\"wpsp-23925\" class=\" wp-show-posts\" style=\"\"><article class=\" wp-show-posts-single wpsp-clearfix post-26861 post type-post status-publish format-standard hentry category-aktualnosci category-aktualnosci_es category-szkolenia_bwps category-wpisy_fers\" itemtype=\"http:\/\/schema.org\/CreativeWork\" itemscope><div class=\"wp-show-posts-inner\" style=\"\"><!--MY EDIT\n\t\t\t\t\t\t<header class=\"wp-show-posts-entry-header\">\n-->\n\t\t\t\t\t\t\t<h3 class=\"wp-show-posts-entry-title\" itemprop=\"headline\"><a href=\"https:\/\/rops-bialystok.pl\/fers\/2026\/03\/12\/relacja-ze-szkolenia-pn-budowanie-partnerstw-na-rzecz-rozwoju-lokalnego\/\" rel=\"bookmark\">Szkolenie pn.:\u201d Budowanie partnerstw na rzecz rozwoju lokalnego\u201d<\/a><\/h3><div class=\"wp-show-posts-entry-meta wp-show-posts-entry-meta-below-title post-meta-inline\"><span class=\"wp-show-posts-posted-on wp-show-posts-meta\">\n\t\t\t\t\t<time class=\"wp-show-posts-entry-date published\" datetime=\"2026-03-12T13:04:49+01:00\" itemprop=\"datePublished\">2026-03-12<\/time>\n\t\t\t\t<\/span><\/div><!--MY EDIT\n\t\t\t\t\t\t<\/header>\n-->\n\t\t\t\t\t\t<!-- .entry-header -->\n<!--\n-->\n\t\t\t\t\t\t\t\t\t\t\t<div class=\"wp-show-posts-entry-summary\" itemprop=\"text\">\n\t\t\t\t\t\t\t<p>W dniu 06.03.2026 r. w Hotelu 3 Trio w Bia\u0142ymstoku, Regionalny O\u015brodek Polityki Spo\u0142ecznej w Bia\u0142ymstoku w ramach projektu \u201eKoordynacja dzia\u0142a\u0144 w zakresie polityki spo\u0142ecznej w wojew\u00f3dztwie podlaskim\u201d Dzia\u0142anie 04.13: Wysokiej jako\u015bci system w\u0142\u0105czenia spo\u0142ecznego, Programu Fundusze Europejskie dla Rozwoju Spo\u0142ecznego 2021-2027 (FERS), wsp\u00f3\u0142finansowanego ze \u015brodk\u00f3w Europejskiego Funduszu Spo\u0142ecznego Plus, w ramach typu projekt\u00f3w pn. Dzia\u0142ania ROPS w zakresie us\u0142ug&#8230;<\/p>\n\t\t\t\t\t\t<\/div><!-- .entry-summary -->\n\t\t\t\t\t<\/div><!-- wp-show-posts-inner --><div class=\"wpsp-clear\"><\/div><\/article><article class=\" wp-show-posts-single wpsp-clearfix post-26792 post type-post status-publish format-standard hentry category-aktualnosci category-szkolenia_bwps category-wpisy_fers\" itemtype=\"http:\/\/schema.org\/CreativeWork\" itemscope><div class=\"wp-show-posts-inner\" style=\"\"><!--MY EDIT\n\t\t\t\t\t\t<header class=\"wp-show-posts-entry-header\">\n-->\n\t\t\t\t\t\t\t<h3 class=\"wp-show-posts-entry-title\" itemprop=\"headline\"><a href=\"https:\/\/rops-bialystok.pl\/fers\/2026\/02\/25\/relacja-ze-szkolenia-specjalistycznego-dla-pracownikow-i-kandydatow-na-pracownikow-centrum-uslug-spolecznych-modul-iii-edycja-2-organizacja-spolecznosci-lokalnej\/\" rel=\"bookmark\">Szkolenie specjalistyczne dla pracownik\u00f3w i kandydat\u00f3w na pracownik\u00f3w centrum us\u0142ug spo\u0142ecznych &#8211; Modu\u0142 III, Edycja 2 ,,Organizacja spo\u0142eczno\u015bci lokalnej\u201d<\/a><\/h3><div class=\"wp-show-posts-entry-meta wp-show-posts-entry-meta-below-title post-meta-inline\"><span class=\"wp-show-posts-posted-on wp-show-posts-meta\">\n\t\t\t\t\t<time class=\"wp-show-posts-entry-date published\" datetime=\"2026-02-25T10:02:26+01:00\" itemprop=\"datePublished\">2026-02-25<\/time>\n\t\t\t\t<\/span><\/div><!--MY EDIT\n\t\t\t\t\t\t<\/header>\n-->\n\t\t\t\t\t\t<!-- .entry-header -->\n<!--\n-->\n\t\t\t\t\t\t\t\t\t\t\t<div class=\"wp-show-posts-entry-summary\" itemprop=\"text\">\n\t\t\t\t\t\t\t<p>W dniach: 21-22 stycznia 2026r., 04-06 lutego 2026r. oraz 16-18 lutego 2026r. w Restauracji Kawelin w Bia\u0142ymstoku, Regionalny O\u015brodek Polityki Spo\u0142ecznej w Bia\u0142ymstoku w ramach projektu \u201eKoordynacja dzia\u0142a\u0144 w zakresie polityki spo\u0142ecznej w wojew\u00f3dztwie podlaskim\u201d Dzia\u0142anie 04.13: Wysokiej jako\u015bci system w\u0142\u0105czenia spo\u0142ecznego, Programu Fundusze Europejskie dla Rozwoju Spo\u0142ecznego 2021-2027 (FERS), wsp\u00f3\u0142finansowanego ze \u015brodk\u00f3w Europejskiego Funduszu Spo\u0142ecznego Plus, w ramach typu&#8230;<\/p>\n\t\t\t\t\t\t<\/div><!-- .entry-summary -->\n\t\t\t\t\t<\/div><!-- wp-show-posts-inner --><div class=\"wpsp-clear\"><\/div><\/article><article class=\" wp-show-posts-single wpsp-clearfix post-26784 post type-post status-publish format-standard hentry category-aktualnosci category-szkolenia_bwps category-wpisy_fers\" itemtype=\"http:\/\/schema.org\/CreativeWork\" itemscope><div class=\"wp-show-posts-inner\" style=\"\"><!--MY EDIT\n\t\t\t\t\t\t<header class=\"wp-show-posts-entry-header\">\n-->\n\t\t\t\t\t\t\t<h3 class=\"wp-show-posts-entry-title\" itemprop=\"headline\"><a href=\"https:\/\/rops-bialystok.pl\/fers\/2026\/02\/24\/relacja-z-wizyty-studyjnej-do-centrum-uslug-spolecznych-w-lapach-3\/\" rel=\"bookmark\">Wizyta studyjna do Centrum Us\u0142ug Spo\u0142ecznych w \u0141apach<\/a><\/h3><div class=\"wp-show-posts-entry-meta wp-show-posts-entry-meta-below-title post-meta-inline\"><span class=\"wp-show-posts-posted-on wp-show-posts-meta\">\n\t\t\t\t\t<time class=\"wp-show-posts-entry-date published\" datetime=\"2026-02-24T11:34:54+01:00\" itemprop=\"datePublished\">2026-02-24<\/time>\n\t\t\t\t<\/span><\/div><!--MY EDIT\n\t\t\t\t\t\t<\/header>\n-->\n\t\t\t\t\t\t<!-- .entry-header -->\n<!--\n-->\n\t\t\t\t\t\t\t\t\t\t\t<div class=\"wp-show-posts-entry-summary\" itemprop=\"text\">\n\t\t\t\t\t\t\t<p>W dniu 23 lutego 2026r. w Centrum Us\u0142ug Spo\u0142ecznych w \u0141apach odby\u0142a si\u0119 wizyta studyjna. W wizycie \u00a0studyjnej wzi\u0119\u0142o udzia\u0142 12 przedstawicieli o\u015brodk\u00f3w pomocy spo\u0142ecznej i centr\u00f3w us\u0142ug spo\u0142ecznych z terenu wojew\u00f3dztwa podlaskiego, kt\u00f3rzy uko\u0144czyli szkolenie kwalifikuj\u0105ce do zatrudnienia w centrum us\u0142ug spo\u0142ecznych (CUS) na stanowisku organizatora spo\u0142eczno\u015bci lokalnej \u00a0okre\u015blonych w ustawie z dnia 19 lipca 2019 r. o realizowaniu&#8230;<\/p>\n\t\t\t\t\t\t<\/div><!-- .entry-summary -->\n\t\t\t\t\t<\/div><!-- wp-show-posts-inner --><div class=\"wpsp-clear\"><\/div><\/article><article class=\" wp-show-posts-single wpsp-clearfix post-26756 post type-post status-publish format-standard hentry category-aktualnosci category-aktualnosci_es category-szkolenia_bwps category-wpisy_fers\" itemtype=\"http:\/\/schema.org\/CreativeWork\" itemscope><div class=\"wp-show-posts-inner\" style=\"\"><!--MY EDIT\n\t\t\t\t\t\t<header class=\"wp-show-posts-entry-header\">\n-->\n\t\t\t\t\t\t\t<h3 class=\"wp-show-posts-entry-title\" itemprop=\"headline\"><a href=\"https:\/\/rops-bialystok.pl\/fers\/2026\/02\/23\/zaproszenie-do-udzialu-w-szkoleniu-budowanie-partnerstw-na-rzecz-rozwoju-lokalnego-02-03-2026-r\/\" rel=\"bookmark\">Zaproszenie do udzia\u0142u w szkoleniu \u201eBudowanie partnerstw na rzecz rozwoju lokalnego\u201d \u2013 06.03.2026 r.<\/a><\/h3><div class=\"wp-show-posts-entry-meta wp-show-posts-entry-meta-below-title post-meta-inline\"><span class=\"wp-show-posts-posted-on wp-show-posts-meta\">\n\t\t\t\t\t<time class=\"wp-show-posts-entry-date published\" datetime=\"2026-02-23T14:00:30+01:00\" itemprop=\"datePublished\">2026-02-23<\/time>\n\t\t\t\t<\/span><\/div><!--MY EDIT\n\t\t\t\t\t\t<\/header>\n-->\n\t\t\t\t\t\t<!-- .entry-header -->\n<!--\n-->\n\t\t\t\t\t\t\t\t\t\t\t<div class=\"wp-show-posts-entry-summary\" itemprop=\"text\">\n\t\t\t\t\t\t\t<p>Regionalny O\u015brodek Polityki Spo\u0142ecznej w Bia\u0142ymstoku realizuj\u0105cy projekt \u201eKoordynacja dzia\u0142a\u0144 w zakresie polityki spo\u0142ecznej w wojew\u00f3dztwie podlaskim\u201d w ramach Dzia\u0142ania 04.13: Wysokiej jako\u015bci system w\u0142\u0105czenia spo\u0142ecznego, Programu Fundusze Europejskie dla Rozwoju Spo\u0142ecznego 2021-2027 (FERS), wsp\u00f3\u0142finansowanego ze \u015brodk\u00f3w Europejskiego Funduszu Spo\u0142ecznego Plus, w ramach typu projekt\u00f3w pn. Dzia\u0142ania ROPS w zakresie us\u0142ug spo\u0142ecznych, pomocy spo\u0142ecznej, ES i aktywnej integracji, s\u0142u\u017c\u0105ce w\u0142\u0105czeniu&#8230;<\/p>\n\t\t\t\t\t\t<\/div><!-- .entry-summary -->\n\t\t\t\t\t<\/div><!-- wp-show-posts-inner --><div class=\"wpsp-clear\"><\/div><\/article><article class=\" wp-show-posts-single wpsp-clearfix post-26743 post type-post status-publish format-standard hentry category-aktualnosci category-aktualnosci_es category-szkolenia_bwps category-wpisy_fers\" itemtype=\"http:\/\/schema.org\/CreativeWork\" itemscope><div class=\"wp-show-posts-inner\" style=\"\"><!--MY EDIT\n\t\t\t\t\t\t<header class=\"wp-show-posts-entry-header\">\n-->\n\t\t\t\t\t\t\t<h3 class=\"wp-show-posts-entry-title\" itemprop=\"headline\"><a href=\"https:\/\/rops-bialystok.pl\/fers\/2026\/02\/20\/relacja-ze-szkolenia-pn-uslugi-spoleczne-w-przedsiebiorstwie-spolecznym\/\" rel=\"bookmark\">Szkolenie pn.:\u201dUs\u0142ugi spo\u0142eczne w przedsi\u0119biorstwie spo\u0142ecznym\u201d<\/a><\/h3><div class=\"wp-show-posts-entry-meta wp-show-posts-entry-meta-below-title post-meta-inline\"><span class=\"wp-show-posts-posted-on wp-show-posts-meta\">\n\t\t\t\t\t<time class=\"wp-show-posts-entry-date published\" datetime=\"2026-02-20T12:04:29+01:00\" itemprop=\"datePublished\">2026-02-20<\/time>\n\t\t\t\t<\/span><\/div><!--MY EDIT\n\t\t\t\t\t\t<\/header>\n-->\n\t\t\t\t\t\t<!-- .entry-header -->\n<!--\n-->\n\t\t\t\t\t\t\t\t\t\t\t<div class=\"wp-show-posts-entry-summary\" itemprop=\"text\">\n\t\t\t\t\t\t\t<p>W dniu 16.02.2026 r. w Hotelu 3 Trio w Bia\u0142ymstoku, Regionalny O\u015brodek Polityki Spo\u0142ecznej w Bia\u0142ymstoku w ramach projektu \u201eKoordynacja dzia\u0142a\u0144 w zakresie polityki spo\u0142ecznej w wojew\u00f3dztwie podlaskim\u201d Dzia\u0142anie 04.13: Wysokiej jako\u015bci system w\u0142\u0105czenia spo\u0142ecznego, Programu Fundusze Europejskie dla Rozwoju Spo\u0142ecznego 2021-2027 (FERS), wsp\u00f3\u0142finansowanego ze \u015brodk\u00f3w Europejskiego Funduszu Spo\u0142ecznego Plus, w ramach typu projekt\u00f3w pn. Dzia\u0142ania ROPS w zakresie us\u0142ug&#8230;<\/p>\n\t\t\t\t\t\t<\/div><!-- .entry-summary -->\n\t\t\t\t\t<\/div><!-- wp-show-posts-inner --><div class=\"wpsp-clear\"><\/div><\/article><article class=\" wp-show-posts-single wpsp-clearfix post-26723 post type-post status-publish format-standard hentry category-aktualnosci category-szkolenia_bwps category-wpisy_fers\" itemtype=\"http:\/\/schema.org\/CreativeWork\" itemscope><div class=\"wp-show-posts-inner\" style=\"\"><!--MY EDIT\n\t\t\t\t\t\t<header class=\"wp-show-posts-entry-header\">\n-->\n\t\t\t\t\t\t\t<h3 class=\"wp-show-posts-entry-title\" itemprop=\"headline\"><a href=\"https:\/\/rops-bialystok.pl\/fers\/2026\/02\/12\/relacja-ze-szkolen-pn-zmiany-prawne-w-obszarze-wspierania-rodziny-i-deinstytucjonalizacji-uslug-spolecznych-oraz-pieczy-zastepczej-2\/\" rel=\"bookmark\">Szkolenie pn. ,,Zmiany prawne w obszarze wspierania rodziny i deinstytucjonalizacji us\u0142ug spo\u0142ecznych oraz pieczy zast\u0119pczej\u201d &#8211; kt\u00f3re odby\u0142o si\u0119 9 lutego 2026 r.<\/a><\/h3><div class=\"wp-show-posts-entry-meta wp-show-posts-entry-meta-below-title post-meta-inline\"><span class=\"wp-show-posts-posted-on wp-show-posts-meta\">\n\t\t\t\t\t<time class=\"wp-show-posts-entry-date published\" datetime=\"2026-02-12T11:22:37+01:00\" itemprop=\"datePublished\">2026-02-12<\/time>\n\t\t\t\t<\/span><\/div><!--MY EDIT\n\t\t\t\t\t\t<\/header>\n-->\n\t\t\t\t\t\t<!-- .entry-header -->\n<!--\n-->\n\t\t\t\t\t\t\t\t\t\t\t<div class=\"wp-show-posts-entry-summary\" itemprop=\"text\">\n\t\t\t\t\t\t\t<p>W dniu 9 lutego 2026r. w Hotelu 3 Trio w Bia\u0142ymstoku, Regionalny O\u015brodek Polityki Spo\u0142ecznej w Bia\u0142ymstoku w ramach projektu \u201eKoordynacja dzia\u0142a\u0144 w zakresie polityki spo\u0142ecznej w wojew\u00f3dztwie podlaskim\u201d Dzia\u0142anie 04.13: Wysokiej jako\u015bci system w\u0142\u0105czenia spo\u0142ecznego, Programu Fundusze Europejskie dla Rozwoju Spo\u0142ecznego 2021-2027 (FERS), wsp\u00f3\u0142finansowanego ze \u015brodk\u00f3w Europejskiego Funduszu Spo\u0142ecznego Plus, w ramach typu projekt\u00f3w pn. Dzia\u0142ania ROPS w zakresie&#8230;<\/p>\n\t\t\t\t\t\t<\/div><!-- .entry-summary -->\n\t\t\t\t\t<\/div><!-- wp-show-posts-inner --><div class=\"wpsp-clear\"><\/div><\/article><article class=\" wp-show-posts-single wpsp-clearfix post-26717 post type-post status-publish format-standard hentry category-aktualnosci category-szkolenia_bwps category-wpisy_fers\" itemtype=\"http:\/\/schema.org\/CreativeWork\" itemscope><div class=\"wp-show-posts-inner\" style=\"\"><!--MY EDIT\n\t\t\t\t\t\t<header class=\"wp-show-posts-entry-header\">\n-->\n\t\t\t\t\t\t\t<h3 class=\"wp-show-posts-entry-title\" itemprop=\"headline\"><a href=\"https:\/\/rops-bialystok.pl\/fers\/2026\/02\/12\/relacja-ze-szkolen-pn-zmiany-prawne-w-obszarze-wspierania-rodziny-i-deinstytucjonalizacji-uslug-spolecznych-oraz-pieczy-zastepczej\/\" rel=\"bookmark\">Szkolenie pn. ,,Zmiany prawne w obszarze wspierania rodziny i deinstytucjonalizacji us\u0142ug spo\u0142ecznych oraz pieczy zast\u0119pczej\u201d &#8211; kt\u00f3re odby\u0142o si\u0119 10 lutego 2026 r.<\/a><\/h3><div class=\"wp-show-posts-entry-meta wp-show-posts-entry-meta-below-title post-meta-inline\"><span class=\"wp-show-posts-posted-on wp-show-posts-meta\">\n\t\t\t\t\t<time class=\"wp-show-posts-entry-date published\" datetime=\"2026-02-12T11:13:57+01:00\" itemprop=\"datePublished\">2026-02-12<\/time>\n\t\t\t\t<\/span><\/div><!--MY EDIT\n\t\t\t\t\t\t<\/header>\n-->\n\t\t\t\t\t\t<!-- .entry-header -->\n<!--\n-->\n\t\t\t\t\t\t\t\t\t\t\t<div class=\"wp-show-posts-entry-summary\" itemprop=\"text\">\n\t\t\t\t\t\t\t<p>W dniu 10 lutego 2026r. w Hotelu 3 Trio w Bia\u0142ymstoku, Regionalny O\u015brodek Polityki Spo\u0142ecznej w Bia\u0142ymstoku w ramach projektu \u201eKoordynacja dzia\u0142a\u0144 w zakresie polityki spo\u0142ecznej w wojew\u00f3dztwie podlaskim\u201d Dzia\u0142anie 04.13: Wysokiej jako\u015bci system w\u0142\u0105czenia spo\u0142ecznego, Programu Fundusze Europejskie dla Rozwoju Spo\u0142ecznego 2021-2027 (FERS), wsp\u00f3\u0142finansowanego ze \u015brodk\u00f3w Europejskiego Funduszu Spo\u0142ecznego Plus, w ramach typu projekt\u00f3w pn. Dzia\u0142ania ROPS w zakresie&#8230;<\/p>\n\t\t\t\t\t\t<\/div><!-- .entry-summary -->\n\t\t\t\t\t<\/div><!-- wp-show-posts-inner --><div class=\"wpsp-clear\"><\/div><\/article><article class=\" wp-show-posts-single wpsp-clearfix post-26670 post type-post status-publish format-standard hentry category-aktualnosci category-aktualnosci_es category-szkolenia_bwps category-wpisy_fers\" itemtype=\"http:\/\/schema.org\/CreativeWork\" itemscope><div class=\"wp-show-posts-inner\" style=\"\"><!--MY EDIT\n\t\t\t\t\t\t<header class=\"wp-show-posts-entry-header\">\n-->\n\t\t\t\t\t\t\t<h3 class=\"wp-show-posts-entry-title\" itemprop=\"headline\"><a href=\"https:\/\/rops-bialystok.pl\/fers\/2026\/02\/06\/zaproszenie-do-udzialu-w-jednodniowym-szkolenie-pn-uslugi-spoleczne-w-przedsiebiorstwie-spolecznym-16-02-2026-r\/\" rel=\"bookmark\">Zaproszenie do udzia\u0142u w jednodniowym szkoleniu pn. \u201eUs\u0142ugi spo\u0142eczne w przedsi\u0119biorstwie spo\u0142ecznym\u201d \u2013 16.02.2026 r.<\/a><\/h3><div class=\"wp-show-posts-entry-meta wp-show-posts-entry-meta-below-title post-meta-inline\"><span class=\"wp-show-posts-posted-on wp-show-posts-meta\">\n\t\t\t\t\t<time class=\"wp-show-posts-entry-date published\" datetime=\"2026-02-06T14:32:16+01:00\" itemprop=\"datePublished\">2026-02-06<\/time>\n\t\t\t\t<\/span><\/div><!--MY EDIT\n\t\t\t\t\t\t<\/header>\n-->\n\t\t\t\t\t\t<!-- .entry-header -->\n<!--\n-->\n\t\t\t\t\t\t\t\t\t\t\t<div class=\"wp-show-posts-entry-summary\" itemprop=\"text\">\n\t\t\t\t\t\t\t<p>Szanowni Pa\u0144stwo, Regionalny O\u015brodek Polityki Spo\u0142ecznej w Bia\u0142ymstoku zaprasza do udzia\u0142u w szkoleniu pn.\u00a0\u201eUs\u0142ugi spo\u0142eczne w przedsi\u0119biorstwie spo\u0142ecznym\u201d, kt\u00f3re odb\u0119dzie si\u0119 w terminie 16 lutego 2026 roku\u00a0 w Hotelu 3 Trio w Bia\u0142ymstoku.\u00a0Serdecznie zapraszamy pracownik\u00f3w zatrudnionych w O\u015brodkach Wsparcia Ekonomii Spo\u0142ecznej (OWES) z terenu wojew\u00f3dztwa podlaskiego.\u00a0Szkolenie organizowane jest w zwi\u0105zku z realizacj\u0105 projektu \u201eKoordynacja dzia\u0142a\u0144 w zakresie polityki spo\u0142ecznej w&#8230;<\/p>\n\t\t\t\t\t\t<\/div><!-- .entry-summary -->\n\t\t\t\t\t<\/div><!-- wp-show-posts-inner --><div class=\"wpsp-clear\"><\/div><\/article><article class=\" wp-show-posts-single wpsp-clearfix post-26878 post type-post status-publish format-standard hentry category-aktualnosci category-szkolenia_bwps category-wpisy_fers\" itemtype=\"http:\/\/schema.org\/CreativeWork\" itemscope><div class=\"wp-show-posts-inner\" style=\"\"><!--MY EDIT\n\t\t\t\t\t\t<header class=\"wp-show-posts-entry-header\">\n-->\n\t\t\t\t\t\t\t<h3 class=\"wp-show-posts-entry-title\" itemprop=\"headline\"><a href=\"https:\/\/rops-bialystok.pl\/fers\/2026\/02\/04\/relacja-ze-szkolenia-pn-zlecanie-zadan-publicznych-w-roznych-trybach-przewidzianych-prawem-w-odniesieniu-do-uslug-opiekunczych-w-szczegolnosci-uslug-sasiedzkich\/\" rel=\"bookmark\">Szkolenie pn.: \u201eZlecanie zada\u0144 publicznych w r\u00f3\u017cnych trybach przewidzianych prawem w odniesieniu do us\u0142ug opieku\u0144czych, w szczeg\u00f3lno\u015bci us\u0142ug s\u0105siedzkich\u201d<\/a><\/h3><div class=\"wp-show-posts-entry-meta wp-show-posts-entry-meta-below-title post-meta-inline\"><span class=\"wp-show-posts-posted-on wp-show-posts-meta\">\n\t\t\t\t\t<time class=\"wp-show-posts-entry-date published\" datetime=\"2026-02-04T14:25:39+01:00\" itemprop=\"datePublished\">2026-02-04<\/time>\n\t\t\t\t<\/span><\/div><!--MY EDIT\n\t\t\t\t\t\t<\/header>\n-->\n\t\t\t\t\t\t<!-- .entry-header -->\n<!--\n-->\n\t\t\t\t\t\t\t\t\t\t\t<div class=\"wp-show-posts-entry-summary\" itemprop=\"text\">\n\t\t\t\t\t\t\t<p>W dniu 02.02.2026 r. w Hotelu 3 Trio w Bia\u0142ymstoku, Regionalny O\u015brodek Polityki Spo\u0142ecznej w Bia\u0142ymstoku w ramach projektu \u201eKoordynacja dzia\u0142a\u0144 w zakresie polityki spo\u0142ecznej w wojew\u00f3dztwie podlaskim\u201d Dzia\u0142anie 04.13: Wysokiej jako\u015bci system w\u0142\u0105czenia spo\u0142ecznego, Programu Fundusze Europejskie dla Rozwoju Spo\u0142ecznego 2021-2027 (FERS), wsp\u00f3\u0142finansowanego ze \u015brodk\u00f3w Europejskiego Funduszu Spo\u0142ecznego Plus, w ramach typu projekt\u00f3w pn. Dzia\u0142ania ROPS w zakresie us\u0142ug&#8230;<\/p>\n\t\t\t\t\t\t<\/div><!-- .entry-summary -->\n\t\t\t\t\t<\/div><!-- wp-show-posts-inner --><div class=\"wpsp-clear\"><\/div><\/article><article class=\" wp-show-posts-single wpsp-clearfix post-26653 post type-post status-publish format-standard hentry category-aktualnosci category-aktualnosci_es category-szkolenia_bwps category-wpisy_fers\" itemtype=\"http:\/\/schema.org\/CreativeWork\" itemscope><div class=\"wp-show-posts-inner\" style=\"\"><!--MY EDIT\n\t\t\t\t\t\t<header class=\"wp-show-posts-entry-header\">\n-->\n\t\t\t\t\t\t\t<h3 class=\"wp-show-posts-entry-title\" itemprop=\"headline\"><a href=\"https:\/\/rops-bialystok.pl\/fers\/2026\/02\/02\/relacja-ze-szkolenia-pn-aspekty-spoleczne-w-zamowieniach-publicznych\/\" rel=\"bookmark\">Szkolenie pn.: &#8222;Aspekty Spo\u0142eczne w Zam\u00f3wieniach Publicznych&#8221;<\/a><\/h3><div class=\"wp-show-posts-entry-meta wp-show-posts-entry-meta-below-title post-meta-inline\"><span class=\"wp-show-posts-posted-on wp-show-posts-meta\">\n\t\t\t\t\t<time class=\"wp-show-posts-entry-date published\" datetime=\"2026-02-02T14:34:39+01:00\" itemprop=\"datePublished\">2026-02-02<\/time>\n\t\t\t\t<\/span><\/div><!--MY EDIT\n\t\t\t\t\t\t<\/header>\n-->\n\t\t\t\t\t\t<!-- .entry-header -->\n<!--\n-->\n\t\t\t\t\t\t\t\t\t\t\t<div class=\"wp-show-posts-entry-summary\" itemprop=\"text\">\n\t\t\t\t\t\t\t<p>W dniu 27.01.2026 r. w Hotelu 3 Trio w Bia\u0142ymstoku, Regionalny O\u015brodek Polityki Spo\u0142ecznej w Bia\u0142ymstoku w ramach projektu \u201eKoordynacja dzia\u0142a\u0144 w zakresie polityki spo\u0142ecznej w wojew\u00f3dztwie podlaskim\u201d Dzia\u0142anie 04.13: Wysokiej jako\u015bci system w\u0142\u0105czenia spo\u0142ecznego, Programu Fundusze Europejskie dla Rozwoju Spo\u0142ecznego 2021-2027 (FERS), wsp\u00f3\u0142finansowanego ze \u015brodk\u00f3w Europejskiego Funduszu Spo\u0142ecznego Plus, w ramach typu projekt\u00f3w pn. Dzia\u0142ania ROPS w zakresie us\u0142ug&#8230;<\/p>\n\t\t\t\t\t\t<\/div><!-- .entry-summary -->\n\t\t\t\t\t<\/div><!-- wp-show-posts-inner --><div class=\"wpsp-clear\"><\/div><\/article><\/section><!-- .wp-show-posts --><div class=\"wpsp-load-more\"><span aria-current=\"page\" class=\"page-numbers current\">1<\/span>\n<a class=\"page-numbers\" href=\"https:\/\/rops-bialystok.pl\/fers\/wp-json\/wp\/v2\/pages\/22136\/page\/2\/\">2<\/a>\n<span class=\"page-numbers dots\">&hellip;<\/span>\n<a class=\"page-numbers\" href=\"https:\/\/rops-bialystok.pl\/fers\/wp-json\/wp\/v2\/pages\/22136\/page\/7\/\">7<\/a>\n<a class=\"next page-numbers\" href=\"https:\/\/rops-bialystok.pl\/fers\/wp-json\/wp\/v2\/pages\/22136\/page\/2\/\">Nast\u0119pny &rarr;<\/a><\/div>\n","protected":false},"excerpt":{"rendered":"","protected":false},"author":1,"featured_media":0,"parent":0,"menu_order":0,"comment_status":"closed","ping_status":"closed","template":"","meta":{"footnotes":""},"class_list":["post-22136","page","type-page","status-publish","hentry"],"_links":{"self":[{"href":"https:\/\/rops-bialystok.pl\/fers\/wp-json\/wp\/v2\/pages\/22136","targetHints":{"allow":["GET"]}}],"collection":[{"href":"https:\/\/rops-bialystok.pl\/fers\/wp-json\/wp\/v2\/pages"}],"about":[{"href":"https:\/\/rops-bialystok.pl\/fers\/wp-json\/wp\/v2\/types\/page"}],"author":[{"embeddable":true,"href":"https:\/\/rops-bialystok.pl\/fers\/wp-json\/wp\/v2\/users\/1"}],"replies":[{"embeddable":true,"href":"https:\/\/rops-bialystok.pl\/fers\/wp-json\/wp\/v2\/comments?post=22136"}],"version-history":[{"count":4,"href":"https:\/\/rops-bialystok.pl\/fers\/wp-json\/wp\/v2\/pages\/22136\/revisions"}],"predecessor-version":[{"id":23929,"href":"https:\/\/rops-bialystok.pl\/fers\/wp-json\/wp\/v2\/pages\/22136\/revisions\/23929"}],"wp:attachment":[{"href":"https:\/\/rops-bialystok.pl\/fers\/wp-json\/wp\/v2\/media?parent=22136"}],"curies":[{"name":"wp","href":"https:\/\/api.w.org\/{rel}","templated":true}]}}