{"id":22145,"date":"2024-03-28T10:23:58","date_gmt":"2024-03-28T09:23:58","guid":{"rendered":"https:\/\/rops-bialystok.pl\/rops\/?page_id=22145"},"modified":"2026-02-27T11:10:52","modified_gmt":"2026-02-27T10:10:52","slug":"lista-przedsiebiorstw-spolecznych","status":"publish","type":"page","link":"https:\/\/rops-bialystok.pl\/fers\/lista-przedsiebiorstw-spolecznych\/","title":{"rendered":"Lista Przedsi\u0119biorstw Spo\u0142ecznych"},"content":{"rendered":"<p style=\"text-align: left;\">Od 30.10.2022 r. wraz z wej\u015bciem w \u017cycie ustawy o ekonomii spo\u0142ecznej (Dz. U. 2022 poz. 1812), nadawaniem statusu Przedsi\u0119biorstwa Spo\u0142ecznego na terenie woj. podlaskiego zajmuje si\u0119 Podlaski Urz\u0105d Wojew\u00f3dzki.<\/p>\n<p style=\"text-align: left;\">Wi\u0119cej informacji o nadaniu statusu PS:<\/p>\n<ul style=\"text-align: left;\">\n<li>Ustawa o ekonomii spo\u0142ecznej: <a href=\"https:\/\/www.ekonomiaspoleczna.gov.pl\/co-robimy\/prawo\/ustawa-o-ekonomii-spolecznej\/\">Ustawa o ekonomii spo\u0142ecznej | Departament Ekonomii Spo\u0142ecznej | Ministerstwo Rodziny i Polityki Spo\u0142ecznej (ekonomiaspoleczna.gov.pl)<\/a><\/li>\n<li>Poradnik w zakresie przyznawania statusu Przedsi\u0119biorstwa Spo\u0142ecznego: <a href=\"https:\/\/rops-bialystok.pl\/fers\/wp-content\/uploads\/2024\/04\/PORADNIK_w_zakresie_przyznania_statusu_Przedsiebiorstwa_Spolecznego-1.docx\">Poradnik w zakresie przyznania statusu Przedsi\u0119biorstwa Spo\u0142ecznego (DOCX)<\/a><\/li>\n<li>Podlaski Urz\u0105d Wojew\u00f3dzki: <a href=\"https:\/\/puw.bip.gov.pl\/ekonomia-spoleczna\/wydanie-decyzji-w-sprawie-przyznania-statusu-przedsiebiorstwa-spolecznego.html\">Wydanie decyzji w sprawie przyznania statusu przedsi\u0119biorstwa spo\u0142ecznego (puw.bip.gov.pl)<\/a><\/li>\n<\/ul>\n<p style=\"text-align: left;\"><strong>Wykaz przedsi\u0119biorstw spo\u0142ecznych zgodny z art. 19 ust. 1 ustawy o ekonomii spo\u0142ecznej dost\u0119pny jest w Rejestrze Jednostek Pomocy Spo\u0142ecznej: <a href=\"https:\/\/rjps.mrips.gov.pl\/RJPS\/RU\/start.do?id_menu=59\">Rejestr Jednostek Pomocy Spo\u0142ecznej (rjps.mrips.gov.pl)<\/a><\/strong><\/p>\n<p style=\"text-align: left;\">Lista przedsi\u0119biorstw spo\u0142ecznych dzia\u0142aj\u0105cych w oparciu o wytyczne CT9 (status nadany przez O\u015brodek Wsparcia Ekonomii Spo\u0142ecznej) wygas\u0142a z ko\u0144cem 2023 r.<\/p>\n<p style=\"text-align: left;\"><a href=\"https:\/\/rops-bialystok.pl\/fers\/wp-content\/uploads\/2024\/04\/jak-zostac-PS.jpg\"><img loading=\"lazy\" decoding=\"async\" class=\"aligncenter wp-image-22226 size-full\" src=\"https:\/\/rops-bialystok.pl\/fers\/wp-content\/uploads\/2024\/04\/jak-zostac-PS.jpg\" alt=\"Wymagania jak zosta\u0107 przedsi\u0119biorstwem spo\u0142ecznym w o\u015bmiu krokach. Wi\u0119cej informacji w podr\u0119czniku (za\u0142\u0105cznik wy\u017cej).\" width=\"720\" height=\"1040\" srcset=\"https:\/\/rops-bialystok.pl\/fers\/wp-content\/uploads\/2024\/04\/jak-zostac-PS.jpg 720w, https:\/\/rops-bialystok.pl\/fers\/wp-content\/uploads\/2024\/04\/jak-zostac-PS-208x300.jpg 208w, https:\/\/rops-bialystok.pl\/fers\/wp-content\/uploads\/2024\/04\/jak-zostac-PS-709x1024.jpg 709w\" sizes=\"auto, (max-width: 720px) 85vw, 720px\" \/><\/a><\/p>\n<p><strong>Przedsi\u0119biorstwo Spo\u0142eczne (PS)<\/strong> to specyficzny typ podmiotu gospodarczego, w dzia\u0142alno\u015bci kt\u00f3rego na pierwszy pian wysuwaj\u0105 si\u0119 nie zyski i ich maksymalizacja, lecz cele spo\u0142eczne.<\/p>\n<p><strong>Wymagania <\/strong>(w my\u015bl ustawy o ekonomii spo\u0142ecznej):<\/p>\n<ol>\n<li><strong>Forma Prawna<\/strong> Status PS mo\u017ce uzyska\u0107 podmiot ekonomii spo\u0142ecznej (np. sp\u00f3\u0142dzielnia socjalna, stowarzyszenie, NGO) albo jednostka tworz\u0105ca podmiot ekonomii spo\u0142ecznej (CIS, KIS, ZAZ, WTZ).<\/li>\n<li><strong>Dzia\u0142alno\u015b\u0107 Sprzedaz0wa <\/strong>PS prowadzi dzia\u0142alno\u015b\u0107 gospodarcz\u0105 lub odp\u0142atn\u0105 po\u017cytku publicznego lub inn\u0105 dzia\u0142alno\u015b\u0107 o charakterze zarobkowym.<\/li>\n<li><strong>Niezale\u017cno\u015b\u0107 Od Podmiot\u00f3w Publicznych<\/strong> Skarb Pa\u0144stwa, jednostka samorz\u0105du terytorialnego, pa\u0144stwowa albo samorz\u0105dowa osoba prawna nie mo\u017ce mie\u0107 decyduj\u0105cego wp\u0142ywu na dzia\u0142anie PS.<\/li>\n<li><strong>Cel Reintegracyjny Lub Us\u0142ugi Spo\u0142eczne <\/strong>PS musi prowadzi\u0107 dzia\u0142ania maj\u0105ce na celu reintegracj\u0105 spo\u0142eczn\u0105 i zawodow\u0105 os\u00f3b zagro\u017conych wykluczeniem spo\u0142ecznym lub realizowa\u0107 us\u0142ugi spo\u0142eczne.<\/li>\n<li><strong>Zatrudnienie Min. 3 Pracownik\u00f3w <\/strong>PS zatrudnia co najmniej 3 osoby na podstawie umowy o prac\u0105 lub sp\u00f3\u0142dzielczej umowy o prac\u0119. Ka\u017cda z tych os\u00f3b musi by\u0107 zatrudniona w wymiarze czasu pracy min. <em>1\/2<\/em> Je\u015bli PS ma na celu dzia\u0142alno\u015b\u0107 reintegracyjn\u0105 &#8211; 30% os\u00f3b zatrudnionych to osoby zagro\u017cone wykluczeniem spo\u0142ecznym.<\/li>\n<li><strong>Obowi\u0105zkowy Organ Konsultacyjno-Doradczy<\/strong> W jego sk\u0142ad wchodz\u0105 zatrudnieni pracownicy lub ich przedstawiciele. W zale\u017cno\u015bci od formy prawnej PS organ konsultacyjno-doradczy mo\u017ce przybiera\u0107 r\u00f3\u017cne formy organizacyjne.<\/li>\n<li><strong>Ograniczenia w Dysponowaniu Maj\u0105tkiem<\/strong> PS nie mo\u017ce m.in. udziela\u0107 po\u017cyczek cz\u0142onkom zarz\u0105du, osobom zatrudnionym czy innym osobom lub powi\u0105zanym podmiotom.<\/li>\n<li><strong>Zakaz Podzia\u0142u Zysku<\/strong> Zysk lub nadwy\u017cka bilansowa nie mo\u017ce by\u0107 przeznaczana do podzia\u0142u pomi\u0119dzy cz\u0142onk\u00f3w, udzia\u0142owc\u00f3w, akcjonariuszy i osoby w nim zatrudnione.<\/li>\n<\/ol>\n<p><strong>Korzy\u015bci z posiadania statusu PS<\/strong> m.in.: wsparcie zatrudnienia os\u00f3b zagro\u017conych wykluczeniem spo\u0142ecznym, dost\u0119p do zam\u00f3wie\u0144 publicznych.<\/p>\n<p><strong>Jak uzyska\u0107 status PS? <\/strong>Z\u0142\u00f3\u017c wniosek w Podlaskim Urz\u0119dzie Wojew\u00f3dzkimi.<\/p>\n<p>Wi\u0119cej informacji na stronie: <a href=\"https:\/\/www.ekonomiaspoleczna.gov.pl\/\">www.ekonomiaspoleczna.gov.pl<\/a><\/p>\n","protected":false},"excerpt":{"rendered":"<p>Od 30.10.2022 r. wraz z wej\u015bciem w \u017cycie ustawy o ekonomii spo\u0142ecznej (Dz. U. 2022 poz. 1812), nadawaniem statusu Przedsi\u0119biorstwa Spo\u0142ecznego na terenie woj. podlaskiego zajmuje si\u0119 Podlaski Urz\u0105d Wojew\u00f3dzki. Wi\u0119cej informacji o nadaniu statusu PS: Ustawa o ekonomii spo\u0142ecznej: Ustawa o ekonomii spo\u0142ecznej | Departament Ekonomii Spo\u0142ecznej | Ministerstwo Rodziny i Polityki Spo\u0142ecznej (ekonomiaspoleczna.gov.pl) &hellip; <a href=\"https:\/\/rops-bialystok.pl\/fers\/lista-przedsiebiorstw-spolecznych\/\" class=\"more-link\">Continue reading<span class=\"screen-reader-text\"> &#8222;Lista Przedsi\u0119biorstw Spo\u0142ecznych&#8221;<\/span><\/a><\/p>\n","protected":false},"author":1,"featured_media":0,"parent":0,"menu_order":0,"comment_status":"closed","ping_status":"closed","template":"","meta":{"footnotes":""},"class_list":["post-22145","page","type-page","status-publish","hentry"],"_links":{"self":[{"href":"https:\/\/rops-bialystok.pl\/fers\/wp-json\/wp\/v2\/pages\/22145","targetHints":{"allow":["GET"]}}],"collection":[{"href":"https:\/\/rops-bialystok.pl\/fers\/wp-json\/wp\/v2\/pages"}],"about":[{"href":"https:\/\/rops-bialystok.pl\/fers\/wp-json\/wp\/v2\/types\/page"}],"author":[{"embeddable":true,"href":"https:\/\/rops-bialystok.pl\/fers\/wp-json\/wp\/v2\/users\/1"}],"replies":[{"embeddable":true,"href":"https:\/\/rops-bialystok.pl\/fers\/wp-json\/wp\/v2\/comments?post=22145"}],"version-history":[{"count":7,"href":"https:\/\/rops-bialystok.pl\/fers\/wp-json\/wp\/v2\/pages\/22145\/revisions"}],"predecessor-version":[{"id":26803,"href":"https:\/\/rops-bialystok.pl\/fers\/wp-json\/wp\/v2\/pages\/22145\/revisions\/26803"}],"wp:attachment":[{"href":"https:\/\/rops-bialystok.pl\/fers\/wp-json\/wp\/v2\/media?parent=22145"}],"curies":[{"name":"wp","href":"https:\/\/api.w.org\/{rel}","templated":true}]}}