{"id":22152,"date":"2024-03-28T10:26:29","date_gmt":"2024-03-28T09:26:29","guid":{"rendered":"https:\/\/rops-bialystok.pl\/rops\/?page_id=22152"},"modified":"2025-11-21T09:00:41","modified_gmt":"2025-11-21T08:00:41","slug":"podlaskie-sieci-wspolpracy","status":"publish","type":"page","link":"https:\/\/rops-bialystok.pl\/fers\/podlaskie-sieci-wspolpracy\/","title":{"rendered":"Podlaskie Sieci Wsp\u00f3\u0142pracy"},"content":{"rendered":"\n    \n    <section class=\"u-clearfix u-section-2\" id=\"block-1\">\n      <div class=\"u-clearfix u-sheet u-sheet-1\">\n        <h2 class=\"u-text u-text-1\"> Biuro Wdra\u017cania \u200bPolityki Spo\u0142ecznej<\/h2>\n        <h3 class=\"u-text u-text-2\"> Ekonomia Spo\u0142eczna\u200b \/ \u200bPodlaskie Sieci Wsp\u00f3\u0142pracy<\/h3>\n        <div class=\"data-layout-selected u-clearfix u-expanded-width u-gutter-30 u-layout-wrap u-layout-wrap-1\">\n          <div class=\"u-layout\">\n            <div class=\"u-layout-col\">\n              <div class=\"u-size-30\">\n                <div class=\"u-layout-row\">\n                  <div class=\"u-container-style u-layout-cell u-radius u-shape-round u-size-30 u-layout-cell-1\">\n                    <div class=\"u-container-layout u-container-layout-1\">\n                      <div class=\"custom-expanded u-align-center u-clearfix u-custom-html u-custom-html-1\">\n                        <style> \/*@media (max-width: 767px) {*\/\n    .u-section-2 .u-layout-wrap-1 {\n        \tmargin-bottom: 0;\n    \t}\n\t\/*}*\/\n\t\n\t\/*@media (max-width: 991px) {*\/\n\t\t.u-section-2 .u-custom-html,\n\t\t.u-section-2 .u-layout-cell {\n\t\t\tmin-height: auto;\n\t\t\twidth: auto;\n\t\t\t--radius: 20px;\n\t\t}\n\t\/*}*\/\n\t\n\t.u-section-2 .u-gutter-30 .u-layout {\n    \tmargin: 0;\n\t}\n\t\n\t.u-section-2 .u-sheet-1 {\n\t\tmargin-bottom: 100px;\n\t\tmin-height: auto;\n\t}\n\t\n\t.u-section-2 .u-container-layout:hover {\n        text-decoration: underline;\n\t\tbackground-color: #5e9b40;\n\t\ttransition: 0s;\n    }\n    .u-section-2 .u-container-layout:hover {\n        box-shadow: 6px 6px 22px 0 rgba(0, 0, 0, 0.5);\n        transition: 0.3s;\n    }\n    .u-section-2 .u-container-layout {\n        box-shadow: 5px 5px 15px 0 rgba(0, 0, 0, 0.2);\n        padding: 30px 20px 25px;\n\t\tbackground-color: #4c8430;\n\t\tcolor: #ffffff;\n    }\n\/*\n\t@media (min-width: 768px) and (max-width: 991px) {\n\t\t.u-section-2 .u-container-layout {\n\t\t\tpadding: 25px 5px 25px;\n\t\t}\n\t}\n*\/\n    .u-section-2 .u-container-layout:active {\n        text-decoration:none;\n    }\n\t\n\/*\n    .u-container-layout {\n        position: relative;\n        flex: 1;\n        max-width: 100%;\n        transition-duration: inherit;\n        color: \n    }\n*\/        \n    .u-section-2 .u-icon-1 {\n        height: 150px;\n        width: 150px;\n        background-image: none;\n        color: rgb(255, 255, 255) !important;\n        margin: 0 auto;\n        padding: 16px;\n    }\n\t\n\t.u-section-2 .u-custom-color-31v2 img {\n\t\tfilter: brightness(0) invert(1);\n\t}\n\t\n    u.section-2 .u-custom-color-31v2 {\n        color: #ffffff;\n    }\n\/*\n    .u-icon {\n        display: block;\n        line-height: 0;\n        border-width: 0px;\n    }\n*\/\n\t\n    .u-section-2 .u-text-3 {\n        font-size: 1.75rem;\n        text-transform: uppercase;\n        margin: 20px 0 20px 0;\n\t\tcolor: #ffffff;\n\t\tfont-weight: 700;\n\t\ttext-align: center;\n    }\n\t\n\t@media (max-width: 991px) {\n\t\t.u-section-2 .u-text-3 {\n\t\t\tfont-size: 1.25rem;\n\t\t}\n\t}\n\/*\n    .u-section-2 .u-text-4 {\n        font-style: normal;\n        margin-top: 15px;\n    }\n*\/\n\t\t\t\t\t\t\t\n\t.u-section-2 .u-container-layout .u-custom-html a:hover{\n\ttext-decoration-color: #ffffff;\n} <\/style>\n                        <a href=\"\/fers\/zawiazanie-podlaskiej-sieci-wspolpracy-wtz-i-zaz\/\"><!--deleted class from span \"u-icon-rounded u-block-9f6f-186 u-block-9f6f-186 u-block-9f6f-197\"--><span class=\"u-custom-color-31v2 u-file-icon u-icon u-icon-1\" data-animation-name=\"\" data-animation-duration=\"0\" data-animation-delay=\"0\" data-animation-direction=\"\"><img decoding=\"async\" src=\"\/fers\/wp-content\/uploads\/2025\/11\/7185730.png\" alt=\"\"><\/span><!--deleted class from h4 \"u-block-9f6f-187 u-block-9f6f-187 u-block-9f6f-198\"-->\n                          <h4 class=\"u-text u-text-3\">Podlaska Sieci Wsp\u00f3\u0142pracy WTZ i ZAZ<\/h4>\n                        <\/a>\n                      <\/div>\n                    <\/div>\n                  <\/div>\n                  <div class=\"u-container-style u-layout-cell u-radius u-shape-round u-size-30 u-layout-cell-2\">\n                    <div class=\"u-container-layout u-container-layout-2\">\n                      <div class=\"u-clearfix u-custom-html u-expanded-width u-custom-html-2\">\n                        <a href=\"\/fers\/podlaska-sieci-wspolpracy-cis-i-kis\/\"><!--deleted class from span \"u-icon-rounded u-block-9f6f-186 u-block-9f6f-186 u-block-9f6f-197\"--><span class=\"u-custom-color-31v2 u-file-icon u-icon u-icon-1\" data-animation-name=\"\" data-animation-duration=\"0\" data-animation-delay=\"0\" data-animation-direction=\"\"><img decoding=\"async\" src=\"\/fers\/wp-content\/uploads\/2025\/11\/509574.png\" alt=\"\"><\/span><!--deleted class from h4 \"u-block-9f6f-187 u-block-9f6f-187 u-block-9f6f-198\"-->\n                          <h4 class=\"u-text u-text-3\">Podlaska Sieci Wsp\u00f3\u0142pracy CIS i KIS<\/h4>\n                        <\/a>\n                      <\/div>\n                    <\/div>\n                  <\/div>\n                <\/div>\n              <\/div>\n              <div class=\"u-size-30\">\n                <div class=\"u-layout-row\">\n                  <div class=\"u-container-style u-layout-cell u-radius u-shape-round u-size-30 u-layout-cell-3\">\n                    <div class=\"u-container-layout u-container-layout-3\">\n                      <div class=\"u-clearfix u-custom-html u-expanded-width u-custom-html-3\">\n                        <a href=\"\/fers\/podlaska-siec-wspolpracy-ngo-pracujacych-z-osobami-w-kryzysie-bezdomnosci\/\"><!--deleted class from span \"u-icon-rounded u-block-9f6f-186 u-block-9f6f-186 u-block-9f6f-197\"--><span class=\"u-custom-color-31v2 u-file-icon u-icon u-icon-1\" data-animation-name=\"\" data-animation-duration=\"0\" data-animation-delay=\"0\" data-animation-direction=\"\"><img decoding=\"async\" src=\"\/fers\/wp-content\/uploads\/2025\/11\/7403421.png\" alt=\"\"><\/span><!--deleted class from h4 \"u-block-9f6f-187 u-block-9f6f-187 u-block-9f6f-198\"-->\n                          <h4 class=\"u-text u-text-3\">Podlaska Sie\u0107 Wsp\u00f3\u0142pracy NGO Pracuj\u0105cych z Osobami w Kryzysie Bezdomno\u015bci<\/h4>\n                        <\/a>\n                      <\/div>\n                    <\/div>\n                  <\/div>\n                  <div class=\"u-container-style u-layout-cell u-radius u-shape-round u-size-30 u-layout-cell-4\">\n                    <div class=\"u-container-layout u-container-layout-4\">\n                      <div class=\"u-clearfix u-custom-html u-expanded-width u-custom-html-4\">\n                        <a href=\"\/fers\/podlaska-sieci-wspolpracy-rops-i-owes\/\"><!--deleted class from span \"u-icon-rounded u-block-9f6f-186 u-block-9f6f-186 u-block-9f6f-197\"--><span class=\"u-custom-color-31v2 u-file-icon u-icon u-icon-1\" data-animation-name=\"\" data-animation-duration=\"0\" data-animation-delay=\"0\" data-animation-direction=\"\"><img decoding=\"async\" src=\"\/fers\/wp-content\/uploads\/2025\/11\/476698.png\" alt=\"\"><\/span><!--deleted class from h4 \"u-block-9f6f-187 u-block-9f6f-187 u-block-9f6f-198\"-->\n                          <h4 class=\"u-text u-text-3\">Podlaska Sieci Wsp\u00f3\u0142pracy ROPS i OWES<\/h4>\n                        <\/a>\n                      <\/div>\n                    <\/div>\n                  <\/div>\n                <\/div>\n              <\/div>\n            <\/div>\n          <\/div>\n        <\/div>\n      <\/div>\n    <\/section>\n    \n    \n    \n  \n","protected":false},"excerpt":{"rendered":"<p>Biuro Wdra\u017cania \u200bPolityki Spo\u0142ecznej Ekonomia Spo\u0142eczna\u200b \/ \u200bPodlaskie Sieci Wsp\u00f3\u0142pracy Podlaska Sieci Wsp\u00f3\u0142pracy WTZ i ZAZ Podlaska Sieci Wsp\u00f3\u0142pracy CIS i KIS Podlaska Sie\u0107 Wsp\u00f3\u0142pracy NGO Pracuj\u0105cych z Osobami w Kryzysie Bezdomno\u015bci Podlaska Sieci Wsp\u00f3\u0142pracy ROPS i OWES<\/p>\n","protected":false},"author":1,"featured_media":0,"parent":0,"menu_order":0,"comment_status":"closed","ping_status":"closed","template":"","meta":{"footnotes":""},"class_list":["post-22152","page","type-page","status-publish","hentry"],"_links":{"self":[{"href":"https:\/\/rops-bialystok.pl\/fers\/wp-json\/wp\/v2\/pages\/22152","targetHints":{"allow":["GET"]}}],"collection":[{"href":"https:\/\/rops-bialystok.pl\/fers\/wp-json\/wp\/v2\/pages"}],"about":[{"href":"https:\/\/rops-bialystok.pl\/fers\/wp-json\/wp\/v2\/types\/page"}],"author":[{"embeddable":true,"href":"https:\/\/rops-bialystok.pl\/fers\/wp-json\/wp\/v2\/users\/1"}],"replies":[{"embeddable":true,"href":"https:\/\/rops-bialystok.pl\/fers\/wp-json\/wp\/v2\/comments?post=22152"}],"version-history":[{"count":3,"href":"https:\/\/rops-bialystok.pl\/fers\/wp-json\/wp\/v2\/pages\/22152\/revisions"}],"predecessor-version":[{"id":26367,"href":"https:\/\/rops-bialystok.pl\/fers\/wp-json\/wp\/v2\/pages\/22152\/revisions\/26367"}],"wp:attachment":[{"href":"https:\/\/rops-bialystok.pl\/fers\/wp-json\/wp\/v2\/media?parent=22152"}],"curies":[{"name":"wp","href":"https:\/\/api.w.org\/{rel}","templated":true}]}}