{"id":22294,"date":"2024-04-12T15:08:06","date_gmt":"2024-04-12T13:08:06","guid":{"rendered":"https:\/\/rops-bialystok.pl\/rops\/?page_id=22294"},"modified":"2025-01-03T11:10:34","modified_gmt":"2025-01-03T10:10:34","slug":"informacje-o-cus","status":"publish","type":"page","link":"https:\/\/rops-bialystok.pl\/fers\/informacje-o-cus\/","title":{"rendered":"Informacje o CUS"},"content":{"rendered":"<p>Prezydent RP Andrzej Duda 23 sierpnia 2019 r. podpisa\u0142 ustaw\u0119 z dnia 19 lipca 2019 r. o realizowaniu us\u0142ug spo\u0142ecznych przez centrum us\u0142ug spo\u0142ecznych, jako jednostki bud\u017cetowej. Ustawa wesz\u0142a w \u017cycie 1 stycznia 2020 r. ma na celu zaspokojenie potrzeb wsp\u00f3lnoty samorz\u0105dowej w zakresie okre\u015blonych us\u0142ug spo\u0142ecznych oraz koordynacji tych us\u0142ug gmina mo\u017ce utworzy\u0107 jednostk\u0119 organizacyjn\u0105.<\/p>\n<p>Utworzenie centrum us\u0142ug spo\u0142ecznych nale\u017cy do zada\u0144 gminy i ma charakter fakultatywny.<\/p>\n<p>Zgodnie z Ustaw\u0105 centrum mo\u017ce by\u0107 tworzone:<\/p>\n<ul>\n<li>na obszarze jednej gminy poprzez przekszta\u0142cenie funkcjonuj\u0105cego o\u015brodka pomocy spo\u0142ecznej w centrum us\u0142ug spo\u0142ecznych, przejmuj\u0105c przy tym obecne zadania o\u015brodka pomocy spo\u0142ecznej,<\/li>\n<li>na obszarze co najmniej dw\u00f3ch gmin poprzez utworzenie centrum, na podstawie porozumienia w\u0142adz gminnych \u2013 w\u00f3wczas centrum b\u0119dzie funkcjonowa\u0142o obok gminnych o\u015brodk\u00f3w pomocy spo\u0142ecznej, wsp\u00f3\u0142pracuj\u0105c z nimi,<\/li>\n<li>na obszarze miasta licz\u0105cego powy\u017cej 100 tysi\u0119cy mieszka\u0144c\u00f3w wyst\u0119puje mo\u017cliwo\u015b\u0107 wyboru trybu utworzenia centrum, tj. utworzenie centrum przez przekszta\u0142cenie o\u015brodka pomocy spo\u0142ecznej albo utworzenie nowej jednostki organizacyjnej, funkcjonuj\u0105cej obok o\u015brodka pomocy spo\u0142ecznej.<\/li>\n<\/ul>\n<p>Celem CUS nie jest konsolidacja \u015bwiadczenia us\u0142ug w jednej instytucji, ale integrowanie i koordynowanie us\u0142ug \u015bwiadczonych przez r\u00f3\u017cnych lokalnych us\u0142ugodawc\u00f3w (publicznych i niepublicznych) wsp\u00f3\u0142pracuj\u0105cych z centrum. Za po\u015brednictwem centrum gminy b\u0119d\u0105 mia\u0142y mo\u017cliwo\u015b\u0107 realizowania ju\u017c \u015bwiadczonych us\u0142ug spo\u0142ecznych oraz wprowadzania nowych (jako zada\u0144 w\u0142asnych fakultatywnych), wynikaj\u0105cych z program\u00f3w us\u0142ug spo\u0142ecznych, przyjmowanych w formie uchwa\u0142 przez rady gminy. Podstaw\u0105 do opracowania takich program\u00f3w b\u0119dzie diagnoza potrzeb i potencja\u0142u spo\u0142eczno\u015bci lokalnej przygotowywana w centrum raz na pi\u0119\u0107 lat, konsultowana z mieszka\u0144cami i reprezentuj\u0105cymi ich organizacjami.<\/p>\n<p>Us\u0142ugi spo\u0142eczne b\u0119d\u0105 kierowane do os\u00f3b, rodzin, grup spo\u0142ecznych, grup mieszka\u0144c\u00f3w o okre\u015blonych potrzebach lub og\u00f3\u0142u mieszka\u0144c\u00f3w.<\/p>\n<p>Na podstawie sygnalizowanych potrzeb zainteresowanych mieszka\u0144c\u00f3w b\u0119d\u0105 powstawa\u0107 indywidualne plany us\u0142ug spo\u0142ecznych \u2013 spersonalizowane pakiety us\u0142ug spo\u0142ecznych na okres od trzech do dwunastu miesi\u0119cy.<\/p>\n<p>Centra b\u0119d\u0105 prowadzi\u0107 tak\u017ce dzia\u0142ania adresowane do ca\u0142ych spo\u0142eczno\u015bci lokalnych, a ukierunkowane na integracj\u0119 mieszka\u0144c\u00f3w oraz podniesienie sp\u00f3jno\u015bci spo\u0142ecznej. Za realizacj\u0119 tych dzia\u0142a\u0144 b\u0119dzie odpowiedzialny organizator spo\u0142eczno\u015bci lokalnej. Dzi\u0119ki temu, w indywidualnych planach us\u0142ug spo\u0142ecznych b\u0119d\u0105 uwzgl\u0119dniane nie tylko us\u0142ugi spo\u0142eczne \u015bwiadczone przez specjalist\u00f3w reprezentuj\u0105cych r\u00f3\u017cne zawody pomocowe, lecz tak\u017ce dost\u0119pne bezp\u0142atnie dzia\u0142ania wspieraj\u0105ce o charakterze samopomocowym i wolontaryjnym, prowadzone przez samych mieszka\u0144c\u00f3w (np. pomoc s\u0105siedzka).<\/p>\n<p>Ustawa o CUS wprowadzi\u0142a te\u017c mo\u017cliwo\u015b\u0107 cz\u0119\u015bciowego lub ca\u0142kowitego zwolnienia z op\u0142aty za us\u0142ugi spo\u0142eczne, udzielane osobie na podstawie programu us\u0142ug spo\u0142ecznych.<br \/>\nWi\u0119cej informacji mo\u017cna znale\u017a\u0107 w poni\u017cszych materia\u0142ach do pobrania, opracowanych w Kancelarii Prezydenta Rzeczypospolitej Polskiej:<\/p>\n<ol>\n<li><a href=\"https:\/\/rops-bialystok.pl\/fers\/wp-content\/uploads\/2024\/07\/cus_broszura_1_web.pdf\">Dlaczego centrum us\u0142ug spo\u0142ecznych? [PDF]<\/a><\/li>\n<li><a href=\"https:\/\/rops-bialystok.pl\/fers\/wp-content\/uploads\/2024\/07\/cus_broszura_2_web.pdf\">Diagnoza potrzeb i potencja\u0142u spo\u0142eczno\u015bci lokalnej w zakresie us\u0142ug spo\u0142ecznych [PDF]<\/a><\/li>\n<li><a href=\"https:\/\/rops-bialystok.pl\/fers\/wp-content\/uploads\/2024\/07\/cus_broszura_3_web.pdf\">Zarz\u0105dzanie us\u0142ugami w centrum us\u0142ug spo\u0142ecznych [PDF]<\/a><\/li>\n<li><a href=\"https:\/\/rops-bialystok.pl\/fers\/wp-content\/uploads\/2024\/07\/cus_broszura_4_web.pdf\">Wsp\u00f3\u0142praca mi\u0119dzysektorowa w centrum us\u0142ug spo\u0142ecznych [PDF]<\/a><\/li>\n<li><a href=\"https:\/\/rops-bialystok.pl\/fers\/wp-content\/uploads\/2024\/07\/cus_broszura_5_web.pdf\">Organizator spo\u0142eczno\u015bci lokalnej w centrum us\u0142ug spo\u0142ecznych [PDF]<\/a><\/li>\n<li><a href=\"https:\/\/rops-bialystok.pl\/fers\/wp-content\/uploads\/2024\/07\/cus_broszura_6_web.pdf\">Przekszta\u0142cenie o\u015brodka pomocy spo\u0142ecznej w centrum us\u0142ug spo\u0142ecznych [PDF]<\/a><\/li>\n<li>&#8211;<\/li>\n<li><a href=\"https:\/\/rops-bialystok.pl\/fers\/wp-content\/uploads\/2024\/07\/cus_broszura_8_web.pdf\">Asystentura rodziny w centrach us\u0142ug spo\u0142ecznych [PDF]<\/a><\/li>\n<li><a href=\"https:\/\/rops-bialystok.pl\/fers\/wp-content\/uploads\/2024\/07\/cus_broszura_9_web.pdf\">Reintegracja spo\u0142eczna i zawodowa w centrach us\u0142ug spo\u0142ecznych [PDF]<\/a><\/li>\n<li><a href=\"https:\/\/rops-bialystok.pl\/fers\/wp-content\/uploads\/2024\/07\/10.-Publikacja-\u201eCentrum-uslug-spolecznych-od-koncepcji-do-wdrozenia-przepisow-ustawy-red.-naukowa-Marek-Rymsza.pdf\">Publikacja \u201eCentrum us\u0142ug spo\u0142ecznych od koncepcji do wdro\u017cenia przepis\u00f3w ustawy\u201d (red. naukowa Marek Rymsza) [PDF]<\/a><\/li>\n<li><a href=\"https:\/\/rops-bialystok.pl\/fers\/wp-content\/uploads\/2024\/07\/11.-Centra-uslug-spolecznych.-Potencjal-intencjonalnie-wywolanej-zmiany-w-lokalnej-polityce-spolecznej-w-Polsce-raport-1.pdf\">Centra us\u0142ug spo\u0142ecznych. Potencja\u0142 intencjonalnie wywo\u0142anej zmiany w lokalnej polityce spo\u0142ecznej w Polsce &#8211; raport-1 [PDF]<\/a><\/li>\n<\/ol>\n<p>W ramach konkursu Ministerstwa Rodziny, Pracy i&nbsp;Polityki Spo\u0142ecznej we wsp\u00f3\u0142pracy z Ministerstwem Funduszy i Polityki Regionalnej w ramach Programu Operacyjnego Wiedza, Edukacja, Rozw\u00f3j &nbsp;w wojew\u00f3dztwie podlaskim powsta\u0142y dwa centra us\u0142ug spo\u0142ecznych w <a href=\"https:\/\/cusstawiski.pl\/\"><strong>Stawiskach<\/strong><\/a> i <a href=\"https:\/\/cuslapy.pl\/\"><strong>\u0141apach<\/strong><\/a>,<\/p>\n<p>\u017ar\u00f3d\u0142o: <a href=\"http:\/\/www.prezydent.pl\">www.prezydent.pl<\/a><\/p>\n<h3 style=\"text-align: center;\">Mapa CUS-\u00f3w w Polsce<\/h3>\n<p><img loading=\"lazy\" decoding=\"async\" class=\"aligncenter wp-image-24573 size-full\" src=\"https:\/\/rops-bialystok.pl\/fers\/wp-content\/uploads\/2024\/12\/mapa-Cus-w-polsce.png\" alt=\"Mapa Polski z zaznaczonymi CUS-ami\" width=\"704\" height=\"884\" srcset=\"https:\/\/rops-bialystok.pl\/fers\/wp-content\/uploads\/2024\/12\/mapa-Cus-w-polsce.png 704w, https:\/\/rops-bialystok.pl\/fers\/wp-content\/uploads\/2024\/12\/mapa-Cus-w-polsce-239x300.png 239w\" sizes=\"auto, (max-width: 704px) 85vw, 704px\" \/><\/p>\n<p>\u0179r\u00f3d\u0142o: <a href=\"https:\/\/efs.mrpips.gov.pl\/dowiedz-sie-wiecej\/centra-uslug-spolecznych#Mapa%20CUS-%C3%B3w%20w%20Polsce\">Mapa CUS-\u00f3w w Polsce (efs.mrpips.gov.pl)<\/a><\/p>\n","protected":false},"excerpt":{"rendered":"<p>Prezydent RP Andrzej Duda 23 sierpnia 2019 r. podpisa\u0142 ustaw\u0119 z dnia 19 lipca 2019 r. o realizowaniu us\u0142ug spo\u0142ecznych przez centrum us\u0142ug spo\u0142ecznych, jako jednostki bud\u017cetowej. Ustawa wesz\u0142a w \u017cycie 1 stycznia 2020 r. ma na celu zaspokojenie potrzeb wsp\u00f3lnoty samorz\u0105dowej w zakresie okre\u015blonych us\u0142ug spo\u0142ecznych oraz koordynacji tych us\u0142ug gmina mo\u017ce utworzy\u0107 jednostk\u0119 &hellip; <a href=\"https:\/\/rops-bialystok.pl\/fers\/informacje-o-cus\/\" class=\"more-link\">Continue reading<span class=\"screen-reader-text\"> &#8222;Informacje o CUS&#8221;<\/span><\/a><\/p>\n","protected":false},"author":4,"featured_media":0,"parent":0,"menu_order":0,"comment_status":"closed","ping_status":"closed","template":"","meta":{"footnotes":""},"class_list":["post-22294","page","type-page","status-publish","hentry"],"_links":{"self":[{"href":"https:\/\/rops-bialystok.pl\/fers\/wp-json\/wp\/v2\/pages\/22294","targetHints":{"allow":["GET"]}}],"collection":[{"href":"https:\/\/rops-bialystok.pl\/fers\/wp-json\/wp\/v2\/pages"}],"about":[{"href":"https:\/\/rops-bialystok.pl\/fers\/wp-json\/wp\/v2\/types\/page"}],"author":[{"embeddable":true,"href":"https:\/\/rops-bialystok.pl\/fers\/wp-json\/wp\/v2\/users\/4"}],"replies":[{"embeddable":true,"href":"https:\/\/rops-bialystok.pl\/fers\/wp-json\/wp\/v2\/comments?post=22294"}],"version-history":[{"count":11,"href":"https:\/\/rops-bialystok.pl\/fers\/wp-json\/wp\/v2\/pages\/22294\/revisions"}],"predecessor-version":[{"id":24587,"href":"https:\/\/rops-bialystok.pl\/fers\/wp-json\/wp\/v2\/pages\/22294\/revisions\/24587"}],"wp:attachment":[{"href":"https:\/\/rops-bialystok.pl\/fers\/wp-json\/wp\/v2\/media?parent=22294"}],"curies":[{"name":"wp","href":"https:\/\/api.w.org\/{rel}","templated":true}]}}