{"id":22300,"date":"2024-04-12T15:12:08","date_gmt":"2024-04-12T13:12:08","guid":{"rendered":"https:\/\/rops-bialystok.pl\/rops\/?page_id=22300"},"modified":"2024-07-18T13:51:10","modified_gmt":"2024-07-18T11:51:10","slug":"akta-prawne-cus","status":"publish","type":"page","link":"https:\/\/rops-bialystok.pl\/fers\/akta-prawne-cus\/","title":{"rendered":"Akty Prawne CUS"},"content":{"rendered":"<ul>\n<li><span style=\"font-size: 12pt;\"><a href=\"https:\/\/rops-bialystok.pl\/fers\/wp-content\/uploads\/2024\/04\/Ustawa-CUS.pdf\">Ustawa z dnia 19 lipca 2019 r. o realizowaniu us\u0142ug spo\u0142ecznych przez centrum us\u0142ug spo\u0142ecznych (Dz.U. 2019 poz. 1818) <\/a><\/span><\/li>\n<li><span style=\"font-size: 12pt;\"><a href=\"https:\/\/rops-bialystok.pl\/fers\/wp-content\/uploads\/2024\/04\/Rozporzadzenie-CUS.pdf\">Rozporz\u0105dzenie Rady Ministr\u00f3w z dnia 30 marca 2020 w sprawie szkole\u0144 dla pracownik\u00f3w centrum us\u0142ug spo\u0142ecznych (Dz.U.2020 poz. 664) <\/a><\/span><\/li>\n<\/ul>\n","protected":false},"excerpt":{"rendered":"<p>Ustawa z dnia 19 lipca 2019 r. o realizowaniu us\u0142ug spo\u0142ecznych przez centrum us\u0142ug spo\u0142ecznych (Dz.U. 2019 poz. 1818) Rozporz\u0105dzenie Rady Ministr\u00f3w z dnia 30 marca 2020 w sprawie szkole\u0144 dla pracownik\u00f3w centrum us\u0142ug spo\u0142ecznych (Dz.U.2020 poz. 664)<\/p>\n","protected":false},"author":4,"featured_media":0,"parent":0,"menu_order":0,"comment_status":"closed","ping_status":"closed","template":"","meta":{"footnotes":""},"class_list":["post-22300","page","type-page","status-publish","hentry"],"_links":{"self":[{"href":"https:\/\/rops-bialystok.pl\/fers\/wp-json\/wp\/v2\/pages\/22300","targetHints":{"allow":["GET"]}}],"collection":[{"href":"https:\/\/rops-bialystok.pl\/fers\/wp-json\/wp\/v2\/pages"}],"about":[{"href":"https:\/\/rops-bialystok.pl\/fers\/wp-json\/wp\/v2\/types\/page"}],"author":[{"embeddable":true,"href":"https:\/\/rops-bialystok.pl\/fers\/wp-json\/wp\/v2\/users\/4"}],"replies":[{"embeddable":true,"href":"https:\/\/rops-bialystok.pl\/fers\/wp-json\/wp\/v2\/comments?post=22300"}],"version-history":[{"count":2,"href":"https:\/\/rops-bialystok.pl\/fers\/wp-json\/wp\/v2\/pages\/22300\/revisions"}],"predecessor-version":[{"id":23372,"href":"https:\/\/rops-bialystok.pl\/fers\/wp-json\/wp\/v2\/pages\/22300\/revisions\/23372"}],"wp:attachment":[{"href":"https:\/\/rops-bialystok.pl\/fers\/wp-json\/wp\/v2\/media?parent=22300"}],"curies":[{"name":"wp","href":"https:\/\/api.w.org\/{rel}","templated":true}]}}