{"id":22308,"date":"2024-04-12T15:24:27","date_gmt":"2024-04-12T13:24:27","guid":{"rendered":"https:\/\/rops-bialystok.pl\/rops\/?page_id=22308"},"modified":"2024-08-05T08:48:30","modified_gmt":"2024-08-05T06:48:30","slug":"aktualnosci-cus","status":"publish","type":"page","link":"https:\/\/rops-bialystok.pl\/fers\/aktualnosci-cus\/","title":{"rendered":"Aktualno\u015bci CUS"},"content":{"rendered":"<style>.wp-show-posts-columns#wpsp-23617 {margin-left: -2em; }.wp-show-posts-columns#wpsp-23617 .wp-show-posts-inner {margin: 0 0 2em 2em; }<\/style><section id=\"wpsp-23617\" class=\" wp-show-posts\" style=\"\"><article class=\" wp-show-posts-single wpsp-clearfix post-26514 post type-post status-publish format-standard hentry category-aktualnosci category-aktualnosci_cus\" itemtype=\"http:\/\/schema.org\/CreativeWork\" itemscope><div class=\"wp-show-posts-inner\" style=\"\"><!--MY EDIT\n\t\t\t\t\t\t<header class=\"wp-show-posts-entry-header\">\n-->\n\t\t\t\t\t\t\t<h3 class=\"wp-show-posts-entry-title\" itemprop=\"headline\"><a href=\"https:\/\/rops-bialystok.pl\/fers\/2026\/01\/05\/nowe-centrum-uslug-spolecznych-w-gminie-przerosl\/\" rel=\"bookmark\">Nowe Centrum Us\u0142ug Spo\u0142ecznych w Gminie Przero\u015bl<\/a><\/h3><div class=\"wp-show-posts-entry-meta wp-show-posts-entry-meta-below-title post-meta-inline\"><span class=\"wp-show-posts-posted-on wp-show-posts-meta\">\n\t\t\t\t\t<time class=\"wp-show-posts-entry-date published\" datetime=\"2026-01-05T13:19:54+01:00\" itemprop=\"datePublished\">2026-01-05<\/time>\n\t\t\t\t<\/span><\/div><!--MY EDIT\n\t\t\t\t\t\t<\/header>\n-->\n\t\t\t\t\t\t<!-- .entry-header -->\n<!--\n-->\n\t\t\t\t\t\t\t\t\t\t\t<div class=\"wp-show-posts-entry-summary\" itemprop=\"text\">\n\t\t\t\t\t\t\t<p>Z dniem 1 stycznia 2026 roku Gminny O\u015brodek Pomocy Spo\u0142ecznej w Przero\u015bli zosta\u0142 przekszta\u0142cony w Centrum Us\u0142ug Spo\u0142ecznych w Gminie Przero\u015bl. CUS powsta\u0142 w ramach Dzia\u0142ania 8.4 Wzrost dost\u0119pno\u015bci us\u0142ug spo\u0142ecznych typ projektu: Rozw\u00f3j i tworzenie Centr\u00f3w Us\u0142ug Spo\u0142ecznych oraz wsparcie \u015bwiadczonych przez nie us\u0142ug, Programu Fundusze Europejskie dla Podlaskiego 2021-2027. Wi\u0119cej informacji znajduje si\u0119 na stronie: Dzia\u0142anie 8.4 Wzrost&#8230;<\/p>\n\t\t\t\t\t\t<\/div><!-- .entry-summary -->\n\t\t\t\t\t<\/div><!-- wp-show-posts-inner --><div class=\"wpsp-clear\"><\/div><\/article><article class=\" wp-show-posts-single wpsp-clearfix post-26276 post type-post status-publish format-standard hentry category-aktualnosci category-aktualnosci_cus category-wpisy_fers\" itemtype=\"http:\/\/schema.org\/CreativeWork\" itemscope><div class=\"wp-show-posts-inner\" style=\"\"><!--MY EDIT\n\t\t\t\t\t\t<header class=\"wp-show-posts-entry-header\">\n-->\n\t\t\t\t\t\t\t<h3 class=\"wp-show-posts-entry-title\" itemprop=\"headline\"><a href=\"https:\/\/rops-bialystok.pl\/fers\/2025\/10\/31\/nowe-centra-uslug-spolecznych-w-wojewodztwie-podlaskim-2\/\" rel=\"bookmark\">Nowe Centra Us\u0142ug Spo\u0142ecznych w wojew\u00f3dztwie podlaskim<\/a><\/h3><div class=\"wp-show-posts-entry-meta wp-show-posts-entry-meta-below-title post-meta-inline\"><span class=\"wp-show-posts-posted-on wp-show-posts-meta\">\n\t\t\t\t\t<time class=\"wp-show-posts-entry-date published\" datetime=\"2025-10-31T10:20:52+01:00\" itemprop=\"datePublished\">2025-10-31<\/time>\n\t\t\t\t<\/span><\/div><!--MY EDIT\n\t\t\t\t\t\t<\/header>\n-->\n\t\t\t\t\t\t<!-- .entry-header -->\n<!--\n-->\n\t\t\t\t\t\t\t\t\t\t\t<div class=\"wp-show-posts-entry-summary\" itemprop=\"text\">\n\t\t\t\t\t\t\t<p>W ramach Dzia\u0142ania 8.4 Wzrost dost\u0119pno\u015bci us\u0142ug spo\u0142ecznych typ projektu: Rozw\u00f3j i tworzenie Centr\u00f3w Us\u0142ug Spo\u0142ecznych oraz wsparcie \u015bwiadczonych przez nie us\u0142ug, Programu Fundusze Europejskie dla Podlaskiego 2021-2027\u00a0 w 2025 roku powsta\u0142y nowe Centra Us\u0142ug Spo\u0142ecznych w wojew\u00f3dztwie podlaskim: Centrum Us\u0142ug Spo\u0142ecznych w \u0141om\u017cy \u2013 1 kwietnia 2025 roku, kwota dofinansowania : ok. 5,5 mln z\u0142otych Centrum Us\u0142ug Spo\u0142ecznych w&#8230;<\/p>\n\t\t\t\t\t\t<\/div><!-- .entry-summary -->\n\t\t\t\t\t<\/div><!-- wp-show-posts-inner --><div class=\"wpsp-clear\"><\/div><\/article><article class=\" wp-show-posts-single wpsp-clearfix post-24571 post type-post status-publish format-standard hentry category-aktualnosci category-aktualnosci_cus category-wpisy_fers\" itemtype=\"http:\/\/schema.org\/CreativeWork\" itemscope><div class=\"wp-show-posts-inner\" style=\"\"><!--MY EDIT\n\t\t\t\t\t\t<header class=\"wp-show-posts-entry-header\">\n-->\n\t\t\t\t\t\t\t<h3 class=\"wp-show-posts-entry-title\" itemprop=\"headline\"><a href=\"https:\/\/rops-bialystok.pl\/fers\/2024\/12\/31\/nowe-centra-uslug-spolecznych-w-wojewodztwie-podlaskim\/\" rel=\"bookmark\">Nowe Centra Us\u0142ug Spo\u0142ecznych w wojew\u00f3dztwie podlaskim<\/a><\/h3><div class=\"wp-show-posts-entry-meta wp-show-posts-entry-meta-below-title post-meta-inline\"><span class=\"wp-show-posts-posted-on wp-show-posts-meta\">\n\t\t\t\t\t<time class=\"wp-show-posts-entry-date published\" datetime=\"2024-12-31T09:17:01+01:00\" itemprop=\"datePublished\">2024-12-31<\/time>\n\t\t\t\t<\/span><\/div><!--MY EDIT\n\t\t\t\t\t\t<\/header>\n-->\n\t\t\t\t\t\t<!-- .entry-header -->\n<!--\n-->\n\t\t\t\t\t\t\t\t\t\t\t<div class=\"wp-show-posts-entry-summary\" itemprop=\"text\">\n\t\t\t\t\t\t\t<p>W 2024 roku Urz\u0105d Marsza\u0142kowski Wojew\u00f3dztwa Podlaskiego udzieli\u0142 dotacji 3 gminom na utworzenie Centrum Us\u0142ug Spo\u0142ecznych: Gmina Wasilk\u00f3w \u2013 kwota dofinansowania: ok 6,5 mln z\u0142 Gmina Ciechanowiec \u2013 kwota dofinansowania: ok. 3,5 mln z\u0142 Miasto \u0141om\u017ca \u2013 kwota dofinansowania: ok. 5,5 mln z\u0142 Dotacje s\u0105 udzielane w ramach Dzia\u0142ania 8.4 Wzrost dost\u0119pno\u015bci us\u0142ug spo\u0142ecznych typ projektu: Rozw\u00f3j i tworzenie Centr\u00f3w&#8230;<\/p>\n\t\t\t\t\t\t<\/div><!-- .entry-summary -->\n\t\t\t\t\t<\/div><!-- wp-show-posts-inner --><div class=\"wpsp-clear\"><\/div><\/article><article class=\" wp-show-posts-single wpsp-clearfix post-24563 post type-post status-publish format-standard hentry category-aktualnosci category-aktualnosci_cus category-wpisy_fers\" itemtype=\"http:\/\/schema.org\/CreativeWork\" itemscope><div class=\"wp-show-posts-inner\" style=\"\"><!--MY EDIT\n\t\t\t\t\t\t<header class=\"wp-show-posts-entry-header\">\n-->\n\t\t\t\t\t\t\t<h3 class=\"wp-show-posts-entry-title\" itemprop=\"headline\"><a href=\"https:\/\/rops-bialystok.pl\/fers\/2024\/10\/31\/konferencja-regionalna-kierunki-rozwoju-uslug-spolecznych-i-procesu-deinstytucjonalizacji-w-wojewodztwie-podlaskim\/\" rel=\"bookmark\">Konferencja Regionalna \u201eKierunki rozwoju us\u0142ug spo\u0142ecznych i procesu deinstytucjonalizacji w wojew\u00f3dztwie podlaskim\u201d<\/a><\/h3><div class=\"wp-show-posts-entry-meta wp-show-posts-entry-meta-below-title post-meta-inline\"><span class=\"wp-show-posts-posted-on wp-show-posts-meta\">\n\t\t\t\t\t<time class=\"wp-show-posts-entry-date published\" datetime=\"2024-10-31T14:39:08+01:00\" itemprop=\"datePublished\">2024-10-31<\/time>\n\t\t\t\t<\/span><\/div><!--MY EDIT\n\t\t\t\t\t\t<\/header>\n-->\n\t\t\t\t\t\t<!-- .entry-header -->\n<!--\n-->\n\t\t\t\t\t\t\t\t\t\t\t<div class=\"wp-show-posts-entry-summary\" itemprop=\"text\">\n\t\t\t\t\t\t\t<p>29 pa\u017adziernika 2024 r. podczas konferencji Regionalnej \u201eKierunki rozwoju us\u0142ug spo\u0142ecznych i procesu deinstytucjonalizacji w wojew\u00f3dztwie podlaskim\u201d organizowanej przez ROPS w Bia\u0142ymstoku powo\u0142ano struktur\u0119 terenow\u0105 Krajowego Forum CUS \u2013 Podlaskie Regionalne Forum CUS. Po konferencji odby\u0142o si\u0119 Walne Zebranie na kt\u00f3rym wybrano zarz\u0105d regionu: Katarzyna \u017bukowska-Koc \u2013 Dyrektor CUS w \u0141apach \u2013 przewodnicz\u0105ca Piotr Torbicz \u2013 Kierownik MOPS w Zab\u0142udowie&#8230;<\/p>\n\t\t\t\t\t\t<\/div><!-- .entry-summary -->\n\t\t\t\t\t<\/div><!-- wp-show-posts-inner --><div class=\"wpsp-clear\"><\/div><\/article><\/section><!-- .wp-show-posts -->\n","protected":false},"excerpt":{"rendered":"","protected":false},"author":4,"featured_media":0,"parent":0,"menu_order":0,"comment_status":"closed","ping_status":"closed","template":"","meta":{"footnotes":""},"class_list":["post-22308","page","type-page","status-publish","hentry"],"_links":{"self":[{"href":"https:\/\/rops-bialystok.pl\/fers\/wp-json\/wp\/v2\/pages\/22308","targetHints":{"allow":["GET"]}}],"collection":[{"href":"https:\/\/rops-bialystok.pl\/fers\/wp-json\/wp\/v2\/pages"}],"about":[{"href":"https:\/\/rops-bialystok.pl\/fers\/wp-json\/wp\/v2\/types\/page"}],"author":[{"embeddable":true,"href":"https:\/\/rops-bialystok.pl\/fers\/wp-json\/wp\/v2\/users\/4"}],"replies":[{"embeddable":true,"href":"https:\/\/rops-bialystok.pl\/fers\/wp-json\/wp\/v2\/comments?post=22308"}],"version-history":[{"count":4,"href":"https:\/\/rops-bialystok.pl\/fers\/wp-json\/wp\/v2\/pages\/22308\/revisions"}],"predecessor-version":[{"id":23829,"href":"https:\/\/rops-bialystok.pl\/fers\/wp-json\/wp\/v2\/pages\/22308\/revisions\/23829"}],"wp:attachment":[{"href":"https:\/\/rops-bialystok.pl\/fers\/wp-json\/wp\/v2\/media?parent=22308"}],"curies":[{"name":"wp","href":"https:\/\/api.w.org\/{rel}","templated":true}]}}