{"id":22314,"date":"2024-04-12T15:26:45","date_gmt":"2024-04-12T13:26:45","guid":{"rendered":"https:\/\/rops-bialystok.pl\/rops\/?page_id=22314"},"modified":"2024-07-18T10:58:23","modified_gmt":"2024-07-18T08:58:23","slug":"informacje-o-lpdi","status":"publish","type":"page","link":"https:\/\/rops-bialystok.pl\/fers\/informacje-o-lpdi\/","title":{"rendered":"Informacje o LPDI"},"content":{"rendered":"<p>Celem Lokalnych Plan\u00f3w Deinstytucjonalizacji Us\u0142ug Spo\u0142ecznych jest wyznaczenie kierunk\u00f3w rozwoju us\u0142ug spo\u0142ecznych na szczeblu lokalnym (gmina\/powiat), zar\u00f3wno w zakresie koniecznych interwencji, jak i podj\u0119cia dzia\u0142a\u0144 o charakterze prewencyjnym i profilaktycznym. Jednym z cel\u00f3w Planu jest zatem dokonanie pog\u0142\u0119bionej diagnozy potrzeb spo\u0142ecznych w spo\u0142eczno\u015bci lokalnej co do zakresu i form us\u0142ug. Przeprowadzenie dobrej diagnozy uwzgl\u0119dniaj\u0105cej opis struktury spo\u0142ecznej gminy\/powiatu, identyfikacj\u0119 g\u0142\u00f3wnych wyst\u0119puj\u0105cych problem\u00f3w spo\u0142ecznych, analiz\u0119 podstawowych dokument\u00f3w strategicznych samorz\u0105du i innych podmiot\u00f3w m.in. Ministerstwa Rodziny, Pracy i Polityki Spo\u0142ecznej (MRPiPS) oraz Regionalnych O\u015brodk\u00f3w Polityki Spo\u0142ecznej (ROPS) stanowi postaw\u0119 do formu\u0142owania zada\u0144 i dzia\u0142a\u0144 jednostek samorz\u0105du terytorialnego w zakresie kreacji i realizacji us\u0142ug spo\u0142ecznych.<\/p>\n<p>Lokalny Plan Deinstytucjonalizacji Us\u0142ug Spo\u0142ecznych sk\u0142ada si\u0119 z:<\/p>\n<ol>\n<li><strong>Cz\u0119\u015bci diagnostycznej<\/strong> \u2013 okre\u015bla charakterystyk\u0119 gminy\/powiatu, zawiera analiz\u0119 posiadanych zasob\u00f3w, diagnoz\u0119 potrzeb mieszka\u0144c\u00f3w<\/li>\n<li><strong>Cz\u0119\u015b\u0107 programowej<\/strong> \u2013 zwieraj\u0105ca plan deinstytucjonalizacji us\u0142ug spo\u0142ecznych, analiz\u0119 koszt\u00f3w realizacji planu, dost\u0119pne zasoby dla realizacji us\u0142ug (finansowe, materialne i infrastrukturalne) oraz system monitorowania i oceny.<\/li>\n<\/ol>\n<p>Wi\u0119cej informacji o tworzeniu LPDI mo\u017cna znale\u017a\u0107 w za\u0142\u0105czonym dokumencie <strong>Og\u00f3lnopolskie wytyczne tworzenia lokalnych plan\u00f3w deinstytucjonalizacji us\u0142ug spo\u0142ecznych<\/strong> opracowanych w ramach projektu: \u201eOpracowanie i pilota\u017cowe wdro\u017cenie mechanizm\u00f3w i plan\u00f3w deinstytucjonalizacji us\u0142ug spo\u0142ecznych\u201d realizowanego ramach Programu Operacyjnego Wiedza Edukacja Rozw\u00f3j 2014\u20132020, Osi Priorytetowej II Efektywne polityki publiczne dla rynku pracy, gospodarki i edukacji, Dzia\u0142anie 2.8 Rozw\u00f3j us\u0142ug spo\u0142ecznych \u015bwiadczonych w lokalnej spo\u0142eczno\u015bci, wsp\u00f3\u0142finansowanego z Europejskiego Funduszu Spo\u0142ecznego.<\/p>\n<p>Materia\u0142y do pobrania:<\/p>\n<ul>\n<li><a href=\"https:\/\/rops-bialystok.pl\/fers\/wp-content\/uploads\/2024\/04\/Ogolnopolskie-wytyczne-tworzenia-LPDI.pdf\">Og\u00f3lnopolskie wytyczne tworzenia LPDI<\/a><\/li>\n<\/ul>\n","protected":false},"excerpt":{"rendered":"<p>Celem Lokalnych Plan\u00f3w Deinstytucjonalizacji Us\u0142ug Spo\u0142ecznych jest wyznaczenie kierunk\u00f3w rozwoju us\u0142ug spo\u0142ecznych na szczeblu lokalnym (gmina\/powiat), zar\u00f3wno w zakresie koniecznych interwencji, jak i podj\u0119cia dzia\u0142a\u0144 o charakterze prewencyjnym i profilaktycznym. Jednym z cel\u00f3w Planu jest zatem dokonanie pog\u0142\u0119bionej diagnozy potrzeb spo\u0142ecznych w spo\u0142eczno\u015bci lokalnej co do zakresu i form us\u0142ug. Przeprowadzenie dobrej diagnozy uwzgl\u0119dniaj\u0105cej opis &hellip; <a href=\"https:\/\/rops-bialystok.pl\/fers\/informacje-o-lpdi\/\" class=\"more-link\">Continue reading<span class=\"screen-reader-text\"> &#8222;Informacje o LPDI&#8221;<\/span><\/a><\/p>\n","protected":false},"author":4,"featured_media":0,"parent":0,"menu_order":0,"comment_status":"closed","ping_status":"closed","template":"","meta":{"footnotes":""},"class_list":["post-22314","page","type-page","status-publish","hentry"],"_links":{"self":[{"href":"https:\/\/rops-bialystok.pl\/fers\/wp-json\/wp\/v2\/pages\/22314","targetHints":{"allow":["GET"]}}],"collection":[{"href":"https:\/\/rops-bialystok.pl\/fers\/wp-json\/wp\/v2\/pages"}],"about":[{"href":"https:\/\/rops-bialystok.pl\/fers\/wp-json\/wp\/v2\/types\/page"}],"author":[{"embeddable":true,"href":"https:\/\/rops-bialystok.pl\/fers\/wp-json\/wp\/v2\/users\/4"}],"replies":[{"embeddable":true,"href":"https:\/\/rops-bialystok.pl\/fers\/wp-json\/wp\/v2\/comments?post=22314"}],"version-history":[{"count":1,"href":"https:\/\/rops-bialystok.pl\/fers\/wp-json\/wp\/v2\/pages\/22314\/revisions"}],"predecessor-version":[{"id":23065,"href":"https:\/\/rops-bialystok.pl\/fers\/wp-json\/wp\/v2\/pages\/22314\/revisions\/23065"}],"wp:attachment":[{"href":"https:\/\/rops-bialystok.pl\/fers\/wp-json\/wp\/v2\/media?parent=22314"}],"curies":[{"name":"wp","href":"https:\/\/api.w.org\/{rel}","templated":true}]}}