{"id":22380,"date":"2024-04-22T10:47:20","date_gmt":"2024-04-22T08:47:20","guid":{"rendered":"https:\/\/rops-bialystok.pl\/rops\/?page_id=22380"},"modified":"2026-05-08T08:42:15","modified_gmt":"2026-05-08T06:42:15","slug":"kluby-integracji-spolecznej","status":"publish","type":"page","link":"https:\/\/rops-bialystok.pl\/fers\/kluby-integracji-spolecznej\/","title":{"rendered":"Kluby Integracji Spo\u0142ecznej w woj. podlaskim w 2024 r."},"content":{"rendered":"<p style=\"text-align: left;\"><strong>Kluby Integracji Spo\u0142ecznej (KIS)<\/strong> to jednostki, kt\u00f3rych celem jest udzielenie pomocy osobom indywidualnym oraz ich rodzinom w odbudowywaniu i podtrzymywaniu umiej\u0119tno\u015bci uczestnictwa w \u017cyciu spo\u0142eczno\u015bci lokalnej, w powrocie do pe\u0142nienia r\u00f3l spo\u0142ecznych oraz w podniesieniu kwalifikacji zawodowych, jako warto\u015bci na rynku pracy. KIS dzia\u0142a na rzecz integrowania si\u0119 os\u00f3b o podobnych trudno\u015bciach i problemach \u017cyciowych. To jednostka pomagaj\u0105ca samoorganizowa\u0107 si\u0119 ludziom w grupy, podejmowa\u0107 wsp\u00f3lne inicjatywy i przedsi\u0119wzi\u0119cia w zakresie aktywizacji zawodowej, w tym zmierzaj\u0105ce do tworzenia w\u0142asnych miejsc pracy. KIS zostaje powo\u0142any przez jednostk\u0119 samorz\u0105du terytorialnego lub organizacj\u0119 pozarz\u0105dow\u0105.<\/p>\n<p>Aktualny wykaz klub\u00f3w integracji spo\u0142ecznej dost\u0119pny w Rejestrze Jednostek Pomocy Spo\u0142ecznej: <a href=\"https:\/\/rjps.mrpips.gov.pl\/RJPS\/RU\/start.do?id_menu=25\">Rejestr Jednostek Pomocy Spo\u0142ecznej (rjps.mrips.gov.pl)<\/a><\/p>\n<p><a href=\"https:\/\/rops-bialystok.pl\/fers\/wp-content\/uploads\/2025\/11\/KIS-2024.png\"><img loading=\"lazy\" decoding=\"async\" class=\"aligncenter wp-image-26402 size-large\" src=\"https:\/\/rops-bialystok.pl\/fers\/wp-content\/uploads\/2025\/11\/KIS-2024-1024x724.png\" alt=\"Mapa subregion\u00f3w wojew\u00f3dztwa podlaskiego z zaznaczonymi klubami integracji spo\u0142ecznej 2024 r.\" width=\"1024\" height=\"724\" srcset=\"https:\/\/rops-bialystok.pl\/fers\/wp-content\/uploads\/2025\/11\/KIS-2024-1024x724.png 1024w, https:\/\/rops-bialystok.pl\/fers\/wp-content\/uploads\/2025\/11\/KIS-2024-300x212.png 300w, https:\/\/rops-bialystok.pl\/fers\/wp-content\/uploads\/2025\/11\/KIS-2024-768x543.png 768w, https:\/\/rops-bialystok.pl\/fers\/wp-content\/uploads\/2025\/11\/KIS-2024-1536x1086.png 1536w, https:\/\/rops-bialystok.pl\/fers\/wp-content\/uploads\/2025\/11\/KIS-2024-2048x1448.png 2048w, https:\/\/rops-bialystok.pl\/fers\/wp-content\/uploads\/2025\/11\/KIS-2024-1200x848.png 1200w\" sizes=\"auto, (max-width: 709px) 85vw, (max-width: 909px) 67vw, (max-width: 1362px) 62vw, 840px\" \/><\/a><\/p>\n<div class=\"rwd-table\">\n<table width=\"800\">\n<caption style=\"text-align: left;\">Tabela 1. Kluby Integracji Spo\u0142ecznej w woj. podlaskim w 2024 r.<\/caption>\n<thead>\n<tr>\n<th width=\"27\"><strong>Lp.<\/strong><\/th>\n<th width=\"164\"><strong>Nazwa <\/strong><\/th>\n<th width=\"166\"><strong>Adres<\/strong><\/th>\n<th width=\"127\"><strong>Telefon <\/strong><\/th>\n<th width=\"163\"><strong>E-mail<\/strong><\/th>\n<\/tr>\n<\/thead>\n<tbody>\n<tr>\n<td width=\"27\"><strong>1.<\/strong><\/td>\n<td width=\"155\"><strong>Klub Integracji Spo\u0142ecznej \u201eAktywni Razem\u201d w\u00a0Radzi\u0142owie<\/strong><\/td>\n<td width=\"142\">ul. Karwowska 48<br \/>\n19-213 Radzi\u0142\u00f3w<\/td>\n<td width=\"100\">862\u00a0736 199<\/td>\n<td width=\"224\"><a href=\"mailto:kontakt@stowarzyszenie-podlasie.pl\">kontakt@stowarzyszenie-podlasie.pl<\/a><\/td>\n<\/tr>\n<tr>\n<td width=\"27\"><strong>2.<\/strong><\/td>\n<td width=\"155\"><strong>Klub Integracji Spo\u0142ecznej \u201eSukces w\u00a0dzia\u0142aniu\u201d w\u00a0\u0141apach<\/strong><\/td>\n<td width=\"142\">ul. Le\u015bnikowska 54<br \/>\n18-100 \u0141apy<\/td>\n<td width=\"100\">85\u00a0715 68 13<\/td>\n<td width=\"224\"><a href=\"mailto:kontakt@cuslapy.pl\">kontakt@cuslapy.pl<\/a><\/td>\n<\/tr>\n<tr>\n<td width=\"27\"><strong>3.<\/strong><\/td>\n<td width=\"155\"><strong>Klub Integracji Spo\u0142ecznej w\u00a0Dubiczach Osocznych<\/strong><\/td>\n<td width=\"142\">Dubicze Osoczne 45<br \/>\n17-200 Hajn\u00f3wka<\/td>\n<td width=\"100\">85\u00a0682 31 95<\/td>\n<td width=\"224\"><a href=\"mailto:gmina@gmina-hajnowka.pl\">gmina@gmina-hajnowka.pl<\/a><\/td>\n<\/tr>\n<tr>\n<td width=\"27\"><strong>4.<\/strong><\/td>\n<td width=\"155\"><strong>Klub Integracji Spo\u0142ecznej w\u00a0Sok\u00f3\u0142ce<\/strong><\/td>\n<td width=\"142\">ul. D\u0105browskiego 12<br \/>\n16-100 Sok\u00f3\u0142ka<\/td>\n<td width=\"100\">85\u00a0711 20 64<\/td>\n<td width=\"224\"><a href=\"mailto:opssok@op.pl\">opssok@op.pl<\/a><\/td>\n<\/tr>\n<tr>\n<td width=\"27\"><strong>5.<\/strong><\/td>\n<td width=\"155\"><strong>Klub Integracji Spo\u0142ecznej \u201eNowa Droga\u201d w\u00a0Bia\u0142ymstoku<\/strong><\/td>\n<td width=\"142\">ul. Elektryczna 1\/3 lok. 216<br \/>\n15-080 Bia\u0142ystok<\/td>\n<td width=\"100\">607\u00a0645 779<\/td>\n<td width=\"224\"><a href=\"mailto:kis@sciencepoint.pl\">kis@sciencepoint.pl<\/a><\/td>\n<\/tr>\n<tr>\n<td width=\"27\"><strong>6.<\/strong><\/td>\n<td width=\"155\"><strong>Klub Integracji Spo\u0142ecznej \u201eKurnik\u201d w\u00a0Hajn\u00f3wce<\/strong><\/td>\n<td width=\"142\">ul. 11 Listopada 22<br \/>\n17-200 Hajn\u00f3wka<\/td>\n<td width=\"100\">85\u00a0682 20 11<\/td>\n<td width=\"224\"><a href=\"mailto:mops-hajnowka@home.pl\">mops-hajnowka@home.pl<\/a><\/td>\n<\/tr>\n<tr>\n<td width=\"27\"><strong>7.<\/strong><\/td>\n<td width=\"155\"><strong>Klub Integracji Spo\u0142ecznej w Bia\u0142ymstoku<\/strong><\/td>\n<td width=\"142\">ul. Brukowa 28\/8<br \/>\n15-889 Bia\u0142ystok<\/td>\n<td width=\"100\">85\u00a0653 77 53<\/td>\n<td width=\"224\"><a href=\"mailto:kis@towarzystwoamicus.pl\">kis@towarzystwoamicus.pl<\/a><\/td>\n<\/tr>\n<tr>\n<td width=\"27\"><strong>8.<\/strong><\/td>\n<td width=\"155\"><strong>Klub Integracji Spo\u0142ecznej \u201eNormalna Przysz\u0142o\u015b\u0107\u201d<br \/>\nw Bia\u0142ymstoku<\/strong><\/td>\n<td width=\"142\">u. Suraska 1\/lok.109<br \/>\n15-093 Bia\u0142ystok<\/td>\n<td width=\"100\">504\u00a0064 020<\/td>\n<td width=\"224\"><a href=\"mailto:m.barczak@normalnaprzyszlosc.org\">m.barczak@normalnaprzyszlosc.org<\/a><\/td>\n<\/tr>\n<\/tbody>\n<\/table>\n<\/div>\n<p>\u0179r\u00f3d\u0142o: opracowanie w\u0142asne na podstawie danych PUW<\/p>\n","protected":false},"excerpt":{"rendered":"<p>Kluby Integracji Spo\u0142ecznej (KIS) to jednostki, kt\u00f3rych celem jest udzielenie pomocy osobom indywidualnym oraz ich rodzinom w odbudowywaniu i podtrzymywaniu umiej\u0119tno\u015bci uczestnictwa w \u017cyciu spo\u0142eczno\u015bci lokalnej, w powrocie do pe\u0142nienia r\u00f3l spo\u0142ecznych oraz w podniesieniu kwalifikacji zawodowych, jako warto\u015bci na rynku pracy. KIS dzia\u0142a na rzecz integrowania si\u0119 os\u00f3b o podobnych trudno\u015bciach i problemach \u017cyciowych. &hellip; <a href=\"https:\/\/rops-bialystok.pl\/fers\/kluby-integracji-spolecznej\/\" class=\"more-link\">Continue reading<span class=\"screen-reader-text\"> &#8222;Kluby Integracji Spo\u0142ecznej w woj. podlaskim w 2024 r.&#8221;<\/span><\/a><\/p>\n","protected":false},"author":1,"featured_media":0,"parent":0,"menu_order":0,"comment_status":"closed","ping_status":"closed","template":"","meta":{"footnotes":""},"class_list":["post-22380","page","type-page","status-publish","hentry"],"_links":{"self":[{"href":"https:\/\/rops-bialystok.pl\/fers\/wp-json\/wp\/v2\/pages\/22380","targetHints":{"allow":["GET"]}}],"collection":[{"href":"https:\/\/rops-bialystok.pl\/fers\/wp-json\/wp\/v2\/pages"}],"about":[{"href":"https:\/\/rops-bialystok.pl\/fers\/wp-json\/wp\/v2\/types\/page"}],"author":[{"embeddable":true,"href":"https:\/\/rops-bialystok.pl\/fers\/wp-json\/wp\/v2\/users\/1"}],"replies":[{"embeddable":true,"href":"https:\/\/rops-bialystok.pl\/fers\/wp-json\/wp\/v2\/comments?post=22380"}],"version-history":[{"count":6,"href":"https:\/\/rops-bialystok.pl\/fers\/wp-json\/wp\/v2\/pages\/22380\/revisions"}],"predecessor-version":[{"id":27050,"href":"https:\/\/rops-bialystok.pl\/fers\/wp-json\/wp\/v2\/pages\/22380\/revisions\/27050"}],"wp:attachment":[{"href":"https:\/\/rops-bialystok.pl\/fers\/wp-json\/wp\/v2\/media?parent=22380"}],"curies":[{"name":"wp","href":"https:\/\/api.w.org\/{rel}","templated":true}]}}