{"id":22393,"date":"2024-04-22T11:07:26","date_gmt":"2024-04-22T09:07:26","guid":{"rendered":"https:\/\/rops-bialystok.pl\/rops\/?page_id=22393"},"modified":"2026-05-08T08:44:31","modified_gmt":"2026-05-08T06:44:31","slug":"zaklady-aktywnosci-zawodowej","status":"publish","type":"page","link":"https:\/\/rops-bialystok.pl\/fers\/zaklady-aktywnosci-zawodowej\/","title":{"rendered":"Zak\u0142ady Aktywno\u015bci Zawodowej w woj. podlaskim w 2024 r."},"content":{"rendered":"<p><strong>Zak\u0142ady Aktywno\u015bci Zawodowej (ZAZ)<\/strong> to podmioty, kt\u00f3rych g\u0142\u00f3wnym celem jest rehabilitacja zawodowa i spo\u0142eczna os\u00f3b z niepe\u0142nosprawno\u015bciami. ZAZ nie jest samodzieln\u0105 form\u0105 prawn\u0105, nie ma osobowo\u015bci prawnej i funkcjonuje jako jednostka wyodr\u0119bniona w instytucji lub organizacji, kt\u00f3ra go utworzy\u0142a. Zak\u0142ady Aktywno\u015bci Zawodowej mog\u0105 prowadzi\u0107 r\u00f3\u017cne rodzaje dzia\u0142alno\u015bci gospodarczej, z wyj\u0105tkiem dzia\u0142alno\u015bci polegaj\u0105cej na wytwarzaniu wyrob\u00f3w przemys\u0142u paliwowego, tytoniowego, spirytusowego, winiarskiego, piwowarskiego, a tak\u017ce pozosta\u0142ych wyrob\u00f3w alkoholowych o zawarto\u015bci alkoholu powy\u017cej 1,5% oraz wyrob\u00f3w z metali szlachetnych albo z udzia\u0142em tych metali lub handlu tymi wyrobami. \u201eDochody z tej dzia\u0142alno\u015bci musz\u0105 by\u0107 przeznaczone w ca\u0142o\u015bci na zak\u0142adowy fundusz aktywno\u015bci, z kt\u00f3rego finansowane mog\u0105 by\u0107 m.in. wydatki na:<\/p>\n<ul>\n<li>usprawnienie i dodatkowe oprzyrz\u0105dowanie stanowisk pracy,<\/li>\n<li>wspomagaj\u0105ce samodzielne funkcjonowanie os\u00f3b z niepe\u0142nosprawno\u015bciami w zak\u0142adzie pracy,<\/li>\n<li>popraw\u0119 warunk\u00f3w pracy os\u00f3b z niepe\u0142nosprawno\u015bciami,<\/li>\n<li>zakup sprz\u0119tu i wyposa\u017cenia pomagaj\u0105cego osobom z niepe\u0142nosprawno\u015bciami,<\/li>\n<li>dokszta\u0142canie, przekwalifikowanie i szkolenie os\u00f3b z niepe\u0142nosprawno\u015bciami,<\/li>\n<li>rekreacja i uczestnictwo os\u00f3b z niepe\u0142nosprawno\u015bciami w \u017cyciu kulturalnym,<\/li>\n<li>pomoc w zaspokajaniu innych potrzeb socjalnych i zwi\u0105zanych z rehabilitacj\u0105 spo\u0142eczn\u0105 zatrudnionych os\u00f3b z niepe\u0142nosprawno\u015bciami.<\/li>\n<\/ul>\n<p>Zak\u0142ady Aktywno\u015bci Zawodowej dzia\u0142aj\u0105 w oparciu o ustaw\u0119 z dnia 27 sierpnia 1997 r. o rehabilitacji zawodowej i spo\u0142ecznej oraz zatrudnianiu os\u00f3b z niepe\u0142nosprawno\u015bciami. Tworz\u0105 one miejsca pracy dla os\u00f3b z orzeczeniem o znacznym lub umiarkowanym stopniu niepe\u0142nosprawno\u015bci, u kt\u00f3rych stwierdzono autyzm, upo\u015bledzenie umys\u0142owe lub chorob\u0119 psychiczn\u0105, jednocze\u015bnie przyczyniaj\u0105c si\u0119 do spo\u0142ecznej reintegracji ich pracownik\u00f3w. ZAZ mog\u0105 by\u0107 tworzone przez jednostki samorz\u0105du terytorialnego (gminy, powiaty), fundacje, stowarzyszenia lub inne organizacje spo\u0142eczne, kt\u00f3rych statutowym zadaniem jest rehabilitacja zawodowa i spo\u0142eczna os\u00f3b z niepe\u0142nosprawno\u015bciami.<\/p>\n<p>Aktualny wykaz zak\u0142ad\u00f3w aktywno\u015bci zawodowej: <a href=\"https:\/\/www.gov.pl\/web\/uw-podlaski\/niepelnosprawnosc\">Podlaski Urz\u0105d Wojew\u00f3dzki w Bia\u0142ymstoku &#8211; Niepe\u0142nosprawno\u015b\u0107 (www.gov.pl)<\/a><\/p>\n<p><a href=\"https:\/\/rops-bialystok.pl\/fers\/wp-content\/uploads\/2025\/11\/ZAZ-2024.png\"><img loading=\"lazy\" decoding=\"async\" class=\"aligncenter wp-image-26404 size-large\" src=\"https:\/\/rops-bialystok.pl\/fers\/wp-content\/uploads\/2025\/11\/ZAZ-2024-1024x724.png\" alt=\"Mapa subregion\u00f3w wojew\u00f3dztwa podlaskiego z zaznaczonymi zak\u0142adami aktywno\u015bci zawodowej 2024 r.\" width=\"1024\" height=\"724\" srcset=\"https:\/\/rops-bialystok.pl\/fers\/wp-content\/uploads\/2025\/11\/ZAZ-2024-1024x724.png 1024w, https:\/\/rops-bialystok.pl\/fers\/wp-content\/uploads\/2025\/11\/ZAZ-2024-300x212.png 300w, https:\/\/rops-bialystok.pl\/fers\/wp-content\/uploads\/2025\/11\/ZAZ-2024-768x543.png 768w, https:\/\/rops-bialystok.pl\/fers\/wp-content\/uploads\/2025\/11\/ZAZ-2024-1536x1086.png 1536w, https:\/\/rops-bialystok.pl\/fers\/wp-content\/uploads\/2025\/11\/ZAZ-2024-2048x1448.png 2048w, https:\/\/rops-bialystok.pl\/fers\/wp-content\/uploads\/2025\/11\/ZAZ-2024-1200x848.png 1200w\" sizes=\"auto, (max-width: 709px) 85vw, (max-width: 909px) 67vw, (max-width: 1362px) 62vw, 840px\" \/><\/a><\/p>\n<div class=\"rwd-table\">\n<table width=\"800\">\n<caption style=\"text-align: left;\">Tabela 1. Zak\u0142ady Aktywno\u015bci Zawodowej w woj. podlaskim w 2024 r.<\/caption>\n<thead>\n<tr>\n<th width=\"27\"><strong>Lp.<\/strong><\/th>\n<th width=\"164\"><strong>Nazwa <\/strong><\/th>\n<th width=\"166\"><strong>Adres<\/strong><\/th>\n<th width=\"127\"><strong>Telefon <\/strong><\/th>\n<th width=\"163\"><strong>E-mail<\/strong><\/th>\n<\/tr>\n<\/thead>\n<tbody>\n<tr>\n<td width=\"26\"><strong>1<\/strong><\/td>\n<td width=\"152\"><strong>Zak\u0142ad Aktywno\u015bci Zawodowej ARGENTA w\u00a0\u0141om\u017cy<\/strong><\/td>\n<td width=\"180\">Al. Legion\u00f3w 145A<br \/>\n18-400 \u0141om\u017ca<\/td>\n<td width=\"94\">887 093 000<\/td>\n<td width=\"195\">poczta@aktywniwpracy.pl<\/td>\n<\/tr>\n<tr>\n<td width=\"26\"><strong>2<\/strong><\/td>\n<td width=\"152\"><strong>Zak\u0142ad Aktywno\u015bci Zawodowej SOWA w\u00a0Lipniaku<\/strong><\/td>\n<td width=\"180\">Lipniak 3<br \/>\n16-402 Suwa\u0142ki<\/td>\n<td width=\"94\">512\u00a0194\u00a0590<br \/>\n509\u00a0709 386<\/td>\n<td width=\"195\">biuro@zazsowa.pl<\/td>\n<\/tr>\n<tr>\n<td width=\"26\"><strong>3<\/strong><\/td>\n<td width=\"152\"><strong>Zak\u0142ad Aktywno\u015bci Zawodowej ,,MY DLA INNYCH\u201d<\/strong><\/td>\n<td width=\"180\">ul. Antoniuk Fabryczny 34<br \/>\n15-741 Bia\u0142ystok<\/td>\n<td width=\"94\">510\u00a0930\u00a0517<br \/>\n533\u00a0289 712<\/td>\n<td width=\"195\">wtz@mydlainnych.pl<\/td>\n<\/tr>\n<tr>\n<td width=\"26\"><strong>4<\/strong><\/td>\n<td width=\"152\"><strong>Zak\u0142ad Aktywno\u015bci Zawodowej Zielone Podlasie w\u00a0Rudzie<\/strong><\/td>\n<td width=\"180\">Ruda 71<br \/>\n19-111 Krypno Ko\u015bcielne<\/td>\n<td width=\"94\">513\u00a0816 376<\/td>\n<td width=\"195\">recepcja@fpdn.org.pl<\/td>\n<\/tr>\n<tr>\n<td width=\"26\"><strong>5<\/strong><\/td>\n<td width=\"152\"><strong>Zak\u0142ad Aktywno\u015bci Zawodowej ,,WYTW\u00d3RNIA\u201d<\/strong><\/td>\n<td width=\"180\">ul. Octowa 2A<br \/>\n15-399 Bia\u0142ystok<\/td>\n<td width=\"94\">502 3432 28<\/td>\n<td width=\"195\">ania@alpi.org.pl<\/td>\n<\/tr>\n<tr>\n<td width=\"26\"><strong>6<\/strong><\/td>\n<td width=\"152\"><strong>Powiatowy Zak\u0142ad Aktywno\u015bci Zawodowej w Suchowoli<\/strong><\/td>\n<td width=\"180\">ul. Augustowska 2<br \/>\n16-150 Suchowola<\/td>\n<td width=\"94\">605\u00a0087 819<\/td>\n<td width=\"195\">pzaz.suchowola@gmail.com<\/td>\n<\/tr>\n<tr>\n<td width=\"26\"><strong>7<\/strong><\/td>\n<td width=\"152\"><strong>Powiatowy Zak\u0142ad Aktywno\u015bci Zawodowej w Krzy\u017cewie<\/strong><\/td>\n<td width=\"180\">Krzy\u017cewo 30<br \/>\n18-218 Soko\u0142y<\/td>\n<td width=\"94\">85\u00a0333 31 99<\/td>\n<td width=\"195\">recepcja@pzazkrzyzewo.pl<\/p>\n<p>sekretariat@pzazkrzyzewo.pl<\/td>\n<\/tr>\n<tr>\n<td width=\"26\"><strong>8<\/strong><\/td>\n<td width=\"152\"><strong>Zak\u0142ad Aktywno\u015bci Zawodowej DIALOG<\/strong><\/td>\n<td width=\"180\">Boguszyce 50<br \/>\n18-400 \u0141om\u017ca<\/td>\n<td width=\"94\">884 775 778<\/td>\n<td width=\"195\"><a href=\"mailto:biuro.zaz@fundacjadialog.pl\">biuro.zaz@fundacjadialog.pl<\/a><\/td>\n<\/tr>\n<tr>\n<td width=\"26\"><strong>9<\/strong><\/td>\n<td width=\"152\"><strong>Zak\u0142ad Aktywno\u015bci Zawodowej \u201eHajn\u00f3wka\u201d<\/strong><\/td>\n<td width=\"180\">ul. 3 Maja 42A<br \/>\n17-200 Hajn\u00f3wka<\/td>\n<td width=\"94\">606\u00a0950 959<\/td>\n<td width=\"195\">otulinamarzen@wp.pl<\/td>\n<\/tr>\n<tr>\n<td width=\"26\"><strong>10.<\/strong><\/td>\n<td width=\"152\"><strong>Powiatowy Zak\u0142ad Aktywno\u015bci Zawodowej w D\u0105browie Bia\u0142ostockiej<\/strong><\/td>\n<td width=\"180\">ul. Gen. E.J. Godlewskiego 70<br \/>\n16-200 D\u0105browa Bia\u0142ostocka<\/td>\n<td width=\"94\"><\/td>\n<td width=\"195\">pzaz.dabrowabialostocka@gmail.com<\/td>\n<\/tr>\n<\/tbody>\n<\/table>\n<\/div>\n<p>\u0179r\u00f3d\u0142o: opracowanie w\u0142asne na podstawie danych PUW<\/p>\n","protected":false},"excerpt":{"rendered":"<p>Zak\u0142ady Aktywno\u015bci Zawodowej (ZAZ) to podmioty, kt\u00f3rych g\u0142\u00f3wnym celem jest rehabilitacja zawodowa i spo\u0142eczna os\u00f3b z niepe\u0142nosprawno\u015bciami. ZAZ nie jest samodzieln\u0105 form\u0105 prawn\u0105, nie ma osobowo\u015bci prawnej i funkcjonuje jako jednostka wyodr\u0119bniona w instytucji lub organizacji, kt\u00f3ra go utworzy\u0142a. Zak\u0142ady Aktywno\u015bci Zawodowej mog\u0105 prowadzi\u0107 r\u00f3\u017cne rodzaje dzia\u0142alno\u015bci gospodarczej, z wyj\u0105tkiem dzia\u0142alno\u015bci polegaj\u0105cej na wytwarzaniu wyrob\u00f3w &hellip; <a href=\"https:\/\/rops-bialystok.pl\/fers\/zaklady-aktywnosci-zawodowej\/\" class=\"more-link\">Continue reading<span class=\"screen-reader-text\"> &#8222;Zak\u0142ady Aktywno\u015bci Zawodowej w woj. podlaskim w 2024 r.&#8221;<\/span><\/a><\/p>\n","protected":false},"author":1,"featured_media":0,"parent":0,"menu_order":0,"comment_status":"closed","ping_status":"closed","template":"","meta":{"footnotes":""},"class_list":["post-22393","page","type-page","status-publish","hentry"],"_links":{"self":[{"href":"https:\/\/rops-bialystok.pl\/fers\/wp-json\/wp\/v2\/pages\/22393","targetHints":{"allow":["GET"]}}],"collection":[{"href":"https:\/\/rops-bialystok.pl\/fers\/wp-json\/wp\/v2\/pages"}],"about":[{"href":"https:\/\/rops-bialystok.pl\/fers\/wp-json\/wp\/v2\/types\/page"}],"author":[{"embeddable":true,"href":"https:\/\/rops-bialystok.pl\/fers\/wp-json\/wp\/v2\/users\/1"}],"replies":[{"embeddable":true,"href":"https:\/\/rops-bialystok.pl\/fers\/wp-json\/wp\/v2\/comments?post=22393"}],"version-history":[{"count":26,"href":"https:\/\/rops-bialystok.pl\/fers\/wp-json\/wp\/v2\/pages\/22393\/revisions"}],"predecessor-version":[{"id":27051,"href":"https:\/\/rops-bialystok.pl\/fers\/wp-json\/wp\/v2\/pages\/22393\/revisions\/27051"}],"wp:attachment":[{"href":"https:\/\/rops-bialystok.pl\/fers\/wp-json\/wp\/v2\/media?parent=22393"}],"curies":[{"name":"wp","href":"https:\/\/api.w.org\/{rel}","templated":true}]}}