{"id":22398,"date":"2024-04-22T11:33:55","date_gmt":"2024-04-22T09:33:55","guid":{"rendered":"https:\/\/rops-bialystok.pl\/rops\/?page_id=22398"},"modified":"2025-11-25T11:41:20","modified_gmt":"2025-11-25T10:41:20","slug":"spoldzielnia-socjalna","status":"publish","type":"page","link":"https:\/\/rops-bialystok.pl\/fers\/spoldzielnia-socjalna\/","title":{"rendered":"Sp\u00f3\u0142dzielnia Socjalna w woj. podlaskim w 2024 r."},"content":{"rendered":"<p style=\"text-align: left;\"><strong>Sp\u00f3\u0142dzielnia Socjalna (SS)<\/strong> jest specyficzn\u0105 form\u0105 przedsi\u0119biorstwa spo\u0142ecznego. Tworz\u0105 j\u0105 w wi\u0119kszo\u015bci osoby zagro\u017cone marginalizacj\u0105 ze wzgl\u0119du na bezrobocie, niepe\u0142nosprawno\u015b\u0107 czy chorob\u0119 psychiczn\u0105, kt\u00f3re maj\u0105 trudno\u015bci w znalezieniu pracy. Praca w sp\u00f3\u0142dzielniach socjalnych daje im szans\u0119 na aktywizacj\u0119 spo\u0142eczn\u0105 i zawodow\u0105, integracj\u0119, podniesienie swoich kwalifikacji. W odr\u00f3\u017cnieniu od innych podmiot\u00f3w ekonomii spo\u0142ecznej sp\u00f3\u0142dzielnia socjalna wymaga du\u017cej samodzielno\u015bci i odpowiedzialno\u015bci jej cz\u0142onk\u00f3w. Obowi\u0105zuje tu kolektywny spos\u00f3b podejmowania decyzji, a ka\u017cdy cz\u0142onek, niezale\u017cnie od wielko\u015bci udzia\u0142u w sp\u00f3\u0142dzielni, dysponuje w tym procesie jednym g\u0142osem. To sprawia, \u017ce cz\u0142onkowie sp\u00f3\u0142dzielni s\u0105 w pe\u0142ni odpowiedzialni za sprawy przedsi\u0119biorstwa, ucz\u0105 si\u0119 samodzielno\u015bci i\u00a0d\u0142ugofalowego planowania. Sami dbaj\u0105 o finanse, zarz\u0105dzaj\u0105 w\u0142asn\u0105 dzia\u0142alno\u015bci\u0105, wyznaczaj\u0105 kierunki rozwoju. Tak\u0105 sp\u00f3\u0142dzielni\u0119 mo\u017ce za\u0142o\u017cy\u0107 co najmniej 5 os\u00f3b fizycznych lub co najmniej 2 osoby prawne, a maksymalna liczba cz\u0142onk\u00f3w to 50 os\u00f3b. Wyj\u0105tkiem jest przekszta\u0142cenie sp\u00f3\u0142dzielni inwalid\u00f3w lub sp\u00f3\u0142dzielni niewidomych w sp\u00f3\u0142dzielni\u0119 socjaln\u0105. W\u00a0tej sytuacji nie ma ogranicze\u0144, co do liczby jej cz\u0142onk\u00f3w. Cz\u0142onkami takich sp\u00f3\u0142dzielni s\u0105 osoby z grup wykluczonych lub zagro\u017conych wykluczeniem spo\u0142ecznym, w tym osoby posiadaj\u0105ce ograniczon\u0105 zdolno\u015b\u0107 do czynno\u015bci prawnych, a tak\u017ce inne osoby, je\u017celi ich praca na rzecz sp\u00f3\u0142dzielni wymaga szczeg\u00f3lnych kwalifikacji<a href=\"#_ftn1\" name=\"_ftnref1\">[1]<\/a>.<\/p>\n<p><a href=\"https:\/\/rops-bialystok.pl\/fers\/wp-content\/uploads\/2025\/11\/ss-2024.png\"><img loading=\"lazy\" decoding=\"async\" class=\"aligncenter wp-image-26406 size-large\" src=\"https:\/\/rops-bialystok.pl\/fers\/wp-content\/uploads\/2025\/11\/ss-2024-1024x724.png\" alt=\"Mapa subregion\u00f3w wojew\u00f3dztwa podlaskiego z zaznaczonymi sp\u00f3\u0142dzielniami socjalnymi 2024 r.\" width=\"1024\" height=\"724\" srcset=\"https:\/\/rops-bialystok.pl\/fers\/wp-content\/uploads\/2025\/11\/ss-2024-1024x724.png 1024w, https:\/\/rops-bialystok.pl\/fers\/wp-content\/uploads\/2025\/11\/ss-2024-300x212.png 300w, https:\/\/rops-bialystok.pl\/fers\/wp-content\/uploads\/2025\/11\/ss-2024-768x543.png 768w, https:\/\/rops-bialystok.pl\/fers\/wp-content\/uploads\/2025\/11\/ss-2024-1536x1086.png 1536w, https:\/\/rops-bialystok.pl\/fers\/wp-content\/uploads\/2025\/11\/ss-2024-2048x1448.png 2048w, https:\/\/rops-bialystok.pl\/fers\/wp-content\/uploads\/2025\/11\/ss-2024-1200x848.png 1200w\" sizes=\"auto, (max-width: 709px) 85vw, (max-width: 909px) 67vw, (max-width: 1362px) 62vw, 840px\" \/><\/a><\/p>\n<p style=\"text-align: left;\"><a href=\"#_ftnref1\" name=\"_ftn1\">[1]<\/a> Krajowa Rada Sp\u00f3\u0142dzielcza: <a href=\"https:\/\/krs.org.pl\/branze-spoldzielcze\/spoldzielczosc-socjalna\">https:\/\/krs.org.pl\/branze-spoldzielcze\/spoldzielczosc-socjalna<\/a><\/p>\n","protected":false},"excerpt":{"rendered":"<p>Sp\u00f3\u0142dzielnia Socjalna (SS) jest specyficzn\u0105 form\u0105 przedsi\u0119biorstwa spo\u0142ecznego. Tworz\u0105 j\u0105 w wi\u0119kszo\u015bci osoby zagro\u017cone marginalizacj\u0105 ze wzgl\u0119du na bezrobocie, niepe\u0142nosprawno\u015b\u0107 czy chorob\u0119 psychiczn\u0105, kt\u00f3re maj\u0105 trudno\u015bci w znalezieniu pracy. Praca w sp\u00f3\u0142dzielniach socjalnych daje im szans\u0119 na aktywizacj\u0119 spo\u0142eczn\u0105 i zawodow\u0105, integracj\u0119, podniesienie swoich kwalifikacji. W odr\u00f3\u017cnieniu od innych podmiot\u00f3w ekonomii spo\u0142ecznej sp\u00f3\u0142dzielnia socjalna wymaga &hellip; <a href=\"https:\/\/rops-bialystok.pl\/fers\/spoldzielnia-socjalna\/\" class=\"more-link\">Continue reading<span class=\"screen-reader-text\"> &#8222;Sp\u00f3\u0142dzielnia Socjalna w woj. podlaskim w 2024 r.&#8221;<\/span><\/a><\/p>\n","protected":false},"author":1,"featured_media":0,"parent":0,"menu_order":0,"comment_status":"closed","ping_status":"closed","template":"","meta":{"footnotes":""},"class_list":["post-22398","page","type-page","status-publish","hentry"],"_links":{"self":[{"href":"https:\/\/rops-bialystok.pl\/fers\/wp-json\/wp\/v2\/pages\/22398","targetHints":{"allow":["GET"]}}],"collection":[{"href":"https:\/\/rops-bialystok.pl\/fers\/wp-json\/wp\/v2\/pages"}],"about":[{"href":"https:\/\/rops-bialystok.pl\/fers\/wp-json\/wp\/v2\/types\/page"}],"author":[{"embeddable":true,"href":"https:\/\/rops-bialystok.pl\/fers\/wp-json\/wp\/v2\/users\/1"}],"replies":[{"embeddable":true,"href":"https:\/\/rops-bialystok.pl\/fers\/wp-json\/wp\/v2\/comments?post=22398"}],"version-history":[{"count":2,"href":"https:\/\/rops-bialystok.pl\/fers\/wp-json\/wp\/v2\/pages\/22398\/revisions"}],"predecessor-version":[{"id":26407,"href":"https:\/\/rops-bialystok.pl\/fers\/wp-json\/wp\/v2\/pages\/22398\/revisions\/26407"}],"wp:attachment":[{"href":"https:\/\/rops-bialystok.pl\/fers\/wp-json\/wp\/v2\/media?parent=22398"}],"curies":[{"name":"wp","href":"https:\/\/api.w.org\/{rel}","templated":true}]}}