{"id":22402,"date":"2024-04-22T11:37:08","date_gmt":"2024-04-22T09:37:08","guid":{"rendered":"https:\/\/rops-bialystok.pl\/rops\/?page_id=22402"},"modified":"2025-11-25T11:42:13","modified_gmt":"2025-11-25T10:42:13","slug":"kolo-gospodyn-wiejskich","status":"publish","type":"page","link":"https:\/\/rops-bialystok.pl\/fers\/kolo-gospodyn-wiejskich\/","title":{"rendered":"Ko\u0142o Gospody\u0144 Wiejskich w woj. podlaskim w 2024 r."},"content":{"rendered":"<p><strong> Ko\u0142o Gospody\u0144 Wiejskich (KGW)<\/strong> to forma prawna dzia\u0142aj\u0105ca w oparciu o ustaw\u0119 z dnia 9 listopada 2018 r. o ko\u0142ach gospody\u0144 wiejskich. Ko\u0142a gospody\u0144 wiejskich s\u0105 dobrowoln\u0105, niezale\u017cn\u0105 od administracji rz\u0105dowej i jednostek samorz\u0105du terytorialnego, samorz\u0105dn\u0105 spo\u0142eczn\u0105 organizacj\u0105 mieszka\u0144c\u00f3w wsi, wspieraj\u0105c\u0105 rozw\u00f3j przedsi\u0119biorczo\u015bci na wsi i aktywnie dzia\u0142aj\u0105c\u0105 na rzecz \u015brodowisk wiejskich. KGW s\u0105 organizacj\u0105 pozarz\u0105dow\u0105 i tym samym zaliczane s\u0105 do podmiot\u00f3w ekonomii spo\u0142ecznej.<\/p>\n<p>Aktualny Rejestr K\u00f3\u0142 Gospody\u0144 Wiejskich: <a href=\"https:\/\/krkgw.arimr.gov.pl\/\">https:\/\/krkgw.arimr.gov.pl\/<\/a><\/p>\n<p><a href=\"https:\/\/rops-bialystok.pl\/fers\/wp-content\/uploads\/2025\/11\/KGW-2024.png\"><img loading=\"lazy\" decoding=\"async\" class=\"aligncenter wp-image-26408 size-large\" src=\"https:\/\/rops-bialystok.pl\/fers\/wp-content\/uploads\/2025\/11\/KGW-2024-1024x724.png\" alt=\"Mapa subregion\u00f3w wojew\u00f3dztwa podlaskiego z zaznaczonymi ko\u0142ami gospody\u0144 wiejskich 2024 r.\" width=\"1024\" height=\"724\" srcset=\"https:\/\/rops-bialystok.pl\/fers\/wp-content\/uploads\/2025\/11\/KGW-2024-1024x724.png 1024w, https:\/\/rops-bialystok.pl\/fers\/wp-content\/uploads\/2025\/11\/KGW-2024-300x212.png 300w, https:\/\/rops-bialystok.pl\/fers\/wp-content\/uploads\/2025\/11\/KGW-2024-768x543.png 768w, https:\/\/rops-bialystok.pl\/fers\/wp-content\/uploads\/2025\/11\/KGW-2024-1536x1086.png 1536w, https:\/\/rops-bialystok.pl\/fers\/wp-content\/uploads\/2025\/11\/KGW-2024-2048x1448.png 2048w, https:\/\/rops-bialystok.pl\/fers\/wp-content\/uploads\/2025\/11\/KGW-2024-1200x848.png 1200w\" sizes=\"auto, (max-width: 709px) 85vw, (max-width: 909px) 67vw, (max-width: 1362px) 62vw, 840px\" \/><\/a><\/p>\n","protected":false},"excerpt":{"rendered":"<p>Ko\u0142o Gospody\u0144 Wiejskich (KGW) to forma prawna dzia\u0142aj\u0105ca w oparciu o ustaw\u0119 z dnia 9 listopada 2018 r. o ko\u0142ach gospody\u0144 wiejskich. Ko\u0142a gospody\u0144 wiejskich s\u0105 dobrowoln\u0105, niezale\u017cn\u0105 od administracji rz\u0105dowej i jednostek samorz\u0105du terytorialnego, samorz\u0105dn\u0105 spo\u0142eczn\u0105 organizacj\u0105 mieszka\u0144c\u00f3w wsi, wspieraj\u0105c\u0105 rozw\u00f3j przedsi\u0119biorczo\u015bci na wsi i aktywnie dzia\u0142aj\u0105c\u0105 na rzecz \u015brodowisk wiejskich. KGW s\u0105 organizacj\u0105 &hellip; <a href=\"https:\/\/rops-bialystok.pl\/fers\/kolo-gospodyn-wiejskich\/\" class=\"more-link\">Continue reading<span class=\"screen-reader-text\"> &#8222;Ko\u0142o Gospody\u0144 Wiejskich w woj. podlaskim w 2024 r.&#8221;<\/span><\/a><\/p>\n","protected":false},"author":1,"featured_media":0,"parent":0,"menu_order":0,"comment_status":"closed","ping_status":"closed","template":"","meta":{"footnotes":""},"class_list":["post-22402","page","type-page","status-publish","hentry"],"_links":{"self":[{"href":"https:\/\/rops-bialystok.pl\/fers\/wp-json\/wp\/v2\/pages\/22402","targetHints":{"allow":["GET"]}}],"collection":[{"href":"https:\/\/rops-bialystok.pl\/fers\/wp-json\/wp\/v2\/pages"}],"about":[{"href":"https:\/\/rops-bialystok.pl\/fers\/wp-json\/wp\/v2\/types\/page"}],"author":[{"embeddable":true,"href":"https:\/\/rops-bialystok.pl\/fers\/wp-json\/wp\/v2\/users\/1"}],"replies":[{"embeddable":true,"href":"https:\/\/rops-bialystok.pl\/fers\/wp-json\/wp\/v2\/comments?post=22402"}],"version-history":[{"count":3,"href":"https:\/\/rops-bialystok.pl\/fers\/wp-json\/wp\/v2\/pages\/22402\/revisions"}],"predecessor-version":[{"id":26409,"href":"https:\/\/rops-bialystok.pl\/fers\/wp-json\/wp\/v2\/pages\/22402\/revisions\/26409"}],"wp:attachment":[{"href":"https:\/\/rops-bialystok.pl\/fers\/wp-json\/wp\/v2\/media?parent=22402"}],"curies":[{"name":"wp","href":"https:\/\/api.w.org\/{rel}","templated":true}]}}