{"id":22602,"date":"2024-07-03T12:53:16","date_gmt":"2024-07-03T10:53:16","guid":{"rendered":"https:\/\/rops-bialystok.pl\/rops\/?page_id=22602"},"modified":"2024-11-19T12:17:24","modified_gmt":"2024-11-19T11:17:24","slug":"osrodki-wsparcia-ekonomii-spolecznej","status":"publish","type":"page","link":"https:\/\/rops-bialystok.pl\/fers\/osrodki-wsparcia-ekonomii-spolecznej\/","title":{"rendered":"O\u015brodki Wsparcia Ekonomii Spo\u0142ecznej"},"content":{"rendered":"<p><a href=\"https:\/\/rops-bialystok.pl\/fers\/wp-content\/uploads\/2024\/10\/OWES-2024.png\"><img loading=\"lazy\" decoding=\"async\" class=\"aligncenter wp-image-24275 size-full\" src=\"https:\/\/rops-bialystok.pl\/fers\/wp-content\/uploads\/2024\/10\/OWES-2024.png\" alt=\"Mapa O\u015brodk\u00f3w Wsparcia Ekonomii Spo\u0142ecznej z zaznaczonymi punktami 2024 r.\" width=\"2245\" height=\"1587\" srcset=\"https:\/\/rops-bialystok.pl\/fers\/wp-content\/uploads\/2024\/10\/OWES-2024.png 2245w, https:\/\/rops-bialystok.pl\/fers\/wp-content\/uploads\/2024\/10\/OWES-2024-300x212.png 300w, https:\/\/rops-bialystok.pl\/fers\/wp-content\/uploads\/2024\/10\/OWES-2024-1024x724.png 1024w, https:\/\/rops-bialystok.pl\/fers\/wp-content\/uploads\/2024\/10\/OWES-2024-768x543.png 768w, https:\/\/rops-bialystok.pl\/fers\/wp-content\/uploads\/2024\/10\/OWES-2024-1536x1086.png 1536w, https:\/\/rops-bialystok.pl\/fers\/wp-content\/uploads\/2024\/10\/OWES-2024-2048x1448.png 2048w, https:\/\/rops-bialystok.pl\/fers\/wp-content\/uploads\/2024\/10\/OWES-2024-1200x848.png 1200w\" sizes=\"auto, (max-width: 709px) 85vw, (max-width: 909px) 67vw, (max-width: 1362px) 62vw, 840px\" \/><\/a><\/p>\n<div class=\"rwd-table\">\n<table style=\"height: 1168px;\" width=\"1309\">\n<caption style=\"text-align: left;\">Tabela 1. O\u015brodki Wsparcia Ekonomii Spo\u0142ecznej w woj. podlaskim w 2024 r.<\/caption>\n<tbody>\n<tr>\n<th style=\"width: 111px; text-align: left; vertical-align: top;\" scope=\"row\" width=\"111\"><strong>Nazwa projektu<\/strong><\/th>\n<th style=\"width: 111px; text-align: left; vertical-align: top;\" scope=\"row\" width=\"104\"><strong>Lider<\/strong><\/th>\n<th style=\"width: 111px; text-align: left; vertical-align: top;\" scope=\"row\" width=\"123\"><strong>Partner<\/strong><\/th>\n<th style=\"width: 111px; text-align: left; vertical-align: top;\" scope=\"row\" width=\"94\"><strong>Okres realizacji projektu<\/strong><\/th>\n<th style=\"width: 200px; text-align: left; vertical-align: top;\" scope=\"row\" width=\"151\"><strong>Adres siedziby<\/strong><\/th>\n<th style=\"width: 111px; text-align: left; vertical-align: top;\" scope=\"row\" width=\"227\"><strong>Adres strony internetowej, <\/strong><\/p>\n<p><strong>e-mail i telefon<\/strong><\/th>\n<th style=\"width: 200px; text-align: left; vertical-align: top;\" scope=\"row\" width=\"170\"><strong>Wska\u017aniki<\/strong><\/th>\n<\/tr>\n<tr>\n<td style=\"width: 111px; text-align: left; vertical-align: top;\" scope=\"row\" width=\"111\"><strong>subregion \u0142om\u017cy\u0144ski<\/strong><\/p>\n<p>\u0141om\u017cy\u0144ski O\u015brodek Wsparcia Ekonomii Spo\u0142ecznej<\/td>\n<td style=\"width: 111px; text-align: left; vertical-align: top;\" scope=\"row\" width=\"104\">Fundacja Dialog<\/td>\n<td style=\"width: 111px; text-align: left; vertical-align: top;\" scope=\"row\" width=\"123\">\n<ol style=\"padding-left: 0px; margin-top: 0px;\">\n<li>O\u015brodek Wspierania Organizacji Pozarz\u0105dowych (stowarzyszenie),<\/li>\n<li>\u0141om\u017cy\u0144ski Klaster Ekonomii Spo\u0142ecznej (stowarzyszenie)<\/li>\n<\/ol>\n<\/td>\n<td style=\"width: 111px; text-align: left; vertical-align: top;\" scope=\"row\" width=\"94\">01.07.2024<\/p>\n<p>\u2013 30.06.2027<\/td>\n<td style=\"width: 111px; text-align: left; vertical-align: top;\" scope=\"row\" width=\"151\">ul. Polowa 45,<br \/>\n18-400 \u0141om\u017caPunkt informacyjny:<\/p>\n<ul style=\"padding-left: 0px;\">\n<li>ul. Wojska Polskiego 61B,<br \/>\n19-200 Grajewo<\/li>\n<li>ul. D\u0105browskiej 4,<br \/>\n18-500 Kolno<\/li>\n<li>ul. Mickiewicza 1,<br \/>\n18-200 wysokie Mazowieckie<\/li>\n<\/ul>\n<\/td>\n<td style=\"width: 111px; text-align: left; vertical-align: top;\" scope=\"row\" width=\"227\"><a href=\"https:\/\/lowes.org.pl\/\">https:\/\/lowes.org.pl\/<\/a><\/p>\n<p>e-mail: <a href=\"mailto:lowes@fundacjadialog.pl\">lowes@fundacjadialog.pl<\/a><\/p>\n<p>tel. <a href=\"tel:+48534313568\">534 313 568<\/a><\/td>\n<td style=\"width: 111px; text-align: left; vertical-align: top;\" scope=\"row\" width=\"170\"><u>Warto\u015b\u0107 projektu:<\/u><\/p>\n<p>13&nbsp;804&nbsp;568,80 z\u0142<\/p>\n<ul style=\"padding-left: 0px;\">\n<li>utworzenie i utrzymanie <strong>132<\/strong> miejsc pracy<\/li>\n<li>wsparcie <strong>161 <\/strong>PES<\/li>\n<\/ul>\n<\/td>\n<\/tr>\n<tr>\n<td style=\"width: 111px; text-align: left; vertical-align: top;\" scope=\"row\" width=\"111\"><strong>subregion bia\u0142ostocki<\/strong><\/p>\n<p>O\u015brodek Wsparcia Ekonomii Spo\u0142ecznej w Bia\u0142ymstoku<\/td>\n<td style=\"width: 111px; text-align: left; vertical-align: top;\" scope=\"row\" width=\"104\">Fundacja &#8222;PRO ANIMA&#8221;<\/td>\n<td style=\"width: 111px; text-align: left; vertical-align: top;\" scope=\"row\" width=\"123\">\n<ol style=\"padding-left: 0px; margin-top: 0px;\">\n<li>Sp\u00f3\u0142dzielnia Socjalna &#8222;ACTIVE GO&#8221; w Bia\u0142ymstoku<\/li>\n<li>Instytut Suwerennej<\/li>\n<\/ol>\n<\/td>\n<td style=\"width: 111px; text-align: left; vertical-align: top;\" scope=\"row\" width=\"94\">01.08.2024<\/p>\n<p>\u2013 31.07.2027<\/td>\n<td style=\"width: 111px; text-align: left; vertical-align: top;\" scope=\"row\" width=\"151\">ul. Daleka 1B\/2,<br \/>\n15-480 Bia\u0142ystokFilia:ul. Cieszy\u0144ska 3A lok. 310,<br \/>\n15-371 Bia\u0142ystok<\/td>\n<td style=\"width: 111px; text-align: left; vertical-align: top;\" scope=\"row\" width=\"227\"><a href=\"https:\/\/www.owesbialystok.pl\/\">https:\/\/www.owesbialystok.pl\/<\/a><\/p>\n<p>e-mail: <a href=\"mailto:biuro@owesbialystok.pl\">biuro@owesbialystok.pl<\/a><\/p>\n<p>tel. <a href=\"tel:+48733769403\">733 769 403<\/a><\/td>\n<td style=\"width: 111px; text-align: left; vertical-align: top;\" scope=\"row\" width=\"170\"><u>Warto\u015b\u0107 projektu: <\/u>15&nbsp;809&nbsp;266,73 z\u0142<\/p>\n<ul style=\"padding-left: 0px;\">\n<li>utworzenie i utrzymanie <strong>152<\/strong> miejsca pracy<\/li>\n<li>wsparcie <strong>186 <\/strong>PES<\/li>\n<\/ul>\n<\/td>\n<\/tr>\n<tr>\n<td style=\"width: 111px; text-align: left; vertical-align: top;\" scope=\"row\" width=\"111\"><strong>subregion bielski<\/strong><\/p>\n<p>O\u015brodek Wsparcia Ekonomii Spo\u0142ecznej w Subregionie Bielskim<\/td>\n<td style=\"width: 111px; text-align: left; vertical-align: top;\" scope=\"row\" width=\"104\">Towarzystwo Amicus<\/td>\n<td style=\"width: 111px; text-align: left; vertical-align: top;\" scope=\"row\" width=\"123\">Agencja Rozwoju Regionalnego &#8222;Ares&#8221; Sp\u00f3\u0142ka Akcyjna w Suwa\u0142kach<\/td>\n<td style=\"width: 111px; text-align: left; vertical-align: top;\" scope=\"row\" width=\"94\">01.09.2024<\/p>\n<p>\u2013 31.08.2027<\/td>\n<td style=\"width: 111px; text-align: left; vertical-align: top;\" scope=\"row\" width=\"151\">ul. Kazimierzowska,<br \/>\n17-100 Bielsk Podlaski<\/td>\n<td style=\"width: 111px; text-align: left; vertical-align: top;\" scope=\"row\" width=\"227\"><a href=\"https:\/\/owes.podlasie.pl\/poznaj-nas\/o-projekcie-owes\">https:\/\/owes.podlasie.pl\/poznaj-nas\/o-projekcie-owes<\/a><\/p>\n<p>e-mail: <a href=\"mailto:biuro.w@towarzystwoamicus.pl\">biuro.w@towarzystwoamicus.pl<\/a><\/td>\n<td style=\"width: 111px; text-align: left; vertical-align: top;\" scope=\"row\" width=\"170\"><u>Warto\u015b\u0107 projektu: <\/u>7&nbsp;781&nbsp;925,62 z\u0142<\/p>\n<ul style=\"padding-left: 0px;\">\n<li>utworzenie i utrzymanie <strong>74<\/strong> miejsc pracy<\/li>\n<li>wsparcie <strong>94 <\/strong>PES<\/li>\n<\/ul>\n<\/td>\n<\/tr>\n<tr>\n<td style=\"width: 111px; text-align: left; vertical-align: top;\" scope=\"row\" width=\"111\"><strong>subregion suwalski<\/strong><\/p>\n<p>O\u015brodek Wsparcia Ekonomii Spo\u0142ecznej w Suwa\u0142kach<\/td>\n<td style=\"width: 111px; text-align: left; vertical-align: top;\" scope=\"row\" width=\"104\">Agencja Rozwoju Regionalnego ARES S.A<\/td>\n<td style=\"width: 111px; text-align: left; vertical-align: top;\" scope=\"row\" width=\"123\">Fundacja Rozwoju Przedsi\u0119biorczo\u015bci w Suwa\u0142kach<\/td>\n<td style=\"width: 111px; text-align: left; vertical-align: top;\" scope=\"row\" width=\"94\">01.07.2024<\/p>\n<p>\u2013 30.06.2027<\/td>\n<td style=\"width: 111px; text-align: left; vertical-align: top;\" scope=\"row\" width=\"151\">ul. Osiedle II 6A,<br \/>\n16-400 Suwa\u0142ki<\/td>\n<td style=\"width: 111px; text-align: left; vertical-align: top;\" scope=\"row\" width=\"227\"><a href=\"http:\/\/owes.ares.suwalki.pl\/\">http:\/\/owes.ares.suwalki.pl\/<\/a><\/p>\n<p>e-mail: <a href=\"mailto:owes@ares.suwalki.pl\">owes@ares.suwalki.pl<\/a><\/p>\n<p>tel. <a href=\"tel:+48535355700\">535 355 700<\/a><\/td>\n<td style=\"width: 111px; text-align: left; vertical-align: top;\" scope=\"row\" width=\"170\"><u>Warto\u015b\u0107 projektu: <\/u>15&nbsp;643&nbsp;283,39 z\u0142<\/p>\n<ul style=\"padding-left: 0px;\">\n<li>utworzenie i utrzymanie <strong>149<\/strong> miejsc pracy<\/li>\n<li>wsparcie <strong>183 <\/strong>PES<\/li>\n<\/ul>\n<\/td>\n<\/tr>\n<\/tbody>\n<\/table>\n<\/div>\n<p>&nbsp;<\/p>\n<p><strong>Materia\u0142y do pobrania:<\/strong><\/p>\n<ul>\n<li><a href=\"https:\/\/rops-bialystok.pl\/fers\/wp-content\/uploads\/2024\/10\/Osrodki-Wsparcia-Ekonomii-Spolecznej-w-wojewodztwie-podlaskim-w-2024.pdf\">O\u015brodki Wsparcia Ekonomii Spo\u0142ecznej w wojew\u00f3dztwie podlaskim w 2024 [.PDF]<\/a><\/li>\n<\/ul>\n","protected":false},"excerpt":{"rendered":"<p>Tabela 1. O\u015brodki Wsparcia Ekonomii Spo\u0142ecznej w woj. podlaskim w 2024 r. Nazwa projektu Lider Partner Okres realizacji projektu Adres siedziby Adres strony internetowej, e-mail i telefon Wska\u017aniki subregion \u0142om\u017cy\u0144ski \u0141om\u017cy\u0144ski O\u015brodek Wsparcia Ekonomii Spo\u0142ecznej Fundacja Dialog O\u015brodek Wspierania Organizacji Pozarz\u0105dowych (stowarzyszenie), \u0141om\u017cy\u0144ski Klaster Ekonomii Spo\u0142ecznej (stowarzyszenie) 01.07.2024 \u2013 30.06.2027 ul. Polowa 45, 18-400 \u0141om\u017caPunkt &hellip; <a href=\"https:\/\/rops-bialystok.pl\/fers\/osrodki-wsparcia-ekonomii-spolecznej\/\" class=\"more-link\">Continue reading<span class=\"screen-reader-text\"> &#8222;O\u015brodki Wsparcia Ekonomii Spo\u0142ecznej&#8221;<\/span><\/a><\/p>\n","protected":false},"author":1,"featured_media":0,"parent":0,"menu_order":0,"comment_status":"closed","ping_status":"closed","template":"","meta":{"footnotes":""},"class_list":["post-22602","page","type-page","status-publish","hentry"],"_links":{"self":[{"href":"https:\/\/rops-bialystok.pl\/fers\/wp-json\/wp\/v2\/pages\/22602","targetHints":{"allow":["GET"]}}],"collection":[{"href":"https:\/\/rops-bialystok.pl\/fers\/wp-json\/wp\/v2\/pages"}],"about":[{"href":"https:\/\/rops-bialystok.pl\/fers\/wp-json\/wp\/v2\/types\/page"}],"author":[{"embeddable":true,"href":"https:\/\/rops-bialystok.pl\/fers\/wp-json\/wp\/v2\/users\/1"}],"replies":[{"embeddable":true,"href":"https:\/\/rops-bialystok.pl\/fers\/wp-json\/wp\/v2\/comments?post=22602"}],"version-history":[{"count":23,"href":"https:\/\/rops-bialystok.pl\/fers\/wp-json\/wp\/v2\/pages\/22602\/revisions"}],"predecessor-version":[{"id":24406,"href":"https:\/\/rops-bialystok.pl\/fers\/wp-json\/wp\/v2\/pages\/22602\/revisions\/24406"}],"wp:attachment":[{"href":"https:\/\/rops-bialystok.pl\/fers\/wp-json\/wp\/v2\/media?parent=22602"}],"curies":[{"name":"wp","href":"https:\/\/api.w.org\/{rel}","templated":true}]}}