{"id":22614,"date":"2024-07-03T12:56:48","date_gmt":"2024-07-03T10:56:48","guid":{"rendered":"https:\/\/rops-bialystok.pl\/rops\/?page_id=22614"},"modified":"2026-01-13T11:07:22","modified_gmt":"2026-01-13T10:07:22","slug":"programowanie","status":"publish","type":"page","link":"https:\/\/rops-bialystok.pl\/fers\/programowanie\/","title":{"rendered":"Programowanie"},"content":{"rendered":"<h3>Programowanie i planowanie interwencji z zakresu polityki spo\u0142ecznej:<\/h3>\n<style>.wp-show-posts-columns#wpsp-26562 {margin-left: -2em; }.wp-show-posts-columns#wpsp-26562 .wp-show-posts-inner {margin: 0 0 2em 2em; }<\/style><section id=\"wpsp-26562\" class=\" wp-show-posts\" style=\"\"><article class=\" wp-show-posts-single wpsp-clearfix post-26851 post type-post status-publish format-standard hentry category-aktualnosci category-planowanie_interwencji_ppizps category-programowanie_ppizps category-wpisy_fers\" itemtype=\"http:\/\/schema.org\/CreativeWork\" itemscope><div class=\"wp-show-posts-inner\" style=\"\"><!--MY EDIT\n\t\t\t\t\t\t<header class=\"wp-show-posts-entry-header\">\n-->\n\t\t\t\t\t\t\t<h3 class=\"wp-show-posts-entry-title\" itemprop=\"headline\"><a href=\"https:\/\/rops-bialystok.pl\/fers\/2026\/02\/02\/relacja-z-dwudniowego-szkolenia-pn-zamowienia-publiczne-w-praktyce-od-opz-do-udzielenia-zamowienia-28-29-01-2026-r\/\" rel=\"bookmark\">Dwudniowe szkolenie pn. \u201eZam\u00f3wienia publiczne w praktyce \u2013 od OPZ do udzielenia zam\u00f3wienia\u201d \u2013 28 \u2013 29.01.2026 r.<\/a><\/h3><div class=\"wp-show-posts-entry-meta wp-show-posts-entry-meta-below-title post-meta-inline\"><span class=\"wp-show-posts-posted-on wp-show-posts-meta\">\n\t\t\t\t\t<time class=\"wp-show-posts-entry-date published\" datetime=\"2026-02-02T08:44:15+01:00\" itemprop=\"datePublished\">2026-02-02<\/time>\n\t\t\t\t<\/span><\/div><!--MY EDIT\n\t\t\t\t\t\t<\/header>\n-->\n\t\t\t\t\t\t<!-- .entry-header -->\n<!--\n-->\n\t\t\t\t\t\t\t\t\t\t\t<div class=\"wp-show-posts-entry-summary\" itemprop=\"text\">\n\t\t\t\t\t\t\t<p>W dniach 28 \u2013 29.01.2026 r. w Hotelu Albatros w Serwach, odby\u0142o si\u0119 dwudniowe szkolenie pn.: \u201eZam\u00f3wienia publiczne w praktyce \u2013 od OPZ do udzielenia zam\u00f3wienia\u201d zorganizowane przez Regionalny O\u015brodek Polityki Spo\u0142ecznej w Bia\u0142ymstoku w ramach projektu \u201eKoordynacja dzia\u0142a\u0144 w zakresie polityki spo\u0142ecznej w wojew\u00f3dztwie podlaskim\u201d, Programu Fundusze Europejskie dla Rozwoju Spo\u0142ecznego 2021-2027 (FERS), Dzia\u0142ania 04.13: Wysokiej jako\u015bci system w\u0142\u0105czenia&#8230;<\/p>\n\t\t\t\t\t\t<\/div><!-- .entry-summary -->\n\t\t\t\t\t<\/div><!-- wp-show-posts-inner --><div class=\"wpsp-clear\"><\/div><\/article><article class=\" wp-show-posts-single wpsp-clearfix post-26560 post type-post status-publish format-standard hentry category-aktualnosci category-programowanie_ppizps category-wpisy_fers\" itemtype=\"http:\/\/schema.org\/CreativeWork\" itemscope><div class=\"wp-show-posts-inner\" style=\"\"><!--MY EDIT\n\t\t\t\t\t\t<header class=\"wp-show-posts-entry-header\">\n-->\n\t\t\t\t\t\t\t<h3 class=\"wp-show-posts-entry-title\" itemprop=\"headline\"><a href=\"https:\/\/rops-bialystok.pl\/fers\/2026\/01\/13\/regionalny-plan-rozwoju-uslug-spolecznych-i-deinstytucjonalizacji-w-wojewodztwie-podlaskim-na-lata-2026-2028\/\" rel=\"bookmark\">Regionalny Plan Rozwoju Us\u0142ug Spo\u0142ecznych i Deinstytucjonalizacji w Wojew\u00f3dztwie Podlaskim na lata 2026-2028<\/a><\/h3><div class=\"wp-show-posts-entry-meta wp-show-posts-entry-meta-below-title post-meta-inline\"><span class=\"wp-show-posts-posted-on wp-show-posts-meta\">\n\t\t\t\t\t<time class=\"wp-show-posts-entry-date published\" datetime=\"2026-01-13T11:01:18+01:00\" itemprop=\"datePublished\">2026-01-13<\/time>\n\t\t\t\t<\/span><\/div><!--MY EDIT\n\t\t\t\t\t\t<\/header>\n-->\n\t\t\t\t\t\t<!-- .entry-header -->\n<!--\n-->\n\t\t\t\t\t\t\t\t\t\t\t<div class=\"wp-show-posts-entry-summary\" itemprop=\"text\">\n\t\t\t\t\t\t\t<p>Zarz\u0105d Wojew\u00f3dztwa Podlaskiego na mocy Uchwa\u0142y nr 140\/2796\/2026 z dnia 7 stycznia 2026 r. przyj\u0105\u0142 \u201eRegionalny Plan Rozwoju Us\u0142ug Spo\u0142ecznych i Deinstytucjonalizacji w Wojew\u00f3dztwie Podlaskim na lata 2026\u20132028 (RPDI)\u201d kt\u00f3ry zosta\u0142 opracowany przez Regionalny O\u015brodek Polityki Spo\u0142ecznej w Bia\u0142ymstoku we wsp\u00f3\u0142pracy z zespo\u0142em specjalist\u00f3w i ekspert\u00f3w oraz przedstawicieli organizacji pozarz\u0105dowych reprezentuj\u0105cych wszystkie obszary i grupy spo\u0142eczne okre\u015blone w SRUS oraz&#8230;<\/p>\n\t\t\t\t\t\t<\/div><!-- .entry-summary -->\n\t\t\t\t\t<\/div><!-- wp-show-posts-inner --><div class=\"wpsp-clear\"><\/div><\/article><article class=\" wp-show-posts-single wpsp-clearfix post-26564 post type-post status-publish format-standard hentry category-aktualnosci category-programowanie_ppizps category-wpisy_fers\" itemtype=\"http:\/\/schema.org\/CreativeWork\" itemscope><div class=\"wp-show-posts-inner\" style=\"\"><!--MY EDIT\n\t\t\t\t\t\t<header class=\"wp-show-posts-entry-header\">\n-->\n\t\t\t\t\t\t\t<h3 class=\"wp-show-posts-entry-title\" itemprop=\"headline\"><a href=\"https:\/\/rops-bialystok.pl\/fers\/2025\/02\/05\/regionalny-plan-rozwoju-uslug-spolecznych-i-deinstytucjonalizacji-w-wojewodztwie-podlaskim-na-lata-2023-2025\/\" rel=\"bookmark\">Regionalny Plan Rozwoju Us\u0142ug Spo\u0142ecznych i Deinstytucjonalizacji w Wojew\u00f3dztwie Podlaskim na lata 2023-2025<\/a><\/h3><div class=\"wp-show-posts-entry-meta wp-show-posts-entry-meta-below-title post-meta-inline\"><span class=\"wp-show-posts-posted-on wp-show-posts-meta\">\n\t\t\t\t\t<time class=\"wp-show-posts-entry-date published\" datetime=\"2025-02-05T09:39:28+01:00\" itemprop=\"datePublished\">2025-02-05<\/time>\n\t\t\t\t<\/span><\/div><!--MY EDIT\n\t\t\t\t\t\t<\/header>\n-->\n\t\t\t\t\t\t<!-- .entry-header -->\n<!--\n-->\n\t\t\t\t\t\t\t\t\t\t\t<div class=\"wp-show-posts-entry-summary\" itemprop=\"text\">\n\t\t\t\t\t\t\t<p>Zarz\u0105d Wojew\u00f3dztwa Podlaskiego na mocy Uchwa\u0142y nr 351\/6719\/2023 z dnia 6 lipca 2023 r. przyj\u0105\u0142 Regionalny Plan Rozwoju Us\u0142ug Spo\u0142ecznych i Deinstytucjonalizacji w wojew\u00f3dztwie podlaskim na lata 2023-2025 (RPDI), kt\u00f3ry zosta\u0142 opracowany przez Regionalny O\u015brodek Polityki Spo\u0142ecznej w Bia\u0142ymstoku. Plan jest wa\u017cnym dokumentem, wskazuj\u0105cym kierunki interwencji w ramach projekt\u00f3w planowanych do realizacji w obszarze w\u0142\u0105czenia spo\u0142ecznego w ramach programu Fundusze&#8230;<\/p>\n\t\t\t\t\t\t<\/div><!-- .entry-summary -->\n\t\t\t\t\t<\/div><!-- wp-show-posts-inner --><div class=\"wpsp-clear\"><\/div><\/article><article class=\" wp-show-posts-single wpsp-clearfix post-26566 post type-post status-publish format-standard hentry category-aktualnosci category-programowanie_ppizps category-wpisy_fers\" itemtype=\"http:\/\/schema.org\/CreativeWork\" itemscope><div class=\"wp-show-posts-inner\" style=\"\"><!--MY EDIT\n\t\t\t\t\t\t<header class=\"wp-show-posts-entry-header\">\n-->\n\t\t\t\t\t\t\t<h3 class=\"wp-show-posts-entry-title\" itemprop=\"headline\"><a href=\"https:\/\/rops-bialystok.pl\/fers\/2025\/02\/05\/wieloletni-program-rozwoju-ekonomii-spolecznej-w-wojewodztwie-podlaskim-do-roku-2027-ekonomia-solidarnosci-spolecznej\/\" rel=\"bookmark\">Wieloletni Program Rozwoju Ekonomii Spo\u0142ecznej w Wojew\u00f3dztwie Podlaskim do Roku 2027. Ekonomia Solidarno\u015bci Spo\u0142ecznej<\/a><\/h3><div class=\"wp-show-posts-entry-meta wp-show-posts-entry-meta-below-title post-meta-inline\"><span class=\"wp-show-posts-posted-on wp-show-posts-meta\">\n\t\t\t\t\t<time class=\"wp-show-posts-entry-date published\" datetime=\"2025-02-05T09:30:27+01:00\" itemprop=\"datePublished\">2025-02-05<\/time>\n\t\t\t\t<\/span><\/div><!--MY EDIT\n\t\t\t\t\t\t<\/header>\n-->\n\t\t\t\t\t\t<!-- .entry-header -->\n<!--\n-->\n\t\t\t\t\t\t\t\t\t\t\t<div class=\"wp-show-posts-entry-summary\" itemprop=\"text\">\n\t\t\t\t\t\t\t<p>Regionalny O\u015brodek Polityki Spo\u0142ecznej w Bia\u0142ymstoku informuje, i\u017c w dniu 29 marca 2021 r. Uchwa\u0142\u0105 Nr XXVIII\/366\/2021 Sejmiku Wojew\u00f3dztwa Podlaskiego przyj\u0119to dokument \u201eWieloletniego Programu Rozwoju Ekonomii Spo\u0142ecznej w wojew\u00f3dztwie podlaskim do roku 2027. Ekonomia Solidarno\u015bci Spo\u0142ecznej\u201d. Jest to dokument strategiczny, kt\u00f3ry diagnozuje problemy oraz wyznacza podstawowe kierunki dzia\u0142a\u0144 w wojew\u00f3dztwie podlaskim, maj\u0105ce na celu rozw\u00f3j i upowszechnianie ekonomii spo\u0142ecznej. W&#8230;<\/p>\n\t\t\t\t\t\t<\/div><!-- .entry-summary -->\n\t\t\t\t\t<\/div><!-- wp-show-posts-inner --><div class=\"wpsp-clear\"><\/div><\/article><\/section><!-- .wp-show-posts -->\n","protected":false},"excerpt":{"rendered":"<p>Programowanie i planowanie interwencji z zakresu polityki spo\u0142ecznej:<\/p>\n","protected":false},"author":1,"featured_media":0,"parent":0,"menu_order":0,"comment_status":"closed","ping_status":"closed","template":"","meta":{"footnotes":""},"class_list":["post-22614","page","type-page","status-publish","hentry"],"_links":{"self":[{"href":"https:\/\/rops-bialystok.pl\/fers\/wp-json\/wp\/v2\/pages\/22614","targetHints":{"allow":["GET"]}}],"collection":[{"href":"https:\/\/rops-bialystok.pl\/fers\/wp-json\/wp\/v2\/pages"}],"about":[{"href":"https:\/\/rops-bialystok.pl\/fers\/wp-json\/wp\/v2\/types\/page"}],"author":[{"embeddable":true,"href":"https:\/\/rops-bialystok.pl\/fers\/wp-json\/wp\/v2\/users\/1"}],"replies":[{"embeddable":true,"href":"https:\/\/rops-bialystok.pl\/fers\/wp-json\/wp\/v2\/comments?post=22614"}],"version-history":[{"count":9,"href":"https:\/\/rops-bialystok.pl\/fers\/wp-json\/wp\/v2\/pages\/22614\/revisions"}],"predecessor-version":[{"id":26568,"href":"https:\/\/rops-bialystok.pl\/fers\/wp-json\/wp\/v2\/pages\/22614\/revisions\/26568"}],"wp:attachment":[{"href":"https:\/\/rops-bialystok.pl\/fers\/wp-json\/wp\/v2\/media?parent=22614"}],"curies":[{"name":"wp","href":"https:\/\/api.w.org\/{rel}","templated":true}]}}