{"id":22616,"date":"2024-07-03T12:57:04","date_gmt":"2024-07-03T10:57:04","guid":{"rendered":"https:\/\/rops-bialystok.pl\/rops\/?page_id=22616"},"modified":"2025-06-24T09:28:35","modified_gmt":"2025-06-24T07:28:35","slug":"planowanie-interwencji","status":"publish","type":"page","link":"https:\/\/rops-bialystok.pl\/fers\/planowanie-interwencji\/","title":{"rendered":"Planowanie interwencji"},"content":{"rendered":"<style>.wp-show-posts-columns#wpsp-25197 {margin-left: -2em; }.wp-show-posts-columns#wpsp-25197 .wp-show-posts-inner {margin: 0 0 2em 2em; }<\/style><section id=\"wpsp-25197\" class=\" wp-show-posts\" style=\"\"><article class=\" wp-show-posts-single wpsp-clearfix post-26663 post type-post status-publish format-standard hentry category-aktualnosci category-planowanie_interwencji_ppizps category-wpisy_fers\" itemtype=\"http:\/\/schema.org\/CreativeWork\" itemscope><div class=\"wp-show-posts-inner\" style=\"\"><!--MY EDIT\n\t\t\t\t\t\t<header class=\"wp-show-posts-entry-header\">\n-->\n\t\t\t\t\t\t\t<h3 class=\"wp-show-posts-entry-title\" itemprop=\"headline\"><a href=\"https:\/\/rops-bialystok.pl\/fers\/2026\/02\/05\/relacja-ze-szkolenia-pn-interpretacja-oraz-zastosowanie-wytycznych-dotyczacych-m-in-zasad-dostepnosci-monitorowania-promocji-i-kwalifikowalnosci-wydatkow-ze-srodkow-funduszy-europejskich\/\" rel=\"bookmark\">Szkolenie pn.: \u201eInterpretacja oraz zastosowanie wytycznych dotycz\u0105cych m.in. zasad dost\u0119pno\u015bci, monitorowania, promocji i kwalifikowalno\u015bci wydatk\u00f3w ze \u015brodk\u00f3w funduszy europejskich w perspektywie finansowej 2021\u20132027\u201d<\/a><\/h3><div class=\"wp-show-posts-entry-meta wp-show-posts-entry-meta-below-title post-meta-inline\"><span class=\"wp-show-posts-posted-on wp-show-posts-meta\">\n\t\t\t\t\t<time class=\"wp-show-posts-entry-date published\" datetime=\"2026-02-05T15:29:50+01:00\" itemprop=\"datePublished\">2026-02-05<\/time>\n\t\t\t\t<\/span><\/div><!--MY EDIT\n\t\t\t\t\t\t<\/header>\n-->\n\t\t\t\t\t\t<!-- .entry-header -->\n<!--\n-->\n\t\t\t\t\t\t\t\t\t\t\t<div class=\"wp-show-posts-entry-summary\" itemprop=\"text\">\n\t\t\t\t\t\t\t<p>W dniu 03.02.2026 r. w Hotelu 3 Trio w Bia\u0142ymstoku, Regionalny O\u015brodek Polityki Spo\u0142ecznej w Bia\u0142ymstoku w ramach projektu \u201eKoordynacja dzia\u0142a\u0144 w zakresie polityki spo\u0142ecznej w wojew\u00f3dztwie podlaskim\u201d Dzia\u0142anie 04.13: Wysokiej jako\u015bci system w\u0142\u0105czenia spo\u0142ecznego, Programu Fundusze Europejskie dla Rozwoju Spo\u0142ecznego 2021-2027 (FERS), wsp\u00f3\u0142finansowanego ze \u015brodk\u00f3w Europejskiego Funduszu Spo\u0142ecznego Plus, w ramach typu projekt\u00f3w pn. Dzia\u0142ania ROPS w zakresie us\u0142ug&#8230;<\/p>\n\t\t\t\t\t\t<\/div><!-- .entry-summary -->\n\t\t\t\t\t<\/div><!-- wp-show-posts-inner --><div class=\"wpsp-clear\"><\/div><\/article><article class=\" wp-show-posts-single wpsp-clearfix post-26851 post type-post status-publish format-standard hentry category-aktualnosci category-planowanie_interwencji_ppizps category-programowanie_ppizps category-wpisy_fers\" itemtype=\"http:\/\/schema.org\/CreativeWork\" itemscope><div class=\"wp-show-posts-inner\" style=\"\"><!--MY EDIT\n\t\t\t\t\t\t<header class=\"wp-show-posts-entry-header\">\n-->\n\t\t\t\t\t\t\t<h3 class=\"wp-show-posts-entry-title\" itemprop=\"headline\"><a href=\"https:\/\/rops-bialystok.pl\/fers\/2026\/02\/02\/relacja-z-dwudniowego-szkolenia-pn-zamowienia-publiczne-w-praktyce-od-opz-do-udzielenia-zamowienia-28-29-01-2026-r\/\" rel=\"bookmark\">Dwudniowe szkolenie pn. \u201eZam\u00f3wienia publiczne w praktyce \u2013 od OPZ do udzielenia zam\u00f3wienia\u201d \u2013 28 \u2013 29.01.2026 r.<\/a><\/h3><div class=\"wp-show-posts-entry-meta wp-show-posts-entry-meta-below-title post-meta-inline\"><span class=\"wp-show-posts-posted-on wp-show-posts-meta\">\n\t\t\t\t\t<time class=\"wp-show-posts-entry-date published\" datetime=\"2026-02-02T08:44:15+01:00\" itemprop=\"datePublished\">2026-02-02<\/time>\n\t\t\t\t<\/span><\/div><!--MY EDIT\n\t\t\t\t\t\t<\/header>\n-->\n\t\t\t\t\t\t<!-- .entry-header -->\n<!--\n-->\n\t\t\t\t\t\t\t\t\t\t\t<div class=\"wp-show-posts-entry-summary\" itemprop=\"text\">\n\t\t\t\t\t\t\t<p>W dniach 28 \u2013 29.01.2026 r. w Hotelu Albatros w Serwach, odby\u0142o si\u0119 dwudniowe szkolenie pn.: \u201eZam\u00f3wienia publiczne w praktyce \u2013 od OPZ do udzielenia zam\u00f3wienia\u201d zorganizowane przez Regionalny O\u015brodek Polityki Spo\u0142ecznej w Bia\u0142ymstoku w ramach projektu \u201eKoordynacja dzia\u0142a\u0144 w zakresie polityki spo\u0142ecznej w wojew\u00f3dztwie podlaskim\u201d, Programu Fundusze Europejskie dla Rozwoju Spo\u0142ecznego 2021-2027 (FERS), Dzia\u0142ania 04.13: Wysokiej jako\u015bci system w\u0142\u0105czenia&#8230;<\/p>\n\t\t\t\t\t\t<\/div><!-- .entry-summary -->\n\t\t\t\t\t<\/div><!-- wp-show-posts-inner --><div class=\"wpsp-clear\"><\/div><\/article><article class=\" wp-show-posts-single wpsp-clearfix post-26596 post type-post status-publish format-standard hentry category-aktualnosci category-planowanie_interwencji_ppizps\" itemtype=\"http:\/\/schema.org\/CreativeWork\" itemscope><div class=\"wp-show-posts-inner\" style=\"\"><!--MY EDIT\n\t\t\t\t\t\t<header class=\"wp-show-posts-entry-header\">\n-->\n\t\t\t\t\t\t\t<h3 class=\"wp-show-posts-entry-title\" itemprop=\"headline\"><a href=\"https:\/\/rops-bialystok.pl\/fers\/2026\/01\/19\/zaproszenie-do-udzialu-w-szkoleniu-interpretacja-oraz-zastosowanie-wytycznych-dotyczacych-m-in-zasad-dostepnosci-monitorowania-promocji-i-kwalifikowalnosci-wydatkow-ze-srodkow-funduszy-eur\/\" rel=\"bookmark\">Zaproszenie do udzia\u0142u w szkoleniu \u201eInterpretacja oraz zastosowanie wytycznych dotycz\u0105cych m.in. zasad dost\u0119pno\u015bci, monitorowania, promocji i kwalifikowalno\u015bci wydatk\u00f3w ze \u015brodk\u00f3w funduszy europejskich w perspektywie finansowej 2021\u20132027\u201d &#8211; 03.02.2026 r.<\/a><\/h3><div class=\"wp-show-posts-entry-meta wp-show-posts-entry-meta-below-title post-meta-inline\"><span class=\"wp-show-posts-posted-on wp-show-posts-meta\">\n\t\t\t\t\t<time class=\"wp-show-posts-entry-date published\" datetime=\"2026-01-19T09:20:31+01:00\" itemprop=\"datePublished\">2026-01-19<\/time>\n\t\t\t\t<\/span><\/div><!--MY EDIT\n\t\t\t\t\t\t<\/header>\n-->\n\t\t\t\t\t\t<!-- .entry-header -->\n<!--\n-->\n\t\t\t\t\t\t\t\t\t\t\t<div class=\"wp-show-posts-entry-summary\" itemprop=\"text\">\n\t\t\t\t\t\t\t<p>Szanowni Pa\u0144stwo, Regionalny O\u015brodek Polityki Spo\u0142ecznej w Bia\u0142ymstoku realizuj\u0105cy projekt \u201eKoordynacja dzia\u0142a\u0144 w zakresie polityki spo\u0142ecznej w wojew\u00f3dztwie podlaskim\u201d w ramach Dzia\u0142ania 04.13: Wysokiej jako\u015bci system w\u0142\u0105czenia spo\u0142ecznego, Programu Fundusze Europejskie dla Rozwoju Spo\u0142ecznego 2021-2027 (FERS), wsp\u00f3\u0142finansowanego ze \u015brodk\u00f3w Europejskiego Funduszu Spo\u0142ecznego Plus, w ramach typu projekt\u00f3w pn. Dzia\u0142ania ROPS w zakresie us\u0142ug spo\u0142ecznych, pomocy spo\u0142ecznej, ES i aktywnej integracji,&#8230;<\/p>\n\t\t\t\t\t\t<\/div><!-- .entry-summary -->\n\t\t\t\t\t<\/div><!-- wp-show-posts-inner --><div class=\"wpsp-clear\"><\/div><\/article><article class=\" wp-show-posts-single wpsp-clearfix post-26576 post type-post status-publish format-standard hentry category-aktualnosci category-planowanie_interwencji_ppizps\" itemtype=\"http:\/\/schema.org\/CreativeWork\" itemscope><div class=\"wp-show-posts-inner\" style=\"\"><!--MY EDIT\n\t\t\t\t\t\t<header class=\"wp-show-posts-entry-header\">\n-->\n\t\t\t\t\t\t\t<h3 class=\"wp-show-posts-entry-title\" itemprop=\"headline\"><a href=\"https:\/\/rops-bialystok.pl\/fers\/2026\/01\/15\/zaproszenie-do-udzialu-w-dwudniowym-szkoleniu-pn-zamowienia-publiczne-w-praktyce-od-opz-do-udzielenia-zamowienia-28-29-01-2026-r\/\" rel=\"bookmark\">Zaproszenie do udzia\u0142u w dwudniowym szkoleniu pn.: \u201eZam\u00f3wienia publiczne w praktyce \u2013 od OPZ do udzielenia zam\u00f3wienia\u201d \u2013 28 \u2013 29.01.2026 r.<\/a><\/h3><div class=\"wp-show-posts-entry-meta wp-show-posts-entry-meta-below-title post-meta-inline\"><span class=\"wp-show-posts-posted-on wp-show-posts-meta\">\n\t\t\t\t\t<time class=\"wp-show-posts-entry-date published\" datetime=\"2026-01-15T11:11:46+01:00\" itemprop=\"datePublished\">2026-01-15<\/time>\n\t\t\t\t<\/span><\/div><!--MY EDIT\n\t\t\t\t\t\t<\/header>\n-->\n\t\t\t\t\t\t<!-- .entry-header -->\n<!--\n-->\n\t\t\t\t\t\t\t\t\t\t\t<div class=\"wp-show-posts-entry-summary\" itemprop=\"text\">\n\t\t\t\t\t\t\t<p>Regionalny O\u015brodek Polityki Spo\u0142ecznej w Bia\u0142ymstoku realizuj\u0105cy projekt \u201eKoordynacja dzia\u0142a\u0144 w zakresie polityki spo\u0142ecznej w wojew\u00f3dztwie podlaskim\u201d w ramach Dzia\u0142ania 04.13: Wysokiej jako\u015bci system w\u0142\u0105czenia spo\u0142ecznego, Programu Fundusze Europejskie dla Rozwoju Spo\u0142ecznego 2021-2027 (FERS), wsp\u00f3\u0142finansowanego ze \u015brodk\u00f3w Europejskiego Funduszu Spo\u0142ecznego Plus, w ramach typu projekt\u00f3w pn. Dzia\u0142ania ROPS w zakresie us\u0142ug spo\u0142ecznych, pomocy spo\u0142ecznej, ES i aktywnej integracji, s\u0142u\u017c\u0105ce w\u0142\u0105czeniu&#8230;<\/p>\n\t\t\t\t\t\t<\/div><!-- .entry-summary -->\n\t\t\t\t\t<\/div><!-- wp-show-posts-inner --><div class=\"wpsp-clear\"><\/div><\/article><article class=\" wp-show-posts-single wpsp-clearfix post-26521 post type-post status-publish format-standard hentry category-aktualnosci category-planowanie_interwencji_ppizps\" itemtype=\"http:\/\/schema.org\/CreativeWork\" itemscope><div class=\"wp-show-posts-inner\" style=\"\"><!--MY EDIT\n\t\t\t\t\t\t<header class=\"wp-show-posts-entry-header\">\n-->\n\t\t\t\t\t\t\t<h3 class=\"wp-show-posts-entry-title\" itemprop=\"headline\"><a href=\"https:\/\/rops-bialystok.pl\/fers\/2026\/01\/05\/relacja-z-dwoch-dwudniowych-szkolen-pn-swiadczenie-uslug-spolecznych-w-roznych-formach-wsparcia-od-mieszkan-wspomaganych-po-uslugi-opiekuncze-i-wsparcie-procesu-usamodzielniania\/\" rel=\"bookmark\">Relacja z dw\u00f3ch dwudniowych szkole\u0144 pn. \u201e\u015awiadczenie us\u0142ug spo\u0142ecznych w r\u00f3\u017cnych formach wsparcia: od mieszka\u0144 wspomaganych po us\u0142ugi opieku\u0144cze i wsparcie procesu usamodzielniania\u201d \u2013 27-28.10.2025 r. i 27-28.11.2025 r.<\/a><\/h3><div class=\"wp-show-posts-entry-meta wp-show-posts-entry-meta-below-title post-meta-inline\"><span class=\"wp-show-posts-posted-on wp-show-posts-meta\">\n\t\t\t\t\t<time class=\"wp-show-posts-entry-date published\" datetime=\"2026-01-05T14:19:46+01:00\" itemprop=\"datePublished\">2026-01-05<\/time>\n\t\t\t\t<\/span><\/div><!--MY EDIT\n\t\t\t\t\t\t<\/header>\n-->\n\t\t\t\t\t\t<!-- .entry-header -->\n<!--\n-->\n\t\t\t\t\t\t\t\t\t\t\t<div class=\"wp-show-posts-entry-summary\" itemprop=\"text\">\n\t\t\t\t\t\t\t<p>W dniach 27-28.10.2025 r. i 27-28.11.2025 r. w Hotelu Albatros w Serwach, odby\u0142y si\u0119 dwa dwudniowe szkolenia pn. \u201e\u015awiadczenie us\u0142ug spo\u0142ecznych w r\u00f3\u017cnych formach wsparcia: od mieszka\u0144 wspomaganych po us\u0142ugi opieku\u0144cze i wsparcie procesu usamodzielniania\u201d zorganizowane przez Regionalny O\u015brodek Polityki Spo\u0142ecznej w Bia\u0142ymstoku w ramach projektu \u201eKoordynacja dzia\u0142a\u0144 w zakresie polityki spo\u0142ecznej w wojew\u00f3dztwie podlaskim\u201d, Programu Fundusze Europejskie dla Rozwoju&#8230;<\/p>\n\t\t\t\t\t\t<\/div><!-- .entry-summary -->\n\t\t\t\t\t<\/div><!-- wp-show-posts-inner --><div class=\"wpsp-clear\"><\/div><\/article><article class=\" wp-show-posts-single wpsp-clearfix post-26460 post type-post status-publish format-standard hentry category-aktualnosci category-planowanie_interwencji_ppizps category-wpisy_fers\" itemtype=\"http:\/\/schema.org\/CreativeWork\" itemscope><div class=\"wp-show-posts-inner\" style=\"\"><!--MY EDIT\n\t\t\t\t\t\t<header class=\"wp-show-posts-entry-header\">\n-->\n\t\t\t\t\t\t\t<h3 class=\"wp-show-posts-entry-title\" itemprop=\"headline\"><a href=\"https:\/\/rops-bialystok.pl\/fers\/2025\/12\/10\/zaproszenie-do-konsultacji-spolecznych-projektu-regionalnego-planu-rozwoju-uslug-spolecznych-i-deinstytucjonalizacji-w-wojewodztwie-podlaskim-na-lata-2026-2028\/\" rel=\"bookmark\">Zaproszenie do konsultacji spo\u0142ecznych projektu \u201eRegionalnego Planu Rozwoju Us\u0142ug Spo\u0142ecznych i Deinstytucjonalizacji w Wojew\u00f3dztwie Podlaskim na lata 2026-2028\u201d<\/a><\/h3><div class=\"wp-show-posts-entry-meta wp-show-posts-entry-meta-below-title post-meta-inline\"><span class=\"wp-show-posts-posted-on wp-show-posts-meta\">\n\t\t\t\t\t<time class=\"wp-show-posts-entry-date published\" datetime=\"2025-12-10T14:30:29+01:00\" itemprop=\"datePublished\">2025-12-10<\/time>\n\t\t\t\t<\/span><\/div><!--MY EDIT\n\t\t\t\t\t\t<\/header>\n-->\n\t\t\t\t\t\t<!-- .entry-header -->\n<!--\n-->\n\t\t\t\t\t\t\t\t\t\t\t<div class=\"wp-show-posts-entry-summary\" itemprop=\"text\">\n\t\t\t\t\t\t\t<p>Przedmiot konsultacji: projekt \u201eRegionalnego Planu Rozwoju Us\u0142ug Spo\u0142ecznych i Deinstytucjonalizacji w wojew\u00f3dztwie podlaskim na lata 2026 \u2013 2028\u201d Termin konsultacji: 10.12.2025 r. \u2013 24.12.2025 r. Forma konsultacji: projekt \u201eRegionalnego Planu Rozwoju Us\u0142ug Spo\u0142ecznych i Deinstytucjonalizacji w wojew\u00f3dztwie podlaskim na lata 2026 \u2013 2028\u201d oraz formularz konsultacji zosta\u0142 zamieszczony na stronie internetowej Urz\u0119du Marsza\u0142kowskiego Wojew\u00f3dztwa Podlaskiego w Bia\u0142ymstoku (podlaskie.eu), Regionalnego O\u015brodka&#8230;<\/p>\n\t\t\t\t\t\t<\/div><!-- .entry-summary -->\n\t\t\t\t\t<\/div><!-- wp-show-posts-inner --><div class=\"wpsp-clear\"><\/div><\/article><article class=\" wp-show-posts-single wpsp-clearfix post-26385 post type-post status-publish format-standard hentry category-aktualnosci category-planowanie_interwencji_ppizps category-wpisy_fers\" itemtype=\"http:\/\/schema.org\/CreativeWork\" itemscope><div class=\"wp-show-posts-inner\" style=\"\"><!--MY EDIT\n\t\t\t\t\t\t<header class=\"wp-show-posts-entry-header\">\n-->\n\t\t\t\t\t\t\t<h3 class=\"wp-show-posts-entry-title\" itemprop=\"headline\"><a href=\"https:\/\/rops-bialystok.pl\/fers\/2025\/11\/24\/relacja-ze-szkolenia-pn-uslugi-w-zakresie-wspierania-rodziny-i-pieczy-zastepczej-13-11-2025-r\/\" rel=\"bookmark\">Relacja ze szkolenia pn. \u201eUs\u0142ugi w zakresie wspierania rodziny i pieczy zast\u0119pczej\u201d \u2013 13.11.2025 r.<\/a><\/h3><div class=\"wp-show-posts-entry-meta wp-show-posts-entry-meta-below-title post-meta-inline\"><span class=\"wp-show-posts-posted-on wp-show-posts-meta\">\n\t\t\t\t\t<time class=\"wp-show-posts-entry-date published\" datetime=\"2025-11-24T14:52:28+01:00\" itemprop=\"datePublished\">2025-11-24<\/time>\n\t\t\t\t<\/span><\/div><!--MY EDIT\n\t\t\t\t\t\t<\/header>\n-->\n\t\t\t\t\t\t<!-- .entry-header -->\n<!--\n-->\n\t\t\t\t\t\t\t\t\t\t\t<div class=\"wp-show-posts-entry-summary\" itemprop=\"text\">\n\t\t\t\t\t\t\t<p>W dniu 13.11.2025 r. w Hotelu 3 Trio w Bia\u0142ymstoku, Regionalny O\u015brodek Polityki Spo\u0142ecznej w Bia\u0142ymstoku w ramach projektu \u201eKoordynacja dzia\u0142a\u0144 w zakresie polityki spo\u0142ecznej w wojew\u00f3dztwie podlaskim\u201d Dzia\u0142anie 04.13: Wysokiej jako\u015bci system w\u0142\u0105czenia spo\u0142ecznego, Programu Fundusze Europejskie dla Rozwoju Spo\u0142ecznego 2021-2027 (FERS), wsp\u00f3\u0142finansowanego ze \u015brodk\u00f3w Europejskiego Funduszu Spo\u0142ecznego Plus, w ramach typu projekt\u00f3w pn. Dzia\u0142ania ROPS w zakresie us\u0142ug&#8230;<\/p>\n\t\t\t\t\t\t<\/div><!-- .entry-summary -->\n\t\t\t\t\t<\/div><!-- wp-show-posts-inner --><div class=\"wpsp-clear\"><\/div><\/article><article class=\" wp-show-posts-single wpsp-clearfix post-26377 post type-post status-publish format-standard hentry category-aktualnosci category-planowanie_interwencji_ppizps category-wpisy_fers\" itemtype=\"http:\/\/schema.org\/CreativeWork\" itemscope><div class=\"wp-show-posts-inner\" style=\"\"><!--MY EDIT\n\t\t\t\t\t\t<header class=\"wp-show-posts-entry-header\">\n-->\n\t\t\t\t\t\t\t<h3 class=\"wp-show-posts-entry-title\" itemprop=\"headline\"><a href=\"https:\/\/rops-bialystok.pl\/fers\/2025\/11\/24\/ii-seria-spotkan-grup-roboczych-powolanych-do-prac-nad-aktualizacja-regionalnego-planu-uslug-spolecznych-i-deinstytucjonalizacji-rpdi-w-wojewodztwie-podlaskim\/\" rel=\"bookmark\">II seria spotka\u0144 grup roboczych powo\u0142anych do prac nad aktualizacj\u0105 Regionalnego Planu Rozwoju Us\u0142ug Spo\u0142ecznych i Deinstytucjonalizacji (RPDI) w wojew\u00f3dztwie podlaskim<\/a><\/h3><div class=\"wp-show-posts-entry-meta wp-show-posts-entry-meta-below-title post-meta-inline\"><span class=\"wp-show-posts-posted-on wp-show-posts-meta\">\n\t\t\t\t\t<time class=\"wp-show-posts-entry-date published\" datetime=\"2025-11-24T14:44:54+01:00\" itemprop=\"datePublished\">2025-11-24<\/time>\n\t\t\t\t<\/span><\/div><!--MY EDIT\n\t\t\t\t\t\t<\/header>\n-->\n\t\t\t\t\t\t<!-- .entry-header -->\n<!--\n-->\n\t\t\t\t\t\t\t\t\t\t\t<div class=\"wp-show-posts-entry-summary\" itemprop=\"text\">\n\t\t\t\t\t\t\t<p>W dniach 12, 14, 17, 18 oraz 20 listopada 2025 r. w Hotelu 3 Trio w Bia\u0142ymstoku odby\u0142a si\u0119 II seria spotka\u0144 grup roboczych powo\u0142anych do prac nad aktualizacj\u0105 Regionalnego Planu Rozwoju Us\u0142ug Spo\u0142ecznych i Deinstytucjonalizacji (RPDI) w wojew\u00f3dztwie podlaskim, organizowana przez Regionalny O\u015brodek Polityki Spo\u0142ecznej w Bia\u0142ymstoku w \u00a0ramach projektu \u201eKoordynacja dzia\u0142a\u0144 w zakresie polityki spo\u0142ecznej w wojew\u00f3dztwie podlaskim\u201d&#8230;<\/p>\n\t\t\t\t\t\t<\/div><!-- .entry-summary -->\n\t\t\t\t\t<\/div><!-- wp-show-posts-inner --><div class=\"wpsp-clear\"><\/div><\/article><article class=\" wp-show-posts-single wpsp-clearfix post-26319 post type-post status-publish format-standard hentry category-aktualnosci category-planowanie_interwencji_ppizps category-wpisy_fers\" itemtype=\"http:\/\/schema.org\/CreativeWork\" itemscope><div class=\"wp-show-posts-inner\" style=\"\"><!--MY EDIT\n\t\t\t\t\t\t<header class=\"wp-show-posts-entry-header\">\n-->\n\t\t\t\t\t\t\t<h3 class=\"wp-show-posts-entry-title\" itemprop=\"headline\"><a href=\"https:\/\/rops-bialystok.pl\/fers\/2025\/11\/07\/relacja-z-4-dniowej-wizyty-studyjnej-do-wojewodztwa-opolskiego-w-dniach-06-09-10-2025-r\/\" rel=\"bookmark\">Relacja z 4 \u2013 dniowej wizyty studyjnej do wojew\u00f3dztwa opolskiego w dniach 06-09.10.2025 r.<\/a><\/h3><div class=\"wp-show-posts-entry-meta wp-show-posts-entry-meta-below-title post-meta-inline\"><span class=\"wp-show-posts-posted-on wp-show-posts-meta\">\n\t\t\t\t\t<time class=\"wp-show-posts-entry-date published\" datetime=\"2025-11-07T09:58:20+01:00\" itemprop=\"datePublished\">2025-11-07<\/time>\n\t\t\t\t<\/span><\/div><!--MY EDIT\n\t\t\t\t\t\t<\/header>\n-->\n\t\t\t\t\t\t<!-- .entry-header -->\n<!--\n-->\n\t\t\t\t\t\t\t\t\t\t\t<div class=\"wp-show-posts-entry-summary\" itemprop=\"text\">\n\t\t\t\t\t\t\t<p>W dniach 6\u20139 pa\u017adziernika 2025 roku 20 przedstawicieli instytucji pomocy i integracji spo\u0142ecznej, wspierania rodziny, pieczy zast\u0119pczej, w tym ROPS i Instytucji Zarz\u0105dzaj\u0105cej FEdP, zajmuj\u0105cych si\u0119 planowaniem i ukierunkowaniem interwencji w wojew\u00f3dztwie podlaskim uczestniczy\u0142o w czterodniowej wizycie studyjnej zorganizowanej przez Regionalny O\u015brodek Polityki Spo\u0142ecznej w Bia\u0142ymstoku. Wyjazd odby\u0142 si\u0119 w ramach projektu \u201eKoordynacja dzia\u0142a\u0144 w zakresie polityki spo\u0142ecznej w wojew\u00f3dztwie&#8230;<\/p>\n\t\t\t\t\t\t<\/div><!-- .entry-summary -->\n\t\t\t\t\t<\/div><!-- wp-show-posts-inner --><div class=\"wpsp-clear\"><\/div><\/article><article class=\" wp-show-posts-single wpsp-clearfix post-26311 post type-post status-publish format-standard hentry category-aktualnosci category-planowanie_interwencji_ppizps category-wpisy_fers\" itemtype=\"http:\/\/schema.org\/CreativeWork\" itemscope><div class=\"wp-show-posts-inner\" style=\"\"><!--MY EDIT\n\t\t\t\t\t\t<header class=\"wp-show-posts-entry-header\">\n-->\n\t\t\t\t\t\t\t<h3 class=\"wp-show-posts-entry-title\" itemprop=\"headline\"><a href=\"https:\/\/rops-bialystok.pl\/fers\/2025\/11\/07\/relacja-z-dwudniowego-szkolenia-pn-skuteczne-zarzadzanie-zespolem-komunikacja-interpersonalna-zarzadzanie-konfliktami-organizacja-pracy-i-rozliczanie-zadan-dla-kadry-zarzadzajacej\/\" rel=\"bookmark\">Relacja z dwudniowego szkolenia pn. \u201eSkuteczne zarz\u0105dzanie zespo\u0142em: komunikacja interpersonalna, zarz\u0105dzanie konfliktami, organizacja pracy i rozliczanie zada\u0144 &#8211; dla kadry zarz\u0105dzaj\u0105cej\u2019\u201d \u2013 16-17.10.2025<\/a><\/h3><div class=\"wp-show-posts-entry-meta wp-show-posts-entry-meta-below-title post-meta-inline\"><span class=\"wp-show-posts-posted-on wp-show-posts-meta\">\n\t\t\t\t\t<time class=\"wp-show-posts-entry-date published\" datetime=\"2025-11-07T09:37:17+01:00\" itemprop=\"datePublished\">2025-11-07<\/time>\n\t\t\t\t<\/span><\/div><!--MY EDIT\n\t\t\t\t\t\t<\/header>\n-->\n\t\t\t\t\t\t<!-- .entry-header -->\n<!--\n-->\n\t\t\t\t\t\t\t\t\t\t\t<div class=\"wp-show-posts-entry-summary\" itemprop=\"text\">\n\t\t\t\t\t\t\t<p>W dniach 16-17.10.2025 r. w Serwach, Regionalny O\u015brodek Polityki Spo\u0142ecznej w Bia\u0142ymstoku w ramach projektu \u201eKoordynacja dzia\u0142a\u0144 w zakresie polityki spo\u0142ecznej w wojew\u00f3dztwie podlaskim\u201d Dzia\u0142anie 04.13: Wysokiej jako\u015bci system w\u0142\u0105czenia spo\u0142ecznego, Programu Fundusze Europejskie dla Rozwoju Spo\u0142ecznego 2021-2027 (FERS), wsp\u00f3\u0142finansowanego ze \u015brodk\u00f3w Europejskiego Funduszu Spo\u0142ecznego Plus, w ramach typu projekt\u00f3w pn. Dzia\u0142ania ROPS w zakresie us\u0142ug spo\u0142ecznych, pomocy spo\u0142ecznej, ES&#8230;<\/p>\n\t\t\t\t\t\t<\/div><!-- .entry-summary -->\n\t\t\t\t\t<\/div><!-- wp-show-posts-inner --><div class=\"wpsp-clear\"><\/div><\/article><\/section><!-- .wp-show-posts --><div class=\"wpsp-load-more\"><span aria-current=\"page\" class=\"page-numbers current\">1<\/span>\n<a class=\"page-numbers\" href=\"https:\/\/rops-bialystok.pl\/fers\/wp-json\/wp\/v2\/pages\/22616\/page\/2\/\">2<\/a>\n<span class=\"page-numbers dots\">&hellip;<\/span>\n<a class=\"page-numbers\" href=\"https:\/\/rops-bialystok.pl\/fers\/wp-json\/wp\/v2\/pages\/22616\/page\/4\/\">4<\/a>\n<a class=\"next page-numbers\" href=\"https:\/\/rops-bialystok.pl\/fers\/wp-json\/wp\/v2\/pages\/22616\/page\/2\/\">Nast\u0119pny &rarr;<\/a><\/div>\n","protected":false},"excerpt":{"rendered":"","protected":false},"author":1,"featured_media":0,"parent":0,"menu_order":0,"comment_status":"closed","ping_status":"closed","template":"","meta":{"footnotes":""},"class_list":["post-22616","page","type-page","status-publish","hentry"],"_links":{"self":[{"href":"https:\/\/rops-bialystok.pl\/fers\/wp-json\/wp\/v2\/pages\/22616","targetHints":{"allow":["GET"]}}],"collection":[{"href":"https:\/\/rops-bialystok.pl\/fers\/wp-json\/wp\/v2\/pages"}],"about":[{"href":"https:\/\/rops-bialystok.pl\/fers\/wp-json\/wp\/v2\/types\/page"}],"author":[{"embeddable":true,"href":"https:\/\/rops-bialystok.pl\/fers\/wp-json\/wp\/v2\/users\/1"}],"replies":[{"embeddable":true,"href":"https:\/\/rops-bialystok.pl\/fers\/wp-json\/wp\/v2\/comments?post=22616"}],"version-history":[{"count":2,"href":"https:\/\/rops-bialystok.pl\/fers\/wp-json\/wp\/v2\/pages\/22616\/revisions"}],"predecessor-version":[{"id":25198,"href":"https:\/\/rops-bialystok.pl\/fers\/wp-json\/wp\/v2\/pages\/22616\/revisions\/25198"}],"wp:attachment":[{"href":"https:\/\/rops-bialystok.pl\/fers\/wp-json\/wp\/v2\/media?parent=22616"}],"curies":[{"name":"wp","href":"https:\/\/api.w.org\/{rel}","templated":true}]}}