{"id":22623,"date":"2024-07-03T12:59:33","date_gmt":"2024-07-03T10:59:33","guid":{"rendered":"https:\/\/rops-bialystok.pl\/rops\/?page_id=22623"},"modified":"2025-07-16T12:14:23","modified_gmt":"2025-07-16T10:14:23","slug":"badania-regionalne","status":"publish","type":"page","link":"https:\/\/rops-bialystok.pl\/fers\/badania-regionalne\/","title":{"rendered":"Badania regionalne"},"content":{"rendered":"<style>.wp-show-posts-columns#wpsp-25348 {margin-left: -2em; }.wp-show-posts-columns#wpsp-25348 .wp-show-posts-inner {margin: 0 0 2em 2em; }<\/style><section id=\"wpsp-25348\" class=\" wp-show-posts\" style=\"\"><article class=\" wp-show-posts-single wpsp-clearfix post-25346 post type-post status-publish format-standard hentry category-aktualnosci category-badania_regionalne_pops category-wpisy_fers\" itemtype=\"http:\/\/schema.org\/CreativeWork\" itemscope><div class=\"wp-show-posts-inner\" style=\"\"><!--MY EDIT\n\t\t\t\t\t\t<header class=\"wp-show-posts-entry-header\">\n-->\n\t\t\t\t\t\t\t<h3 class=\"wp-show-posts-entry-title\" itemprop=\"headline\"><a href=\"https:\/\/rops-bialystok.pl\/fers\/2025\/07\/16\/raport-pn-ocena-zasobow-pomocy-spolecznej-w-wojewodztwie-podlaskim-w-2024-roku\/\" rel=\"bookmark\">Raport pn. \u201eOcena Zasob\u00f3w Pomocy Spo\u0142ecznej w wojew\u00f3dztwie podlaskim w 2024 roku\u201d<\/a><\/h3><div class=\"wp-show-posts-entry-meta wp-show-posts-entry-meta-below-title post-meta-inline\"><span class=\"wp-show-posts-posted-on wp-show-posts-meta\">\n\t\t\t\t\t<time class=\"wp-show-posts-entry-date published\" datetime=\"2025-07-16T12:13:34+02:00\" itemprop=\"datePublished\">2025-07-16<\/time>\n\t\t\t\t<\/span><\/div><!--MY EDIT\n\t\t\t\t\t\t<\/header>\n-->\n\t\t\t\t\t\t<!-- .entry-header -->\n<!--\n-->\n\t\t\t\t\t\t\t\t\t\t\t<div class=\"wp-show-posts-entry-summary\" itemprop=\"text\">\n\t\t\t\t\t\t\t<p>Przekazujemy Pa\u0144stwu raport wojew\u00f3dzki pt. \u201eOcena Zasob\u00f3w Pomocy Spo\u0142ecznej w wojew\u00f3dztwie podlaskim w 2024 roku\u201d. Przygotowany przez Regionalny O\u015brodek Polityki Spo\u0142ecznej w Bia\u0142ymstoku dokument zawiera zbiorcze informacje na temat sytuacji demograficznej i spo\u0142ecznej wojew\u00f3dztwa, systemu wsparcia os\u00f3b zagro\u017conych i wykluczonych spo\u0142ecznie w gminach i powiatach, a tak\u017ce dane bie\u017c\u0105ce i prognozowane dotycz\u0105ce os\u00f3b korzystaj\u0105cych z r\u00f3\u017cnych form pomocy spo\u0142ecznej oraz&#8230;<\/p>\n\t\t\t\t\t\t<\/div><!-- .entry-summary -->\n\t\t\t\t\t<\/div><!-- wp-show-posts-inner --><div class=\"wpsp-clear\"><\/div><\/article><article class=\" wp-show-posts-single wpsp-clearfix post-25344 post type-post status-publish format-standard hentry category-aktualnosci category-badania_regionalne_pops category-wpisy_fers\" itemtype=\"http:\/\/schema.org\/CreativeWork\" itemscope><div class=\"wp-show-posts-inner\" style=\"\"><!--MY EDIT\n\t\t\t\t\t\t<header class=\"wp-show-posts-entry-header\">\n-->\n\t\t\t\t\t\t\t<h3 class=\"wp-show-posts-entry-title\" itemprop=\"headline\"><a href=\"https:\/\/rops-bialystok.pl\/fers\/2025\/07\/16\/analiza-poziomu-ubostwa-w-wojewodztwie-podlaskim-w-2023-roku\/\" rel=\"bookmark\">Analiza poziomu ub\u00f3stwa w wojew\u00f3dztwie podlaskim w 2023 roku<\/a><\/h3><div class=\"wp-show-posts-entry-meta wp-show-posts-entry-meta-below-title post-meta-inline\"><span class=\"wp-show-posts-posted-on wp-show-posts-meta\">\n\t\t\t\t\t<time class=\"wp-show-posts-entry-date published\" datetime=\"2025-07-16T12:11:30+02:00\" itemprop=\"datePublished\">2025-07-16<\/time>\n\t\t\t\t<\/span><\/div><!--MY EDIT\n\t\t\t\t\t\t<\/header>\n-->\n\t\t\t\t\t\t<!-- .entry-header -->\n<!--\n-->\n\t\t\t\t\t\t\t\t\t\t\t<div class=\"wp-show-posts-entry-summary\" itemprop=\"text\">\n\t\t\t\t\t\t\t<p>Przekazujemy Pa\u0144stwu raport badawczy pt. \u201eAnaliza poziomu ub\u00f3stwa w wojew\u00f3dztwie podlaskim w 2023 roku\u201d. W niniejszej analizie uwzgl\u0119dniono dane zar\u00f3wno na poziomie regionalnym (wojew\u00f3dzkim), jak i krajowym, co pozwala na por\u00f3wnanie sytuacji wojew\u00f3dztwa podlaskiego z innymi regionami Polski. Dokument stanowi r\u00f3wnie\u017c wynik szczeg\u00f3\u0142owej analizy stopnia zagro\u017cenia ub\u00f3stwem w poszczeg\u00f3lnych powiatach wojew\u00f3dztwa podlaskiego. Regionalny O\u015brodek Polityki Spo\u0142ecznej w Bia\u0142ymstoku zaprasza osoby&#8230;<\/p>\n\t\t\t\t\t\t<\/div><!-- .entry-summary -->\n\t\t\t\t\t<\/div><!-- wp-show-posts-inner --><div class=\"wpsp-clear\"><\/div><\/article><\/section><!-- .wp-show-posts -->\n","protected":false},"excerpt":{"rendered":"","protected":false},"author":1,"featured_media":0,"parent":0,"menu_order":0,"comment_status":"closed","ping_status":"closed","template":"","meta":{"footnotes":""},"class_list":["post-22623","page","type-page","status-publish","hentry"],"_links":{"self":[{"href":"https:\/\/rops-bialystok.pl\/fers\/wp-json\/wp\/v2\/pages\/22623","targetHints":{"allow":["GET"]}}],"collection":[{"href":"https:\/\/rops-bialystok.pl\/fers\/wp-json\/wp\/v2\/pages"}],"about":[{"href":"https:\/\/rops-bialystok.pl\/fers\/wp-json\/wp\/v2\/types\/page"}],"author":[{"embeddable":true,"href":"https:\/\/rops-bialystok.pl\/fers\/wp-json\/wp\/v2\/users\/1"}],"replies":[{"embeddable":true,"href":"https:\/\/rops-bialystok.pl\/fers\/wp-json\/wp\/v2\/comments?post=22623"}],"version-history":[{"count":2,"href":"https:\/\/rops-bialystok.pl\/fers\/wp-json\/wp\/v2\/pages\/22623\/revisions"}],"predecessor-version":[{"id":25349,"href":"https:\/\/rops-bialystok.pl\/fers\/wp-json\/wp\/v2\/pages\/22623\/revisions\/25349"}],"wp:attachment":[{"href":"https:\/\/rops-bialystok.pl\/fers\/wp-json\/wp\/v2\/media?parent=22623"}],"curies":[{"name":"wp","href":"https:\/\/api.w.org\/{rel}","templated":true}]}}