{"id":22625,"date":"2024-07-03T12:59:49","date_gmt":"2024-07-03T10:59:49","guid":{"rendered":"https:\/\/rops-bialystok.pl\/rops\/?page_id=22625"},"modified":"2024-07-22T14:12:45","modified_gmt":"2024-07-22T12:12:45","slug":"badania-ogolnopolskie","status":"publish","type":"page","link":"https:\/\/rops-bialystok.pl\/fers\/badania-ogolnopolskie\/","title":{"rendered":"Badania og\u00f3lnopolskie"},"content":{"rendered":"<style>.wp-show-posts-columns#wpsp-23525 {margin-left: -2em; }.wp-show-posts-columns#wpsp-23525 .wp-show-posts-inner {margin: 0 0 2em 2em; }<\/style><section id=\"wpsp-23525\" class=\" wp-show-posts\" style=\"\"><article class=\" wp-show-posts-single wpsp-clearfix post-24878 post type-post status-publish format-standard hentry category-aktualnosci category-aktualnosci_es category-badania_ogolnopolskie_pops category-wpisy_fers\" itemtype=\"http:\/\/schema.org\/CreativeWork\" itemscope><div class=\"wp-show-posts-inner\" style=\"\"><!--MY EDIT\n\t\t\t\t\t\t<header class=\"wp-show-posts-entry-header\">\n-->\n\t\t\t\t\t\t\t<h3 class=\"wp-show-posts-entry-title\" itemprop=\"headline\"><a href=\"https:\/\/rops-bialystok.pl\/fers\/2025\/03\/26\/zapraszamy-do-zapoznania-sie-z-raportem-pt-przedsiebiorstwa-spoleczne-w-polsce-2024\/\" rel=\"bookmark\">Zapraszamy do zapoznania si\u0119 z raportem pt. \u201ePrzedsi\u0119biorstwa spo\u0142eczne w Polsce 2024\u201d.<\/a><\/h3><div class=\"wp-show-posts-entry-meta wp-show-posts-entry-meta-below-title post-meta-inline\"><span class=\"wp-show-posts-posted-on wp-show-posts-meta\">\n\t\t\t\t\t<time class=\"wp-show-posts-entry-date published\" datetime=\"2025-03-26T14:05:24+01:00\" itemprop=\"datePublished\">2025-03-26<\/time>\n\t\t\t\t<\/span><\/div><!--MY EDIT\n\t\t\t\t\t\t<\/header>\n-->\n\t\t\t\t\t\t<!-- .entry-header -->\n<!--\n-->\n\t\t\t\t\t\t\t\t\t\t\t<div class=\"wp-show-posts-entry-summary\" itemprop=\"text\">\n\t\t\t\t\t\t\t<p>Raport zosta\u0142 przygotowany przez Stowarzyszenie Klon\/Jawor, kt\u00f3re jest cz\u0119\u015bci\u0105 partnerstwa realizuj\u0105cego projekt \u201eSAMO-ES. Samoorganizacja PS jako odpowied\u017a na wyzwania spo\u0142eczne\u201d. Badanie w spos\u00f3b kompleksowy pozwala spojrze\u0107 na przedsi\u0119biorczo\u015b\u0107 spo\u0142eczn\u0105 zar\u00f3wno w wymiarze ilo\u015bciowym, jak i jako\u015bciowym. Zosta\u0142o zaplanowane tak, aby stanowi\u0142o nie tylko diagnoz\u0119 stanu obecnego, ale przede wszystkim wskaz\u00f3wki dotycz\u0105ce przysz\u0142o\u015bci. Celem badania by\u0142o dotarcie do jak najwi\u0119kszej liczby&#8230;<\/p>\n\t\t\t\t\t\t<\/div><!-- .entry-summary -->\n\t\t\t\t\t<\/div><!-- wp-show-posts-inner --><div class=\"wpsp-clear\"><\/div><\/article><article class=\" wp-show-posts-single wpsp-clearfix post-24382 post type-post status-publish format-standard hentry category-aktualnosci category-badania_ogolnopolskie_pops\" itemtype=\"http:\/\/schema.org\/CreativeWork\" itemscope><div class=\"wp-show-posts-inner\" style=\"\"><!--MY EDIT\n\t\t\t\t\t\t<header class=\"wp-show-posts-entry-header\">\n-->\n\t\t\t\t\t\t\t<h3 class=\"wp-show-posts-entry-title\" itemprop=\"headline\"><a href=\"https:\/\/rops-bialystok.pl\/fers\/2024\/11\/12\/zapraszamy-do-zapoznania-sie-z-wynikami-ogolnopolskiego-badania-liczby-osob-bezdomnych-edycja-2024\/\" rel=\"bookmark\">Zapraszamy do zapoznania si\u0119 z Wynikami Og\u00f3lnopolskiego badania liczby os\u00f3b bezdomnych \u2013 Edycja 2024<\/a><\/h3><div class=\"wp-show-posts-entry-meta wp-show-posts-entry-meta-below-title post-meta-inline\"><span class=\"wp-show-posts-posted-on wp-show-posts-meta\">\n\t\t\t\t\t<time class=\"wp-show-posts-entry-date published\" datetime=\"2024-11-12T14:38:08+01:00\" itemprop=\"datePublished\">2024-11-12<\/time>\n\t\t\t\t<\/span><\/div><!--MY EDIT\n\t\t\t\t\t\t<\/header>\n-->\n\t\t\t\t\t\t<!-- .entry-header -->\n<!--\n-->\n\t\t\t\t\t\t\t\t\t\t\t<div class=\"wp-show-posts-entry-summary\" itemprop=\"text\">\n\t\t\t\t\t\t\t<p>Podsumowanie sz\u00f3stego Og\u00f3lnopolskiego badania liczby os\u00f3b bezdomnych W nocy z 28 na 29 lutego 2024 r. po raz sz\u00f3sty przeprowadzono Og\u00f3lnopolskie badanie liczby os\u00f3b bezdomnych, kt\u00f3rego realizacja koordynowana by\u0142a przez Ministerstwo Rodziny, Pracy i Polityki Spo\u0142ecznej. Dane zebrane z poziomu gmin zosta\u0142y wprowadzone do Centralnej Aplikacji Statystycznej (CAS) i nast\u0119pnie zagregowane na poziomie wojew\u00f3dztw oraz krajowym. Ministerstwo posiada dost\u0119p do&#8230;<\/p>\n\t\t\t\t\t\t<\/div><!-- .entry-summary -->\n\t\t\t\t\t<\/div><!-- wp-show-posts-inner --><div class=\"wpsp-clear\"><\/div><\/article><article class=\" wp-show-posts-single wpsp-clearfix post-22576 post type-post status-publish format-standard hentry category-aktualnosci category-badania_ogolnopolskie_pops category-wpisy_fers\" itemtype=\"http:\/\/schema.org\/CreativeWork\" itemscope><div class=\"wp-show-posts-inner\" style=\"\"><!--MY EDIT\n\t\t\t\t\t\t<header class=\"wp-show-posts-entry-header\">\n-->\n\t\t\t\t\t\t\t<h3 class=\"wp-show-posts-entry-title\" itemprop=\"headline\"><a href=\"https:\/\/rops-bialystok.pl\/fers\/2024\/06\/11\/raport-pt-deinstytucjonalizacja-w-polityce-spolecznej-szanse-i-zagrozenia\/\" rel=\"bookmark\">Raport pt. \u201eDeinstytucjonalizacja w polityce spo\u0142ecznej szanse i zagro\u017cenia\u201d.<\/a><\/h3><div class=\"wp-show-posts-entry-meta wp-show-posts-entry-meta-below-title post-meta-inline\"><span class=\"wp-show-posts-posted-on wp-show-posts-meta\">\n\t\t\t\t\t<time class=\"wp-show-posts-entry-date published\" datetime=\"2024-06-11T10:20:40+02:00\" itemprop=\"datePublished\">2024-06-11<\/time>\n\t\t\t\t<\/span><\/div><!--MY EDIT\n\t\t\t\t\t\t<\/header>\n-->\n\t\t\t\t\t\t<!-- .entry-header -->\n<!--\n-->\n\t\t\t\t\t\t\t\t\t\t\t<div class=\"wp-show-posts-entry-summary\" itemprop=\"text\">\n\t\t\t\t\t\t\t<p>Zapraszamy do zapoznania si\u0119 z poni\u017csz\u0105 publikacj\u0105 pt. \u201eDeinstytucjonalizacja w polityce spo\u0142ecznej szanse i zagro\u017cenia\u201d. Opracowanie te ma na celu przybli\u017cenie procesu zmian w obr\u0119bie us\u0142ug spo\u0142ecznych, kt\u00f3re mia\u0142yby mie\u0107 w przysz\u0142o\u015bci mniej zinstytucjonalizowany charakter. Publikacja ta sk\u0142ada si\u0119 z dw\u00f3ch cz\u0119\u015bci. Pierwsza cz\u0119\u015b\u0107 dotyczy teoretycznych i organizacyjnych uwarunkowa\u0144 deinstytucjonalizacji w polityce spo\u0142ecznej. Druga stanowi o mi\u0119dzynarodowych i krajowych do\u015bwiadczeniach&#8230;<\/p>\n\t\t\t\t\t\t<\/div><!-- .entry-summary -->\n\t\t\t\t\t<\/div><!-- wp-show-posts-inner --><div class=\"wpsp-clear\"><\/div><\/article><article class=\" wp-show-posts-single wpsp-clearfix post-22573 post type-post status-publish format-standard hentry category-aktualnosci category-badania_ogolnopolskie_pops category-wpisy_fers\" itemtype=\"http:\/\/schema.org\/CreativeWork\" itemscope><div class=\"wp-show-posts-inner\" style=\"\"><!--MY EDIT\n\t\t\t\t\t\t<header class=\"wp-show-posts-entry-header\">\n-->\n\t\t\t\t\t\t\t<h3 class=\"wp-show-posts-entry-title\" itemprop=\"headline\"><a href=\"https:\/\/rops-bialystok.pl\/fers\/2024\/06\/11\/raport-pn-deinstytucjonlizacja-polityk-publicznych-a-wojna-w-ukrainie-i-wyzwania-migracyjne-w-polsce\/\" rel=\"bookmark\">Raport pn. \u201eDeinstytucjonlizacja polityk publicznych a wojna w Ukrainie i wyzwania migracyjne w Polsce\u201d.<\/a><\/h3><div class=\"wp-show-posts-entry-meta wp-show-posts-entry-meta-below-title post-meta-inline\"><span class=\"wp-show-posts-posted-on wp-show-posts-meta\">\n\t\t\t\t\t<time class=\"wp-show-posts-entry-date published\" datetime=\"2024-06-11T10:18:32+02:00\" itemprop=\"datePublished\">2024-06-11<\/time>\n\t\t\t\t<\/span><\/div><!--MY EDIT\n\t\t\t\t\t\t<\/header>\n-->\n\t\t\t\t\t\t<!-- .entry-header -->\n<!--\n-->\n\t\t\t\t\t\t\t\t\t\t\t<div class=\"wp-show-posts-entry-summary\" itemprop=\"text\">\n\t\t\t\t\t\t\t<p>Udost\u0119pniamy Pa\u0144stwu raport pt. \u201eDeinstytucjonalizacja polityk publicznych a wojna w Ukrainie i wyzwania migracyjne w Polsce\u201d. Publikacja jest zbiorem kr\u00f3tkich opracowa\u0144 w kontek\u015bcie deinstytucjonalizacji polityk publicznych, problemu adaptacji dzieci ukrai\u0144skich w spo\u0142ecze\u0144stwie polskim, wojny na Ukrainie i zwi\u0105zanych z tym wyzwa\u0144 migracyjnych. Raport sk\u0142ada si\u0119 z czterech blok\u00f3w tematycznych \u2013 w pierwszym z nich zaprezentowano genez\u0119 i g\u0142\u00f3wne kierunki deinstytucjonalizacji&#8230;<\/p>\n\t\t\t\t\t\t<\/div><!-- .entry-summary -->\n\t\t\t\t\t<\/div><!-- wp-show-posts-inner --><div class=\"wpsp-clear\"><\/div><\/article><article class=\" wp-show-posts-single wpsp-clearfix post-22570 post type-post status-publish format-standard hentry category-aktualnosci category-badania_ogolnopolskie_pops category-wpisy_fers\" itemtype=\"http:\/\/schema.org\/CreativeWork\" itemscope><div class=\"wp-show-posts-inner\" style=\"\"><!--MY EDIT\n\t\t\t\t\t\t<header class=\"wp-show-posts-entry-header\">\n-->\n\t\t\t\t\t\t\t<h3 class=\"wp-show-posts-entry-title\" itemprop=\"headline\"><a href=\"https:\/\/rops-bialystok.pl\/fers\/2024\/06\/11\/raport-pn-ogolnopolska-diagnoza-w-zakresie-deinstytucjonalizacji-uslug-spolecznych-na-terenie-16-wojewodztw-polski\/\" rel=\"bookmark\">Raport pn. \u201eOg\u00f3lnopolska diagnoza w zakresie deinstytucjonalizacji us\u0142ug spo\u0142ecznych na terenie 16 wojew\u00f3dztw Polski\u201d.<\/a><\/h3><div class=\"wp-show-posts-entry-meta wp-show-posts-entry-meta-below-title post-meta-inline\"><span class=\"wp-show-posts-posted-on wp-show-posts-meta\">\n\t\t\t\t\t<time class=\"wp-show-posts-entry-date published\" datetime=\"2024-06-11T10:11:43+02:00\" itemprop=\"datePublished\">2024-06-11<\/time>\n\t\t\t\t<\/span><\/div><!--MY EDIT\n\t\t\t\t\t\t<\/header>\n-->\n\t\t\t\t\t\t<!-- .entry-header -->\n<!--\n-->\n\t\t\t\t\t\t\t\t\t\t\t<div class=\"wp-show-posts-entry-summary\" itemprop=\"text\">\n\t\t\t\t\t\t\t<p>Udost\u0119pniamy Pa\u0144stwu raport nt. \u201eOg\u00f3lnopolska diagnoza w zakresie deinstytucjonalizacji us\u0142ug spo\u0142ecznych na terenie 16 wojew\u00f3dztw Polski\u201d. G\u0142\u00f3wnym celem ww. badania by\u0142o okre\u015blenie stopnia przygotowania i potencja\u0142u instytucji pomocy spo\u0142ecznej do realizacji procesu deinstytucjonalizacji, a tak\u017ce okre\u015blenie czynnik\u00f3w i warunk\u00f3w wp\u0142ywaj\u0105cych na skuteczno\u015b\u0107 tego wdra\u017cania. Ponadto analiza ta zawiera rekomendacje i zalecenia, jak skutecznie przeprowadzi\u0107 ten proces. Diagnoza zosta\u0142a przeprowadzona, w&#8230;<\/p>\n\t\t\t\t\t\t<\/div><!-- .entry-summary -->\n\t\t\t\t\t<\/div><!-- wp-show-posts-inner --><div class=\"wpsp-clear\"><\/div><\/article><\/section><!-- .wp-show-posts -->\n","protected":false},"excerpt":{"rendered":"","protected":false},"author":1,"featured_media":0,"parent":0,"menu_order":0,"comment_status":"closed","ping_status":"closed","template":"","meta":{"footnotes":""},"class_list":["post-22625","page","type-page","status-publish","hentry"],"_links":{"self":[{"href":"https:\/\/rops-bialystok.pl\/fers\/wp-json\/wp\/v2\/pages\/22625","targetHints":{"allow":["GET"]}}],"collection":[{"href":"https:\/\/rops-bialystok.pl\/fers\/wp-json\/wp\/v2\/pages"}],"about":[{"href":"https:\/\/rops-bialystok.pl\/fers\/wp-json\/wp\/v2\/types\/page"}],"author":[{"embeddable":true,"href":"https:\/\/rops-bialystok.pl\/fers\/wp-json\/wp\/v2\/users\/1"}],"replies":[{"embeddable":true,"href":"https:\/\/rops-bialystok.pl\/fers\/wp-json\/wp\/v2\/comments?post=22625"}],"version-history":[{"count":2,"href":"https:\/\/rops-bialystok.pl\/fers\/wp-json\/wp\/v2\/pages\/22625\/revisions"}],"predecessor-version":[{"id":23602,"href":"https:\/\/rops-bialystok.pl\/fers\/wp-json\/wp\/v2\/pages\/22625\/revisions\/23602"}],"wp:attachment":[{"href":"https:\/\/rops-bialystok.pl\/fers\/wp-json\/wp\/v2\/media?parent=22625"}],"curies":[{"name":"wp","href":"https:\/\/api.w.org\/{rel}","templated":true}]}}