{"id":22627,"date":"2024-07-03T13:00:13","date_gmt":"2024-07-03T11:00:13","guid":{"rendered":"https:\/\/rops-bialystok.pl\/rops\/?page_id=22627"},"modified":"2024-08-06T09:33:50","modified_gmt":"2024-08-06T07:33:50","slug":"monitoringi","status":"publish","type":"page","link":"https:\/\/rops-bialystok.pl\/fers\/monitoringi\/","title":{"rendered":"Monitoringi"},"content":{"rendered":"<style>.wp-show-posts-columns#wpsp-23824 {margin-left: -2em; }.wp-show-posts-columns#wpsp-23824 .wp-show-posts-inner {margin: 0 0 2em 2em; }<\/style><section id=\"wpsp-23824\" class=\" wp-show-posts\" style=\"\"><article class=\" wp-show-posts-single wpsp-clearfix post-26439 post type-post status-publish format-standard hentry category-aktualnosci category-monitoringi_pops category-wpisy_fers\" itemtype=\"http:\/\/schema.org\/CreativeWork\" itemscope><div class=\"wp-show-posts-inner\" style=\"\"><!--MY EDIT\n\t\t\t\t\t\t<header class=\"wp-show-posts-entry-header\">\n-->\n\t\t\t\t\t\t\t<h3 class=\"wp-show-posts-entry-title\" itemprop=\"headline\"><a href=\"https:\/\/rops-bialystok.pl\/fers\/2025\/12\/01\/diagnoza-obszarow-objetych-regionalnym-planem-rozwoju-uslug-i-deinstytucjonalizacji-dla-wojewodztwa-podlaskiego\/\" rel=\"bookmark\">Diagnoza obszar\u00f3w obj\u0119tych Regionalnym Planem Rozwoju Us\u0142ug i Deinstytucjonalizacji dla wojew\u00f3dztwa podlaskiego<\/a><\/h3><div class=\"wp-show-posts-entry-meta wp-show-posts-entry-meta-below-title post-meta-inline\"><span class=\"wp-show-posts-posted-on wp-show-posts-meta\">\n\t\t\t\t\t<time class=\"wp-show-posts-entry-date published\" datetime=\"2025-12-01T12:17:32+01:00\" itemprop=\"datePublished\">2025-12-01<\/time>\n\t\t\t\t<\/span><\/div><!--MY EDIT\n\t\t\t\t\t\t<\/header>\n-->\n\t\t\t\t\t\t<!-- .entry-header -->\n<!--\n-->\n\t\t\t\t\t\t\t\t\t\t\t<div class=\"wp-show-posts-entry-summary\" itemprop=\"text\">\n\t\t\t\t\t\t\t<p>Diagnoza Regionalnego Planu Rozwoju Us\u0142ug i Deinstytucjonalizacji dla wojew\u00f3dztwa podlaskiego dotyczy 5 g\u0142\u00f3wnych obszar\u00f3w, m.in. osoby starsze, osoby w kryzysie bezdomno\u015bci, rodzina i dzieci z niepe\u0142nosprawno\u015bciami, osoby w kryzysie zdrowia psychicznego oraz osoby z niepe\u0142nosprawno\u015bciami. Osoby zainteresowane przedmiotowym tematem zapraszamy do zapoznania si\u0119 z niniejsz\u0105 diagnoz\u0105. &nbsp; W za\u0142\u0105czeniu: RPDI Diagnoza obszar\u00f3w [.PDF] RPDI Diagnoza obszar\u00f3w [.DOCX]<\/p>\n\t\t\t\t\t\t<\/div><!-- .entry-summary -->\n\t\t\t\t\t<\/div><!-- wp-show-posts-inner --><div class=\"wpsp-clear\"><\/div><\/article><article class=\" wp-show-posts-single wpsp-clearfix post-26434 post type-post status-publish format-standard hentry category-aktualnosci category-monitoringi_pops category-wpisy_fers\" itemtype=\"http:\/\/schema.org\/CreativeWork\" itemscope><div class=\"wp-show-posts-inner\" style=\"\"><!--MY EDIT\n\t\t\t\t\t\t<header class=\"wp-show-posts-entry-header\">\n-->\n\t\t\t\t\t\t\t<h3 class=\"wp-show-posts-entry-title\" itemprop=\"headline\"><a href=\"https:\/\/rops-bialystok.pl\/fers\/2025\/12\/01\/monitoring-regionalnego-planu-rozwoju-uslug-spolecznych-i-deinstytucjonalizacji-w-wojewodztwie-podlaskim-na-lata-2023-2025\/\" rel=\"bookmark\">Monitoring Regionalnego Planu Rozwoju Us\u0142ug Spo\u0142ecznych i Deinstytucjonalizacji  w Wojew\u00f3dztwie Podlaskim na lata 2023-2025<\/a><\/h3><div class=\"wp-show-posts-entry-meta wp-show-posts-entry-meta-below-title post-meta-inline\"><span class=\"wp-show-posts-posted-on wp-show-posts-meta\">\n\t\t\t\t\t<time class=\"wp-show-posts-entry-date published\" datetime=\"2025-12-01T12:15:49+01:00\" itemprop=\"datePublished\">2025-12-01<\/time>\n\t\t\t\t<\/span><\/div><!--MY EDIT\n\t\t\t\t\t\t<\/header>\n-->\n\t\t\t\t\t\t<!-- .entry-header -->\n<!--\n-->\n\t\t\t\t\t\t\t\t\t\t\t<div class=\"wp-show-posts-entry-summary\" itemprop=\"text\">\n\t\t\t\t\t\t\t<p>Regionalny Plan Rozwoju Us\u0142ug Spo\u0142ecznych i Deinstytucjonalizacji w wojew\u00f3dztwie podlaskim na lata 2023-2025 (RPDI), zosta\u0142 przyj\u0119ty Uchwa\u0142\u0105 Zarz\u0105du Wojew\u00f3dztwa Podlaskiego nr 351\/6719\/2023 w dniu 6 lipca 2023 r. Dokument ten wskazuje kluczowe obszary, wymagaj\u0105ce interwencji w zakresie rozwoju us\u0142ug spo\u0142ecznych na terenie wojew\u00f3dztwa podlaskiego. Osoby zainteresowane przedmiotowym tematem zapraszamy do zapoznania si\u0119 z niniejszym materia\u0142em. &nbsp; W za\u0142\u0105czeniu: Monitoring RPDI&#8230;<\/p>\n\t\t\t\t\t\t<\/div><!-- .entry-summary -->\n\t\t\t\t\t<\/div><!-- wp-show-posts-inner --><div class=\"wpsp-clear\"><\/div><\/article><article class=\" wp-show-posts-single wpsp-clearfix post-26368 post type-post status-publish format-standard hentry category-aktualnosci category-aktualnosci_es category-monitoringi_pops category-wpisy_fers\" itemtype=\"http:\/\/schema.org\/CreativeWork\" itemscope><div class=\"wp-show-posts-inner\" style=\"\"><!--MY EDIT\n\t\t\t\t\t\t<header class=\"wp-show-posts-entry-header\">\n-->\n\t\t\t\t\t\t\t<h3 class=\"wp-show-posts-entry-title\" itemprop=\"headline\"><a href=\"https:\/\/rops-bialystok.pl\/fers\/2025\/11\/20\/monitoring-wieloletniego-programu-rozwoju-ekonomii-spolecznej-w-wojewodztwie-podlaskim-do-roku-2027-ekonomia-solidarnosci-spolecznej-za-rok-2024\/\" rel=\"bookmark\">Monitoring Wieloletniego Programu Rozwoju Ekonomii Spo\u0142ecznej w wojew\u00f3dztwie podlaskim do roku 2027. Ekonomia Solidarno\u015bci Spo\u0142ecznej za rok 2024.<\/a><\/h3><div class=\"wp-show-posts-entry-meta wp-show-posts-entry-meta-below-title post-meta-inline\"><span class=\"wp-show-posts-posted-on wp-show-posts-meta\">\n\t\t\t\t\t<time class=\"wp-show-posts-entry-date published\" datetime=\"2025-11-20T14:39:05+01:00\" itemprop=\"datePublished\">2025-11-20<\/time>\n\t\t\t\t<\/span><\/div><!--MY EDIT\n\t\t\t\t\t\t<\/header>\n-->\n\t\t\t\t\t\t<!-- .entry-header -->\n<!--\n-->\n\t\t\t\t\t\t\t\t\t\t\t<div class=\"wp-show-posts-entry-summary\" itemprop=\"text\">\n\t\t\t\t\t\t\t<p>W dniu 20 pa\u017adziernika 2025 r. Zarz\u0105d Wojew\u00f3dztwa Podlaskiego przyj\u0105\u0142 informacj\u0119 dotycz\u0105c\u0105\u00a0Monitoringu Wieloletniego Programu Rozwoju Ekonomii Spo\u0142ecznej w wojew\u00f3dztwie podlaskim do roku 2027. Ekonomia Solidarno\u015bci Spo\u0142ecznej za rok 2024. Dokument ten zosta\u0142 opracowany w ramach realizowanego przez Regionalny O\u015brodek Polityki Spo\u0142ecznej w Bia\u0142ymstoku projektu pn. \u201eKoordynacja dzia\u0142a\u0144 w zakresie polityki spo\u0142ecznej w wojew\u00f3dztwie podlaskim\u201d w ramach Dzia\u0142ania 04.13: Wysokiej jako\u015bci&#8230;<\/p>\n\t\t\t\t\t\t<\/div><!-- .entry-summary -->\n\t\t\t\t\t<\/div><!-- wp-show-posts-inner --><div class=\"wpsp-clear\"><\/div><\/article><article class=\" wp-show-posts-single wpsp-clearfix post-22640 post type-post status-publish format-standard hentry category-aktualnosci category-aktualnosci_es category-monitoringi_pops category-wpisy_fers\" itemtype=\"http:\/\/schema.org\/CreativeWork\" itemscope><div class=\"wp-show-posts-inner\" style=\"\"><!--MY EDIT\n\t\t\t\t\t\t<header class=\"wp-show-posts-entry-header\">\n-->\n\t\t\t\t\t\t\t<h3 class=\"wp-show-posts-entry-title\" itemprop=\"headline\"><a href=\"https:\/\/rops-bialystok.pl\/fers\/2024\/07\/03\/monitoring-wieloletniego-programu-rozwoju-ekonomii-spolecznej-w-wojewodztwie-podlaskim-do-roku-2027-ekonomia-solidarnosci-spolecznej-za-rok-2023\/\" rel=\"bookmark\">Monitoring Wieloletniego Programu Rozwoju Ekonomii Spo\u0142ecznej w wojew\u00f3dztwie podlaskim do roku 2027. Ekonomia Solidarno\u015bci Spo\u0142ecznej za rok 2023.<\/a><\/h3><div class=\"wp-show-posts-entry-meta wp-show-posts-entry-meta-below-title post-meta-inline\"><span class=\"wp-show-posts-posted-on wp-show-posts-meta\">\n\t\t\t\t\t<time class=\"wp-show-posts-entry-date published\" datetime=\"2024-07-03T13:07:14+02:00\" itemprop=\"datePublished\">2024-07-03<\/time>\n\t\t\t\t<\/span><\/div><!--MY EDIT\n\t\t\t\t\t\t<\/header>\n-->\n\t\t\t\t\t\t<!-- .entry-header -->\n<!--\n-->\n\t\t\t\t\t\t\t\t\t\t\t<div class=\"wp-show-posts-entry-summary\" itemprop=\"text\">\n\t\t\t\t\t\t\t<p>W dniu 24 czerwca 2024 r. Zarz\u0105d Wojew\u00f3dztwa Podlaskiego przyj\u0105\u0142 informacj\u0119 dotycz\u0105c\u0105 Monitoringu Wieloletniego Programu Rozwoju Ekonomii Spo\u0142ecznej w wojew\u00f3dztwie podlaskim do roku 2027. Ekonomia Solidarno\u015bci Spo\u0142ecznej za rok 2023. Dokument ten zosta\u0142 opracowany w ramach realizowanego przez Regionalny O\u015brodek Polityki Spo\u0142ecznej w Bia\u0142ymstoku projektu pn. \u201eKoordynacja dzia\u0142a\u0144 w zakresie polityki spo\u0142ecznej w wojew\u00f3dztwie podlaskim\u201d w ramach Dzia\u0142ania 04.13: Wysokiej&#8230;<\/p>\n\t\t\t\t\t\t<\/div><!-- .entry-summary -->\n\t\t\t\t\t<\/div><!-- wp-show-posts-inner --><div class=\"wpsp-clear\"><\/div><\/article><\/section><!-- .wp-show-posts --><!-- --><\/p>\n","protected":false},"excerpt":{"rendered":"","protected":false},"author":1,"featured_media":0,"parent":0,"menu_order":0,"comment_status":"closed","ping_status":"closed","template":"","meta":{"footnotes":""},"class_list":["post-22627","page","type-page","status-publish","hentry"],"_links":{"self":[{"href":"https:\/\/rops-bialystok.pl\/fers\/wp-json\/wp\/v2\/pages\/22627","targetHints":{"allow":["GET"]}}],"collection":[{"href":"https:\/\/rops-bialystok.pl\/fers\/wp-json\/wp\/v2\/pages"}],"about":[{"href":"https:\/\/rops-bialystok.pl\/fers\/wp-json\/wp\/v2\/types\/page"}],"author":[{"embeddable":true,"href":"https:\/\/rops-bialystok.pl\/fers\/wp-json\/wp\/v2\/users\/1"}],"replies":[{"embeddable":true,"href":"https:\/\/rops-bialystok.pl\/fers\/wp-json\/wp\/v2\/comments?post=22627"}],"version-history":[{"count":19,"href":"https:\/\/rops-bialystok.pl\/fers\/wp-json\/wp\/v2\/pages\/22627\/revisions"}],"predecessor-version":[{"id":23893,"href":"https:\/\/rops-bialystok.pl\/fers\/wp-json\/wp\/v2\/pages\/22627\/revisions\/23893"}],"wp:attachment":[{"href":"https:\/\/rops-bialystok.pl\/fers\/wp-json\/wp\/v2\/media?parent=22627"}],"curies":[{"name":"wp","href":"https:\/\/api.w.org\/{rel}","templated":true}]}}