{"id":22629,"date":"2024-07-03T13:00:27","date_gmt":"2024-07-03T11:00:27","guid":{"rendered":"https:\/\/rops-bialystok.pl\/rops\/?page_id=22629"},"modified":"2025-09-18T12:37:03","modified_gmt":"2025-09-18T10:37:03","slug":"koszyk-uslug","status":"publish","type":"page","link":"https:\/\/rops-bialystok.pl\/fers\/koszyk-uslug\/","title":{"rendered":"Koszyk Us\u0142ug Spo\u0142ecznych \u2013 Wsparcie dost\u0119pno\u015bci us\u0142ug spo\u0142ecznych w wojew\u00f3dztwie podlaskim"},"content":{"rendered":"<p>Jednym z kluczowych element\u00f3w projektu \u201eKoordynacja dzia\u0142a\u0144 w zakresie polityki spo\u0142ecznej w wojew\u00f3dztwie podlaskim\u201d realizowanego przez Regionalny O\u015brodek Polityki Spo\u0142ecznej w Bia\u0142ymstoku jest poprawa dost\u0119pno\u015bci oraz efektywno\u015bci us\u0142ug spo\u0142ecznych w regionie. W ramach tego projektu, zlecono Federacji Organizacji Pozarz\u0105dowych Miasta Bia\u0142ystok realizacj\u0119 us\u0142ugi zwi\u0105zanej z obs\u0142ug\u0105 platformy Koszyk Us\u0142ug Spo\u0142ecznych.<\/p>\n<p>Koszyk Us\u0142ug Spo\u0142ecznych to nowoczesne narz\u0119dzie, kt\u00f3re pozwala na szybkie i wygodne wyszukiwanie odpowiednich us\u0142ug spo\u0142ecznych na poziomie lokalnym. Dzi\u0119ki platformie, mieszka\u0144cy wojew\u00f3dztwa podlaskiego zyskaj\u0105 \u0142atwiejszy dost\u0119p do szerokiego wachlarza us\u0142ug wspieraj\u0105cych ich w codziennym \u017cyciu.<\/p>\n<p>Celem platformy jest zapewnienie rzetelnej i bie\u017c\u0105cej bazy danych poprzez regularn\u0105 aktualizacj\u0119 oraz dodawanie nowych us\u0142ug.<\/p>\n<p>Platforma \u201eKoszyk Us\u0142ug Spo\u0142ecznych\u201d jest dost\u0119pna pod adresem: <a href=\"https:\/\/koszykuslugspolecznych.pl\/\">Koszyk Us\u0142ug Spo\u0142ecznych (https:\/\/koszykuslugspolecznych.pl\/)<\/a><\/p>\n<p>Dzi\u0119ki realizacji projektu, mieszka\u0144cy wojew\u00f3dztwa podlaskiego zyskaj\u0105 \u0142atwiejszy dost\u0119p do us\u0142ug, kt\u00f3re b\u0119d\u0105 wspiera\u0142y ich w codziennym \u017cyciu oraz u\u0142atwi\u0105 korzystanie z pomocy w zakresie w\u0142\u0105czenia spo\u0142ecznego.<\/p>\n<p>Aktualizacja platformy interaktywnej dotycz\u0105cej dost\u0119pno\u015bci us\u0142ug spo\u0142ecznych w wojew\u00f3dztwie podlaskim realizowana jest w ramach projektu: \u201eKoordynacja dzia\u0142a\u0144 w zakresie polityki spo\u0142ecznej w wojew\u00f3dztwie podlaskim\u201d Dzia\u0142anie 04.13: Wysokiej jako\u015bci system w\u0142\u0105czenia spo\u0142ecznego, Programu Fundusze Europejskie dla Rozwoju Spo\u0142ecznego 2021-2027 (FERS), wsp\u00f3\u0142finansowanego ze \u015brodk\u00f3w Europejskiego Funduszu Spo\u0142ecznego Plus, w ramach typu projekt\u00f3w pn. Dzia\u0142ania ROPS w zakresie us\u0142ug spo\u0142ecznych, pomocy spo\u0142ecznej, ES i aktywnej integracji, s\u0142u\u017c\u0105ce w\u0142\u0105czeniu spo\u0142ecznemu, realizowane na poziomie wojew\u00f3dzkim.<\/p>\n","protected":false},"excerpt":{"rendered":"<p>Jednym z kluczowych element\u00f3w projektu \u201eKoordynacja dzia\u0142a\u0144 w zakresie polityki spo\u0142ecznej w wojew\u00f3dztwie podlaskim\u201d realizowanego przez Regionalny O\u015brodek Polityki Spo\u0142ecznej w Bia\u0142ymstoku jest poprawa dost\u0119pno\u015bci oraz efektywno\u015bci us\u0142ug spo\u0142ecznych w regionie. W ramach tego projektu, zlecono Federacji Organizacji Pozarz\u0105dowych Miasta Bia\u0142ystok realizacj\u0119 us\u0142ugi zwi\u0105zanej z obs\u0142ug\u0105 platformy Koszyk Us\u0142ug Spo\u0142ecznych. Koszyk Us\u0142ug Spo\u0142ecznych to nowoczesne &hellip; <a href=\"https:\/\/rops-bialystok.pl\/fers\/koszyk-uslug\/\" class=\"more-link\">Continue reading<span class=\"screen-reader-text\"> &#8222;Koszyk Us\u0142ug Spo\u0142ecznych \u2013 Wsparcie dost\u0119pno\u015bci us\u0142ug spo\u0142ecznych w wojew\u00f3dztwie podlaskim&#8221;<\/span><\/a><\/p>\n","protected":false},"author":1,"featured_media":0,"parent":0,"menu_order":0,"comment_status":"closed","ping_status":"closed","template":"","meta":{"footnotes":""},"class_list":["post-22629","page","type-page","status-publish","hentry"],"_links":{"self":[{"href":"https:\/\/rops-bialystok.pl\/fers\/wp-json\/wp\/v2\/pages\/22629","targetHints":{"allow":["GET"]}}],"collection":[{"href":"https:\/\/rops-bialystok.pl\/fers\/wp-json\/wp\/v2\/pages"}],"about":[{"href":"https:\/\/rops-bialystok.pl\/fers\/wp-json\/wp\/v2\/types\/page"}],"author":[{"embeddable":true,"href":"https:\/\/rops-bialystok.pl\/fers\/wp-json\/wp\/v2\/users\/1"}],"replies":[{"embeddable":true,"href":"https:\/\/rops-bialystok.pl\/fers\/wp-json\/wp\/v2\/comments?post=22629"}],"version-history":[{"count":6,"href":"https:\/\/rops-bialystok.pl\/fers\/wp-json\/wp\/v2\/pages\/22629\/revisions"}],"predecessor-version":[{"id":25835,"href":"https:\/\/rops-bialystok.pl\/fers\/wp-json\/wp\/v2\/pages\/22629\/revisions\/25835"}],"wp:attachment":[{"href":"https:\/\/rops-bialystok.pl\/fers\/wp-json\/wp\/v2\/media?parent=22629"}],"curies":[{"name":"wp","href":"https:\/\/api.w.org\/{rel}","templated":true}]}}