{"id":22631,"date":"2024-07-03T13:00:42","date_gmt":"2024-07-03T11:00:42","guid":{"rendered":"https:\/\/rops-bialystok.pl\/rops\/?page_id=22631"},"modified":"2025-07-28T11:04:58","modified_gmt":"2025-07-28T09:04:58","slug":"zasoby-instytucjonalne","status":"publish","type":"page","link":"https:\/\/rops-bialystok.pl\/fers\/zasoby-instytucjonalne\/","title":{"rendered":"Zasoby instytucjonalne"},"content":{"rendered":"\n    \n    <section class=\"u-clearfix u-section-2\" id=\"block-1\">\n      <div class=\"u-clearfix u-sheet u-sheet-1\">\n        <h2 class=\"u-text u-text-1\"> Podlaskie Obserwatorium Polityki Spo\u0142ecznej<\/h2>\n        <h3 class=\"u-text u-text-2\"> Zasoby Instytucjonalne<\/h3>\n        <div class=\"data-layout-selected u-clearfix u-expanded-width u-gutter-30 u-layout-wrap u-layout-wrap-1\">\n          <div class=\"u-gutter-0 u-layout\">\n            <div class=\"u-layout-col\">\n              <div class=\"u-size-15\">\n                <div class=\"u-layout-row\">\n                  <div class=\"u-container-style u-layout-cell u-radius u-shape-round u-size-20 u-layout-cell-1\">\n                    <div class=\"u-container-layout u-container-layout-1\">\n                      <div class=\"u-clearfix u-custom-html u-expanded-width u-custom-html-1\">\n                        <style> \/*@media (max-width: 767px) {*\/\n    .u-section-2 .u-layout-wrap-1 {\n        \tmargin-bottom: 0;\n    \t}\n\t\/*}*\/\n\t\n\t\/*@media (max-width: 991px) {*\/\n\t\t.u-section-2 .u-custom-html,\n\t\t.u-section-2 .u-layout-cell {\n\t\t\tmin-height: auto;\n\t\t\twidth: auto;\n\t\t\t--radius: 20px;\n\t\t\ttext-align: center;\n\t\t}\n\t\/*}*\/\n\t\n\t.u-section-2 .u-gutter-30 .u-layout {\n    \tmargin: 0;\n\t}\n\t\n\t.u-section-2 .u-sheet-1 {\n\t\tmargin-bottom: 100px;\n\t\tmin-height: auto;\n\t}\n\t\n\t.u-section-2 .u-container-layout:hover {\n        text-decoration: underline;\n\t\tbackground-color: #d13e57;\n\t\ttransition: 0s;\n    }\n    .u-section-2 .u-container-layout:hover {\n        box-shadow: 6px 6px 22px 0 rgba(0, 0, 0, 0.5);\n        transition: 0.3s;\n    }\n    .u-section-2 .u-container-layout {\n        box-shadow: 5px 5px 15px 0 rgba(0, 0, 0, 0.2);\n        padding: 30px 20px 25px;\n\t\tbackground-color: #cb324c;\n\t\tcolor: #ffffff;\n    }\n\/*\n\t@media (min-width: 768px) and (max-width: 991px) {\n\t\t.u-section-2 .u-container-layout {\n\t\t\tpadding: 25px 5px 25px;\n\t\t}\n\t}\n*\/\n    .u-section-2 .u-container-layout:active {\n        text-decoration:none;\n    }\n\t\n\/*\n    .u-container-layout {\n        position: relative;\n        flex: 1;\n        max-width: 100%;\n        transition-duration: inherit;\n        color: \n    }\n*\/        \n    .u-section-2 .u-icon-1 {\n        height: 150px;\n        width: 150px;\n        background-image: none;\n        color: rgb(255, 255, 255) !important;\n        margin: 0 auto;\n        padding: 16px;\n    }\n\t\n\t.u-section-2 .u-custom-color-31v2 img {\n\t\tfilter: brightness(0) invert(1);\n\t}\n\t\n    u.section-2 .u-custom-color-31v2 {\n        color: #ffffff;\n    }\n\/*\n    .u-icon {\n        display: block;\n        line-height: 0;\n        border-width: 0px;\n    }\n*\/\n\t\n    .u-section-2 .u-text-3 {\n        font-size: 1.75rem;\n        text-transform: uppercase;\n        margin: 20px 0 20px 0;\n\t\tcolor: #ffffff;\n\t\tfont-weight: 700;\n    }\n\t\n\t@media (max-width: 991px) {\n\t\t.u-section-2 .u-text-3 {\n\t\t\tfont-size: 1.25rem;\n\t\t}\n\t}\n\/*\n    .u-section-2 .u-text-4 {\n        font-style: normal;\n        margin-top: 15px;\n    }\n*\/\n\t\t\t\t\t\t\t\n\t.u-section-2 .u-container-layout .u-custom-html a:hover{\n\ttext-decoration-color: #ffffff;\n} <\/style>\n                        <a href=\"\/fers\/placowki-wsparcia-dziennego\/\"><!--deleted class from span \"u-icon-rounded u-block-9f6f-186 u-block-9f6f-186 u-block-9f6f-197\"--><span class=\"u-custom-color-31v2 u-file-icon u-icon u-icon-1\" data-animation-name=\"\" data-animation-duration=\"0\" data-animation-delay=\"0\" data-animation-direction=\"\"><img decoding=\"async\" src=\"\/fers\/wp-content\/uploads\/2025\/07\/6946298.png\" alt=\"\"><\/span><!--deleted class from h4 \"u-block-9f6f-187 u-block-9f6f-187 u-block-9f6f-198\"-->\n                          <h4 class=\"u-text u-text-3\">Plac\u00f3wki wsparcia dziennego<\/h4>\n                        <\/a>\n                      <\/div>\n                    <\/div>\n                  <\/div>\n                  <div class=\"u-container-style u-layout-cell u-radius u-shape-round u-size-20 u-layout-cell-2\">\n                    <div class=\"u-container-layout u-container-layout-2\">\n                      <div class=\"u-clearfix u-custom-html u-expanded-width u-custom-html-2\">\n                        <a href=\"\/fers\/instytucje-pieczy-zastepczej\/\"><!--deleted class from span \"u-icon-rounded u-block-9f6f-186 u-block-9f6f-186 u-block-9f6f-197\"--><span class=\"u-custom-color-31v2 u-file-icon u-icon u-icon-1\" data-animation-name=\"\" data-animation-duration=\"0\" data-animation-delay=\"0\" data-animation-direction=\"\"><img decoding=\"async\" src=\"\/fers\/wp-content\/uploads\/2025\/07\/3010900.png\" alt=\"\"><\/span><!--deleted class from h4 \"u-block-9f6f-187 u-block-9f6f-187 u-block-9f6f-198\"-->\n                          <h4 class=\"u-text u-text-3\">Instytucje pieczy zast\u0119pczej<\/h4>\n                        <\/a>\n                      <\/div>\n                    <\/div>\n                  <\/div>\n                  <div class=\"u-container-style u-layout-cell u-radius u-shape-round u-size-20 u-layout-cell-3\">\n                    <div class=\"u-container-layout u-container-layout-3\">\n                      <div class=\"u-clearfix u-custom-html u-expanded-width u-custom-html-3\">\n                        <a href=\"\/fers\/uslugi-opiekuncze\/\"><!--deleted class from span \"u-icon-rounded u-block-9f6f-186 u-block-9f6f-186 u-block-9f6f-197\"--><span class=\"u-custom-color-31v2 u-file-icon u-icon u-icon-1\" data-animation-name=\"\" data-animation-duration=\"0\" data-animation-delay=\"0\" data-animation-direction=\"\"><img decoding=\"async\" src=\"\/fers\/wp-content\/uploads\/2025\/07\/3636495.png\" alt=\"\"><\/span><!--deleted class from h4 \"u-block-9f6f-187 u-block-9f6f-187 u-block-9f6f-198\"-->\n                          <h4 class=\"u-text u-text-3\">Us\u0142ugi opieku\u0144cze<\/h4>\n                        <\/a>\n                      <\/div>\n                    <\/div>\n                  <\/div>\n                <\/div>\n              <\/div>\n              <div class=\"u-size-15\">\n                <div class=\"u-layout-row\">\n                  <div class=\"u-container-style u-layout-cell u-radius u-shape-round u-size-20 u-layout-cell-4\">\n                    <div class=\"u-container-layout u-container-layout-4\">\n                      <div class=\"u-clearfix u-custom-html u-expanded-width u-custom-html-4\">\n                        <a href=\"\/fers\/kluby-seniora\/\"><!--deleted class from span \"u-icon-rounded u-block-9f6f-186 u-block-9f6f-186 u-block-9f6f-197\"--><span class=\"u-custom-color-31v2 u-file-icon u-icon u-icon-1\" data-animation-name=\"\" data-animation-duration=\"0\" data-animation-delay=\"0\" data-animation-direction=\"\"><img decoding=\"async\" src=\"\/fers\/wp-content\/uploads\/2025\/07\/3553851.png\" alt=\"\"><\/span><!--deleted class from h4 \"u-block-9f6f-187 u-block-9f6f-187 u-block-9f6f-198\"-->\n                          <h4 class=\"u-text u-text-3\">Kluby Seniora<\/h4>\n                        <\/a>\n                      <\/div>\n                    <\/div>\n                  <\/div>\n                  <div class=\"u-container-style u-layout-cell u-radius u-shape-round u-size-20 u-layout-cell-5\">\n                    <div class=\"u-container-layout u-container-layout-5\">\n                      <div class=\"u-clearfix u-custom-html u-expanded-width u-custom-html-5\">\n                        <a href=\"\/fers\/domy-pomocy-spolecznej\/\"><!--deleted class from span \"u-icon-rounded u-block-9f6f-186 u-block-9f6f-186 u-block-9f6f-197\"--><span class=\"u-custom-color-31v2 u-file-icon u-icon u-icon-1\" data-animation-name=\"\" data-animation-duration=\"0\" data-animation-delay=\"0\" data-animation-direction=\"\"><img decoding=\"async\" src=\"\/fers\/wp-content\/uploads\/2025\/07\/1189192.png\" alt=\"\"><\/span><!--deleted class from h4 \"u-block-9f6f-187 u-block-9f6f-187 u-block-9f6f-198\"-->\n                          <h4 class=\"u-text u-text-3\">Domy Pomocy Spo\u0142ecznej<\/h4>\n                        <\/a>\n                      <\/div>\n                    <\/div>\n                  <\/div>\n                  <div class=\"u-container-style u-layout-cell u-radius u-shape-round u-size-20 u-layout-cell-6\">\n                    <div class=\"u-container-layout u-container-layout-6\">\n                      <div class=\"u-clearfix u-custom-html u-expanded-width u-custom-html-6\">\n                        <a href=\"\/fers\/placowki-calodobowe\/\"><!--deleted class from span \"u-icon-rounded u-block-9f6f-186 u-block-9f6f-186 u-block-9f6f-197\"--><span class=\"u-custom-color-31v2 u-file-icon u-icon u-icon-1\" data-animation-name=\"\" data-animation-duration=\"0\" data-animation-delay=\"0\" data-animation-direction=\"\"><img decoding=\"async\" src=\"\/fers\/wp-content\/uploads\/2025\/07\/6966503.png\" alt=\"\"><\/span><!--deleted class from h4 \"u-block-9f6f-187 u-block-9f6f-187 u-block-9f6f-198\"-->\n                          <h4 class=\"u-text u-text-3\">Plac\u00f3wki ca\u0142odobowe<\/h4>\n                        <\/a>\n                      <\/div>\n                    <\/div>\n                  <\/div>\n                <\/div>\n              <\/div>\n              <div class=\"u-size-15\">\n                <div class=\"u-layout-row\">\n                  <div class=\"u-container-style u-layout-cell u-radius u-shape-round u-size-20 u-layout-cell-7\">\n                    <div class=\"u-container-layout u-container-layout-7\">\n                      <div class=\"u-clearfix u-custom-html u-expanded-width u-custom-html-7\">\n                        <a href=\"\/fers\/rodzinny-dom-pomocy\/\"><!--deleted class from span \"u-icon-rounded u-block-9f6f-186 u-block-9f6f-186 u-block-9f6f-197\"--><span class=\"u-custom-color-31v2 u-file-icon u-icon u-icon-1\" data-animation-name=\"\" data-animation-duration=\"0\" data-animation-delay=\"0\" data-animation-direction=\"\"><img decoding=\"async\" src=\"\/fers\/wp-content\/uploads\/2025\/07\/5255908.png\" alt=\"\"><\/span><!--deleted class from h4 \"u-block-9f6f-187 u-block-9f6f-187 u-block-9f6f-198\"-->\n                          <h4 class=\"u-text u-text-3\">Rodzinny Dom Pomocy<\/h4>\n                        <\/a>\n                      <\/div>\n                    <\/div>\n                  <\/div>\n                  <div class=\"u-container-style u-layout-cell u-radius u-shape-round u-size-20 u-layout-cell-8\">\n                    <div class=\"u-container-layout u-container-layout-8\">\n                      <div class=\"u-clearfix u-custom-html u-expanded-width u-custom-html-8\">\n                        <a href=\"\/fers\/mieszkania-treningowe-i-wspomagane\/\"><!--deleted class from span \"u-icon-rounded u-block-9f6f-186 u-block-9f6f-186 u-block-9f6f-197\"--><span class=\"u-custom-color-31v2 u-file-icon u-icon u-icon-1\" data-animation-name=\"\" data-animation-duration=\"0\" data-animation-delay=\"0\" data-animation-direction=\"\"><img decoding=\"async\" src=\"\/fers\/wp-content\/uploads\/2025\/07\/5303098.png\" alt=\"\"><\/span><!--deleted class from h4 \"u-block-9f6f-187 u-block-9f6f-187 u-block-9f6f-198\"-->\n                          <h4 class=\"u-text u-text-3\">Mieszkania treningowe i wspomagane<\/h4>\n                        <\/a>\n                      <\/div>\n                    <\/div>\n                  <\/div>\n                  <div class=\"u-container-style u-layout-cell u-radius u-shape-round u-size-20 u-layout-cell-9\">\n                    <div class=\"u-container-layout u-container-layout-9\">\n                      <div class=\"u-clearfix u-custom-html u-expanded-width u-custom-html-9\">\n                        <a href=\"\/fers\/opieka-wytchnieniowa\/\"><!--deleted class from span \"u-icon-rounded u-block-9f6f-186 u-block-9f6f-186 u-block-9f6f-197\"--><span class=\"u-custom-color-31v2 u-file-icon u-icon u-icon-1\" data-animation-name=\"\" data-animation-duration=\"0\" data-animation-delay=\"0\" data-animation-direction=\"\"><img decoding=\"async\" src=\"\/fers\/wp-content\/uploads\/2025\/07\/11009808.png\" alt=\"\"><\/span><!--deleted class from h4 \"u-block-9f6f-187 u-block-9f6f-187 u-block-9f6f-198\"-->\n                          <h4 class=\"u-text u-text-3\">Opieka wytchnieniowa<\/h4>\n                        <\/a>\n                      <\/div>\n                    <\/div>\n                  <\/div>\n                <\/div>\n              <\/div>\n              <div class=\"u-size-15\">\n                <div class=\"u-layout-row\">\n                  <div class=\"u-container-style u-layout-cell u-radius u-shape-round u-size-30 u-layout-cell-10\">\n                    <div class=\"u-container-layout u-container-layout-10\">\n                      <div class=\"u-clearfix u-custom-html u-expanded-width u-custom-html-10\">\n                        <a href=\"\/fers\/srodowiskowe-domy-samopomocy\/\"><!--deleted class from span \"u-icon-rounded u-block-9f6f-186 u-block-9f6f-186 u-block-9f6f-197\"--><span class=\"u-custom-color-31v2 u-file-icon u-icon u-icon-1\" data-animation-name=\"\" data-animation-duration=\"0\" data-animation-delay=\"0\" data-animation-direction=\"\"><img decoding=\"async\" src=\"\/fers\/wp-content\/uploads\/2025\/07\/3997728.png\" alt=\"\"><\/span><!--deleted class from h4 \"u-block-9f6f-187 u-block-9f6f-187 u-block-9f6f-198\"-->\n                          <h4 class=\"u-text u-text-3\">\u015arodowiskowe Domy Samopomocy<\/h4>\n                        <\/a>\n                      <\/div>\n                    <\/div>\n                  <\/div>\n                  <div class=\"u-container-style u-layout-cell u-radius u-shape-round u-size-30 u-layout-cell-11\">\n                    <div class=\"u-container-layout u-container-layout-11\">\n                      <div class=\"u-clearfix u-custom-html u-expanded-width u-custom-html-11\">\n                        <a href=\"\/fers\/centra-opiekunczo-mieszkalne\/\"><!--deleted class from span \"u-icon-rounded u-block-9f6f-186 u-block-9f6f-186 u-block-9f6f-197\"--><span class=\"u-custom-color-31v2 u-file-icon u-icon u-icon-1\" data-animation-name=\"\" data-animation-duration=\"0\" data-animation-delay=\"0\" data-animation-direction=\"\"><img decoding=\"async\" src=\"\/fers\/wp-content\/uploads\/2025\/07\/1006576.png\" alt=\"\"><\/span><!--deleted class from h4 \"u-block-9f6f-187 u-block-9f6f-187 u-block-9f6f-198\"-->\n                          <h4 class=\"u-text u-text-3\">Centra opieku\u0144czo-mieszkalne<\/h4>\n                        <\/a>\n                      <\/div>\n                    <\/div>\n                  <\/div>\n                <\/div>\n              <\/div>\n            <\/div>\n          <\/div>\n        <\/div>\n      <\/div>\n    <\/section>\n    \n    \n    \n  \n","protected":false},"excerpt":{"rendered":"<p>Podlaskie Obserwatorium Polityki Spo\u0142ecznej Zasoby Instytucjonalne Plac\u00f3wki wsparcia dziennego Instytucje pieczy zast\u0119pczej Us\u0142ugi opieku\u0144cze Kluby Seniora Domy Pomocy Spo\u0142ecznej Plac\u00f3wki ca\u0142odobowe Rodzinny Dom Pomocy Mieszkania treningowe i wspomagane Opieka wytchnieniowa \u015arodowiskowe Domy Samopomocy Centra opieku\u0144czo-mieszkalne<\/p>\n","protected":false},"author":1,"featured_media":0,"parent":0,"menu_order":0,"comment_status":"closed","ping_status":"closed","template":"","meta":{"footnotes":""},"class_list":["post-22631","page","type-page","status-publish","hentry"],"_links":{"self":[{"href":"https:\/\/rops-bialystok.pl\/fers\/wp-json\/wp\/v2\/pages\/22631","targetHints":{"allow":["GET"]}}],"collection":[{"href":"https:\/\/rops-bialystok.pl\/fers\/wp-json\/wp\/v2\/pages"}],"about":[{"href":"https:\/\/rops-bialystok.pl\/fers\/wp-json\/wp\/v2\/types\/page"}],"author":[{"embeddable":true,"href":"https:\/\/rops-bialystok.pl\/fers\/wp-json\/wp\/v2\/users\/1"}],"replies":[{"embeddable":true,"href":"https:\/\/rops-bialystok.pl\/fers\/wp-json\/wp\/v2\/comments?post=22631"}],"version-history":[{"count":2,"href":"https:\/\/rops-bialystok.pl\/fers\/wp-json\/wp\/v2\/pages\/22631\/revisions"}],"predecessor-version":[{"id":25468,"href":"https:\/\/rops-bialystok.pl\/fers\/wp-json\/wp\/v2\/pages\/22631\/revisions\/25468"}],"wp:attachment":[{"href":"https:\/\/rops-bialystok.pl\/fers\/wp-json\/wp\/v2\/media?parent=22631"}],"curies":[{"name":"wp","href":"https:\/\/api.w.org\/{rel}","templated":true}]}}