{"id":23258,"date":"2024-07-18T12:47:20","date_gmt":"2024-07-18T10:47:20","guid":{"rendered":"https:\/\/rops-bialystok.pl\/fers\/?page_id=23258"},"modified":"2026-03-31T15:35:34","modified_gmt":"2026-03-31T13:35:34","slug":"deklaracja-dostepnosci","status":"publish","type":"page","link":"https:\/\/rops-bialystok.pl\/fers\/deklaracja-dostepnosci\/","title":{"rendered":"Deklaracja dost\u0119pno\u015bci"},"content":{"rendered":"<div class=\"col-xs-12 main-col main-column col-100\">\n<div id=\"fluid-box\" class=\"row droppable ui-sortable\">\n<div class=\"component component-accepted\" data-id=\"da9cf21f-3f28-11e4-b1ef-000c2908767d\" data-is-editable=\"0\" data-name=\"Cms_Module\">\n<article id=\"deklaracja\">\n<section id=\"a11y-wstep\"><span id=\"a11y-podmiot\"> Regionalny O\u015brodek Polityki Spo\u0142ecznej w Bia\u0142ymstoku <\/span> zobowi\u0105zuje si\u0119 zapewni\u0107 dost\u0119pno\u015b\u0107 swojej <span id=\"a11y-zakres\">strony internetowej <\/span> zgodnie z ustaw\u0105 z dnia 4 kwietnia 2019 r. o dost\u0119pno\u015bci cyfrowej stron internetowych i aplikacji mobilnych podmiot\u00f3w publicznych. Deklaracja dost\u0119pno\u015bci dotyczy \u00a0<a href=\"https:\/\/rops-bialystok.pl\/fers\/\"><span id=\"a11y-url\">serwisu internetowego\u00a0 &#8211; Koordynacja dzia\u0142a\u0144 w zakresie polityki spo\u0142ecznej w wojew\u00f3dztwie podlaskim.<\/span><\/a><\/section>\n<ul>\n<li>Data publikacji strony internetowej: <time id=\"a11y-data-publikacja\" datetime=\"2007-03-22\">30 kwietnia 2024 r.<\/time><\/li>\n<li>Data ostatniej istotnej aktualizacji:\u00a0<time id=\"a11y-data-aktualizacja\" datetime=\"2025-03-19\">19 marzec 2025 r.<\/time><\/li>\n<\/ul>\n<h2><span style=\"font-size: 14pt;\">Stan dost\u0119pno\u015bci cyfrowej<\/span><\/h2>\n<p id=\"a11y-status\">Ta strona internetowa jest cz\u0119\u015bciowo zgodna z za\u0142\u0105cznikiem do ustawy o dost\u0119pno\u015bci cyfrowej z dnia 4 kwietnia 2019 r. o dost\u0119pno\u015bci cyfrowej stron internetowych i aplikacji mobilnych podmiot\u00f3w publicznych z powodu niezgodno\u015bci i wy\u0142\u0105cze\u0144 wymienionych poni\u017cej.<\/p>\n<h2><span style=\"font-size: 16pt;\">Niedost\u0119pne tre\u015bci<\/span><\/h2>\n<h3>Niezgodno\u015b\u0107 z za\u0142\u0105cznikiem<\/h3>\n<ul>\n<li>w przypadku metryczki strony tylko w elemencie zawieraj\u0105cym warto\u015b\u0107: &#8222;Opublikowa\u0142&#8221; wyst\u0119puje alert o braku zapewnienia tekstu\u00a0 \u0142\u0105cza opisuj\u0105cego cel \u0142\u0105cza<\/li>\n<li>w za\u0142\u0105cznikach wyst\u0119puje alert o o odsy\u0142aniu \u0142\u0105cza do do zamieszczonych w tre\u015bci dokument\u00f3w w typie .pdf lub\/i .docx<\/li>\n<li>wszystkie linki w kontek\u015bcie automatycznie maj\u0105 podkre\u015blenie<\/li>\n<\/ul>\n<h3>Tre\u015bci nieobj\u0119te przepisami<\/h3>\n<p>Dokumenty archiwalne opublikowane na stronie przed 23 wrze\u015bnia 2018 r. mog\u0105 by\u0107 nie dost\u0119pne. Nie mamy prawnego obowi\u0105zku dostosowywania tych dokument\u00f3w. Je\u017celi potrzebujesz dost\u0119pu do nich, skontaktuj si\u0119 z nami i wska\u017c dok\u0142adnie, kt\u00f3re z nich potrzebujesz i jak powinni\u015bmy je dostosowa\u0107.<\/p>\n<h2><span style=\"font-size: 16pt;\">Przygotowanie deklaracji dost\u0119pno\u015bci<\/span><\/h2>\n<h3>Przygotowanie deklaracji dost\u0119pno\u015bci i jej aktualizacja<\/h3>\n<ul>\n<li>Data sporz\u0105dzenia deklaracji: \u00a0<time id=\"a11y-data-sporzadzenie\" datetime=\"2020-03-31\">30 kwietnia 2024 r.<\/time><\/li>\n<li>Data ostatniego przegl\u0105du deklaracji: \u00a0<time id=\"a11y-data-przeglad\" datetime=\"2025-03-31\">31 marzec 2026 r.<\/time><\/li>\n<\/ul>\n<p>Deklaracj\u0119 sporz\u0105dzili\u015bmy na podstawie samooceny w oparciu o <a href=\"https:\/\/www.gov.pl\/attachment\/1a3e2bb5-6d60-4897-ac2f-07a8e91e70ed\">List\u0119 kontroln\u0105 do badania dost\u0119pno\u015bci cyfrowej strony internetowej v. 2.2 (docx, 0,12MB)<\/a>.<\/p>\n<p>Do pobrania: <a href=\"https:\/\/rops-bialystok.pl\/fers\/wp-content\/uploads\/2026\/03\/rops-bialystokpl-fers-projekt-report.html.pdf\">Raport z informacjami o samoocenie dost\u0119pno\u015bci<\/a><\/p>\n<h2><span style=\"font-size: 16pt;\">Udogodnienia, ograniczenia i inne informacje<\/span><\/h2>\n<h3>Udogodnienia<\/h3>\n<ol>\n<li>Serwis jest w pe\u0142ni rozpoznawalny przez programy czytaj\u0105ce dla os\u00f3b niewidomych.<\/li>\n<li>Obs\u0142uga serwisu mo\u017cliwa jest zar\u00f3wno przy pomocy klawiatury jak i myszki.<\/li>\n<li>Ca\u0142o\u015b\u0107 serwisu oparta jest na stylach CSS.<\/li>\n<li>Na wszystkich stronach znajduje si\u0119 wyszukiwarka.<\/li>\n<li>Serwis jest wykonany z u\u017cyciem technologii RWD (Responsive Web Design), kt\u00f3ra umo\u017cliwia korzystanie z serwisu na urz\u0105dzeniach mobilnych, takich jak smartfony, tablety i netbooki.<\/li>\n<li>Nieczytelne przez czytniki ekranu dokumenty PDF u\u017cytkownicy mog\u0105 rozpozna\u0107 narz\u0119dziem OCR, jedno z takich darmowych narz\u0119dzi znajduje si\u0119 na stronie <a id=\"a11y-url\" href=\"http:\/\/www.onlineocr.net\/\">OnlineOCR.<\/a><\/li>\n<li>Linki w serwisie otwieraj\u0105 si\u0119 w tym samym oknie, mog\u0105 si\u0119 zdarzy\u0107 sytuacje, w kt\u00f3rych b\u0119d\u0105 si\u0119 one otwiera\u0142y w nowym oknie nie informuj\u0105c o tym u\u017cytkownika.<\/li>\n<li>Pewne udost\u0119pniane w serwisie us\u0142ugi, pomimo stara\u0144 mog\u0105 by\u0107 rozpoznawane jako b\u0142\u0119dy utrudniaj\u0105ce dost\u0119pno\u015b\u0107 cyfrow\u0105.<\/li>\n<li>Mog\u0105 zdarzy\u0107 si\u0119 sytuacje, \u017ce pomimo stara\u0144 redaktor\u00f3w serwisu, pewne dokumenty opublikowane na stronie s\u0105 niedost\u0119pne z uwagi na fakt, \u017ce\u00a0opublikowane zosta\u0142y w oparciu o zasady przyj\u0119te w innej instytucji lub opublikowane zosta\u0142y przed wej\u015bciem w \u017cycie ustawy o dost\u0119pno\u015bci cyfrowej.<\/li>\n<li>mog\u0105 si\u0119 zdarzy\u0107 sytuacje, \u017ce pomimo stara\u0144 redaktor\u00f3w serwisu, cel linku nie jest odpowiednio okre\u015blony, za\u0142\u0105czniki nie posiadaj\u0105 informacji na temat wielko\u015bci i formatu pliku, niekt\u00f3re pliki z rozszerzeniem .pdf stanowi\u0105 cyfrowe odwzorowanie orygina\u0142y dokumentu i nie zawieraj\u0105 tekst\u00f3w alternatywnych oraz wersji tekstowej.<\/li>\n<\/ol>\n<h3>Inne informacje<\/h3>\n<p>Wszelkie niezgodno\u015bci wymienione w\u00a0 deklaracji wynikaj\u0105 z faktu, \u017ce wskazane elementy strony zosta\u0142y udost\u0119pnione przed wej\u015bciem w \u017cycie ustawy o dost\u0119pno\u015bci cyfrowej. Regionalny O\u015brodek Polityki Spo\u0142ecznej w Bia\u0142ymstoku dok\u0142ada jednak wszelkich stara\u0144 aby by\u0142y one, o ile jest to mo\u017cliwe, poprawiane i dost\u0119pne cyfrowo dla jak najszerszego grona odbiorc\u00f3w serwisu.<\/p>\n<p>Na stronie internetowej mo\u017cna korzysta\u0107 ze standardowych skr\u00f3t\u00f3w klawiaturowych.<\/p>\n<h2><span style=\"font-size: 16pt;\">Skr\u00f3ty klawiszowe<\/span><\/h2>\n<ul>\n<li>rozmiarem czcionki mo\u017cna regulowa\u0107 za pomoc\u0105 umieszczonych na stronie przycisk\u00f3w jak i za pomoc\u0105 skr\u00f3t\u00f3w klawiaturowych np (<strong>Ctrl +<\/strong> ; <strong>Ctrl &#8211;<\/strong>).<\/li>\n<li>wyszukiwanie w tre\u015bci strony <strong>F3<\/strong><\/li>\n<li>od\u015bwie\u017canie strony <strong>F5<\/strong><\/li>\n<li>nast\u0119pny element na stronie<strong> TAB<\/strong><\/li>\n<li>poprzedni element na stronie <strong>SHIFT+TAB<\/strong><\/li>\n<\/ul>\n<h2><span style=\"font-size: 16pt;\">Informacje zwrotne i dane kontaktowe<\/span><\/h2>\n<p>Wszystkie problemy z dost\u0119pno\u015bci\u0105 cyfrow\u0105 tej strony internetowej mo\u017cesz zg\u0142osi\u0107 do <span id=\"a11y-kontakt\">Leszek Godlewski<\/span> \u2014 mailowo <span id=\"a11y-email\"><a href=\"mailto:leszek.godlewski@rops-bialystok.pl\">leszek.godlewski@rops-bialystok.pl<\/a><\/span> lub telefonicznie <span id=\"a11y-telefon\">85 744 29 84<\/span>.<\/p>\n<p>Ka\u017cdy ma prawo wyst\u0105pi\u0107 z \u017c\u0105daniem zapewnienia dost\u0119pno\u015bci cyfrowej tej strony internetowej lub jej element\u00f3w.<\/p>\n<p>Zg\u0142aszaj\u0105c takie \u017c\u0105danie podaj:<\/p>\n<ul>\n<li>swoje dane kontaktowe,<\/li>\n<li>dok\u0142adny adres strony internetowej, na kt\u00f3rej jest niedost\u0119pny cyfrowo element lub tre\u015b\u0107,<\/li>\n<li>opis na czym polega problem i jaki spos\u00f3b jego rozwi\u0105zania by\u0142by dla Ciebie najwygodniejszy,<\/li>\n<li>spos\u00f3b kontaktu zwrotnego.<\/li>\n<\/ul>\n<p>Na Twoje zg\u0142oszenie odpowiemy najszybciej jak to mo\u017cliwe, nie p\u00f3\u017aniej ni\u017c w ci\u0105gu 7 dni od jego otrzymania.<\/p>\n<p>Je\u017celi ten termin b\u0119dzie dla nas zbyt kr\u00f3tki poinformujemy Ci\u0119 o tym. W tej informacji podamy nowy termin, do kt\u00f3rego poprawimy zg\u0142oszone przez Ciebie b\u0142\u0119dy lub przygotujemy informacje w alternatywny spos\u00f3b. Ten nowy termin nie b\u0119dzie d\u0142u\u017cszy ni\u017c 2 miesi\u0105ce.<\/p>\n<p>Je\u017celi nie b\u0119dziemy w stanie zapewni\u0107 dost\u0119pno\u015bci cyfrowej strony internetowej lub tre\u015bci, wskazanej w Twoim \u017c\u0105daniu, zaproponujemy Ci dost\u0119p do nich w alternatywny spos\u00f3b.<\/p>\n<section id=\"a11y-procedura\">\n<h3>Obs\u0142uga wniosk\u00f3w i skarg zwi\u0105zanych z dost\u0119pno\u015bci\u0105<\/h3>\n<p>Je\u017celi w odpowiedzi na Tw\u00f3j wniosek o zapewnienie dost\u0119pno\u015bci cyfrowej, odm\u00f3wimy zapewnienia \u017c\u0105danej przez Ciebie dost\u0119pno\u015bci cyfrowej, a Ty nie zgadzasz si\u0119 z t\u0105 odmow\u0105, masz prawo z\u0142o\u017cy\u0107 skarg\u0119.<\/p>\n<p>Skarg\u0119 masz prawo z\u0142o\u017cy\u0107 tak\u017ce, je\u015bli nie zgadzasz si\u0119 na skorzystanie z alternatywnego sposobu dost\u0119pu, kt\u00f3ry zaproponowali\u015bmy Ci w odpowiedzi na Tw\u00f3j wniosek o zapewnienie dost\u0119pno\u015bci cyfrowej.<\/p>\n<p>Ewentualn\u0105 skarg\u0119 z\u0142\u00f3\u017c listownie lub mailem do kierownictwa naszego urz\u0119du:<\/p>\n<p>Dyrektor Regionalnego O\u015brodka Polityki Spo\u0142ecznej w Bia\u0142ymstoku<\/p>\n<p>Adres: ul. Genera\u0142a George&#8217;a Smitha Pattona 8, 15-688 Bia\u0142ystok<\/p>\n<p>Adres e-mail: <a href=\"mailto:rops@rops-bialystok.pl\">rops@rops-bialystok.pl<\/a><\/p>\n<p>Telefon: 85 744 72 72<\/p>\n<p>e-Do\u0119czenia: <strong>AE:PL-25995-12520-GEHUF-24<\/strong><\/p>\n<p><a href=\"https:\/\/www.gov.pl\/web\/gov\/zloz-wniosek-o-zapewnienie-dostepnosci-cyfrowej-strony-internetowej-lub-aplikacji-mobilnej\">Pomocne mog\u0105 by\u0107 informacje, kt\u00f3re mo\u017cna znale\u017a\u0107 na rz\u0105dowym portalu gov.pl. <\/a>Mo\u017cesz tak\u017ce poinformowa\u0107 o tej sytuacji <a href=\"https:\/\/bip.brpo.gov.pl\/\"> Rzecznika Praw Obywatelskich <\/a> i poprosi\u0107 o interwencj\u0119 w Twojej sprawie.<\/p>\n<\/section>\n<h2><span style=\"font-size: 16pt;\">Pozosta\u0142e informacje<\/span><\/h2>\n<section id=\"a11y-aplikacje\">\n<h3>Aplikacje mobilne<\/h3>\n<p>Regionalny O\u015brodek Polityki Spo\u0142ecznej w Bia\u0142ymstoku nie posiada w aktywie informatycznym \u017cadnych aplikacji mobilnych.<\/p>\n<\/section>\n<section id=\"a11y-architektura\">\n<h3>Dost\u0119pno\u015b\u0107 architektoniczna<\/h3>\n<h3 data-wahfont=\"18\">G\u0142\u00f3wna siedziba jednostki Regionalny O\u015brodek Polityki Spo\u0142ecznej w Bia\u0142ymstoku przy ulicy\u00a0Genera\u0142a George\u2019a Smitha Pattona 8<\/h3>\n<ul>\n<li>do budynku prowadz\u0105 dwa wej\u015bcia oba od ul. Pattona z przodu i ty\u0142u budynku charakteryzuj\u0105ce si\u0119 przeszklenieme i wn\u0119k\u0105 na ca\u0142ej wysoko\u015bci budynku,<\/li>\n<li>przed budynkiem jest oznaczone 1 miejsce parkingowe dla os\u00f3b niepe\u0142nosprawnych,<\/li>\n<li>na parterze widnieje tabliczka informacyjna wyznaczaj\u0105ca punkt obs\u0142ugi niepe\u0142nosprawnych,<\/li>\n<li>tabliczka informacyjna zawiera uruchomiony numer telefonu do obs\u0142ugi os\u00f3b niepe\u0142nosprawnych tj.: 798-707-579,<\/li>\n<li>kancelaria znajduje si\u0119 na drugim pi\u0119trze w pokoju 204,<\/li>\n<li>na parterze jest toaleta dostosowana do udogodnie\u0144 dla os\u00f3b z ograniczeniem ruchowym,<\/li>\n<li>w budynku nie ma windy<\/li>\n<li>urz\u0105d jest wyposa\u017cony w p\u0119tl\u0119 indukcyjn\u0105,<\/li>\n<li>w budynku nie ma oznacze\u0144 w alfabecie Braille\u2019a ani oznacze\u0144 kontrastowych lub w druku powi\u0119kszonym dla os\u00f3b niewidomych i s\u0142abowidz\u0105cych,<\/li>\n<li>w kancelarii i w ka\u017cdym innym miejscu mo\u017cna skorzysta\u0107 z t\u0142umacza polskiego j\u0119zyka migowego. Us\u0142uga jest dost\u0119pna w godzinach pracy urz\u0119du po wcze\u015bniejszym ustaleniu zaistnienia takiej potrzeby,<\/li>\n<li>w urz\u0119dzie ustalono procedury dotycz\u0105ce obs\u0142ugi os\u00f3b niepe\u0142nosprawnych, kt\u00f3re wprowadzono Zarz\u0105dzeniem nr 46\/18 Dyrektora Regionalnego O\u015brodka Polityki Spo\u0142ecznej w Bia\u0142ymstoku z dnia 3 pa\u017adziernika 2018 r. i umieszczono stosown\u0105 informacj\u0119 na stronie internetowej <a href=\"https:\/\/bip.rops.wrotapodlasia.pl\/obsuga_osb_niepenosprawnych\/#\" data-wahfont=\"16\">(pod linkiem).<\/a><\/li>\n<\/ul>\n<h3 data-wahfont=\"18\">O\u015brodek Adopcyjny w Bia\u0142ymstoku przy ulicy Kombatant\u00f3w 7<\/h3>\n<ul>\n<li>do budynku prowadzi jedno wej\u015bcie od ulicy Kombatant\u00f3w,<\/li>\n<li>kancelaria znaajduje si\u0119 na pierwszym pi\u0119trze w pokoju 18,<\/li>\n<li>budynek\u00a0 jest wyposa\u017cony w wind\u0119 umiejscowion\u0105 na szczycie budyku,<\/li>\n<li>na pierwszym pi\u0119trze mo\u017cna bez problemu porusza\u0107 si\u0119 bez problemu na w\u00f3zku inwalidzkim,<\/li>\n<li>przed budynkiem jest oznaczone 1 miejsce parkingowe dla os\u00f3b niepe\u0142nosprawnych,<\/li>\n<li>w budynku jest tylko jedno wej\u015bcie g\u0142\u00f3wne umo\u017cliwiaj\u0105ce podjazd w\u00f3zk\u00f3w,<\/li>\n<li>w urz\u0119dzie nie ma toalety dostosowanej do os\u00f3b niepe\u0142nosprawnych<\/li>\n<li>w budynku nie ma oznacze\u0144 w alfabecie Braille\u2019a ani oznacze\u0144 kontrastowych lub w druku powi\u0119kszonym dla os\u00f3b niewidomych i s\u0142abowidz\u0105cych,<\/li>\n<\/ul>\n<h3 data-wahfont=\"18\">Podlaskie Centrum Konsultacyjno Diagnostyczne w Bia\u0142ymstoku przy ulicy Kombatant\u00f3w 7<\/h3>\n<ul>\n<li>do budynku prowadzi jedno wej\u015bcie od ulicy Kombatant\u00f3w,<\/li>\n<li>kancelaria znaajduje si\u0119 na pierwszym pi\u0119trze w pokoju 12,<\/li>\n<li>centrum jest wyposarzone w p\u0119tl\u0119 indukcyjn\u0105 dla os\u00f3b niedos\u0142ysz\u0105cych,<\/li>\n<li>budynek\u00a0 jest wyposa\u017cony w wind\u0119 umiejscowion\u0105 na szczycie budyku,<\/li>\n<li>na pierwszym pi\u0119trze mo\u017cna bez problemu porusza\u0107 si\u0119 bez problemu na w\u00f3zku inwalidzkim,<\/li>\n<li>przed budynkiem jest oznaczone 1 miejsce parkingowe dla os\u00f3b niepe\u0142nosprawnych,<\/li>\n<li>w budynku jest tylko jedno wej\u015bcie g\u0142\u00f3wne umo\u017cliwiaj\u0105ce podjazd w\u00f3zk\u00f3w,<\/li>\n<li>brakuje toaletu dostosowanej do potrzeb os\u00f3b ograniczonych ruchowo,<\/li>\n<\/ul>\n<h3 data-wahfont=\"18\">O\u015brodek Adopcyjnego filia w \u0141om\u017cy ulicy gen. W\u0142adys\u0142awa Sikorskiego 269 A<\/h3>\n<ul>\n<li>do budynku prowadzi dwa: jedno wej\u015bcie od ulicy Sikorskiego bez barier architektonicznych,<\/li>\n<li>o\u015brodek znajduje si\u0119 na dw\u00f3ch pi\u0119trach jednak\u017ce wszystkie sprawy mo\u017cna za\u0142atwi\u0107 na parterze,<\/li>\n<li>na parterze mo\u017cna bez problemu porusza\u0107 si\u0119 na w\u00f3zku inwalidzkim,<\/li>\n<li>w o\u015brodku mo\u017cna\u00a0 skorzysta\u0107 z t\u0142umacza polskiego j\u0119zyka migowego,<\/li>\n<li>z ty\u0142u budynku jest miejsce parkingowe dla os\u00f3b niepe\u0142nosprawnych,<\/li>\n<li>na parterze jest toaleta dostosowana do udogodnie\u0144 dla os\u00f3b z ograniczeniem ruchowym,<\/li>\n<li>w budynku nie ma windy<\/li>\n<\/ul>\n<\/section>\n<section id=\"a11y-komunikacja\">\n<h3>Dost\u0119pno\u015b\u0107 komunikacyjno-informacyjna<\/h3>\n<p>Koordynator do spraw dost\u0119pno\u015bci w Regionalnym O\u015brodku Polityki Spo\u0142ecznej w Bia\u0142ymstoku:<\/p>\n<ul>\n<li>Leszek Godlewski,<\/li>\n<li>telefon kontaktowy 85 744 29 84,<\/li>\n<li>E-mail: leszek.godlewski@rops-bialystok.pl<\/li>\n<\/ul>\n<\/section>\n<\/article>\n<\/div>\n<\/div>\n<\/div>\n","protected":false},"excerpt":{"rendered":"<p>Regionalny O\u015brodek Polityki Spo\u0142ecznej w Bia\u0142ymstoku zobowi\u0105zuje si\u0119 zapewni\u0107 dost\u0119pno\u015b\u0107 swojej strony internetowej zgodnie z ustaw\u0105 z dnia 4 kwietnia 2019 r. o dost\u0119pno\u015bci cyfrowej stron internetowych i aplikacji mobilnych podmiot\u00f3w publicznych. Deklaracja dost\u0119pno\u015bci dotyczy \u00a0serwisu internetowego\u00a0 &#8211; Koordynacja dzia\u0142a\u0144 w zakresie polityki spo\u0142ecznej w wojew\u00f3dztwie podlaskim. Data publikacji strony internetowej: 30 kwietnia 2024 r. &hellip; <a href=\"https:\/\/rops-bialystok.pl\/fers\/deklaracja-dostepnosci\/\" class=\"more-link\">Continue reading<span class=\"screen-reader-text\"> &#8222;Deklaracja dost\u0119pno\u015bci&#8221;<\/span><\/a><\/p>\n","protected":false},"author":2,"featured_media":0,"parent":0,"menu_order":0,"comment_status":"closed","ping_status":"closed","template":"","meta":{"footnotes":""},"class_list":["post-23258","page","type-page","status-publish","hentry"],"_links":{"self":[{"href":"https:\/\/rops-bialystok.pl\/fers\/wp-json\/wp\/v2\/pages\/23258","targetHints":{"allow":["GET"]}}],"collection":[{"href":"https:\/\/rops-bialystok.pl\/fers\/wp-json\/wp\/v2\/pages"}],"about":[{"href":"https:\/\/rops-bialystok.pl\/fers\/wp-json\/wp\/v2\/types\/page"}],"author":[{"embeddable":true,"href":"https:\/\/rops-bialystok.pl\/fers\/wp-json\/wp\/v2\/users\/2"}],"replies":[{"embeddable":true,"href":"https:\/\/rops-bialystok.pl\/fers\/wp-json\/wp\/v2\/comments?post=23258"}],"version-history":[{"count":11,"href":"https:\/\/rops-bialystok.pl\/fers\/wp-json\/wp\/v2\/pages\/23258\/revisions"}],"predecessor-version":[{"id":26946,"href":"https:\/\/rops-bialystok.pl\/fers\/wp-json\/wp\/v2\/pages\/23258\/revisions\/26946"}],"wp:attachment":[{"href":"https:\/\/rops-bialystok.pl\/fers\/wp-json\/wp\/v2\/media?parent=23258"}],"curies":[{"name":"wp","href":"https:\/\/api.w.org\/{rel}","templated":true}]}}